{"id":12476,"date":"2025-06-16T11:29:19","date_gmt":"2025-06-16T11:29:19","guid":{"rendered":"https:\/\/www.chinatopack.com\/?post_type=product&#038;p=12476"},"modified":"2025-08-12T10:14:41","modified_gmt":"2025-08-12T10:14:41","slug":"custom-design-branded-packing-cosmetic-cosmetic-gift-boxes-packaging-skincare-packaging-box-with-window","status":"publish","type":"product","link":"https:\/\/www.chinatopack.com\/pt\/produto\/custom-design-branded-packing-cosmetic-cosmetic-gift-boxes-packaging-skincare-packaging-box-with-window\/","title":{"rendered":"Design personalizado Embalagem de marca Caixas de presente de cosm\u00e9ticos Embalagem de cuidados com a pele Caixa de embalagem com janela"},"content":{"rendered":"<h2>Caixas de papel para cosm\u00e9ticos de qualidade superior<\/h2>\n<h3>Eleg\u00e2ncia, qualidade e sustentabilidade<\/h3>\n<p>Todos os pormenores da nossa <a href=\"https:\/\/www.chinatopack.com\/pt\/produto\/custom-design-branded-packing-cosmetic-cosmetic-gift-boxes-packaging-skincare-packaging-box-with-window\/\"><strong>caixas de oferta de cosm\u00e9ticos<\/strong><\/a> reflecte uma excel\u00eancia sem compromissos. Desde o cart\u00e3o certificado pelo FSC at\u00e9 \u00e0s tintas \u00e0 base de soja, combinamos materiais sustent\u00e1veis com artesanato. Cada pe\u00e7a \u00e9 submetida a 12 pontos de controlo de qualidade durante a produ\u00e7\u00e3o, garantindo uma integridade estrutural sem falhas e uma impress\u00e3o perfeita. O nosso prazo de entrega padr\u00e3o de 10 a 15 dias permite satisfazer a maioria das encomendas, estando dispon\u00edvel um servi\u00e7o expedito de 7 dias para campanhas urgentes.<\/p>\n<h3>Concebido para marcas exigentes<\/h3>\n<p>- Colec\u00e7\u00f5es de luxo de cuidados da pele e maquilhagem<br \/>\n- Conjuntos de f\u00e9rias de edi\u00e7\u00e3o limitada<br \/>\n- Linhas de produtos de beleza biol\u00f3gicos<br \/>\n- Embalagem de fragr\u00e2ncias de prest\u00edgio<\/p>\n<h3>Porqu\u00ea escolher-nos<\/h3>\n<p>Fechos magn\u00e9ticos e inser\u00e7\u00f5es personalizadas, <a href=\"https:\/\/www.chinatopack.com\/pt\/\"><strong>caixa de cosm\u00e9ticos personalizada<\/strong><\/a> dispon\u00edvel<br \/>\nGrava\u00e7\u00e3o em relevo 3D e estampagem a quente<br \/>\nEmbalagem de prote\u00e7\u00e3o pronta para venda a retalho<br \/>\nAumenta o valor percebido em 40% (dados de estudos de mercado)<br \/>\nPossui revestimentos resistentes a riscos para um brilho duradouro<\/p>\n<p>Como uma personaliza\u00e7\u00e3o <a href=\"https:\/\/www.chinatopack.com\/pt\/about-us\/\"><strong>fabricantes de caixas de cosm\u00e9ticos<\/strong><\/a> Com mais de 20 anos de experi\u00eancia, podemos fornecer aconselhamento profissional, e outros tipos de embalagem <a href=\"https:\/\/www.chinatopack.com\/pt\/category\/cosmetic-box\/\"><strong>caixas de cosm\u00e9ticos<\/strong><\/a>, tais como caixas dobr\u00e1veis e caixas em forma de livro. etc. A fim de garantir a qualidade, a nossa equipa de inspe\u00e7\u00e3o de qualidade n\u00e3o s\u00f3 inspecciona o produto acabado, mas tamb\u00e9m faz a inspe\u00e7\u00e3o de entrada e a inspe\u00e7\u00e3o do processo. Todos <a href=\"https:\/\/www.chinatopack.com\/pt\/produto-etiqueta\/cosmetic-kit-box\/\"><strong>caixa para kit de cosm\u00e9tica<\/strong><\/a> ser\u00e3o embalados numa caixa de cart\u00e3o kraft de cinco camadas antes do transporte para garantir que n\u00e3o ser\u00e3o danificados durante o transporte.<\/p>\n<h2>Imagens do produto<\/h2>\n<p><img loading=\"lazy\" decoding=\"async\" class=\"size-full wp-image-12478 aligncenter\" data-src=\"https:\/\/www.chinatopack.com\/wp-content\/uploads\/2025\/06\/Custom-Design-Branded-Packing-Cosmetic-Gift-Packaging-Skincare-Packaging-Box-With-Window-9.webp\" alt=\"Embalagem de marca com design personalizado Embalagem para presente de cosm\u00e9ticos Caixa de embalagem para cuidados com a pele com janela\" width=\"800\" height=\"800\" srcset=\"https:\/\/www.chinatopack.com\/wp-content\/uploads\/2025\/06\/Custom-Design-Branded-Packing-Cosmetic-Gift-Packaging-Skincare-Packaging-Box-With-Window-9.webp 800w, https:\/\/www.chinatopack.com\/wp-content\/uploads\/2025\/06\/Custom-Design-Branded-Packing-Cosmetic-Gift-Packaging-Skincare-Packaging-Box-With-Window-9-480x480.webp 480w\" sizes=\"(min-width: 0px) and (max-width: 480px) 480px, (min-width: 481px) 800px, 100vw\" \/> <img loading=\"lazy\" decoding=\"async\" class=\"size-full wp-image-12479 aligncenter\" data-src=\"https:\/\/www.chinatopack.com\/wp-content\/uploads\/2025\/06\/Custom-Design-Branded-Packing-Cosmetic-Gift-Packaging-Skincare-Packaging-Box-With-Window-2.webp\" alt=\"Embalagem de marca com design personalizado Embalagem para presente de cosm\u00e9ticos Caixa de embalagem para cuidados com a pele com janela\" width=\"800\" height=\"800\" srcset=\"https:\/\/www.chinatopack.com\/wp-content\/uploads\/2025\/06\/Custom-Design-Branded-Packing-Cosmetic-Gift-Packaging-Skincare-Packaging-Box-With-Window-2.webp 800w, https:\/\/www.chinatopack.com\/wp-content\/uploads\/2025\/06\/Custom-Design-Branded-Packing-Cosmetic-Gift-Packaging-Skincare-Packaging-Box-With-Window-2-480x480.webp 480w\" sizes=\"(min-width: 0px) and (max-width: 480px) 480px, (min-width: 481px) 800px, 100vw\" \/> <img loading=\"lazy\" decoding=\"async\" class=\"size-full wp-image-12477 aligncenter\" data-src=\"https:\/\/www.chinatopack.com\/wp-content\/uploads\/2025\/06\/Custom-Design-Branded-Packing-Cosmetic-Gift-Packaging-Skincare-Packaging-Box-With-Window-1.webp\" alt=\"Embalagem de marca com design personalizado Embalagem para presente de cosm\u00e9ticos Caixa de embalagem para cuidados com a pele com janela\" width=\"800\" height=\"800\" srcset=\"https:\/\/www.chinatopack.com\/wp-content\/uploads\/2025\/06\/Custom-Design-Branded-Packing-Cosmetic-Gift-Packaging-Skincare-Packaging-Box-With-Window-1.webp 800w, https:\/\/www.chinatopack.com\/wp-content\/uploads\/2025\/06\/Custom-Design-Branded-Packing-Cosmetic-Gift-Packaging-Skincare-Packaging-Box-With-Window-1-480x480.webp 480w\" sizes=\"(min-width: 0px) and (max-width: 480px) 480px, (min-width: 481px) 800px, 100vw\" \/><\/p>","protected":false},"excerpt":{"rendered":"<p>Cobertura parcial<br \/>\nUma caixa de oferta cl\u00e1ssica com uma janela na tampa para mostrar os produtos no interior. Perfeita para expor os produtos numa prateleira.<\/p>","protected":false},"featured_media":12477,"comment_status":"closed","ping_status":"closed","template":"","meta":{"_et_pb_use_builder":"","_et_pb_old_content":"","_et_gb_content_width":""},"product_cat":[309],"product_tag":[298],"yoast_head":"<!-- This site is optimized with the Yoast SEO plugin v22.7 - https:\/\/yoast.com\/wordpress\/plugins\/seo\/ -->\n<title>Premium Cosmetic Gift Boxes Manufacturer | Luxury in China<\/title>\n<meta name=\"description\" content=\"Cosmetic Gift Boxes Manufacturer: FSC-certified luxury boxes w\/ 3D foil stamping &amp; scratch-resistant coating. 40% value boost. 20+ yrs, 12-step QC. Request quote!\" \/>\n<meta name=\"robots\" content=\"index, follow, max-snippet:-1, max-image-preview:large, max-video-preview:-1\" \/>\n<link rel=\"canonical\" href=\"https:\/\/www.chinatopack.com\/pt\/produto\/custom-design-branded-packing-cosmetic-cosmetic-gift-boxes-packaging-skincare-packaging-box-with-window\/\" \/>\n<meta property=\"og:locale\" content=\"pt_PT\" \/>\n<meta property=\"og:type\" content=\"article\" \/>\n<meta property=\"og:title\" content=\"Premium Cosmetic Gift Boxes Manufacturer | Luxury in China\" \/>\n<meta property=\"og:description\" content=\"Cosmetic Gift Boxes Manufacturer: FSC-certified luxury boxes w\/ 3D foil stamping &amp; scratch-resistant coating. 40% value boost. 20+ yrs, 12-step QC. Request quote!\" \/>\n<meta property=\"og:url\" content=\"https:\/\/www.chinatopack.com\/pt\/produto\/custom-design-branded-packing-cosmetic-cosmetic-gift-boxes-packaging-skincare-packaging-box-with-window\/\" \/>\n<meta property=\"og:site_name\" content=\"TOPACK Paper Boxes\" \/>\n<meta property=\"article:publisher\" content=\"https:\/\/www.facebook.com\/ChinaTopack\/\" \/>\n<meta property=\"article:modified_time\" content=\"2025-08-12T10:14:41+00:00\" \/>\n<meta property=\"og:image\" content=\"https:\/\/www.chinatopack.com\/wp-content\/uploads\/2025\/06\/Custom-Design-Branded-Packing-Cosmetic-Gift-Packaging-Skincare-Packaging-Box-With-Window-1.webp\" \/>\n\t<meta property=\"og:image:width\" content=\"800\" \/>\n\t<meta property=\"og:image:height\" content=\"800\" \/>\n\t<meta property=\"og:image:type\" content=\"image\/webp\" \/>\n<meta name=\"twitter:card\" content=\"summary_large_image\" \/>\n<meta name=\"twitter:label1\" content=\"Tempo estimado de leitura\" \/>\n\t<meta name=\"twitter:data1\" content=\"2 minutos\" \/>\n<script type=\"application\/ld+json\" class=\"yoast-schema-graph\">{\"@context\":\"https:\/\/schema.org\",\"@graph\":[{\"@type\":\"WebPage\",\"@id\":\"https:\/\/www.chinatopack.com\/product\/custom-design-branded-packing-cosmetic-cosmetic-gift-boxes-packaging-skincare-packaging-box-with-window\/\",\"url\":\"https:\/\/www.chinatopack.com\/product\/custom-design-branded-packing-cosmetic-cosmetic-gift-boxes-packaging-skincare-packaging-box-with-window\/\",\"name\":\"Premium Cosmetic Gift Boxes Manufacturer | Luxury in China\",\"isPartOf\":{\"@id\":\"https:\/\/www.chinatopack.com\/#website\"},\"primaryImageOfPage\":{\"@id\":\"https:\/\/www.chinatopack.com\/product\/custom-design-branded-packing-cosmetic-cosmetic-gift-boxes-packaging-skincare-packaging-box-with-window\/#primaryimage\"},\"image\":{\"@id\":\"https:\/\/www.chinatopack.com\/product\/custom-design-branded-packing-cosmetic-cosmetic-gift-boxes-packaging-skincare-packaging-box-with-window\/#primaryimage\"},\"thumbnailUrl\":\"https:\/\/www.chinatopack.com\/wp-content\/uploads\/2025\/06\/Custom-Design-Branded-Packing-Cosmetic-Gift-Packaging-Skincare-Packaging-Box-With-Window-1.webp\",\"datePublished\":\"2025-06-16T11:29:19+00:00\",\"dateModified\":\"2025-08-12T10:14:41+00:00\",\"description\":\"Cosmetic Gift Boxes Manufacturer: FSC-certified luxury boxes w\/ 3D foil stamping & scratch-resistant coating. 40% value boost. 20+ yrs, 12-step QC. Request quote!\",\"breadcrumb\":{\"@id\":\"https:\/\/www.chinatopack.com\/product\/custom-design-branded-packing-cosmetic-cosmetic-gift-boxes-packaging-skincare-packaging-box-with-window\/#breadcrumb\"},\"inLanguage\":\"pt-PT\",\"potentialAction\":[{\"@type\":\"ReadAction\",\"target\":[\"https:\/\/www.chinatopack.com\/product\/custom-design-branded-packing-cosmetic-cosmetic-gift-boxes-packaging-skincare-packaging-box-with-window\/\"]}]},{\"@type\":\"ImageObject\",\"inLanguage\":\"pt-PT\",\"@id\":\"https:\/\/www.chinatopack.com\/product\/custom-design-branded-packing-cosmetic-cosmetic-gift-boxes-packaging-skincare-packaging-box-with-window\/#primaryimage\",\"url\":\"https:\/\/www.chinatopack.com\/wp-content\/uploads\/2025\/06\/Custom-Design-Branded-Packing-Cosmetic-Gift-Packaging-Skincare-Packaging-Box-With-Window-1.webp\",\"contentUrl\":\"https:\/\/www.chinatopack.com\/wp-content\/uploads\/2025\/06\/Custom-Design-Branded-Packing-Cosmetic-Gift-Packaging-Skincare-Packaging-Box-With-Window-1.webp\",\"width\":800,\"height\":800,\"caption\":\"Custom Design Branded Packing Cosmetic Gift Packaging Skincare Packaging Box With Window\"},{\"@type\":\"BreadcrumbList\",\"@id\":\"https:\/\/www.chinatopack.com\/product\/custom-design-branded-packing-cosmetic-cosmetic-gift-boxes-packaging-skincare-packaging-box-with-window\/#breadcrumb\",\"itemListElement\":[{\"@type\":\"ListItem\",\"position\":1,\"name\":\"Home\",\"item\":\"https:\/\/www.chinatopack.com\/\"},{\"@type\":\"ListItem\",\"position\":2,\"name\":\"Products\",\"item\":\"https:\/\/www.chinatopack.com\/shop\/\"},{\"@type\":\"ListItem\",\"position\":3,\"name\":\"Custom Design Branded Packing Cosmetic Cosmetic Gift Boxes Packaging Skincare Packaging Box With Window\"}]},{\"@type\":\"WebSite\",\"@id\":\"https:\/\/www.chinatopack.com\/#website\",\"url\":\"https:\/\/www.chinatopack.com\/\",\"name\":\"TOPACK Paper Boxes\",\"description\":\"\",\"publisher\":{\"@id\":\"https:\/\/www.chinatopack.com\/#organization\"},\"potentialAction\":[{\"@type\":\"SearchAction\",\"target\":{\"@type\":\"EntryPoint\",\"urlTemplate\":\"https:\/\/www.chinatopack.com\/?s={search_term_string}\"},\"query-input\":\"required name=search_term_string\"}],\"inLanguage\":\"pt-PT\"},{\"@type\":\"Organization\",\"@id\":\"https:\/\/www.chinatopack.com\/#organization\",\"name\":\"TOPACK Paper Boxes\",\"url\":\"https:\/\/www.chinatopack.com\/\",\"logo\":{\"@type\":\"ImageObject\",\"inLanguage\":\"pt-PT\",\"@id\":\"https:\/\/www.chinatopack.com\/#\/schema\/logo\/image\/\",\"url\":\"https:\/\/www.chinatopack.com\/wp-content\/uploads\/2025\/11\/logo2.webp\",\"contentUrl\":\"https:\/\/www.chinatopack.com\/wp-content\/uploads\/2025\/11\/logo2.webp\",\"width\":512,\"height\":512,\"caption\":\"TOPACK Paper Boxes\"},\"image\":{\"@id\":\"https:\/\/www.chinatopack.com\/#\/schema\/logo\/image\/\"},\"sameAs\":[\"https:\/\/www.facebook.com\/ChinaTopack\/\",\"https:\/\/www.youtube.com\/@chinatopack\"]}]}<\/script>\n<!-- \/ Yoast SEO plugin. -->","yoast_head_json":{"title":"Premium Cosmetic Gift Boxes Manufacturer | Luxury in China","description":"Cosmetic Gift Boxes Manufacturer: FSC-certified luxury boxes w\/ 3D foil stamping & scratch-resistant coating. 40% value boost. 20+ yrs, 12-step QC. Request quote!","robots":{"index":"index","follow":"follow","max-snippet":"max-snippet:-1","max-image-preview":"max-image-preview:large","max-video-preview":"max-video-preview:-1"},"canonical":"https:\/\/www.chinatopack.com\/pt\/produto\/custom-design-branded-packing-cosmetic-cosmetic-gift-boxes-packaging-skincare-packaging-box-with-window\/","og_locale":"pt_PT","og_type":"article","og_title":"Premium Cosmetic Gift Boxes Manufacturer | Luxury in China","og_description":"Cosmetic Gift Boxes Manufacturer: FSC-certified luxury boxes w\/ 3D foil stamping & scratch-resistant coating. 40% value boost. 20+ yrs, 12-step QC. Request quote!","og_url":"https:\/\/www.chinatopack.com\/pt\/produto\/custom-design-branded-packing-cosmetic-cosmetic-gift-boxes-packaging-skincare-packaging-box-with-window\/","og_site_name":"TOPACK Paper Boxes","article_publisher":"https:\/\/www.facebook.com\/ChinaTopack\/","article_modified_time":"2025-08-12T10:14:41+00:00","og_image":[{"width":800,"height":800,"url":"https:\/\/www.chinatopack.com\/wp-content\/uploads\/2025\/06\/Custom-Design-Branded-Packing-Cosmetic-Gift-Packaging-Skincare-Packaging-Box-With-Window-1.webp","type":"image\/webp"}],"twitter_card":"summary_large_image","twitter_misc":{"Tempo estimado de leitura":"2 minutos"},"schema":{"@context":"https:\/\/schema.org","@graph":[{"@type":"WebPage","@id":"https:\/\/www.chinatopack.com\/product\/custom-design-branded-packing-cosmetic-cosmetic-gift-boxes-packaging-skincare-packaging-box-with-window\/","url":"https:\/\/www.chinatopack.com\/product\/custom-design-branded-packing-cosmetic-cosmetic-gift-boxes-packaging-skincare-packaging-box-with-window\/","name":"Premium Cosmetic Gift Boxes Manufacturer | Luxury in China","isPartOf":{"@id":"https:\/\/www.chinatopack.com\/#website"},"primaryImageOfPage":{"@id":"https:\/\/www.chinatopack.com\/product\/custom-design-branded-packing-cosmetic-cosmetic-gift-boxes-packaging-skincare-packaging-box-with-window\/#primaryimage"},"image":{"@id":"https:\/\/www.chinatopack.com\/product\/custom-design-branded-packing-cosmetic-cosmetic-gift-boxes-packaging-skincare-packaging-box-with-window\/#primaryimage"},"thumbnailUrl":"https:\/\/www.chinatopack.com\/wp-content\/uploads\/2025\/06\/Custom-Design-Branded-Packing-Cosmetic-Gift-Packaging-Skincare-Packaging-Box-With-Window-1.webp","datePublished":"2025-06-16T11:29:19+00:00","dateModified":"2025-08-12T10:14:41+00:00","description":"Cosmetic Gift Boxes Manufacturer: FSC-certified luxury boxes w\/ 3D foil stamping & scratch-resistant coating. 40% value boost. 20+ yrs, 12-step QC. Request quote!","breadcrumb":{"@id":"https:\/\/www.chinatopack.com\/product\/custom-design-branded-packing-cosmetic-cosmetic-gift-boxes-packaging-skincare-packaging-box-with-window\/#breadcrumb"},"inLanguage":"pt-PT","potentialAction":[{"@type":"ReadAction","target":["https:\/\/www.chinatopack.com\/product\/custom-design-branded-packing-cosmetic-cosmetic-gift-boxes-packaging-skincare-packaging-box-with-window\/"]}]},{"@type":"ImageObject","inLanguage":"pt-PT","@id":"https:\/\/www.chinatopack.com\/product\/custom-design-branded-packing-cosmetic-cosmetic-gift-boxes-packaging-skincare-packaging-box-with-window\/#primaryimage","url":"https:\/\/www.chinatopack.com\/wp-content\/uploads\/2025\/06\/Custom-Design-Branded-Packing-Cosmetic-Gift-Packaging-Skincare-Packaging-Box-With-Window-1.webp","contentUrl":"https:\/\/www.chinatopack.com\/wp-content\/uploads\/2025\/06\/Custom-Design-Branded-Packing-Cosmetic-Gift-Packaging-Skincare-Packaging-Box-With-Window-1.webp","width":800,"height":800,"caption":"Custom Design Branded Packing Cosmetic Gift Packaging Skincare Packaging Box With Window"},{"@type":"BreadcrumbList","@id":"https:\/\/www.chinatopack.com\/product\/custom-design-branded-packing-cosmetic-cosmetic-gift-boxes-packaging-skincare-packaging-box-with-window\/#breadcrumb","itemListElement":[{"@type":"ListItem","position":1,"name":"Home","item":"https:\/\/www.chinatopack.com\/"},{"@type":"ListItem","position":2,"name":"Products","item":"https:\/\/www.chinatopack.com\/shop\/"},{"@type":"ListItem","position":3,"name":"Custom Design Branded Packing Cosmetic Cosmetic Gift Boxes Packaging Skincare Packaging Box With Window"}]},{"@type":"WebSite","@id":"https:\/\/www.chinatopack.com\/#website","url":"https:\/\/www.chinatopack.com\/","name":"TOPACK Paper Boxes","description":"","publisher":{"@id":"https:\/\/www.chinatopack.com\/#organization"},"potentialAction":[{"@type":"SearchAction","target":{"@type":"EntryPoint","urlTemplate":"https:\/\/www.chinatopack.com\/?s={search_term_string}"},"query-input":"required name=search_term_string"}],"inLanguage":"pt-PT"},{"@type":"Organization","@id":"https:\/\/www.chinatopack.com\/#organization","name":"TOPACK Paper Boxes","url":"https:\/\/www.chinatopack.com\/","logo":{"@type":"ImageObject","inLanguage":"pt-PT","@id":"https:\/\/www.chinatopack.com\/#\/schema\/logo\/image\/","url":"https:\/\/www.chinatopack.com\/wp-content\/uploads\/2025\/11\/logo2.webp","contentUrl":"https:\/\/www.chinatopack.com\/wp-content\/uploads\/2025\/11\/logo2.webp","width":512,"height":512,"caption":"TOPACK Paper Boxes"},"image":{"@id":"https:\/\/www.chinatopack.com\/#\/schema\/logo\/image\/"},"sameAs":["https:\/\/www.facebook.com\/ChinaTopack\/","https:\/\/www.youtube.com\/@chinatopack"]}]}},"_links":{"self":[{"href":"https:\/\/www.chinatopack.com\/pt\/wp-json\/wp\/v2\/product\/12476"}],"collection":[{"href":"https:\/\/www.chinatopack.com\/pt\/wp-json\/wp\/v2\/product"}],"about":[{"href":"https:\/\/www.chinatopack.com\/pt\/wp-json\/wp\/v2\/types\/product"}],"replies":[{"embeddable":true,"href":"https:\/\/www.chinatopack.com\/pt\/wp-json\/wp\/v2\/comments?post=12476"}],"wp:featuredmedia":[{"embeddable":true,"href":"https:\/\/www.chinatopack.com\/pt\/wp-json\/wp\/v2\/media\/12477"}],"wp:attachment":[{"href":"https:\/\/www.chinatopack.com\/pt\/wp-json\/wp\/v2\/media?parent=12476"}],"wp:term":[{"taxonomy":"product_cat","embeddable":true,"href":"https:\/\/www.chinatopack.com\/pt\/wp-json\/wp\/v2\/product_cat?post=12476"},{"taxonomy":"product_tag","embeddable":true,"href":"https:\/\/www.chinatopack.com\/pt\/wp-json\/wp\/v2\/product_tag?post=12476"}],"curies":[{"name":"wp","href":"https:\/\/api.w.org\/{rel}","templated":true}]}}