{"id":12493,"date":"2025-06-16T12:06:23","date_gmt":"2025-06-16T12:06:23","guid":{"rendered":"https:\/\/www.chinatopack.com\/?post_type=product&#038;p=12493"},"modified":"2025-08-12T10:24:41","modified_gmt":"2025-08-12T10:24:41","slug":"customize-printing-logo-cosmetic-packaging-paper-folding-kraft-paper-gift-boxes-for-perfume","status":"publish","type":"product","link":"https:\/\/www.chinatopack.com\/pt\/produto\/customize-printing-logo-cosmetic-packaging-paper-folding-kraft-paper-gift-boxes-for-perfume\/","title":{"rendered":"Impress\u00e3o personalizada do log\u00f3tipo da embalagem de cosm\u00e9ticos Caixas de presente de papel kraft dobr\u00e1vel para perfume"},"content":{"rendered":"<h2>Caixas de papel personalizadas Premium: Eleg\u00e2ncia e funcionalidade redefinidas<\/h2>\n<p>Eleve a sua marca com luxo <a href=\"https:\/\/www.chinatopack.com\/pt\/category\/custom-paper-box\/\"><strong>caixas de oferta de papel personalizadas<\/strong><\/a>As nossas solu\u00e7\u00f5es de embalagem s\u00e3o cuidadosamente concebidas para apresentar os seus produtos com sofistica\u00e7\u00e3o. Ideal para cosm\u00e9ticos, j\u00f3ias, eletr\u00f3nica, alimentos gourmet e presentes de alta qualidade, as nossas solu\u00e7\u00f5es de embalagem combinam uma prote\u00e7\u00e3o superior com uma est\u00e9tica refinada.<\/p>\n<h3>Desenhos e aplica\u00e7\u00f5es \u00e0 medida<\/h3>\n<p>O <a href=\"https:\/\/www.chinatopack.com\/pt\/produto\/customize-printing-logo-cosmetic-packaging-paper-folding-kraft-paper-gift-boxes-for-perfume\/\"><strong>Caixas de oferta de papel kraft<\/strong><\/a>\u00a0Escolha entre caixas r\u00edgidas, caixas com fecho magn\u00e9tico, caixas tipo gaveta ou caixas dobr\u00e1veis, cada uma personaliz\u00e1vel em termos de tamanho, forma e estrutura. Para artigos delicados, como perfumes ou objectos de vidro, recomendamos inser\u00e7\u00f5es de espuma ou forro de veludo para evitar movimentos. Para chocolates ou cosm\u00e9ticos de qualidade superior, o pl\u00e1stico PET da <a href=\"https:\/\/www.chinatopack.com\/pt\/produto-etiqueta\/paper-jewelry-boxes\/\"><strong>caixas de j\u00f3ias de papel<\/strong><\/a> Os tabuleiros ou inser\u00e7\u00f5es de pasta moldada garantem uma coloca\u00e7\u00e3o segura, mantendo a eleg\u00e2ncia.<\/p>\n<h3>Materiais de alta qualidade e sustentabilidade<\/h3>\n<p>O <a href=\"https:\/\/www.chinatopack.com\/pt\/\"><strong>caixas de papel por atacado<\/strong><\/a> selecione entre papel de arte mate\/brilhante, kraft texturado ou cart\u00e3o reciclado amigo do ambiente, com op\u00e7\u00f5es de lamina\u00e7\u00e3o suave ao toque, UV direta ou log\u00f3tipos gravados em relevo para uma sensa\u00e7\u00e3o de luxo t\u00e1til.<\/p>\n<h3>Acabamentos e artesanato requintados<\/h3>\n<p>Melhore a sua <a href=\"https:\/\/www.chinatopack.com\/pt\/about-us\/\"><strong>caixas de papel personalizadas<\/strong> <\/a>com estampagem em folha, grava\u00e7\u00e3o em relevo, corte personalizado ou revestimento interior para uma experi\u00eancia de desembalagem de alta qualidade.<\/p>\n<h3>Processo de produ\u00e7\u00e3o de precis\u00e3o<\/h3>\n<p>1. consulta de design - design estrutural e gr\u00e1fico \u00e0 medida.<br \/>\n2. sele\u00e7\u00e3o de materiais e de inser\u00e7\u00f5es - Prote\u00e7\u00e3o \u00f3ptima com revestimentos de primeira qualidade.<br \/>\n3. impress\u00e3o de alta qualidade - cores vibrantes e acabamentos especiais.<br \/>\n4. montagem manual e controlo de qualidade - aten\u00e7\u00e3o meticulosa aos pormenores.<\/p>\n<p>Causar uma impress\u00e3o duradoura com <a href=\"https:\/\/www.chinatopack.com\/pt\/produto-etiqueta\/paper-boxes-for-jewelry\/\"><strong>caixas de papel para j\u00f3ias<\/strong><\/a> que protege, promove e aperfei\u00e7oa a sua marca. Contacte-nos hoje para obter solu\u00e7\u00f5es \u00e0 medida!<\/p>\n<h2>Imagens do produto<\/h2>\n<p><img loading=\"lazy\" decoding=\"async\" class=\"size-full wp-image-12502 aligncenter\" data-src=\"https:\/\/www.chinatopack.com\/wp-content\/uploads\/2025\/06\/Customize-Printing-Logo-Cosmetic-Packaging-Paper-Folding-Box-For-Perfume-8.webp\" alt=\"Caixa dobr\u00e1vel de papel para embalagem de cosm\u00e9ticos com log\u00f3tipo de impress\u00e3o personalizado para perfume\" width=\"800\" height=\"800\" srcset=\"https:\/\/www.chinatopack.com\/wp-content\/uploads\/2025\/06\/Customize-Printing-Logo-Cosmetic-Packaging-Paper-Folding-Box-For-Perfume-8.webp 800w, https:\/\/www.chinatopack.com\/wp-content\/uploads\/2025\/06\/Customize-Printing-Logo-Cosmetic-Packaging-Paper-Folding-Box-For-Perfume-8-480x480.webp 480w\" sizes=\"(min-width: 0px) and (max-width: 480px) 480px, (min-width: 481px) 800px, 100vw\" \/><\/p>","protected":false},"excerpt":{"rendered":"<p>As caixas com dobradi\u00e7as personalizadas s\u00e3o uma forma elegante de embalar os seus produtos sem o inc\u00f3modo de uma tampa solta. Estas caixas apresentam uma tampa articulada que proporciona um desempacotamento luxuoso para os clientes e uma forma conveniente de expor os produtos.<\/p>","protected":false},"featured_media":12494,"comment_status":"closed","ping_status":"closed","template":"","meta":{"_et_pb_use_builder":"","_et_pb_old_content":"","_et_gb_content_width":""},"product_cat":[280],"product_tag":[287,286],"yoast_head":"<!-- This site is optimized with the Yoast SEO plugin v22.7 - https:\/\/yoast.com\/wordpress\/plugins\/seo\/ -->\n<title>Luxury Kraft Paper Gift Boxes Supplier | Eco &amp; Custom in China<\/title>\n<meta name=\"description\" content=\"Supplier of Kraft Paper Gift Boxes: Eco kraft\/recycled materials, foil\/embossing &amp; precision inserts. For cosmetics\/jewelry brands. Request quote!\" \/>\n<meta name=\"robots\" content=\"index, follow, max-snippet:-1, max-image-preview:large, max-video-preview:-1\" \/>\n<link rel=\"canonical\" href=\"https:\/\/www.chinatopack.com\/pt\/produto\/customize-printing-logo-cosmetic-packaging-paper-folding-kraft-paper-gift-boxes-for-perfume\/\" \/>\n<meta property=\"og:locale\" content=\"pt_PT\" \/>\n<meta property=\"og:type\" content=\"article\" \/>\n<meta property=\"og:title\" content=\"Luxury Kraft Paper Gift Boxes Supplier | Eco &amp; Custom in China\" \/>\n<meta property=\"og:description\" content=\"Supplier of Kraft Paper Gift Boxes: Eco kraft\/recycled materials, foil\/embossing &amp; precision inserts. For cosmetics\/jewelry brands. Request quote!\" \/>\n<meta property=\"og:url\" content=\"https:\/\/www.chinatopack.com\/pt\/produto\/customize-printing-logo-cosmetic-packaging-paper-folding-kraft-paper-gift-boxes-for-perfume\/\" \/>\n<meta property=\"og:site_name\" content=\"TOPACK Paper Boxes\" \/>\n<meta property=\"article:publisher\" content=\"https:\/\/www.facebook.com\/ChinaTopack\/\" \/>\n<meta property=\"article:modified_time\" content=\"2025-08-12T10:24:41+00:00\" \/>\n<meta property=\"og:image\" content=\"https:\/\/www.chinatopack.com\/wp-content\/uploads\/2025\/06\/Customize-Printing-Logo-Cosmetic-Packaging-Paper-Folding-Box-For-Perfume-1.webp\" \/>\n\t<meta property=\"og:image:width\" content=\"800\" \/>\n\t<meta property=\"og:image:height\" content=\"800\" \/>\n\t<meta property=\"og:image:type\" content=\"image\/webp\" \/>\n<meta name=\"twitter:card\" content=\"summary_large_image\" \/>\n<meta name=\"twitter:label1\" content=\"Tempo estimado de leitura\" \/>\n\t<meta name=\"twitter:data1\" content=\"2 minutos\" \/>\n<script type=\"application\/ld+json\" class=\"yoast-schema-graph\">{\"@context\":\"https:\/\/schema.org\",\"@graph\":[{\"@type\":\"WebPage\",\"@id\":\"https:\/\/www.chinatopack.com\/product\/customize-printing-logo-cosmetic-packaging-paper-folding-kraft-paper-gift-boxes-for-perfume\/\",\"url\":\"https:\/\/www.chinatopack.com\/product\/customize-printing-logo-cosmetic-packaging-paper-folding-kraft-paper-gift-boxes-for-perfume\/\",\"name\":\"Luxury Kraft Paper Gift Boxes Supplier | Eco & Custom in China\",\"isPartOf\":{\"@id\":\"https:\/\/www.chinatopack.com\/#website\"},\"primaryImageOfPage\":{\"@id\":\"https:\/\/www.chinatopack.com\/product\/customize-printing-logo-cosmetic-packaging-paper-folding-kraft-paper-gift-boxes-for-perfume\/#primaryimage\"},\"image\":{\"@id\":\"https:\/\/www.chinatopack.com\/product\/customize-printing-logo-cosmetic-packaging-paper-folding-kraft-paper-gift-boxes-for-perfume\/#primaryimage\"},\"thumbnailUrl\":\"https:\/\/www.chinatopack.com\/wp-content\/uploads\/2025\/06\/Customize-Printing-Logo-Cosmetic-Packaging-Paper-Folding-Box-For-Perfume-1.webp\",\"datePublished\":\"2025-06-16T12:06:23+00:00\",\"dateModified\":\"2025-08-12T10:24:41+00:00\",\"description\":\"Supplier of Kraft Paper Gift Boxes: Eco kraft\/recycled materials, foil\/embossing & precision inserts. For cosmetics\/jewelry brands. Request quote!\",\"breadcrumb\":{\"@id\":\"https:\/\/www.chinatopack.com\/product\/customize-printing-logo-cosmetic-packaging-paper-folding-kraft-paper-gift-boxes-for-perfume\/#breadcrumb\"},\"inLanguage\":\"pt-PT\",\"potentialAction\":[{\"@type\":\"ReadAction\",\"target\":[\"https:\/\/www.chinatopack.com\/product\/customize-printing-logo-cosmetic-packaging-paper-folding-kraft-paper-gift-boxes-for-perfume\/\"]}]},{\"@type\":\"ImageObject\",\"inLanguage\":\"pt-PT\",\"@id\":\"https:\/\/www.chinatopack.com\/product\/customize-printing-logo-cosmetic-packaging-paper-folding-kraft-paper-gift-boxes-for-perfume\/#primaryimage\",\"url\":\"https:\/\/www.chinatopack.com\/wp-content\/uploads\/2025\/06\/Customize-Printing-Logo-Cosmetic-Packaging-Paper-Folding-Box-For-Perfume-1.webp\",\"contentUrl\":\"https:\/\/www.chinatopack.com\/wp-content\/uploads\/2025\/06\/Customize-Printing-Logo-Cosmetic-Packaging-Paper-Folding-Box-For-Perfume-1.webp\",\"width\":800,\"height\":800,\"caption\":\"Customize Printing Logo Cosmetic Packaging Paper Folding Box For Perfume\"},{\"@type\":\"BreadcrumbList\",\"@id\":\"https:\/\/www.chinatopack.com\/product\/customize-printing-logo-cosmetic-packaging-paper-folding-kraft-paper-gift-boxes-for-perfume\/#breadcrumb\",\"itemListElement\":[{\"@type\":\"ListItem\",\"position\":1,\"name\":\"Home\",\"item\":\"https:\/\/www.chinatopack.com\/\"},{\"@type\":\"ListItem\",\"position\":2,\"name\":\"Products\",\"item\":\"https:\/\/www.chinatopack.com\/shop\/\"},{\"@type\":\"ListItem\",\"position\":3,\"name\":\"Customize Printing Logo Cosmetic Packaging Paper Folding Kraft Paper Gift Boxes For Perfume\"}]},{\"@type\":\"WebSite\",\"@id\":\"https:\/\/www.chinatopack.com\/#website\",\"url\":\"https:\/\/www.chinatopack.com\/\",\"name\":\"TOPACK Paper Boxes\",\"description\":\"\",\"publisher\":{\"@id\":\"https:\/\/www.chinatopack.com\/#organization\"},\"potentialAction\":[{\"@type\":\"SearchAction\",\"target\":{\"@type\":\"EntryPoint\",\"urlTemplate\":\"https:\/\/www.chinatopack.com\/?s={search_term_string}\"},\"query-input\":\"required name=search_term_string\"}],\"inLanguage\":\"pt-PT\"},{\"@type\":\"Organization\",\"@id\":\"https:\/\/www.chinatopack.com\/#organization\",\"name\":\"TOPACK Paper Boxes\",\"url\":\"https:\/\/www.chinatopack.com\/\",\"logo\":{\"@type\":\"ImageObject\",\"inLanguage\":\"pt-PT\",\"@id\":\"https:\/\/www.chinatopack.com\/#\/schema\/logo\/image\/\",\"url\":\"https:\/\/www.chinatopack.com\/wp-content\/uploads\/2025\/11\/logo2.webp\",\"contentUrl\":\"https:\/\/www.chinatopack.com\/wp-content\/uploads\/2025\/11\/logo2.webp\",\"width\":512,\"height\":512,\"caption\":\"TOPACK Paper Boxes\"},\"image\":{\"@id\":\"https:\/\/www.chinatopack.com\/#\/schema\/logo\/image\/\"},\"sameAs\":[\"https:\/\/www.facebook.com\/ChinaTopack\/\",\"https:\/\/www.youtube.com\/@chinatopack\"]}]}<\/script>\n<!-- \/ Yoast SEO plugin. -->","yoast_head_json":{"title":"Luxury Kraft Paper Gift Boxes Supplier | Eco & Custom in China","description":"Supplier of Kraft Paper Gift Boxes: Eco kraft\/recycled materials, foil\/embossing & precision inserts. For cosmetics\/jewelry brands. Request quote!","robots":{"index":"index","follow":"follow","max-snippet":"max-snippet:-1","max-image-preview":"max-image-preview:large","max-video-preview":"max-video-preview:-1"},"canonical":"https:\/\/www.chinatopack.com\/pt\/produto\/customize-printing-logo-cosmetic-packaging-paper-folding-kraft-paper-gift-boxes-for-perfume\/","og_locale":"pt_PT","og_type":"article","og_title":"Luxury Kraft Paper Gift Boxes Supplier | Eco & Custom in China","og_description":"Supplier of Kraft Paper Gift Boxes: Eco kraft\/recycled materials, foil\/embossing & precision inserts. For cosmetics\/jewelry brands. Request quote!","og_url":"https:\/\/www.chinatopack.com\/pt\/produto\/customize-printing-logo-cosmetic-packaging-paper-folding-kraft-paper-gift-boxes-for-perfume\/","og_site_name":"TOPACK Paper Boxes","article_publisher":"https:\/\/www.facebook.com\/ChinaTopack\/","article_modified_time":"2025-08-12T10:24:41+00:00","og_image":[{"width":800,"height":800,"url":"https:\/\/www.chinatopack.com\/wp-content\/uploads\/2025\/06\/Customize-Printing-Logo-Cosmetic-Packaging-Paper-Folding-Box-For-Perfume-1.webp","type":"image\/webp"}],"twitter_card":"summary_large_image","twitter_misc":{"Tempo estimado de leitura":"2 minutos"},"schema":{"@context":"https:\/\/schema.org","@graph":[{"@type":"WebPage","@id":"https:\/\/www.chinatopack.com\/product\/customize-printing-logo-cosmetic-packaging-paper-folding-kraft-paper-gift-boxes-for-perfume\/","url":"https:\/\/www.chinatopack.com\/product\/customize-printing-logo-cosmetic-packaging-paper-folding-kraft-paper-gift-boxes-for-perfume\/","name":"Luxury Kraft Paper Gift Boxes Supplier | Eco & Custom in China","isPartOf":{"@id":"https:\/\/www.chinatopack.com\/#website"},"primaryImageOfPage":{"@id":"https:\/\/www.chinatopack.com\/product\/customize-printing-logo-cosmetic-packaging-paper-folding-kraft-paper-gift-boxes-for-perfume\/#primaryimage"},"image":{"@id":"https:\/\/www.chinatopack.com\/product\/customize-printing-logo-cosmetic-packaging-paper-folding-kraft-paper-gift-boxes-for-perfume\/#primaryimage"},"thumbnailUrl":"https:\/\/www.chinatopack.com\/wp-content\/uploads\/2025\/06\/Customize-Printing-Logo-Cosmetic-Packaging-Paper-Folding-Box-For-Perfume-1.webp","datePublished":"2025-06-16T12:06:23+00:00","dateModified":"2025-08-12T10:24:41+00:00","description":"Supplier of Kraft Paper Gift Boxes: Eco kraft\/recycled materials, foil\/embossing & precision inserts. For cosmetics\/jewelry brands. Request quote!","breadcrumb":{"@id":"https:\/\/www.chinatopack.com\/product\/customize-printing-logo-cosmetic-packaging-paper-folding-kraft-paper-gift-boxes-for-perfume\/#breadcrumb"},"inLanguage":"pt-PT","potentialAction":[{"@type":"ReadAction","target":["https:\/\/www.chinatopack.com\/product\/customize-printing-logo-cosmetic-packaging-paper-folding-kraft-paper-gift-boxes-for-perfume\/"]}]},{"@type":"ImageObject","inLanguage":"pt-PT","@id":"https:\/\/www.chinatopack.com\/product\/customize-printing-logo-cosmetic-packaging-paper-folding-kraft-paper-gift-boxes-for-perfume\/#primaryimage","url":"https:\/\/www.chinatopack.com\/wp-content\/uploads\/2025\/06\/Customize-Printing-Logo-Cosmetic-Packaging-Paper-Folding-Box-For-Perfume-1.webp","contentUrl":"https:\/\/www.chinatopack.com\/wp-content\/uploads\/2025\/06\/Customize-Printing-Logo-Cosmetic-Packaging-Paper-Folding-Box-For-Perfume-1.webp","width":800,"height":800,"caption":"Customize Printing Logo Cosmetic Packaging Paper Folding Box For Perfume"},{"@type":"BreadcrumbList","@id":"https:\/\/www.chinatopack.com\/product\/customize-printing-logo-cosmetic-packaging-paper-folding-kraft-paper-gift-boxes-for-perfume\/#breadcrumb","itemListElement":[{"@type":"ListItem","position":1,"name":"Home","item":"https:\/\/www.chinatopack.com\/"},{"@type":"ListItem","position":2,"name":"Products","item":"https:\/\/www.chinatopack.com\/shop\/"},{"@type":"ListItem","position":3,"name":"Customize Printing Logo Cosmetic Packaging Paper Folding Kraft Paper Gift Boxes For Perfume"}]},{"@type":"WebSite","@id":"https:\/\/www.chinatopack.com\/#website","url":"https:\/\/www.chinatopack.com\/","name":"TOPACK Paper Boxes","description":"","publisher":{"@id":"https:\/\/www.chinatopack.com\/#organization"},"potentialAction":[{"@type":"SearchAction","target":{"@type":"EntryPoint","urlTemplate":"https:\/\/www.chinatopack.com\/?s={search_term_string}"},"query-input":"required name=search_term_string"}],"inLanguage":"pt-PT"},{"@type":"Organization","@id":"https:\/\/www.chinatopack.com\/#organization","name":"TOPACK Paper Boxes","url":"https:\/\/www.chinatopack.com\/","logo":{"@type":"ImageObject","inLanguage":"pt-PT","@id":"https:\/\/www.chinatopack.com\/#\/schema\/logo\/image\/","url":"https:\/\/www.chinatopack.com\/wp-content\/uploads\/2025\/11\/logo2.webp","contentUrl":"https:\/\/www.chinatopack.com\/wp-content\/uploads\/2025\/11\/logo2.webp","width":512,"height":512,"caption":"TOPACK Paper Boxes"},"image":{"@id":"https:\/\/www.chinatopack.com\/#\/schema\/logo\/image\/"},"sameAs":["https:\/\/www.facebook.com\/ChinaTopack\/","https:\/\/www.youtube.com\/@chinatopack"]}]}},"_links":{"self":[{"href":"https:\/\/www.chinatopack.com\/pt\/wp-json\/wp\/v2\/product\/12493"}],"collection":[{"href":"https:\/\/www.chinatopack.com\/pt\/wp-json\/wp\/v2\/product"}],"about":[{"href":"https:\/\/www.chinatopack.com\/pt\/wp-json\/wp\/v2\/types\/product"}],"replies":[{"embeddable":true,"href":"https:\/\/www.chinatopack.com\/pt\/wp-json\/wp\/v2\/comments?post=12493"}],"wp:featuredmedia":[{"embeddable":true,"href":"https:\/\/www.chinatopack.com\/pt\/wp-json\/wp\/v2\/media\/12494"}],"wp:attachment":[{"href":"https:\/\/www.chinatopack.com\/pt\/wp-json\/wp\/v2\/media?parent=12493"}],"wp:term":[{"taxonomy":"product_cat","embeddable":true,"href":"https:\/\/www.chinatopack.com\/pt\/wp-json\/wp\/v2\/product_cat?post=12493"},{"taxonomy":"product_tag","embeddable":true,"href":"https:\/\/www.chinatopack.com\/pt\/wp-json\/wp\/v2\/product_tag?post=12493"}],"curies":[{"name":"wp","href":"https:\/\/api.w.org\/{rel}","templated":true}]}}