{"id":12504,"date":"2025-06-16T12:15:57","date_gmt":"2025-06-16T12:15:57","guid":{"rendered":"https:\/\/www.chinatopack.com\/?post_type=product&#038;p=12504"},"modified":"2025-08-12T10:29:36","modified_gmt":"2025-08-12T10:29:36","slug":"custom-logo-luxury-book-shaped-square-boxes-paper-rigid-paper-gift-packaging-box-with-eva-foam-insert","status":"publish","type":"product","link":"https:\/\/www.chinatopack.com\/pt\/produto\/custom-logo-luxury-book-shaped-square-boxes-paper-rigid-paper-gift-packaging-box-with-eva-foam-insert\/","title":{"rendered":"Logotipo personalizado Caixas quadradas de luxo em forma de livro Caixa de embalagem de presente de papel r\u00edgido de papel com inser\u00e7\u00e3o de espuma EVA"},"content":{"rendered":"<h2>Caixas de papel personalizadas: Solu\u00e7\u00f5es de embalagem \u00e0 medida para a sua marca<\/h2>\n<p>Eleve a sua marca com os nossos produtos personalizados de alta qualidade <a href=\"https:\/\/www.chinatopack.com\/pt\/produto-etiqueta\/storage-boxes-paper\/\"><strong>caixas de arruma\u00e7\u00e3o de papel<\/strong><\/a>concebidas para satisfazer as suas especifica\u00e7\u00f5es exactas. Quer se trate de produtos de retalho, de luxo, alimentares ou cosm\u00e9ticos, as nossas caixas combinam funcionalidade e est\u00e9tica para melhorar a atra\u00e7\u00e3o do seu produto.<\/p>\n<h3>Estilos de caixas e aplica\u00e7\u00f5es<\/h3>\n<p>Oferecemos uma vasta gama de <strong><a href=\"https:\/\/www.chinatopack.com\/pt\/produto\/custom-logo-luxury-book-shaped-square-boxes-paper-rigid-paper-gift-packaging-box-with-eva-foam-insert\/\">Caixas quadradas de papel<\/a>\u00a0<\/strong>tipos, incluindo caixas r\u00edgidas, caixas dobr\u00e1veis, caixas com fecho magn\u00e9tico, <strong><a href=\"https:\/\/www.chinatopack.com\/pt\/produto-etiqueta\/brown-paper-gift-boxes\/\">caixas de oferta de papel castanho<\/a>,<\/strong>\u00a0e caixas de gaveta. Perfeitas para embalagens de presentes, produtos electr\u00f3nicos, cosm\u00e9ticos, alimentos e produtos de retalho, cada design garante durabilidade e uma experi\u00eancia de desembalagem de qualidade superior.<\/p>\n<h3>Materiais e respeito pelo ambiente<\/h3>\n<p>O nosso <a href=\"https:\/\/www.chinatopack.com\/pt\/about-us\/\"><strong>caixas de papel personalizadas<\/strong><\/a> escolha entre papel kraft, papel art\u00edstico, cart\u00e3o canelado ou materiais reciclados para se alinhar com os objectivos de sustentabilidade. As nossas op\u00e7\u00f5es incluem materiais certificados pelo FSC e biodegrad\u00e1veis, garantindo uma embalagem ecol\u00f3gica.<\/p>\n<h3>Impress\u00e3o e acabamento avan\u00e7ados<\/h3>\n<p>Melhore a sua <a href=\"https:\/\/www.chinatopack.com\/pt\/\"><strong>caixas de papel kraft por atacado<\/strong><\/a> com impress\u00e3o offset\/UV, grava\u00e7\u00e3o em relevo, estampagem em folha, revestimento UV ou lamina\u00e7\u00e3o mate\/brilhante. Personalize com corte e vinco, remendo de janela ou UV pontual para um aspeto de destaque.<\/p>\n<h3>Processo de produ\u00e7\u00e3o de precis\u00e3o<\/h3>\n<p>1. conce\u00e7\u00e3o e prova - Colaborar na conce\u00e7\u00e3o estrutural e gr\u00e1fica.<br \/>\n2. sele\u00e7\u00e3o do material - Escolha o tipo de papel e o acabamento ideais.<br \/>\n3. impress\u00e3o e decora\u00e7\u00e3o - Impress\u00e3o de alta resolu\u00e7\u00e3o e acabamentos de qualidade superior.<br \/>\n4. corte e montagem - corte de precis\u00e3o e pormenores acabados \u00e0 m\u00e3o.<br \/>\n5. inspe\u00e7\u00e3o da qualidade e entrega - controlos rigorosos garantem uma execu\u00e7\u00e3o sem falhas.<\/p>\n<p>Desde a prote\u00e7\u00e3o do produto at\u00e9 \u00e0 narrativa da marca, a nossa <a href=\"https:\/\/www.chinatopack.com\/pt\/category\/custom-paper-box\/\"><strong>caixas de papel baratas<\/strong><\/a> fornecer um valor inigual\u00e1vel. Solicite um or\u00e7amento hoje e vamos criar uma embalagem que fale pela sua marca!<\/p>\n<h2>Imagens do produto<\/h2>\n<p><img loading=\"lazy\" decoding=\"async\" class=\"size-full wp-image-12511 aligncenter\" data-src=\"https:\/\/www.chinatopack.com\/wp-content\/uploads\/2025\/06\/Custom-Logo-Luxury-Book-Shaped-Rigid-Paper-Gift-Packaging-Box-With-EVA-Foam-Insert-7.jpg\" alt=\"Caixa de embalagem de papel r\u00edgido para prendas com log\u00f3tipo personalizado em forma de livro de luxo com inser\u00e7\u00e3o de espuma EVA\" width=\"800\" height=\"800\" srcset=\"https:\/\/www.chinatopack.com\/wp-content\/uploads\/2025\/06\/Custom-Logo-Luxury-Book-Shaped-Rigid-Paper-Gift-Packaging-Box-With-EVA-Foam-Insert-7.jpg 800w, https:\/\/www.chinatopack.com\/wp-content\/uploads\/2025\/06\/Custom-Logo-Luxury-Book-Shaped-Rigid-Paper-Gift-Packaging-Box-With-EVA-Foam-Insert-7-480x480.jpg 480w\" sizes=\"(min-width: 0px) and (max-width: 480px) 480px, (min-width: 481px) 800px, 100vw\" \/> <img loading=\"lazy\" decoding=\"async\" class=\"size-full wp-image-12512 aligncenter\" data-src=\"https:\/\/www.chinatopack.com\/wp-content\/uploads\/2025\/06\/Custom-Logo-Luxury-Book-Shaped-Rigid-Paper-Gift-Packaging-Box-With-EVA-Foam-Insert-8.jpg\" alt=\"Caixa de embalagem de papel r\u00edgido para prendas com log\u00f3tipo personalizado em forma de livro de luxo com inser\u00e7\u00e3o de espuma EVA\" width=\"800\" height=\"800\" srcset=\"https:\/\/www.chinatopack.com\/wp-content\/uploads\/2025\/06\/Custom-Logo-Luxury-Book-Shaped-Rigid-Paper-Gift-Packaging-Box-With-EVA-Foam-Insert-8.jpg 800w, https:\/\/www.chinatopack.com\/wp-content\/uploads\/2025\/06\/Custom-Logo-Luxury-Book-Shaped-Rigid-Paper-Gift-Packaging-Box-With-EVA-Foam-Insert-8-480x480.jpg 480w\" sizes=\"(min-width: 0px) and (max-width: 480px) 480px, (min-width: 481px) 800px, 100vw\" \/><\/p>","protected":false},"excerpt":{"rendered":"<p>Seguran\u00e7a e marca combinadas<br \/>\nEst\u00e1 \u00e0 procura de uma forma de antecipar os seus produtos? As caixas r\u00edgidas personalizadas com tampas s\u00e3o a solu\u00e7\u00e3o perfeita. Este design de embalagem com tampa e tabuleiro \u00e9 a forma perfeita de acrescentar valor aos seus produtos e \u00e0 experi\u00eancia de desembalagem.<\/p>","protected":false},"featured_media":12505,"comment_status":"closed","ping_status":"closed","template":"","meta":{"_et_pb_use_builder":"","_et_pb_old_content":"","_et_gb_content_width":""},"product_cat":[280],"product_tag":[284,282],"yoast_head":"<!-- This site is optimized with the Yoast SEO plugin v22.7 - https:\/\/yoast.com\/wordpress\/plugins\/seo\/ -->\n<title>Custom Square Boxes Paper Supplier | Eco Kraft in China<\/title>\n<meta name=\"description\" content=\"Supplier of Custom Square Boxes Paper Boxes: Kraft\/recycled materials, UV\/foil finishes &amp; precision manufacturing. For retail\/cosmetics brands. Request quote!\" \/>\n<meta name=\"robots\" content=\"index, follow, max-snippet:-1, max-image-preview:large, max-video-preview:-1\" \/>\n<link rel=\"canonical\" href=\"https:\/\/www.chinatopack.com\/pt\/produto\/custom-logo-luxury-book-shaped-square-boxes-paper-rigid-paper-gift-packaging-box-with-eva-foam-insert\/\" \/>\n<meta property=\"og:locale\" content=\"pt_PT\" \/>\n<meta property=\"og:type\" content=\"article\" \/>\n<meta property=\"og:title\" content=\"Custom Square Boxes Paper Supplier | Eco Kraft in China\" \/>\n<meta property=\"og:description\" content=\"Supplier of Custom Square Boxes Paper Boxes: Kraft\/recycled materials, UV\/foil finishes &amp; precision manufacturing. For retail\/cosmetics brands. Request quote!\" \/>\n<meta property=\"og:url\" content=\"https:\/\/www.chinatopack.com\/pt\/produto\/custom-logo-luxury-book-shaped-square-boxes-paper-rigid-paper-gift-packaging-box-with-eva-foam-insert\/\" \/>\n<meta property=\"og:site_name\" content=\"TOPACK Paper Boxes\" \/>\n<meta property=\"article:publisher\" content=\"https:\/\/www.facebook.com\/ChinaTopack\/\" \/>\n<meta property=\"article:modified_time\" content=\"2025-08-12T10:29:36+00:00\" \/>\n<meta property=\"og:image\" content=\"https:\/\/www.chinatopack.com\/wp-content\/uploads\/2025\/06\/Custom-Logo-Luxury-Book-Shaped-Rigid-Paper-Gift-Packaging-Box-With-EVA-Foam-Insert-1.jpg\" \/>\n\t<meta property=\"og:image:width\" content=\"800\" \/>\n\t<meta property=\"og:image:height\" content=\"800\" \/>\n\t<meta property=\"og:image:type\" content=\"image\/jpeg\" \/>\n<meta name=\"twitter:card\" content=\"summary_large_image\" \/>\n<meta name=\"twitter:label1\" content=\"Tempo estimado de leitura\" \/>\n\t<meta name=\"twitter:data1\" content=\"2 minutos\" \/>\n<script type=\"application\/ld+json\" class=\"yoast-schema-graph\">{\"@context\":\"https:\/\/schema.org\",\"@graph\":[{\"@type\":\"WebPage\",\"@id\":\"https:\/\/www.chinatopack.com\/product\/custom-logo-luxury-book-shaped-square-boxes-paper-rigid-paper-gift-packaging-box-with-eva-foam-insert\/\",\"url\":\"https:\/\/www.chinatopack.com\/product\/custom-logo-luxury-book-shaped-square-boxes-paper-rigid-paper-gift-packaging-box-with-eva-foam-insert\/\",\"name\":\"Custom Square Boxes Paper Supplier | Eco Kraft in China\",\"isPartOf\":{\"@id\":\"https:\/\/www.chinatopack.com\/#website\"},\"primaryImageOfPage\":{\"@id\":\"https:\/\/www.chinatopack.com\/product\/custom-logo-luxury-book-shaped-square-boxes-paper-rigid-paper-gift-packaging-box-with-eva-foam-insert\/#primaryimage\"},\"image\":{\"@id\":\"https:\/\/www.chinatopack.com\/product\/custom-logo-luxury-book-shaped-square-boxes-paper-rigid-paper-gift-packaging-box-with-eva-foam-insert\/#primaryimage\"},\"thumbnailUrl\":\"https:\/\/www.chinatopack.com\/wp-content\/uploads\/2025\/06\/Custom-Logo-Luxury-Book-Shaped-Rigid-Paper-Gift-Packaging-Box-With-EVA-Foam-Insert-1.jpg\",\"datePublished\":\"2025-06-16T12:15:57+00:00\",\"dateModified\":\"2025-08-12T10:29:36+00:00\",\"description\":\"Supplier of Custom Square Boxes Paper Boxes: Kraft\/recycled materials, UV\/foil finishes & precision manufacturing. For retail\/cosmetics brands. Request quote!\",\"breadcrumb\":{\"@id\":\"https:\/\/www.chinatopack.com\/product\/custom-logo-luxury-book-shaped-square-boxes-paper-rigid-paper-gift-packaging-box-with-eva-foam-insert\/#breadcrumb\"},\"inLanguage\":\"pt-PT\",\"potentialAction\":[{\"@type\":\"ReadAction\",\"target\":[\"https:\/\/www.chinatopack.com\/product\/custom-logo-luxury-book-shaped-square-boxes-paper-rigid-paper-gift-packaging-box-with-eva-foam-insert\/\"]}]},{\"@type\":\"ImageObject\",\"inLanguage\":\"pt-PT\",\"@id\":\"https:\/\/www.chinatopack.com\/product\/custom-logo-luxury-book-shaped-square-boxes-paper-rigid-paper-gift-packaging-box-with-eva-foam-insert\/#primaryimage\",\"url\":\"https:\/\/www.chinatopack.com\/wp-content\/uploads\/2025\/06\/Custom-Logo-Luxury-Book-Shaped-Rigid-Paper-Gift-Packaging-Box-With-EVA-Foam-Insert-1.jpg\",\"contentUrl\":\"https:\/\/www.chinatopack.com\/wp-content\/uploads\/2025\/06\/Custom-Logo-Luxury-Book-Shaped-Rigid-Paper-Gift-Packaging-Box-With-EVA-Foam-Insert-1.jpg\",\"width\":800,\"height\":800,\"caption\":\"Custom Logo Luxury Book Shaped Rigid Paper Gift Packaging Box With EVA Foam Insert\"},{\"@type\":\"BreadcrumbList\",\"@id\":\"https:\/\/www.chinatopack.com\/product\/custom-logo-luxury-book-shaped-square-boxes-paper-rigid-paper-gift-packaging-box-with-eva-foam-insert\/#breadcrumb\",\"itemListElement\":[{\"@type\":\"ListItem\",\"position\":1,\"name\":\"Home\",\"item\":\"https:\/\/www.chinatopack.com\/\"},{\"@type\":\"ListItem\",\"position\":2,\"name\":\"Products\",\"item\":\"https:\/\/www.chinatopack.com\/shop\/\"},{\"@type\":\"ListItem\",\"position\":3,\"name\":\"Custom Logo Luxury Book Shaped Square Boxes Paper Rigid Paper Gift Packaging Box With EVA Foam Insert\"}]},{\"@type\":\"WebSite\",\"@id\":\"https:\/\/www.chinatopack.com\/#website\",\"url\":\"https:\/\/www.chinatopack.com\/\",\"name\":\"TOPACK Paper Boxes\",\"description\":\"\",\"publisher\":{\"@id\":\"https:\/\/www.chinatopack.com\/#organization\"},\"potentialAction\":[{\"@type\":\"SearchAction\",\"target\":{\"@type\":\"EntryPoint\",\"urlTemplate\":\"https:\/\/www.chinatopack.com\/?s={search_term_string}\"},\"query-input\":\"required name=search_term_string\"}],\"inLanguage\":\"pt-PT\"},{\"@type\":\"Organization\",\"@id\":\"https:\/\/www.chinatopack.com\/#organization\",\"name\":\"TOPACK Paper Boxes\",\"url\":\"https:\/\/www.chinatopack.com\/\",\"logo\":{\"@type\":\"ImageObject\",\"inLanguage\":\"pt-PT\",\"@id\":\"https:\/\/www.chinatopack.com\/#\/schema\/logo\/image\/\",\"url\":\"https:\/\/www.chinatopack.com\/wp-content\/uploads\/2025\/11\/logo2.webp\",\"contentUrl\":\"https:\/\/www.chinatopack.com\/wp-content\/uploads\/2025\/11\/logo2.webp\",\"width\":512,\"height\":512,\"caption\":\"TOPACK Paper Boxes\"},\"image\":{\"@id\":\"https:\/\/www.chinatopack.com\/#\/schema\/logo\/image\/\"},\"sameAs\":[\"https:\/\/www.facebook.com\/ChinaTopack\/\",\"https:\/\/www.youtube.com\/@chinatopack\"]}]}<\/script>\n<!-- \/ Yoast SEO plugin. -->","yoast_head_json":{"title":"Custom Square Boxes Paper Supplier | Eco Kraft in China","description":"Supplier of Custom Square Boxes Paper Boxes: Kraft\/recycled materials, UV\/foil finishes & precision manufacturing. For retail\/cosmetics brands. Request quote!","robots":{"index":"index","follow":"follow","max-snippet":"max-snippet:-1","max-image-preview":"max-image-preview:large","max-video-preview":"max-video-preview:-1"},"canonical":"https:\/\/www.chinatopack.com\/pt\/produto\/custom-logo-luxury-book-shaped-square-boxes-paper-rigid-paper-gift-packaging-box-with-eva-foam-insert\/","og_locale":"pt_PT","og_type":"article","og_title":"Custom Square Boxes Paper Supplier | Eco Kraft in China","og_description":"Supplier of Custom Square Boxes Paper Boxes: Kraft\/recycled materials, UV\/foil finishes & precision manufacturing. For retail\/cosmetics brands. Request quote!","og_url":"https:\/\/www.chinatopack.com\/pt\/produto\/custom-logo-luxury-book-shaped-square-boxes-paper-rigid-paper-gift-packaging-box-with-eva-foam-insert\/","og_site_name":"TOPACK Paper Boxes","article_publisher":"https:\/\/www.facebook.com\/ChinaTopack\/","article_modified_time":"2025-08-12T10:29:36+00:00","og_image":[{"width":800,"height":800,"url":"https:\/\/www.chinatopack.com\/wp-content\/uploads\/2025\/06\/Custom-Logo-Luxury-Book-Shaped-Rigid-Paper-Gift-Packaging-Box-With-EVA-Foam-Insert-1.jpg","type":"image\/jpeg"}],"twitter_card":"summary_large_image","twitter_misc":{"Tempo estimado de leitura":"2 minutos"},"schema":{"@context":"https:\/\/schema.org","@graph":[{"@type":"WebPage","@id":"https:\/\/www.chinatopack.com\/product\/custom-logo-luxury-book-shaped-square-boxes-paper-rigid-paper-gift-packaging-box-with-eva-foam-insert\/","url":"https:\/\/www.chinatopack.com\/product\/custom-logo-luxury-book-shaped-square-boxes-paper-rigid-paper-gift-packaging-box-with-eva-foam-insert\/","name":"Custom Square Boxes Paper Supplier | Eco Kraft in China","isPartOf":{"@id":"https:\/\/www.chinatopack.com\/#website"},"primaryImageOfPage":{"@id":"https:\/\/www.chinatopack.com\/product\/custom-logo-luxury-book-shaped-square-boxes-paper-rigid-paper-gift-packaging-box-with-eva-foam-insert\/#primaryimage"},"image":{"@id":"https:\/\/www.chinatopack.com\/product\/custom-logo-luxury-book-shaped-square-boxes-paper-rigid-paper-gift-packaging-box-with-eva-foam-insert\/#primaryimage"},"thumbnailUrl":"https:\/\/www.chinatopack.com\/wp-content\/uploads\/2025\/06\/Custom-Logo-Luxury-Book-Shaped-Rigid-Paper-Gift-Packaging-Box-With-EVA-Foam-Insert-1.jpg","datePublished":"2025-06-16T12:15:57+00:00","dateModified":"2025-08-12T10:29:36+00:00","description":"Supplier of Custom Square Boxes Paper Boxes: Kraft\/recycled materials, UV\/foil finishes & precision manufacturing. For retail\/cosmetics brands. Request quote!","breadcrumb":{"@id":"https:\/\/www.chinatopack.com\/product\/custom-logo-luxury-book-shaped-square-boxes-paper-rigid-paper-gift-packaging-box-with-eva-foam-insert\/#breadcrumb"},"inLanguage":"pt-PT","potentialAction":[{"@type":"ReadAction","target":["https:\/\/www.chinatopack.com\/product\/custom-logo-luxury-book-shaped-square-boxes-paper-rigid-paper-gift-packaging-box-with-eva-foam-insert\/"]}]},{"@type":"ImageObject","inLanguage":"pt-PT","@id":"https:\/\/www.chinatopack.com\/product\/custom-logo-luxury-book-shaped-square-boxes-paper-rigid-paper-gift-packaging-box-with-eva-foam-insert\/#primaryimage","url":"https:\/\/www.chinatopack.com\/wp-content\/uploads\/2025\/06\/Custom-Logo-Luxury-Book-Shaped-Rigid-Paper-Gift-Packaging-Box-With-EVA-Foam-Insert-1.jpg","contentUrl":"https:\/\/www.chinatopack.com\/wp-content\/uploads\/2025\/06\/Custom-Logo-Luxury-Book-Shaped-Rigid-Paper-Gift-Packaging-Box-With-EVA-Foam-Insert-1.jpg","width":800,"height":800,"caption":"Custom Logo Luxury Book Shaped Rigid Paper Gift Packaging Box With EVA Foam Insert"},{"@type":"BreadcrumbList","@id":"https:\/\/www.chinatopack.com\/product\/custom-logo-luxury-book-shaped-square-boxes-paper-rigid-paper-gift-packaging-box-with-eva-foam-insert\/#breadcrumb","itemListElement":[{"@type":"ListItem","position":1,"name":"Home","item":"https:\/\/www.chinatopack.com\/"},{"@type":"ListItem","position":2,"name":"Products","item":"https:\/\/www.chinatopack.com\/shop\/"},{"@type":"ListItem","position":3,"name":"Custom Logo Luxury Book Shaped Square Boxes Paper Rigid Paper Gift Packaging Box With EVA Foam Insert"}]},{"@type":"WebSite","@id":"https:\/\/www.chinatopack.com\/#website","url":"https:\/\/www.chinatopack.com\/","name":"TOPACK Paper Boxes","description":"","publisher":{"@id":"https:\/\/www.chinatopack.com\/#organization"},"potentialAction":[{"@type":"SearchAction","target":{"@type":"EntryPoint","urlTemplate":"https:\/\/www.chinatopack.com\/?s={search_term_string}"},"query-input":"required name=search_term_string"}],"inLanguage":"pt-PT"},{"@type":"Organization","@id":"https:\/\/www.chinatopack.com\/#organization","name":"TOPACK Paper Boxes","url":"https:\/\/www.chinatopack.com\/","logo":{"@type":"ImageObject","inLanguage":"pt-PT","@id":"https:\/\/www.chinatopack.com\/#\/schema\/logo\/image\/","url":"https:\/\/www.chinatopack.com\/wp-content\/uploads\/2025\/11\/logo2.webp","contentUrl":"https:\/\/www.chinatopack.com\/wp-content\/uploads\/2025\/11\/logo2.webp","width":512,"height":512,"caption":"TOPACK Paper Boxes"},"image":{"@id":"https:\/\/www.chinatopack.com\/#\/schema\/logo\/image\/"},"sameAs":["https:\/\/www.facebook.com\/ChinaTopack\/","https:\/\/www.youtube.com\/@chinatopack"]}]}},"_links":{"self":[{"href":"https:\/\/www.chinatopack.com\/pt\/wp-json\/wp\/v2\/product\/12504"}],"collection":[{"href":"https:\/\/www.chinatopack.com\/pt\/wp-json\/wp\/v2\/product"}],"about":[{"href":"https:\/\/www.chinatopack.com\/pt\/wp-json\/wp\/v2\/types\/product"}],"replies":[{"embeddable":true,"href":"https:\/\/www.chinatopack.com\/pt\/wp-json\/wp\/v2\/comments?post=12504"}],"wp:featuredmedia":[{"embeddable":true,"href":"https:\/\/www.chinatopack.com\/pt\/wp-json\/wp\/v2\/media\/12505"}],"wp:attachment":[{"href":"https:\/\/www.chinatopack.com\/pt\/wp-json\/wp\/v2\/media?parent=12504"}],"wp:term":[{"taxonomy":"product_cat","embeddable":true,"href":"https:\/\/www.chinatopack.com\/pt\/wp-json\/wp\/v2\/product_cat?post=12504"},{"taxonomy":"product_tag","embeddable":true,"href":"https:\/\/www.chinatopack.com\/pt\/wp-json\/wp\/v2\/product_tag?post=12504"}],"curies":[{"name":"wp","href":"https:\/\/api.w.org\/{rel}","templated":true}]}}