{"id":12516,"date":"2025-06-16T13:01:03","date_gmt":"2025-06-16T13:01:03","guid":{"rendered":"https:\/\/www.chinatopack.com\/?post_type=product&#038;p=12516"},"modified":"2025-08-12T10:33:39","modified_gmt":"2025-08-12T10:33:39","slug":"custom-large-logo-magnetic-folding-cheap-paper-jewelry-boxes-luxury-rigid-cardboard-packaging-for-personal-care-new-design","status":"publish","type":"product","link":"https:\/\/www.chinatopack.com\/pt\/produto\/custom-large-logo-magnetic-folding-cheap-paper-jewelry-boxes-luxury-rigid-cardboard-packaging-for-personal-care-new-design\/","title":{"rendered":"Caixas de j\u00f3ias de papel baratas e dobr\u00e1veis com log\u00f3tipo grande personalizado Embalagem de cart\u00e3o r\u00edgido de luxo para cuidados pessoais Novo design"},"content":{"rendered":"<h2>Caixas de papel personalizadas: Solu\u00e7\u00f5es de embalagem \u00e0 medida para a sua marca<\/h2>\n<p>Eleve a sua marca com os nossos produtos personalizados de alta qualidade <a href=\"https:\/\/www.chinatopack.com\/pt\/\"><strong>caixas de papel<\/strong><\/a>concebidos para satisfazer as suas especifica\u00e7\u00f5es exactas. Quer se trate de retalho, luxo, alimenta\u00e7\u00e3o ou cosm\u00e9tica, os nossos <a href=\"https:\/\/www.chinatopack.com\/pt\/products\/\"><strong>caixas de papel kraft<\/strong><\/a> combinam funcionalidade e est\u00e9tica para melhorar o atrativo do seu produto.<\/p>\n<h3>Estilos de caixas e aplica\u00e7\u00f5es<\/h3>\n<p>Oferecemos uma vasta gama de tipos de caixas, incluindo caixas r\u00edgidas, caixas de cart\u00e3o dobr\u00e1veis, caixas com fecho magn\u00e9tico e caixas de gaveta. Perfeitas para embalagens de presentes, produtos electr\u00f3nicos, cosm\u00e9ticos, alimentos e produtos de retalho, cada design garante durabilidade e uma experi\u00eancia de desembalagem de qualidade superior.<\/p>\n<h3>Materiais e respeito pelo ambiente<\/h3>\n<p>Escolha entre papel kraft, papel art\u00edstico, cart\u00e3o canelado ou materiais reciclados para se alinhar com os objectivos de sustentabilidade. As nossas op\u00e7\u00f5es incluem materiais certificados pelo FSC e biodegrad\u00e1veis, garantindo uma embalagem ecol\u00f3gica.<\/p>\n<h3>Impress\u00e3o e acabamento avan\u00e7ados<\/h3>\n<p>Melhore a sua <a href=\"https:\/\/www.chinatopack.com\/pt\/produto-etiqueta\/paper-jewelry-boxes\/\"><strong>caixas de j\u00f3ias de papel<\/strong><\/a> com impress\u00e3o offset\/UV, grava\u00e7\u00e3o em relevo, estampagem em folha, revestimento UV ou lamina\u00e7\u00e3o mate\/brilhante. Personalize com corte e vinco, remendo de janela ou UV pontual para um aspeto de destaque.<\/p>\n<h3>Processo de produ\u00e7\u00e3o de precis\u00e3o<\/h3>\n<p>1. conce\u00e7\u00e3o e prova - Colaborar na conce\u00e7\u00e3o estrutural e gr\u00e1fica.<br \/>\n2. sele\u00e7\u00e3o do material - Escolha o tipo de papel e o acabamento ideais.<br \/>\n3. impress\u00e3o e decora\u00e7\u00e3o - Impress\u00e3o de alta resolu\u00e7\u00e3o e acabamentos de qualidade superior.<br \/>\n4. corte e montagem - corte de precis\u00e3o e pormenores acabados \u00e0 m\u00e3o.<br \/>\n5. inspe\u00e7\u00e3o da qualidade e entrega - controlos rigorosos garantem uma execu\u00e7\u00e3o sem falhas.<\/p>\n<p>Desde a prote\u00e7\u00e3o do produto at\u00e9 \u00e0 narrativa da marca, a nossa <a href=\"https:\/\/www.chinatopack.com\/pt\/about-us\/\"><strong>caixas de papel personalizadas<\/strong><\/a> oferecer um valor inigual\u00e1vel. Solicite um or\u00e7amento da nossa <a href=\"https:\/\/www.chinatopack.com\/pt\/produto\/custom-large-logo-magnetic-folding-cheap-paper-jewelry-boxes-luxury-rigid-cardboard-packaging-for-personal-care-new-design\/\"><strong>caixas de j\u00f3ias de papel baratas<\/strong><\/a> hoje e vamos criar uma embalagem que fale pela sua marca!<\/p>\n<h2>Detalhes do produto<\/h2>\n<p><img loading=\"lazy\" decoding=\"async\" class=\"size-full wp-image-12524 aligncenter\" data-src=\"https:\/\/www.chinatopack.com\/wp-content\/uploads\/2025\/06\/Custom-Large-Logo-Magnetic-Folding-Gift-Box-Luxury-Rigid-Cardboard-Packaging-For-Personal-Care-New-Design-8.webp\" alt=\"Caixa de oferta dobr\u00e1vel magn\u00e9tica com log\u00f3tipo grande personalizado Embalagem de cart\u00e3o r\u00edgido de luxo para cuidados pessoais Novo design\" width=\"800\" height=\"800\" srcset=\"https:\/\/www.chinatopack.com\/wp-content\/uploads\/2025\/06\/Custom-Large-Logo-Magnetic-Folding-Gift-Box-Luxury-Rigid-Cardboard-Packaging-For-Personal-Care-New-Design-8.webp 800w, https:\/\/www.chinatopack.com\/wp-content\/uploads\/2025\/06\/Custom-Large-Logo-Magnetic-Folding-Gift-Box-Luxury-Rigid-Cardboard-Packaging-For-Personal-Care-New-Design-8-480x480.webp 480w\" sizes=\"(min-width: 0px) and (max-width: 480px) 480px, (min-width: 481px) 800px, 100vw\" \/><\/p>\n<p style=\"text-align: center;\"><a href=\"https:\/\/www.chinatopack.com\/pt\/produto-etiqueta\/paper-boxes-with-lids\/\"><strong>Caixas de papel com tampa<\/strong><\/a><\/p>\n<p><img loading=\"lazy\" decoding=\"async\" class=\"size-full wp-image-12525 aligncenter\" data-src=\"https:\/\/www.chinatopack.com\/wp-content\/uploads\/2025\/06\/Custom-Large-Logo-Magnetic-Folding-Gift-Box-Luxury-Rigid-Cardboard-Packaging-For-Personal-Care-New-Design-9.webp\" alt=\"Caixa de oferta dobr\u00e1vel magn\u00e9tica com log\u00f3tipo grande personalizado Embalagem de cart\u00e3o r\u00edgido de luxo para cuidados pessoais Novo design\" width=\"800\" height=\"800\" srcset=\"https:\/\/www.chinatopack.com\/wp-content\/uploads\/2025\/06\/Custom-Large-Logo-Magnetic-Folding-Gift-Box-Luxury-Rigid-Cardboard-Packaging-For-Personal-Care-New-Design-9.webp 800w, https:\/\/www.chinatopack.com\/wp-content\/uploads\/2025\/06\/Custom-Large-Logo-Magnetic-Folding-Gift-Box-Luxury-Rigid-Cardboard-Packaging-For-Personal-Care-New-Design-9-480x480.webp 480w\" sizes=\"(min-width: 0px) and (max-width: 480px) 480px, (min-width: 481px) 800px, 100vw\" \/><\/p>\n<p style=\"text-align: center;\">Com <a href=\"https:\/\/www.chinatopack.com\/pt\/produto-etiqueta\/storage-boxes-paper\/\"><strong>caixas de arruma\u00e7\u00e3o de papel<\/strong><\/a><\/p>\n<p><img loading=\"lazy\" decoding=\"async\" class=\"size-full wp-image-12526 aligncenter\" data-src=\"https:\/\/www.chinatopack.com\/wp-content\/uploads\/2025\/06\/Custom-Large-Logo-Magnetic-Folding-Gift-Box-Luxury-Rigid-Cardboard-Packaging-For-Personal-Care-New-Design-10.webp\" alt=\"Caixa de oferta dobr\u00e1vel magn\u00e9tica com log\u00f3tipo grande personalizado Embalagem de cart\u00e3o r\u00edgido de luxo para cuidados pessoais Novo design\" width=\"800\" height=\"800\" srcset=\"https:\/\/www.chinatopack.com\/wp-content\/uploads\/2025\/06\/Custom-Large-Logo-Magnetic-Folding-Gift-Box-Luxury-Rigid-Cardboard-Packaging-For-Personal-Care-New-Design-10.webp 800w, https:\/\/www.chinatopack.com\/wp-content\/uploads\/2025\/06\/Custom-Large-Logo-Magnetic-Folding-Gift-Box-Luxury-Rigid-Cardboard-Packaging-For-Personal-Care-New-Design-10-480x480.webp 480w\" sizes=\"(min-width: 0px) and (max-width: 480px) 480px, (min-width: 481px) 800px, 100vw\" \/><\/p>\n<p style=\"text-align: center;\">O <a href=\"https:\/\/www.chinatopack.com\/pt\/produto-etiqueta\/brown-paper-gift-boxes\/\"><strong>caixas de oferta de papel castanho<\/strong><\/a><\/p>\n<p><img loading=\"lazy\" decoding=\"async\" class=\"size-full wp-image-12527 aligncenter\" data-src=\"https:\/\/www.chinatopack.com\/wp-content\/uploads\/2025\/06\/Custom-Large-Logo-Magnetic-Folding-Gift-Box-Luxury-Rigid-Cardboard-Packaging-For-Personal-Care-New-Design13.webp\" alt=\"Caixa de oferta dobr\u00e1vel magn\u00e9tica com log\u00f3tipo grande personalizado Embalagem de cart\u00e3o r\u00edgido de luxo para cuidados pessoais Novo design\" width=\"800\" height=\"800\" srcset=\"https:\/\/www.chinatopack.com\/wp-content\/uploads\/2025\/06\/Custom-Large-Logo-Magnetic-Folding-Gift-Box-Luxury-Rigid-Cardboard-Packaging-For-Personal-Care-New-Design13.webp 800w, https:\/\/www.chinatopack.com\/wp-content\/uploads\/2025\/06\/Custom-Large-Logo-Magnetic-Folding-Gift-Box-Luxury-Rigid-Cardboard-Packaging-For-Personal-Care-New-Design13-480x480.webp 480w\" sizes=\"(min-width: 0px) and (max-width: 480px) 480px, (min-width: 481px) 800px, 100vw\" \/><\/p>","protected":false},"excerpt":{"rendered":"<p>Conveni\u00eancia com estilo<br \/>\nAs caixas magn\u00e9ticas n\u00e3o s\u00e3o apenas elegantes, mas tamb\u00e9m totalmente funcionais e personaliz\u00e1veis. Com uma tampa basculante e um acabamento de qualidade superior, estas caixas garantem que os seus produtos permanecem seguros e protegidos, ao mesmo tempo que s\u00e3o facilmente acess\u00edveis para os seus clientes.<\/p>","protected":false},"featured_media":12517,"comment_status":"closed","ping_status":"closed","template":"","meta":{"_et_pb_use_builder":"","_et_pb_old_content":"","_et_gb_content_width":""},"product_cat":[280],"product_tag":[284,285,286,282],"yoast_head":"<!-- This site is optimized with the Yoast SEO plugin v22.7 - https:\/\/yoast.com\/wordpress\/plugins\/seo\/ -->\n<title>Custom Packaging Box Supplier | Kraft &amp; Foil<\/title>\n<meta name=\"description\" content=\"Paper Box Supplier: Eco kraft\/recycled boxes w\/ UV\/foil finishes. Precision manufacturing for retail\/cosmetics. Request custom solutions today!\" \/>\n<meta name=\"robots\" content=\"index, follow, max-snippet:-1, max-image-preview:large, max-video-preview:-1\" \/>\n<link rel=\"canonical\" href=\"https:\/\/www.chinatopack.com\/pt\/produto\/custom-large-logo-magnetic-folding-cheap-paper-jewelry-boxes-luxury-rigid-cardboard-packaging-for-personal-care-new-design\/\" \/>\n<meta property=\"og:locale\" content=\"pt_PT\" \/>\n<meta property=\"og:type\" content=\"article\" \/>\n<meta property=\"og:title\" content=\"Custom Packaging Box Supplier | Kraft &amp; Foil\" \/>\n<meta property=\"og:description\" content=\"Paper Box Supplier: Eco kraft\/recycled boxes w\/ UV\/foil finishes. Precision manufacturing for retail\/cosmetics. Request custom solutions today!\" \/>\n<meta property=\"og:url\" content=\"https:\/\/www.chinatopack.com\/pt\/produto\/custom-large-logo-magnetic-folding-cheap-paper-jewelry-boxes-luxury-rigid-cardboard-packaging-for-personal-care-new-design\/\" \/>\n<meta property=\"og:site_name\" content=\"TOPACK Paper Boxes\" \/>\n<meta property=\"article:publisher\" content=\"https:\/\/www.facebook.com\/ChinaTopack\/\" \/>\n<meta property=\"article:modified_time\" content=\"2025-08-12T10:33:39+00:00\" \/>\n<meta property=\"og:image\" content=\"https:\/\/www.chinatopack.com\/wp-content\/uploads\/2025\/06\/Custom-Large-Logo-Magnetic-Folding-Gift-Box-Luxury-Rigid-Cardboard-Packaging-For-Personal-Care-New-Design-1.webp\" \/>\n\t<meta property=\"og:image:width\" content=\"800\" \/>\n\t<meta property=\"og:image:height\" content=\"800\" \/>\n\t<meta property=\"og:image:type\" content=\"image\/webp\" \/>\n<meta name=\"twitter:card\" content=\"summary_large_image\" \/>\n<meta name=\"twitter:label1\" content=\"Tempo estimado de leitura\" \/>\n\t<meta name=\"twitter:data1\" content=\"3 minutos\" \/>\n<script type=\"application\/ld+json\" class=\"yoast-schema-graph\">{\"@context\":\"https:\/\/schema.org\",\"@graph\":[{\"@type\":\"WebPage\",\"@id\":\"https:\/\/www.chinatopack.com\/product\/custom-large-logo-magnetic-folding-cheap-paper-jewelry-boxes-luxury-rigid-cardboard-packaging-for-personal-care-new-design\/\",\"url\":\"https:\/\/www.chinatopack.com\/product\/custom-large-logo-magnetic-folding-cheap-paper-jewelry-boxes-luxury-rigid-cardboard-packaging-for-personal-care-new-design\/\",\"name\":\"Custom Packaging Box Supplier | Kraft & Foil\",\"isPartOf\":{\"@id\":\"https:\/\/www.chinatopack.com\/#website\"},\"primaryImageOfPage\":{\"@id\":\"https:\/\/www.chinatopack.com\/product\/custom-large-logo-magnetic-folding-cheap-paper-jewelry-boxes-luxury-rigid-cardboard-packaging-for-personal-care-new-design\/#primaryimage\"},\"image\":{\"@id\":\"https:\/\/www.chinatopack.com\/product\/custom-large-logo-magnetic-folding-cheap-paper-jewelry-boxes-luxury-rigid-cardboard-packaging-for-personal-care-new-design\/#primaryimage\"},\"thumbnailUrl\":\"https:\/\/www.chinatopack.com\/wp-content\/uploads\/2025\/06\/Custom-Large-Logo-Magnetic-Folding-Gift-Box-Luxury-Rigid-Cardboard-Packaging-For-Personal-Care-New-Design-1.webp\",\"datePublished\":\"2025-06-16T13:01:03+00:00\",\"dateModified\":\"2025-08-12T10:33:39+00:00\",\"description\":\"Paper Box Supplier: Eco kraft\/recycled boxes w\/ UV\/foil finishes. Precision manufacturing for retail\/cosmetics. Request custom solutions today!\",\"breadcrumb\":{\"@id\":\"https:\/\/www.chinatopack.com\/product\/custom-large-logo-magnetic-folding-cheap-paper-jewelry-boxes-luxury-rigid-cardboard-packaging-for-personal-care-new-design\/#breadcrumb\"},\"inLanguage\":\"pt-PT\",\"potentialAction\":[{\"@type\":\"ReadAction\",\"target\":[\"https:\/\/www.chinatopack.com\/product\/custom-large-logo-magnetic-folding-cheap-paper-jewelry-boxes-luxury-rigid-cardboard-packaging-for-personal-care-new-design\/\"]}]},{\"@type\":\"ImageObject\",\"inLanguage\":\"pt-PT\",\"@id\":\"https:\/\/www.chinatopack.com\/product\/custom-large-logo-magnetic-folding-cheap-paper-jewelry-boxes-luxury-rigid-cardboard-packaging-for-personal-care-new-design\/#primaryimage\",\"url\":\"https:\/\/www.chinatopack.com\/wp-content\/uploads\/2025\/06\/Custom-Large-Logo-Magnetic-Folding-Gift-Box-Luxury-Rigid-Cardboard-Packaging-For-Personal-Care-New-Design-1.webp\",\"contentUrl\":\"https:\/\/www.chinatopack.com\/wp-content\/uploads\/2025\/06\/Custom-Large-Logo-Magnetic-Folding-Gift-Box-Luxury-Rigid-Cardboard-Packaging-For-Personal-Care-New-Design-1.webp\",\"width\":800,\"height\":800,\"caption\":\"Custom Large Logo Magnetic Folding Gift Box Luxury Rigid Cardboard Packaging For Personal Care New Design\"},{\"@type\":\"BreadcrumbList\",\"@id\":\"https:\/\/www.chinatopack.com\/product\/custom-large-logo-magnetic-folding-cheap-paper-jewelry-boxes-luxury-rigid-cardboard-packaging-for-personal-care-new-design\/#breadcrumb\",\"itemListElement\":[{\"@type\":\"ListItem\",\"position\":1,\"name\":\"Home\",\"item\":\"https:\/\/www.chinatopack.com\/\"},{\"@type\":\"ListItem\",\"position\":2,\"name\":\"Products\",\"item\":\"https:\/\/www.chinatopack.com\/shop\/\"},{\"@type\":\"ListItem\",\"position\":3,\"name\":\"Custom Large Logo Magnetic Folding Cheap Paper Jewelry Boxes Luxury Rigid Cardboard Packaging For Personal Care New Design\"}]},{\"@type\":\"WebSite\",\"@id\":\"https:\/\/www.chinatopack.com\/#website\",\"url\":\"https:\/\/www.chinatopack.com\/\",\"name\":\"TOPACK Paper Boxes\",\"description\":\"\",\"publisher\":{\"@id\":\"https:\/\/www.chinatopack.com\/#organization\"},\"potentialAction\":[{\"@type\":\"SearchAction\",\"target\":{\"@type\":\"EntryPoint\",\"urlTemplate\":\"https:\/\/www.chinatopack.com\/?s={search_term_string}\"},\"query-input\":\"required name=search_term_string\"}],\"inLanguage\":\"pt-PT\"},{\"@type\":\"Organization\",\"@id\":\"https:\/\/www.chinatopack.com\/#organization\",\"name\":\"TOPACK Paper Boxes\",\"url\":\"https:\/\/www.chinatopack.com\/\",\"logo\":{\"@type\":\"ImageObject\",\"inLanguage\":\"pt-PT\",\"@id\":\"https:\/\/www.chinatopack.com\/#\/schema\/logo\/image\/\",\"url\":\"https:\/\/www.chinatopack.com\/wp-content\/uploads\/2025\/11\/logo2.webp\",\"contentUrl\":\"https:\/\/www.chinatopack.com\/wp-content\/uploads\/2025\/11\/logo2.webp\",\"width\":512,\"height\":512,\"caption\":\"TOPACK Paper Boxes\"},\"image\":{\"@id\":\"https:\/\/www.chinatopack.com\/#\/schema\/logo\/image\/\"},\"sameAs\":[\"https:\/\/www.facebook.com\/ChinaTopack\/\",\"https:\/\/www.youtube.com\/@chinatopack\"]}]}<\/script>\n<!-- \/ Yoast SEO plugin. -->","yoast_head_json":{"title":"Custom Packaging Box Supplier | Kraft & Foil","description":"Paper Box Supplier: Eco kraft\/recycled boxes w\/ UV\/foil finishes. Precision manufacturing for retail\/cosmetics. Request custom solutions today!","robots":{"index":"index","follow":"follow","max-snippet":"max-snippet:-1","max-image-preview":"max-image-preview:large","max-video-preview":"max-video-preview:-1"},"canonical":"https:\/\/www.chinatopack.com\/pt\/produto\/custom-large-logo-magnetic-folding-cheap-paper-jewelry-boxes-luxury-rigid-cardboard-packaging-for-personal-care-new-design\/","og_locale":"pt_PT","og_type":"article","og_title":"Custom Packaging Box Supplier | Kraft & Foil","og_description":"Paper Box Supplier: Eco kraft\/recycled boxes w\/ UV\/foil finishes. Precision manufacturing for retail\/cosmetics. Request custom solutions today!","og_url":"https:\/\/www.chinatopack.com\/pt\/produto\/custom-large-logo-magnetic-folding-cheap-paper-jewelry-boxes-luxury-rigid-cardboard-packaging-for-personal-care-new-design\/","og_site_name":"TOPACK Paper Boxes","article_publisher":"https:\/\/www.facebook.com\/ChinaTopack\/","article_modified_time":"2025-08-12T10:33:39+00:00","og_image":[{"width":800,"height":800,"url":"https:\/\/www.chinatopack.com\/wp-content\/uploads\/2025\/06\/Custom-Large-Logo-Magnetic-Folding-Gift-Box-Luxury-Rigid-Cardboard-Packaging-For-Personal-Care-New-Design-1.webp","type":"image\/webp"}],"twitter_card":"summary_large_image","twitter_misc":{"Tempo estimado de leitura":"3 minutos"},"schema":{"@context":"https:\/\/schema.org","@graph":[{"@type":"WebPage","@id":"https:\/\/www.chinatopack.com\/product\/custom-large-logo-magnetic-folding-cheap-paper-jewelry-boxes-luxury-rigid-cardboard-packaging-for-personal-care-new-design\/","url":"https:\/\/www.chinatopack.com\/product\/custom-large-logo-magnetic-folding-cheap-paper-jewelry-boxes-luxury-rigid-cardboard-packaging-for-personal-care-new-design\/","name":"Custom Packaging Box Supplier | Kraft & Foil","isPartOf":{"@id":"https:\/\/www.chinatopack.com\/#website"},"primaryImageOfPage":{"@id":"https:\/\/www.chinatopack.com\/product\/custom-large-logo-magnetic-folding-cheap-paper-jewelry-boxes-luxury-rigid-cardboard-packaging-for-personal-care-new-design\/#primaryimage"},"image":{"@id":"https:\/\/www.chinatopack.com\/product\/custom-large-logo-magnetic-folding-cheap-paper-jewelry-boxes-luxury-rigid-cardboard-packaging-for-personal-care-new-design\/#primaryimage"},"thumbnailUrl":"https:\/\/www.chinatopack.com\/wp-content\/uploads\/2025\/06\/Custom-Large-Logo-Magnetic-Folding-Gift-Box-Luxury-Rigid-Cardboard-Packaging-For-Personal-Care-New-Design-1.webp","datePublished":"2025-06-16T13:01:03+00:00","dateModified":"2025-08-12T10:33:39+00:00","description":"Paper Box Supplier: Eco kraft\/recycled boxes w\/ UV\/foil finishes. Precision manufacturing for retail\/cosmetics. Request custom solutions today!","breadcrumb":{"@id":"https:\/\/www.chinatopack.com\/product\/custom-large-logo-magnetic-folding-cheap-paper-jewelry-boxes-luxury-rigid-cardboard-packaging-for-personal-care-new-design\/#breadcrumb"},"inLanguage":"pt-PT","potentialAction":[{"@type":"ReadAction","target":["https:\/\/www.chinatopack.com\/product\/custom-large-logo-magnetic-folding-cheap-paper-jewelry-boxes-luxury-rigid-cardboard-packaging-for-personal-care-new-design\/"]}]},{"@type":"ImageObject","inLanguage":"pt-PT","@id":"https:\/\/www.chinatopack.com\/product\/custom-large-logo-magnetic-folding-cheap-paper-jewelry-boxes-luxury-rigid-cardboard-packaging-for-personal-care-new-design\/#primaryimage","url":"https:\/\/www.chinatopack.com\/wp-content\/uploads\/2025\/06\/Custom-Large-Logo-Magnetic-Folding-Gift-Box-Luxury-Rigid-Cardboard-Packaging-For-Personal-Care-New-Design-1.webp","contentUrl":"https:\/\/www.chinatopack.com\/wp-content\/uploads\/2025\/06\/Custom-Large-Logo-Magnetic-Folding-Gift-Box-Luxury-Rigid-Cardboard-Packaging-For-Personal-Care-New-Design-1.webp","width":800,"height":800,"caption":"Custom Large Logo Magnetic Folding Gift Box Luxury Rigid Cardboard Packaging For Personal Care New Design"},{"@type":"BreadcrumbList","@id":"https:\/\/www.chinatopack.com\/product\/custom-large-logo-magnetic-folding-cheap-paper-jewelry-boxes-luxury-rigid-cardboard-packaging-for-personal-care-new-design\/#breadcrumb","itemListElement":[{"@type":"ListItem","position":1,"name":"Home","item":"https:\/\/www.chinatopack.com\/"},{"@type":"ListItem","position":2,"name":"Products","item":"https:\/\/www.chinatopack.com\/shop\/"},{"@type":"ListItem","position":3,"name":"Custom Large Logo Magnetic Folding Cheap Paper Jewelry Boxes Luxury Rigid Cardboard Packaging For Personal Care New Design"}]},{"@type":"WebSite","@id":"https:\/\/www.chinatopack.com\/#website","url":"https:\/\/www.chinatopack.com\/","name":"TOPACK Paper Boxes","description":"","publisher":{"@id":"https:\/\/www.chinatopack.com\/#organization"},"potentialAction":[{"@type":"SearchAction","target":{"@type":"EntryPoint","urlTemplate":"https:\/\/www.chinatopack.com\/?s={search_term_string}"},"query-input":"required name=search_term_string"}],"inLanguage":"pt-PT"},{"@type":"Organization","@id":"https:\/\/www.chinatopack.com\/#organization","name":"TOPACK Paper Boxes","url":"https:\/\/www.chinatopack.com\/","logo":{"@type":"ImageObject","inLanguage":"pt-PT","@id":"https:\/\/www.chinatopack.com\/#\/schema\/logo\/image\/","url":"https:\/\/www.chinatopack.com\/wp-content\/uploads\/2025\/11\/logo2.webp","contentUrl":"https:\/\/www.chinatopack.com\/wp-content\/uploads\/2025\/11\/logo2.webp","width":512,"height":512,"caption":"TOPACK Paper Boxes"},"image":{"@id":"https:\/\/www.chinatopack.com\/#\/schema\/logo\/image\/"},"sameAs":["https:\/\/www.facebook.com\/ChinaTopack\/","https:\/\/www.youtube.com\/@chinatopack"]}]}},"_links":{"self":[{"href":"https:\/\/www.chinatopack.com\/pt\/wp-json\/wp\/v2\/product\/12516"}],"collection":[{"href":"https:\/\/www.chinatopack.com\/pt\/wp-json\/wp\/v2\/product"}],"about":[{"href":"https:\/\/www.chinatopack.com\/pt\/wp-json\/wp\/v2\/types\/product"}],"replies":[{"embeddable":true,"href":"https:\/\/www.chinatopack.com\/pt\/wp-json\/wp\/v2\/comments?post=12516"}],"wp:featuredmedia":[{"embeddable":true,"href":"https:\/\/www.chinatopack.com\/pt\/wp-json\/wp\/v2\/media\/12517"}],"wp:attachment":[{"href":"https:\/\/www.chinatopack.com\/pt\/wp-json\/wp\/v2\/media?parent=12516"}],"wp:term":[{"taxonomy":"product_cat","embeddable":true,"href":"https:\/\/www.chinatopack.com\/pt\/wp-json\/wp\/v2\/product_cat?post=12516"},{"taxonomy":"product_tag","embeddable":true,"href":"https:\/\/www.chinatopack.com\/pt\/wp-json\/wp\/v2\/product_tag?post=12516"}],"curies":[{"name":"wp","href":"https:\/\/api.w.org\/{rel}","templated":true}]}}