{"id":12528,"date":"2025-06-16T13:14:51","date_gmt":"2025-06-16T13:14:51","guid":{"rendered":"https:\/\/www.chinatopack.com\/?post_type=product&#038;p=12528"},"modified":"2025-08-12T10:36:25","modified_gmt":"2025-08-12T10:36:25","slug":"custom-large-logo-decorating-boxes-with-paper-luxury-rigid-cardboard-packaging-for-personal-care-new-design","status":"publish","type":"product","link":"https:\/\/www.chinatopack.com\/pt\/produto\/custom-large-logo-decorating-boxes-with-paper-luxury-rigid-cardboard-packaging-for-personal-care-new-design\/","title":{"rendered":"Caixas de decora\u00e7\u00e3o com log\u00f3tipo grande personalizado com papel Embalagem de cart\u00e3o r\u00edgido de luxo para cuidados pessoais Novo design"},"content":{"rendered":"<h2>Caixas de papel personalizadas Premium: Eleg\u00e2ncia e funcionalidade redefinidas<\/h2>\n<p>Eleve a sua marca com produtos de luxo personalizados <a href=\"https:\/\/www.chinatopack.com\/pt\/\"><strong>caixas de papel<\/strong><\/a>As nossas solu\u00e7\u00f5es de embalagem s\u00e3o cuidadosamente concebidas para apresentar os seus produtos com sofistica\u00e7\u00e3o. Ideais para cosm\u00e9ticos, j\u00f3ias, eletr\u00f3nica, alimentos gourmet e presentes de alta qualidade, as nossas solu\u00e7\u00f5es de embalagem combinam uma prote\u00e7\u00e3o superior com uma est\u00e9tica refinada.<\/p>\n<h3>Desenhos e aplica\u00e7\u00f5es \u00e0 medida<\/h3>\n<p>Escolha entre caixas r\u00edgidas, <a href=\"https:\/\/www.chinatopack.com\/pt\/produto-etiqueta\/paper-boxes-with-lids\/\"><strong>caixas de papel com tampa<\/strong><\/a>, caixas com fecho magn\u00e9tico, <a href=\"https:\/\/www.chinatopack.com\/pt\/produto-etiqueta\/brown-paper-gift-boxes\/\"><strong>caixas de oferta de papel castanho<\/strong><\/a>, caixas tipo gaveta, <a href=\"https:\/\/www.chinatopack.com\/pt\/produto-etiqueta\/storage-boxes-paper\/\"><strong>caixas de arruma\u00e7\u00e3o de papel<\/strong><\/a>ou caixas dobr\u00e1veis, cada uma delas personaliz\u00e1vel em termos de tamanho, forma e estrutura. Para artigos delicados, como perfumes ou objectos de vidro, recomendamos inser\u00e7\u00f5es de espuma ou forro de veludo para evitar movimentos. Para chocolates ou cosm\u00e9ticos de qualidade superior, os tabuleiros de pl\u00e1stico PET ou as inser\u00e7\u00f5es de pasta moldada garantem uma coloca\u00e7\u00e3o segura, mantendo a eleg\u00e2ncia.<\/p>\n<h3>Materiais de alta qualidade e sustentabilidade<\/h3>\n<p>O <a href=\"https:\/\/www.chinatopack.com\/pt\/produto\/custom-large-logo-decorating-boxes-with-paper-luxury-rigid-cardboard-packaging-for-personal-care-new-design\/\"><strong>decorar caixas com papel<\/strong><\/a> selecione entre papel de arte mate\/brilhante, kraft texturado ou cart\u00e3o reciclado amigo do ambiente, com op\u00e7\u00f5es de lamina\u00e7\u00e3o suave ao toque, UV direta ou log\u00f3tipos gravados em relevo para uma sensa\u00e7\u00e3o de luxo t\u00e1til.<\/p>\n<h3>Acabamentos e artesanato requintados<\/h3>\n<p>Melhorar a <a href=\"https:\/\/www.chinatopack.com\/pt\/about-us\/\"><strong>caixas de papel personalizadas<\/strong><\/a> com estampagem em folha, grava\u00e7\u00e3o em relevo, corte personalizado ou revestimento interior para uma experi\u00eancia de desembalagem de alta qualidade.<\/p>\n<h3>Processo de produ\u00e7\u00e3o de precis\u00e3o<\/h3>\n<p>1. consulta de design - design estrutural e gr\u00e1fico \u00e0 medida.<br \/>\n2. sele\u00e7\u00e3o de materiais e de inser\u00e7\u00f5es - Prote\u00e7\u00e3o \u00f3ptima com revestimentos de primeira qualidade.<br \/>\n3. impress\u00e3o de alta qualidade - cores vibrantes e acabamentos especiais.<br \/>\n4. montagem manual e controlo de qualidade - aten\u00e7\u00e3o meticulosa aos pormenores.<\/p>\n<p>Cause uma impress\u00e3o duradoura com embalagens que protegem, promovem e aperfei\u00e7oam a sua marca. Contacte-nos para conhecer os nossos <a href=\"https:\/\/www.chinatopack.com\/pt\/category\/custom-paper-box\/\"><strong>caixas de papel baratas<\/strong><\/a> e solu\u00e7\u00f5es \u00e0 medida hoje mesmo!<\/p>\n<h2>Detalhes do produto<\/h2>\n<p><img loading=\"lazy\" decoding=\"async\" class=\"size-full wp-image-12535 aligncenter\" data-src=\"https:\/\/www.chinatopack.com\/wp-content\/uploads\/2025\/06\/Custom-Large-Logo-Magnetic-Folding-Gift-Box-Luxury-Rigid-Cardboard-Packaging-For-Personal-Care-New-Design6.webp\" alt=\"Caixa de oferta dobr\u00e1vel magn\u00e9tica com log\u00f3tipo grande personalizado Embalagem de cart\u00e3o r\u00edgido de luxo para cuidados pessoais Novo design\" width=\"800\" height=\"800\" srcset=\"https:\/\/www.chinatopack.com\/wp-content\/uploads\/2025\/06\/Custom-Large-Logo-Magnetic-Folding-Gift-Box-Luxury-Rigid-Cardboard-Packaging-For-Personal-Care-New-Design6.webp 800w, https:\/\/www.chinatopack.com\/wp-content\/uploads\/2025\/06\/Custom-Large-Logo-Magnetic-Folding-Gift-Box-Luxury-Rigid-Cardboard-Packaging-For-Personal-Care-New-Design6-480x480.webp 480w\" sizes=\"(min-width: 0px) and (max-width: 480px) 480px, (min-width: 481px) 800px, 100vw\" \/> <img loading=\"lazy\" decoding=\"async\" class=\"size-full wp-image-12530 aligncenter\" data-src=\"https:\/\/www.chinatopack.com\/wp-content\/uploads\/2025\/06\/Custom-Large-Logo-Magnetic-Folding-Gift-Box-Luxury-Rigid-Cardboard-Packaging-For-Personal-Care-New-Design7.webp\" alt=\"Caixa de oferta dobr\u00e1vel magn\u00e9tica com log\u00f3tipo grande personalizado Embalagem de cart\u00e3o r\u00edgido de luxo para cuidados pessoais Novo design\" width=\"800\" height=\"800\" srcset=\"https:\/\/www.chinatopack.com\/wp-content\/uploads\/2025\/06\/Custom-Large-Logo-Magnetic-Folding-Gift-Box-Luxury-Rigid-Cardboard-Packaging-For-Personal-Care-New-Design7.webp 800w, https:\/\/www.chinatopack.com\/wp-content\/uploads\/2025\/06\/Custom-Large-Logo-Magnetic-Folding-Gift-Box-Luxury-Rigid-Cardboard-Packaging-For-Personal-Care-New-Design7-480x480.webp 480w\" sizes=\"(min-width: 0px) and (max-width: 480px) 480px, (min-width: 481px) 800px, 100vw\" \/><\/p>","protected":false},"excerpt":{"rendered":"<p>Elegante e sofisticado<br \/>\nSe est\u00e1 \u00e0 procura de uma forma elegante e sofisticada de apresentar os seus produtos? Ent\u00e3o, as caixas de ombro personalizadas s\u00e3o a solu\u00e7\u00e3o perfeita. Estas caixas de duas pe\u00e7as possuem um fecho de pesco\u00e7o que confere um aspeto elegante aos seus produtos<\/p>","protected":false},"featured_media":12529,"comment_status":"closed","ping_status":"closed","template":"","meta":{"_et_pb_use_builder":"","_et_pb_old_content":"","_et_gb_content_width":""},"product_cat":[280],"product_tag":[284,285,282],"yoast_head":"<!-- This site is optimized with the Yoast SEO plugin v22.7 - https:\/\/yoast.com\/wordpress\/plugins\/seo\/ -->\n<title>Premium Custom Box Supplier | Luxury in China<\/title>\n<meta name=\"description\" content=\"Supplier of Luxury Custom Boxes: Eco materials, foil\/embossing &amp; precision manufacturing. For cosmetics\/jewelry brands. Tailored sizes\/inserts. Request quote!\" \/>\n<meta name=\"robots\" content=\"index, follow, max-snippet:-1, max-image-preview:large, max-video-preview:-1\" \/>\n<link rel=\"canonical\" href=\"https:\/\/www.chinatopack.com\/pt\/produto\/custom-large-logo-decorating-boxes-with-paper-luxury-rigid-cardboard-packaging-for-personal-care-new-design\/\" \/>\n<meta property=\"og:locale\" content=\"pt_PT\" \/>\n<meta property=\"og:type\" content=\"article\" \/>\n<meta property=\"og:title\" content=\"Premium Custom Box Supplier | Luxury in China\" \/>\n<meta property=\"og:description\" content=\"Supplier of Luxury Custom Boxes: Eco materials, foil\/embossing &amp; precision manufacturing. For cosmetics\/jewelry brands. Tailored sizes\/inserts. Request quote!\" \/>\n<meta property=\"og:url\" content=\"https:\/\/www.chinatopack.com\/pt\/produto\/custom-large-logo-decorating-boxes-with-paper-luxury-rigid-cardboard-packaging-for-personal-care-new-design\/\" \/>\n<meta property=\"og:site_name\" content=\"TOPACK Paper Boxes\" \/>\n<meta property=\"article:publisher\" content=\"https:\/\/www.facebook.com\/ChinaTopack\/\" \/>\n<meta property=\"article:modified_time\" content=\"2025-08-12T10:36:25+00:00\" \/>\n<meta property=\"og:image\" content=\"https:\/\/www.chinatopack.com\/wp-content\/uploads\/2025\/06\/Custom-Large-Logo-Magnetic-Folding-Gift-Box-Luxury-Rigid-Cardboard-Packaging-For-Personal-Care-New-Design1.webp\" \/>\n\t<meta property=\"og:image:width\" content=\"800\" \/>\n\t<meta property=\"og:image:height\" content=\"800\" \/>\n\t<meta property=\"og:image:type\" content=\"image\/webp\" \/>\n<meta name=\"twitter:card\" content=\"summary_large_image\" \/>\n<meta name=\"twitter:label1\" content=\"Tempo estimado de leitura\" \/>\n\t<meta name=\"twitter:data1\" content=\"2 minutos\" \/>\n<script type=\"application\/ld+json\" class=\"yoast-schema-graph\">{\"@context\":\"https:\/\/schema.org\",\"@graph\":[{\"@type\":\"WebPage\",\"@id\":\"https:\/\/www.chinatopack.com\/product\/custom-large-logo-decorating-boxes-with-paper-luxury-rigid-cardboard-packaging-for-personal-care-new-design\/\",\"url\":\"https:\/\/www.chinatopack.com\/product\/custom-large-logo-decorating-boxes-with-paper-luxury-rigid-cardboard-packaging-for-personal-care-new-design\/\",\"name\":\"Premium Custom Box Supplier | Luxury in China\",\"isPartOf\":{\"@id\":\"https:\/\/www.chinatopack.com\/#website\"},\"primaryImageOfPage\":{\"@id\":\"https:\/\/www.chinatopack.com\/product\/custom-large-logo-decorating-boxes-with-paper-luxury-rigid-cardboard-packaging-for-personal-care-new-design\/#primaryimage\"},\"image\":{\"@id\":\"https:\/\/www.chinatopack.com\/product\/custom-large-logo-decorating-boxes-with-paper-luxury-rigid-cardboard-packaging-for-personal-care-new-design\/#primaryimage\"},\"thumbnailUrl\":\"https:\/\/www.chinatopack.com\/wp-content\/uploads\/2025\/06\/Custom-Large-Logo-Magnetic-Folding-Gift-Box-Luxury-Rigid-Cardboard-Packaging-For-Personal-Care-New-Design1.webp\",\"datePublished\":\"2025-06-16T13:14:51+00:00\",\"dateModified\":\"2025-08-12T10:36:25+00:00\",\"description\":\"Supplier of Luxury Custom Boxes: Eco materials, foil\/embossing & precision manufacturing. For cosmetics\/jewelry brands. Tailored sizes\/inserts. Request quote!\",\"breadcrumb\":{\"@id\":\"https:\/\/www.chinatopack.com\/product\/custom-large-logo-decorating-boxes-with-paper-luxury-rigid-cardboard-packaging-for-personal-care-new-design\/#breadcrumb\"},\"inLanguage\":\"pt-PT\",\"potentialAction\":[{\"@type\":\"ReadAction\",\"target\":[\"https:\/\/www.chinatopack.com\/product\/custom-large-logo-decorating-boxes-with-paper-luxury-rigid-cardboard-packaging-for-personal-care-new-design\/\"]}]},{\"@type\":\"ImageObject\",\"inLanguage\":\"pt-PT\",\"@id\":\"https:\/\/www.chinatopack.com\/product\/custom-large-logo-decorating-boxes-with-paper-luxury-rigid-cardboard-packaging-for-personal-care-new-design\/#primaryimage\",\"url\":\"https:\/\/www.chinatopack.com\/wp-content\/uploads\/2025\/06\/Custom-Large-Logo-Magnetic-Folding-Gift-Box-Luxury-Rigid-Cardboard-Packaging-For-Personal-Care-New-Design1.webp\",\"contentUrl\":\"https:\/\/www.chinatopack.com\/wp-content\/uploads\/2025\/06\/Custom-Large-Logo-Magnetic-Folding-Gift-Box-Luxury-Rigid-Cardboard-Packaging-For-Personal-Care-New-Design1.webp\",\"width\":800,\"height\":800,\"caption\":\"Custom Large Logo Magnetic Folding Gift Box Luxury Rigid Cardboard Packaging For Personal Care New Design\"},{\"@type\":\"BreadcrumbList\",\"@id\":\"https:\/\/www.chinatopack.com\/product\/custom-large-logo-decorating-boxes-with-paper-luxury-rigid-cardboard-packaging-for-personal-care-new-design\/#breadcrumb\",\"itemListElement\":[{\"@type\":\"ListItem\",\"position\":1,\"name\":\"Home\",\"item\":\"https:\/\/www.chinatopack.com\/\"},{\"@type\":\"ListItem\",\"position\":2,\"name\":\"Products\",\"item\":\"https:\/\/www.chinatopack.com\/shop\/\"},{\"@type\":\"ListItem\",\"position\":3,\"name\":\"Custom Large Logo Decorating Boxes with Paper Luxury Rigid Cardboard Packaging For Personal Care New Design\"}]},{\"@type\":\"WebSite\",\"@id\":\"https:\/\/www.chinatopack.com\/#website\",\"url\":\"https:\/\/www.chinatopack.com\/\",\"name\":\"TOPACK Paper Boxes\",\"description\":\"\",\"publisher\":{\"@id\":\"https:\/\/www.chinatopack.com\/#organization\"},\"potentialAction\":[{\"@type\":\"SearchAction\",\"target\":{\"@type\":\"EntryPoint\",\"urlTemplate\":\"https:\/\/www.chinatopack.com\/?s={search_term_string}\"},\"query-input\":\"required name=search_term_string\"}],\"inLanguage\":\"pt-PT\"},{\"@type\":\"Organization\",\"@id\":\"https:\/\/www.chinatopack.com\/#organization\",\"name\":\"TOPACK Paper Boxes\",\"url\":\"https:\/\/www.chinatopack.com\/\",\"logo\":{\"@type\":\"ImageObject\",\"inLanguage\":\"pt-PT\",\"@id\":\"https:\/\/www.chinatopack.com\/#\/schema\/logo\/image\/\",\"url\":\"https:\/\/www.chinatopack.com\/wp-content\/uploads\/2025\/11\/logo2.webp\",\"contentUrl\":\"https:\/\/www.chinatopack.com\/wp-content\/uploads\/2025\/11\/logo2.webp\",\"width\":512,\"height\":512,\"caption\":\"TOPACK Paper Boxes\"},\"image\":{\"@id\":\"https:\/\/www.chinatopack.com\/#\/schema\/logo\/image\/\"},\"sameAs\":[\"https:\/\/www.facebook.com\/ChinaTopack\/\",\"https:\/\/www.youtube.com\/@chinatopack\"]}]}<\/script>\n<!-- \/ Yoast SEO plugin. -->","yoast_head_json":{"title":"Premium Custom Box Supplier | Luxury in China","description":"Supplier of Luxury Custom Boxes: Eco materials, foil\/embossing & precision manufacturing. For cosmetics\/jewelry brands. Tailored sizes\/inserts. Request quote!","robots":{"index":"index","follow":"follow","max-snippet":"max-snippet:-1","max-image-preview":"max-image-preview:large","max-video-preview":"max-video-preview:-1"},"canonical":"https:\/\/www.chinatopack.com\/pt\/produto\/custom-large-logo-decorating-boxes-with-paper-luxury-rigid-cardboard-packaging-for-personal-care-new-design\/","og_locale":"pt_PT","og_type":"article","og_title":"Premium Custom Box Supplier | Luxury in China","og_description":"Supplier of Luxury Custom Boxes: Eco materials, foil\/embossing & precision manufacturing. For cosmetics\/jewelry brands. Tailored sizes\/inserts. Request quote!","og_url":"https:\/\/www.chinatopack.com\/pt\/produto\/custom-large-logo-decorating-boxes-with-paper-luxury-rigid-cardboard-packaging-for-personal-care-new-design\/","og_site_name":"TOPACK Paper Boxes","article_publisher":"https:\/\/www.facebook.com\/ChinaTopack\/","article_modified_time":"2025-08-12T10:36:25+00:00","og_image":[{"width":800,"height":800,"url":"https:\/\/www.chinatopack.com\/wp-content\/uploads\/2025\/06\/Custom-Large-Logo-Magnetic-Folding-Gift-Box-Luxury-Rigid-Cardboard-Packaging-For-Personal-Care-New-Design1.webp","type":"image\/webp"}],"twitter_card":"summary_large_image","twitter_misc":{"Tempo estimado de leitura":"2 minutos"},"schema":{"@context":"https:\/\/schema.org","@graph":[{"@type":"WebPage","@id":"https:\/\/www.chinatopack.com\/product\/custom-large-logo-decorating-boxes-with-paper-luxury-rigid-cardboard-packaging-for-personal-care-new-design\/","url":"https:\/\/www.chinatopack.com\/product\/custom-large-logo-decorating-boxes-with-paper-luxury-rigid-cardboard-packaging-for-personal-care-new-design\/","name":"Premium Custom Box Supplier | Luxury in China","isPartOf":{"@id":"https:\/\/www.chinatopack.com\/#website"},"primaryImageOfPage":{"@id":"https:\/\/www.chinatopack.com\/product\/custom-large-logo-decorating-boxes-with-paper-luxury-rigid-cardboard-packaging-for-personal-care-new-design\/#primaryimage"},"image":{"@id":"https:\/\/www.chinatopack.com\/product\/custom-large-logo-decorating-boxes-with-paper-luxury-rigid-cardboard-packaging-for-personal-care-new-design\/#primaryimage"},"thumbnailUrl":"https:\/\/www.chinatopack.com\/wp-content\/uploads\/2025\/06\/Custom-Large-Logo-Magnetic-Folding-Gift-Box-Luxury-Rigid-Cardboard-Packaging-For-Personal-Care-New-Design1.webp","datePublished":"2025-06-16T13:14:51+00:00","dateModified":"2025-08-12T10:36:25+00:00","description":"Supplier of Luxury Custom Boxes: Eco materials, foil\/embossing & precision manufacturing. For cosmetics\/jewelry brands. Tailored sizes\/inserts. Request quote!","breadcrumb":{"@id":"https:\/\/www.chinatopack.com\/product\/custom-large-logo-decorating-boxes-with-paper-luxury-rigid-cardboard-packaging-for-personal-care-new-design\/#breadcrumb"},"inLanguage":"pt-PT","potentialAction":[{"@type":"ReadAction","target":["https:\/\/www.chinatopack.com\/product\/custom-large-logo-decorating-boxes-with-paper-luxury-rigid-cardboard-packaging-for-personal-care-new-design\/"]}]},{"@type":"ImageObject","inLanguage":"pt-PT","@id":"https:\/\/www.chinatopack.com\/product\/custom-large-logo-decorating-boxes-with-paper-luxury-rigid-cardboard-packaging-for-personal-care-new-design\/#primaryimage","url":"https:\/\/www.chinatopack.com\/wp-content\/uploads\/2025\/06\/Custom-Large-Logo-Magnetic-Folding-Gift-Box-Luxury-Rigid-Cardboard-Packaging-For-Personal-Care-New-Design1.webp","contentUrl":"https:\/\/www.chinatopack.com\/wp-content\/uploads\/2025\/06\/Custom-Large-Logo-Magnetic-Folding-Gift-Box-Luxury-Rigid-Cardboard-Packaging-For-Personal-Care-New-Design1.webp","width":800,"height":800,"caption":"Custom Large Logo Magnetic Folding Gift Box Luxury Rigid Cardboard Packaging For Personal Care New Design"},{"@type":"BreadcrumbList","@id":"https:\/\/www.chinatopack.com\/product\/custom-large-logo-decorating-boxes-with-paper-luxury-rigid-cardboard-packaging-for-personal-care-new-design\/#breadcrumb","itemListElement":[{"@type":"ListItem","position":1,"name":"Home","item":"https:\/\/www.chinatopack.com\/"},{"@type":"ListItem","position":2,"name":"Products","item":"https:\/\/www.chinatopack.com\/shop\/"},{"@type":"ListItem","position":3,"name":"Custom Large Logo Decorating Boxes with Paper Luxury Rigid Cardboard Packaging For Personal Care New Design"}]},{"@type":"WebSite","@id":"https:\/\/www.chinatopack.com\/#website","url":"https:\/\/www.chinatopack.com\/","name":"TOPACK Paper Boxes","description":"","publisher":{"@id":"https:\/\/www.chinatopack.com\/#organization"},"potentialAction":[{"@type":"SearchAction","target":{"@type":"EntryPoint","urlTemplate":"https:\/\/www.chinatopack.com\/?s={search_term_string}"},"query-input":"required name=search_term_string"}],"inLanguage":"pt-PT"},{"@type":"Organization","@id":"https:\/\/www.chinatopack.com\/#organization","name":"TOPACK Paper Boxes","url":"https:\/\/www.chinatopack.com\/","logo":{"@type":"ImageObject","inLanguage":"pt-PT","@id":"https:\/\/www.chinatopack.com\/#\/schema\/logo\/image\/","url":"https:\/\/www.chinatopack.com\/wp-content\/uploads\/2025\/11\/logo2.webp","contentUrl":"https:\/\/www.chinatopack.com\/wp-content\/uploads\/2025\/11\/logo2.webp","width":512,"height":512,"caption":"TOPACK Paper Boxes"},"image":{"@id":"https:\/\/www.chinatopack.com\/#\/schema\/logo\/image\/"},"sameAs":["https:\/\/www.facebook.com\/ChinaTopack\/","https:\/\/www.youtube.com\/@chinatopack"]}]}},"_links":{"self":[{"href":"https:\/\/www.chinatopack.com\/pt\/wp-json\/wp\/v2\/product\/12528"}],"collection":[{"href":"https:\/\/www.chinatopack.com\/pt\/wp-json\/wp\/v2\/product"}],"about":[{"href":"https:\/\/www.chinatopack.com\/pt\/wp-json\/wp\/v2\/types\/product"}],"replies":[{"embeddable":true,"href":"https:\/\/www.chinatopack.com\/pt\/wp-json\/wp\/v2\/comments?post=12528"}],"wp:featuredmedia":[{"embeddable":true,"href":"https:\/\/www.chinatopack.com\/pt\/wp-json\/wp\/v2\/media\/12529"}],"wp:attachment":[{"href":"https:\/\/www.chinatopack.com\/pt\/wp-json\/wp\/v2\/media?parent=12528"}],"wp:term":[{"taxonomy":"product_cat","embeddable":true,"href":"https:\/\/www.chinatopack.com\/pt\/wp-json\/wp\/v2\/product_cat?post=12528"},{"taxonomy":"product_tag","embeddable":true,"href":"https:\/\/www.chinatopack.com\/pt\/wp-json\/wp\/v2\/product_tag?post=12528"}],"curies":[{"name":"wp","href":"https:\/\/api.w.org\/{rel}","templated":true}]}}