{"id":12555,"date":"2025-06-16T14:05:45","date_gmt":"2025-06-16T14:05:45","guid":{"rendered":"https:\/\/www.chinatopack.com\/?post_type=product&#038;p=12555"},"modified":"2025-08-12T11:26:03","modified_gmt":"2025-08-12T11:26:03","slug":"custom-logo-luxury-recyclable-cardboard-rigid-folding-wedding-gift-boxes-for-packaging","status":"publish","type":"product","link":"https:\/\/www.chinatopack.com\/pt\/produto\/custom-logo-luxury-recyclable-cardboard-rigid-folding-wedding-gift-boxes-for-packaging\/","title":{"rendered":"Logotipo personalizado Caixas de presente de casamento dobr\u00e1veis e r\u00edgidas de cart\u00e3o recicl\u00e1vel de luxo para embalagem"},"content":{"rendered":"<h2>Caixa de papel de oferta<\/h2>\n<p>Gift packaging is not only a container for protecting the goods, but also an intuitive expression of the brand&#8217;s philosophy and a powerful weapon in the market competition. From the perspectives of packaging philosophy, aesthetics, and strategic symbols, it must contain unique and profound creative ideas.<\/p>\n<p>Estes requintados <a href=\"https:\/\/www.chinatopack.com\/pt\/produto\/custom-logo-luxury-recyclable-cardboard-rigid-folding-wedding-gift-boxes-for-packaging\/\"><strong>caixas para prendas de casamento<\/strong><\/a> s\u00e3o especialmente concebidos para luxo e versatilidade e s\u00e3o muito adequados para guardar j\u00f3ias, chocolates requintados, lembran\u00e7as ou artigos personalizados. O seu fecho magn\u00e9tico assegura um processo de abertura suave e desobstru\u00eddo, enquanto o acolchoamento suave no interior pode proteger cuidadosamente os artigos fr\u00e1geis. Est\u00e1 dispon\u00edvel numa variedade de cores suaves e tamb\u00e9m pode ser personalizada com v\u00e1rios tratamentos de superf\u00edcie (como estampagem em folha de alum\u00ednio, etiquetas em relevo ou ilustra\u00e7\u00f5es retro), transformando assim qualquer presente numa obra-prima repleta de hist\u00f3rias.<\/p>\n<p>Como uma das personaliza\u00e7\u00f5es <a href=\"https:\/\/www.chinatopack.com\/pt\/about-us\/\"><strong>fabricantes de caixas de oferta<\/strong><\/a> com mais de 20 anos de experi\u00eancia, podemos fornecer aconselhamento profissional, e outros tipos de caixas de embalagem, tais como caixas dobr\u00e1veis e caixas em forma de livro. etc. A fim de garantir a qualidade, nossa equipe de inspe\u00e7\u00e3o de qualidade n\u00e3o s\u00f3 inspecionar\u00e1 o produto acabado, mas tamb\u00e9m far\u00e1 a inspe\u00e7\u00e3o de entrada e inspe\u00e7\u00e3o de processo. Todos os sacos de embalagem ser\u00e3o embalados numa caixa de cart\u00e3o kraft de cinco camadas antes do transporte para garantir que n\u00e3o ser\u00e3o danificados durante o transporte.<\/p>\n<h2>Detalhes do produto<\/h2>\n<p><img loading=\"lazy\" decoding=\"async\" class=\"size-full wp-image-12560 aligncenter\" data-src=\"https:\/\/www.chinatopack.com\/wp-content\/uploads\/2025\/06\/Custom-Logo-Luxury-Recyclable-Cardboard-Rigid-Folding-Gift-Box-For-Packaging-7.webp\" alt=\"Caixa de presente dobr\u00e1vel r\u00edgida de papel\u00e3o recicl\u00e1vel de luxo com logotipo personalizado para embalagem \" width=\"800\" height=\"800\" srcset=\"https:\/\/www.chinatopack.com\/wp-content\/uploads\/2025\/06\/Custom-Logo-Luxury-Recyclable-Cardboard-Rigid-Folding-Gift-Box-For-Packaging-7.webp 800w, https:\/\/www.chinatopack.com\/wp-content\/uploads\/2025\/06\/Custom-Logo-Luxury-Recyclable-Cardboard-Rigid-Folding-Gift-Box-For-Packaging-7-480x480.webp 480w\" sizes=\"(min-width: 0px) and (max-width: 480px) 480px, (min-width: 481px) 800px, 100vw\" \/><\/p>\n<p style=\"text-align: center;\">O <a href=\"https:\/\/www.chinatopack.com\/pt\/\"><strong>caixas de oferta kraft<\/strong><\/a><\/p>\n<p><img loading=\"lazy\" decoding=\"async\" class=\"size-full wp-image-12561 aligncenter\" data-src=\"https:\/\/www.chinatopack.com\/wp-content\/uploads\/2025\/06\/Custom-Logo-Luxury-Recyclable-Cardboard-Rigid-Folding-Gift-Box-For-Packaging-5.webp\" alt=\"Caixa de presente dobr\u00e1vel r\u00edgida de papel\u00e3o recicl\u00e1vel de luxo com logotipo personalizado para embalagem \" width=\"800\" height=\"800\" srcset=\"https:\/\/www.chinatopack.com\/wp-content\/uploads\/2025\/06\/Custom-Logo-Luxury-Recyclable-Cardboard-Rigid-Folding-Gift-Box-For-Packaging-5.webp 800w, https:\/\/www.chinatopack.com\/wp-content\/uploads\/2025\/06\/Custom-Logo-Luxury-Recyclable-Cardboard-Rigid-Folding-Gift-Box-For-Packaging-5-480x480.webp 480w\" sizes=\"(min-width: 0px) and (max-width: 480px) 480px, (min-width: 481px) 800px, 100vw\" \/><\/p>\n<p style=\"text-align: center;\"><a href=\"https:\/\/www.chinatopack.com\/pt\/produto-etiqueta\/wedding-gift-box\/\"><strong>caixa de presente de casamento<\/strong><\/a><\/p>\n<p><img loading=\"lazy\" decoding=\"async\" class=\"size-full wp-image-12562 aligncenter\" data-src=\"https:\/\/www.chinatopack.com\/wp-content\/uploads\/2025\/06\/Custom-Logo-Luxury-Recyclable-Cardboard-Rigid-Folding-Gift-Box-For-Packaging-6.webp\" alt=\"Caixa de presente dobr\u00e1vel r\u00edgida de papel\u00e3o recicl\u00e1vel de luxo com logotipo personalizado para embalagem \" width=\"800\" height=\"800\" srcset=\"https:\/\/www.chinatopack.com\/wp-content\/uploads\/2025\/06\/Custom-Logo-Luxury-Recyclable-Cardboard-Rigid-Folding-Gift-Box-For-Packaging-6.webp 800w, https:\/\/www.chinatopack.com\/wp-content\/uploads\/2025\/06\/Custom-Logo-Luxury-Recyclable-Cardboard-Rigid-Folding-Gift-Box-For-Packaging-6-480x480.webp 480w\" sizes=\"(min-width: 0px) and (max-width: 480px) 480px, (min-width: 481px) 800px, 100vw\" \/><\/p>\n<p style=\"text-align: center;\"><a href=\"https:\/\/www.chinatopack.com\/pt\/produto-etiqueta\/christmas-boxes-for-gifts\/\"><strong>caixas de natal para presentes<\/strong><\/a><\/p>","protected":false},"excerpt":{"rendered":"<p>Um presente que continua a dar<br \/>\nAs caixas flip top personalizadas s\u00e3o feitas de cart\u00e3o de alta qualidade e embrulhadas em papel especial, o que as torna uma op\u00e7\u00e3o de embalagem de presente dur\u00e1vel e elegante. Com um design elegante e personalizado, os seus clientes v\u00e3o querer reutilizar estas caixas de certeza!<\/p>","protected":false},"featured_media":12556,"comment_status":"closed","ping_status":"closed","template":"","meta":{"_et_pb_use_builder":"","_et_pb_old_content":"","_et_gb_content_width":""},"product_cat":[281],"product_tag":[288,292],"yoast_head":"<!-- This site is optimized with the Yoast SEO plugin v22.7 - https:\/\/yoast.com\/wordpress\/plugins\/seo\/ -->\n<title>Luxury Wedding Gift Boxes Manufacturer | Custom in China<\/title>\n<meta name=\"description\" content=\"20+ Yrs Wedding Gift Boxes Manufacturer: Magnetic closure wedding boxes w\/ protective padding &amp; foil stamping. Eco-luxury packaging for jewelry\/chocolates.\" \/>\n<meta name=\"robots\" content=\"index, follow, max-snippet:-1, max-image-preview:large, max-video-preview:-1\" \/>\n<link rel=\"canonical\" href=\"https:\/\/www.chinatopack.com\/pt\/produto\/custom-logo-luxury-recyclable-cardboard-rigid-folding-wedding-gift-boxes-for-packaging\/\" \/>\n<meta property=\"og:locale\" content=\"pt_PT\" \/>\n<meta property=\"og:type\" content=\"article\" \/>\n<meta property=\"og:title\" content=\"Luxury Wedding Gift Boxes Manufacturer | Custom in China\" \/>\n<meta property=\"og:description\" content=\"20+ Yrs Wedding Gift Boxes Manufacturer: Magnetic closure wedding boxes w\/ protective padding &amp; foil stamping. Eco-luxury packaging for jewelry\/chocolates.\" \/>\n<meta property=\"og:url\" content=\"https:\/\/www.chinatopack.com\/pt\/produto\/custom-logo-luxury-recyclable-cardboard-rigid-folding-wedding-gift-boxes-for-packaging\/\" \/>\n<meta property=\"og:site_name\" content=\"TOPACK Paper Boxes\" \/>\n<meta property=\"article:publisher\" content=\"https:\/\/www.facebook.com\/ChinaTopack\/\" \/>\n<meta property=\"article:modified_time\" content=\"2025-08-12T11:26:03+00:00\" \/>\n<meta property=\"og:image\" content=\"https:\/\/www.chinatopack.com\/wp-content\/uploads\/2025\/06\/Custom-Logo-Luxury-Recyclable-Cardboard-Rigid-Folding-Gift-Box-For-Packaging-1.webp\" \/>\n\t<meta property=\"og:image:width\" content=\"800\" \/>\n\t<meta property=\"og:image:height\" content=\"800\" \/>\n\t<meta property=\"og:image:type\" content=\"image\/webp\" \/>\n<meta name=\"twitter:card\" content=\"summary_large_image\" \/>\n<meta name=\"twitter:label1\" content=\"Tempo estimado de leitura\" \/>\n\t<meta name=\"twitter:data1\" content=\"2 minutos\" \/>\n<script type=\"application\/ld+json\" class=\"yoast-schema-graph\">{\"@context\":\"https:\/\/schema.org\",\"@graph\":[{\"@type\":\"WebPage\",\"@id\":\"https:\/\/www.chinatopack.com\/product\/custom-logo-luxury-recyclable-cardboard-rigid-folding-wedding-gift-boxes-for-packaging\/\",\"url\":\"https:\/\/www.chinatopack.com\/product\/custom-logo-luxury-recyclable-cardboard-rigid-folding-wedding-gift-boxes-for-packaging\/\",\"name\":\"Luxury Wedding Gift Boxes Manufacturer | Custom in China\",\"isPartOf\":{\"@id\":\"https:\/\/www.chinatopack.com\/#website\"},\"primaryImageOfPage\":{\"@id\":\"https:\/\/www.chinatopack.com\/product\/custom-logo-luxury-recyclable-cardboard-rigid-folding-wedding-gift-boxes-for-packaging\/#primaryimage\"},\"image\":{\"@id\":\"https:\/\/www.chinatopack.com\/product\/custom-logo-luxury-recyclable-cardboard-rigid-folding-wedding-gift-boxes-for-packaging\/#primaryimage\"},\"thumbnailUrl\":\"https:\/\/www.chinatopack.com\/wp-content\/uploads\/2025\/06\/Custom-Logo-Luxury-Recyclable-Cardboard-Rigid-Folding-Gift-Box-For-Packaging-1.webp\",\"datePublished\":\"2025-06-16T14:05:45+00:00\",\"dateModified\":\"2025-08-12T11:26:03+00:00\",\"description\":\"20+ Yrs Wedding Gift Boxes Manufacturer: Magnetic closure wedding boxes w\/ protective padding & foil stamping. Eco-luxury packaging for jewelry\/chocolates.\",\"breadcrumb\":{\"@id\":\"https:\/\/www.chinatopack.com\/product\/custom-logo-luxury-recyclable-cardboard-rigid-folding-wedding-gift-boxes-for-packaging\/#breadcrumb\"},\"inLanguage\":\"pt-PT\",\"potentialAction\":[{\"@type\":\"ReadAction\",\"target\":[\"https:\/\/www.chinatopack.com\/product\/custom-logo-luxury-recyclable-cardboard-rigid-folding-wedding-gift-boxes-for-packaging\/\"]}]},{\"@type\":\"ImageObject\",\"inLanguage\":\"pt-PT\",\"@id\":\"https:\/\/www.chinatopack.com\/product\/custom-logo-luxury-recyclable-cardboard-rigid-folding-wedding-gift-boxes-for-packaging\/#primaryimage\",\"url\":\"https:\/\/www.chinatopack.com\/wp-content\/uploads\/2025\/06\/Custom-Logo-Luxury-Recyclable-Cardboard-Rigid-Folding-Gift-Box-For-Packaging-1.webp\",\"contentUrl\":\"https:\/\/www.chinatopack.com\/wp-content\/uploads\/2025\/06\/Custom-Logo-Luxury-Recyclable-Cardboard-Rigid-Folding-Gift-Box-For-Packaging-1.webp\",\"width\":800,\"height\":800,\"caption\":\"Custom Logo Luxury Recyclable Cardboard Rigid Folding Gift Box For Packaging\"},{\"@type\":\"BreadcrumbList\",\"@id\":\"https:\/\/www.chinatopack.com\/product\/custom-logo-luxury-recyclable-cardboard-rigid-folding-wedding-gift-boxes-for-packaging\/#breadcrumb\",\"itemListElement\":[{\"@type\":\"ListItem\",\"position\":1,\"name\":\"Home\",\"item\":\"https:\/\/www.chinatopack.com\/\"},{\"@type\":\"ListItem\",\"position\":2,\"name\":\"Products\",\"item\":\"https:\/\/www.chinatopack.com\/shop\/\"},{\"@type\":\"ListItem\",\"position\":3,\"name\":\"Custom Logo Luxury Recyclable Cardboard Rigid Folding Wedding Gift Boxes For Packaging\"}]},{\"@type\":\"WebSite\",\"@id\":\"https:\/\/www.chinatopack.com\/#website\",\"url\":\"https:\/\/www.chinatopack.com\/\",\"name\":\"TOPACK Paper Boxes\",\"description\":\"\",\"publisher\":{\"@id\":\"https:\/\/www.chinatopack.com\/#organization\"},\"potentialAction\":[{\"@type\":\"SearchAction\",\"target\":{\"@type\":\"EntryPoint\",\"urlTemplate\":\"https:\/\/www.chinatopack.com\/?s={search_term_string}\"},\"query-input\":\"required name=search_term_string\"}],\"inLanguage\":\"pt-PT\"},{\"@type\":\"Organization\",\"@id\":\"https:\/\/www.chinatopack.com\/#organization\",\"name\":\"TOPACK Paper Boxes\",\"url\":\"https:\/\/www.chinatopack.com\/\",\"logo\":{\"@type\":\"ImageObject\",\"inLanguage\":\"pt-PT\",\"@id\":\"https:\/\/www.chinatopack.com\/#\/schema\/logo\/image\/\",\"url\":\"https:\/\/www.chinatopack.com\/wp-content\/uploads\/2025\/11\/logo2.webp\",\"contentUrl\":\"https:\/\/www.chinatopack.com\/wp-content\/uploads\/2025\/11\/logo2.webp\",\"width\":512,\"height\":512,\"caption\":\"TOPACK Paper Boxes\"},\"image\":{\"@id\":\"https:\/\/www.chinatopack.com\/#\/schema\/logo\/image\/\"},\"sameAs\":[\"https:\/\/www.facebook.com\/ChinaTopack\/\",\"https:\/\/www.youtube.com\/@chinatopack\"]}]}<\/script>\n<!-- \/ Yoast SEO plugin. -->","yoast_head_json":{"title":"Luxury Wedding Gift Boxes Manufacturer | Custom in China","description":"20+ Yrs Wedding Gift Boxes Manufacturer: Magnetic closure wedding boxes w\/ protective padding & foil stamping. Eco-luxury packaging for jewelry\/chocolates.","robots":{"index":"index","follow":"follow","max-snippet":"max-snippet:-1","max-image-preview":"max-image-preview:large","max-video-preview":"max-video-preview:-1"},"canonical":"https:\/\/www.chinatopack.com\/pt\/produto\/custom-logo-luxury-recyclable-cardboard-rigid-folding-wedding-gift-boxes-for-packaging\/","og_locale":"pt_PT","og_type":"article","og_title":"Luxury Wedding Gift Boxes Manufacturer | Custom in China","og_description":"20+ Yrs Wedding Gift Boxes Manufacturer: Magnetic closure wedding boxes w\/ protective padding & foil stamping. Eco-luxury packaging for jewelry\/chocolates.","og_url":"https:\/\/www.chinatopack.com\/pt\/produto\/custom-logo-luxury-recyclable-cardboard-rigid-folding-wedding-gift-boxes-for-packaging\/","og_site_name":"TOPACK Paper Boxes","article_publisher":"https:\/\/www.facebook.com\/ChinaTopack\/","article_modified_time":"2025-08-12T11:26:03+00:00","og_image":[{"width":800,"height":800,"url":"https:\/\/www.chinatopack.com\/wp-content\/uploads\/2025\/06\/Custom-Logo-Luxury-Recyclable-Cardboard-Rigid-Folding-Gift-Box-For-Packaging-1.webp","type":"image\/webp"}],"twitter_card":"summary_large_image","twitter_misc":{"Tempo estimado de leitura":"2 minutos"},"schema":{"@context":"https:\/\/schema.org","@graph":[{"@type":"WebPage","@id":"https:\/\/www.chinatopack.com\/product\/custom-logo-luxury-recyclable-cardboard-rigid-folding-wedding-gift-boxes-for-packaging\/","url":"https:\/\/www.chinatopack.com\/product\/custom-logo-luxury-recyclable-cardboard-rigid-folding-wedding-gift-boxes-for-packaging\/","name":"Luxury Wedding Gift Boxes Manufacturer | Custom in China","isPartOf":{"@id":"https:\/\/www.chinatopack.com\/#website"},"primaryImageOfPage":{"@id":"https:\/\/www.chinatopack.com\/product\/custom-logo-luxury-recyclable-cardboard-rigid-folding-wedding-gift-boxes-for-packaging\/#primaryimage"},"image":{"@id":"https:\/\/www.chinatopack.com\/product\/custom-logo-luxury-recyclable-cardboard-rigid-folding-wedding-gift-boxes-for-packaging\/#primaryimage"},"thumbnailUrl":"https:\/\/www.chinatopack.com\/wp-content\/uploads\/2025\/06\/Custom-Logo-Luxury-Recyclable-Cardboard-Rigid-Folding-Gift-Box-For-Packaging-1.webp","datePublished":"2025-06-16T14:05:45+00:00","dateModified":"2025-08-12T11:26:03+00:00","description":"20+ Yrs Wedding Gift Boxes Manufacturer: Magnetic closure wedding boxes w\/ protective padding & foil stamping. Eco-luxury packaging for jewelry\/chocolates.","breadcrumb":{"@id":"https:\/\/www.chinatopack.com\/product\/custom-logo-luxury-recyclable-cardboard-rigid-folding-wedding-gift-boxes-for-packaging\/#breadcrumb"},"inLanguage":"pt-PT","potentialAction":[{"@type":"ReadAction","target":["https:\/\/www.chinatopack.com\/product\/custom-logo-luxury-recyclable-cardboard-rigid-folding-wedding-gift-boxes-for-packaging\/"]}]},{"@type":"ImageObject","inLanguage":"pt-PT","@id":"https:\/\/www.chinatopack.com\/product\/custom-logo-luxury-recyclable-cardboard-rigid-folding-wedding-gift-boxes-for-packaging\/#primaryimage","url":"https:\/\/www.chinatopack.com\/wp-content\/uploads\/2025\/06\/Custom-Logo-Luxury-Recyclable-Cardboard-Rigid-Folding-Gift-Box-For-Packaging-1.webp","contentUrl":"https:\/\/www.chinatopack.com\/wp-content\/uploads\/2025\/06\/Custom-Logo-Luxury-Recyclable-Cardboard-Rigid-Folding-Gift-Box-For-Packaging-1.webp","width":800,"height":800,"caption":"Custom Logo Luxury Recyclable Cardboard Rigid Folding Gift Box For Packaging"},{"@type":"BreadcrumbList","@id":"https:\/\/www.chinatopack.com\/product\/custom-logo-luxury-recyclable-cardboard-rigid-folding-wedding-gift-boxes-for-packaging\/#breadcrumb","itemListElement":[{"@type":"ListItem","position":1,"name":"Home","item":"https:\/\/www.chinatopack.com\/"},{"@type":"ListItem","position":2,"name":"Products","item":"https:\/\/www.chinatopack.com\/shop\/"},{"@type":"ListItem","position":3,"name":"Custom Logo Luxury Recyclable Cardboard Rigid Folding Wedding Gift Boxes For Packaging"}]},{"@type":"WebSite","@id":"https:\/\/www.chinatopack.com\/#website","url":"https:\/\/www.chinatopack.com\/","name":"TOPACK Paper Boxes","description":"","publisher":{"@id":"https:\/\/www.chinatopack.com\/#organization"},"potentialAction":[{"@type":"SearchAction","target":{"@type":"EntryPoint","urlTemplate":"https:\/\/www.chinatopack.com\/?s={search_term_string}"},"query-input":"required name=search_term_string"}],"inLanguage":"pt-PT"},{"@type":"Organization","@id":"https:\/\/www.chinatopack.com\/#organization","name":"TOPACK Paper Boxes","url":"https:\/\/www.chinatopack.com\/","logo":{"@type":"ImageObject","inLanguage":"pt-PT","@id":"https:\/\/www.chinatopack.com\/#\/schema\/logo\/image\/","url":"https:\/\/www.chinatopack.com\/wp-content\/uploads\/2025\/11\/logo2.webp","contentUrl":"https:\/\/www.chinatopack.com\/wp-content\/uploads\/2025\/11\/logo2.webp","width":512,"height":512,"caption":"TOPACK Paper Boxes"},"image":{"@id":"https:\/\/www.chinatopack.com\/#\/schema\/logo\/image\/"},"sameAs":["https:\/\/www.facebook.com\/ChinaTopack\/","https:\/\/www.youtube.com\/@chinatopack"]}]}},"_links":{"self":[{"href":"https:\/\/www.chinatopack.com\/pt\/wp-json\/wp\/v2\/product\/12555"}],"collection":[{"href":"https:\/\/www.chinatopack.com\/pt\/wp-json\/wp\/v2\/product"}],"about":[{"href":"https:\/\/www.chinatopack.com\/pt\/wp-json\/wp\/v2\/types\/product"}],"replies":[{"embeddable":true,"href":"https:\/\/www.chinatopack.com\/pt\/wp-json\/wp\/v2\/comments?post=12555"}],"wp:featuredmedia":[{"embeddable":true,"href":"https:\/\/www.chinatopack.com\/pt\/wp-json\/wp\/v2\/media\/12556"}],"wp:attachment":[{"href":"https:\/\/www.chinatopack.com\/pt\/wp-json\/wp\/v2\/media?parent=12555"}],"wp:term":[{"taxonomy":"product_cat","embeddable":true,"href":"https:\/\/www.chinatopack.com\/pt\/wp-json\/wp\/v2\/product_cat?post=12555"},{"taxonomy":"product_tag","embeddable":true,"href":"https:\/\/www.chinatopack.com\/pt\/wp-json\/wp\/v2\/product_tag?post=12555"}],"curies":[{"name":"wp","href":"https:\/\/api.w.org\/{rel}","templated":true}]}}