{"id":12563,"date":"2025-06-16T14:16:30","date_gmt":"2025-06-16T14:16:30","guid":{"rendered":"https:\/\/www.chinatopack.com\/?post_type=product&#038;p=12563"},"modified":"2025-08-12T10:49:39","modified_gmt":"2025-08-12T10:49:39","slug":"customized-logo-printing-holiday-boxes-for-gifts-with-magnetic-lid-for-gift-packaging","status":"publish","type":"product","link":"https:\/\/www.chinatopack.com\/pt\/produto\/customized-logo-printing-holiday-boxes-for-gifts-with-magnetic-lid-for-gift-packaging\/","title":{"rendered":"Caixas de f\u00e9rias com impress\u00e3o de log\u00f3tipo personalizado para presentes com tampa magn\u00e9tica para embalagens de presentes"},"content":{"rendered":"<h2>Caixa de papel de oferta<\/h2>\n<p>A embalagem para oferta n\u00e3o \u00e9 apenas um recipiente para proteger os produtos, mas tamb\u00e9m uma express\u00e3o intuitiva da filosofia da marca e uma arma poderosa na competi\u00e7\u00e3o de mercado. A partir das perspectivas da filosofia da embalagem, da est\u00e9tica e dos s\u00edmbolos estrat\u00e9gicos, <a href=\"https:\/\/www.chinatopack.com\/pt\/produto\/customized-logo-printing-holiday-boxes-for-gifts-with-magnetic-lid-for-gift-packaging\/\"><strong>caixas de f\u00e9rias para presentes<\/strong><\/a> deve conter ideias criativas \u00fanicas e profundas.<\/p>\n<p>O <a href=\"https:\/\/www.chinatopack.com\/pt\/\"><strong>caixas de oferta kraft<\/strong><\/a> s\u00e3o especialmente concebidos para luxo e versatilidade e s\u00e3o muito adequados para guardar j\u00f3ias, chocolates requintados, lembran\u00e7as ou artigos personalizados. O seu fecho magn\u00e9tico assegura um processo de abertura suave e desobstru\u00eddo, enquanto o acolchoamento suave no interior pode proteger cuidadosamente os artigos fr\u00e1geis. Est\u00e1 dispon\u00edvel numa variedade de cores suaves e tamb\u00e9m pode ser personalizada com v\u00e1rios tratamentos de superf\u00edcie (como estampagem em folha de alum\u00ednio, etiquetas em relevo ou ilustra\u00e7\u00f5es retro), transformando assim qualquer presente numa obra-prima repleta de hist\u00f3rias.<\/p>\n<p>Como a personaliza\u00e7\u00e3o <a href=\"https:\/\/www.chinatopack.com\/pt\/about-us\/\"><strong>fabricantes de caixas de oferta<\/strong><\/a> com mais de 20 anos de experi\u00eancia, podemos fornecer aconselhamento profissional, e outros tipos de caixas de embalagem, tais como caixas dobr\u00e1veis e caixas em forma de livro. etc. A fim de garantir a qualidade, nossa equipe de inspe\u00e7\u00e3o de qualidade n\u00e3o s\u00f3 ir\u00e1 inspecionar o produto acabado, mas tamb\u00e9m fazer a inspe\u00e7\u00e3o de entrada e inspe\u00e7\u00e3o de processo. Todos <a href=\"https:\/\/www.chinatopack.com\/pt\/category\/gift-box\/\"><strong>caixas de oferta de luxo<\/strong><\/a> ser\u00e3o embalados numa caixa de cart\u00e3o kraft de cinco camadas antes do transporte para garantir que n\u00e3o ser\u00e3o danificados durante o transporte.<\/p>\n<h2>Detalhes do produto<\/h2>\n<p><img loading=\"lazy\" decoding=\"async\" class=\"size-full wp-image-12575 aligncenter\" data-src=\"https:\/\/www.chinatopack.com\/wp-content\/uploads\/2025\/06\/Customized-Logo-Printing-Luxury-Gift-Boxes-With-Magnetic-Lid-For-Gift-Packaging5.webp\" alt=\"Caixas de presente de luxo com impress\u00e3o de logotipo personalizado e tampa magn\u00e9tica para embalagem de presente\" width=\"800\" height=\"800\" srcset=\"https:\/\/www.chinatopack.com\/wp-content\/uploads\/2025\/06\/Customized-Logo-Printing-Luxury-Gift-Boxes-With-Magnetic-Lid-For-Gift-Packaging5.webp 800w, https:\/\/www.chinatopack.com\/wp-content\/uploads\/2025\/06\/Customized-Logo-Printing-Luxury-Gift-Boxes-With-Magnetic-Lid-For-Gift-Packaging5-480x480.webp 480w\" sizes=\"(min-width: 0px) and (max-width: 480px) 480px, (min-width: 481px) 800px, 100vw\" \/><\/p>\n<p style=\"text-align: center;\"><a href=\"https:\/\/www.chinatopack.com\/pt\/produto-etiqueta\/wedding-gift-box\/\"><strong>caixa de presente de casamento<\/strong><\/a><\/p>\n<p><img loading=\"lazy\" decoding=\"async\" class=\"size-full wp-image-12578 aligncenter\" data-src=\"https:\/\/www.chinatopack.com\/wp-content\/uploads\/2025\/06\/Customized-Logo-Printing-Luxury-Gift-Boxes-With-Magnetic-Lid-For-Gift-Packaging6-1.webp\" alt=\"Caixas de presente de luxo com impress\u00e3o de logotipo personalizado e tampa magn\u00e9tica para embalagem de presente\" width=\"800\" height=\"800\" srcset=\"https:\/\/www.chinatopack.com\/wp-content\/uploads\/2025\/06\/Customized-Logo-Printing-Luxury-Gift-Boxes-With-Magnetic-Lid-For-Gift-Packaging6-1.webp 800w, https:\/\/www.chinatopack.com\/wp-content\/uploads\/2025\/06\/Customized-Logo-Printing-Luxury-Gift-Boxes-With-Magnetic-Lid-For-Gift-Packaging6-1-480x480.webp 480w\" sizes=\"(min-width: 0px) and (max-width: 480px) 480px, (min-width: 481px) 800px, 100vw\" \/><\/p>\n<p style=\"text-align: center;\"><a href=\"https:\/\/www.chinatopack.com\/pt\/produto-etiqueta\/engagement-gift-box\/\"><strong>caixa de presente de noivado<\/strong><\/a><\/p>","protected":false},"excerpt":{"rendered":"<p>Um presente que continua a dar<br \/>\nAs caixas flip top personalizadas s\u00e3o feitas de cart\u00e3o de alta qualidade e embrulhadas em papel especial, o que as torna uma op\u00e7\u00e3o de embalagem de presente dur\u00e1vel e elegante. Com um design elegante e personalizado, os seus clientes v\u00e3o querer reutilizar estas caixas de certeza!<\/p>","protected":false},"featured_media":12571,"comment_status":"closed","ping_status":"closed","template":"","meta":{"_et_pb_use_builder":"","_et_pb_old_content":"","_et_gb_content_width":""},"product_cat":[281],"product_tag":[291,292],"yoast_head":"<!-- This site is optimized with the Yoast SEO plugin v22.7 - https:\/\/yoast.com\/wordpress\/plugins\/seo\/ -->\n<title>Luxury Magnetic Gift Box Supplier | Custom in China<\/title>\n<meta name=\"description\" content=\"20+ Yrs Gift Box Manufacturer: Custom magnetic closure boxes w\/ protective padding &amp; foil stamping. Eco kraft materials. Request Quote!\" \/>\n<meta name=\"robots\" content=\"index, follow, max-snippet:-1, max-image-preview:large, max-video-preview:-1\" \/>\n<link rel=\"canonical\" href=\"https:\/\/www.chinatopack.com\/pt\/produto\/customized-logo-printing-holiday-boxes-for-gifts-with-magnetic-lid-for-gift-packaging\/\" \/>\n<meta property=\"og:locale\" content=\"pt_PT\" \/>\n<meta property=\"og:type\" content=\"article\" \/>\n<meta property=\"og:title\" content=\"Luxury Magnetic Gift Box Supplier | Custom in China\" \/>\n<meta property=\"og:description\" content=\"20+ Yrs Gift Box Manufacturer: Custom magnetic closure boxes w\/ protective padding &amp; foil stamping. Eco kraft materials. Request Quote!\" \/>\n<meta property=\"og:url\" content=\"https:\/\/www.chinatopack.com\/pt\/produto\/customized-logo-printing-holiday-boxes-for-gifts-with-magnetic-lid-for-gift-packaging\/\" \/>\n<meta property=\"og:site_name\" content=\"TOPACK Paper Boxes\" \/>\n<meta property=\"article:publisher\" content=\"https:\/\/www.facebook.com\/ChinaTopack\/\" \/>\n<meta property=\"article:modified_time\" content=\"2025-08-12T10:49:39+00:00\" \/>\n<meta property=\"og:image\" content=\"https:\/\/www.chinatopack.com\/wp-content\/uploads\/2025\/06\/Customized-Logo-Printing-Luxury-Gift-Boxes-With-Magnetic-Lid-For-Gift-Packaging1.webp\" \/>\n\t<meta property=\"og:image:width\" content=\"800\" \/>\n\t<meta property=\"og:image:height\" content=\"800\" \/>\n\t<meta property=\"og:image:type\" content=\"image\/webp\" \/>\n<meta name=\"twitter:card\" content=\"summary_large_image\" \/>\n<meta name=\"twitter:label1\" content=\"Tempo estimado de leitura\" \/>\n\t<meta name=\"twitter:data1\" content=\"2 minutos\" \/>\n<script type=\"application\/ld+json\" class=\"yoast-schema-graph\">{\"@context\":\"https:\/\/schema.org\",\"@graph\":[{\"@type\":\"WebPage\",\"@id\":\"https:\/\/www.chinatopack.com\/product\/customized-logo-printing-holiday-boxes-for-gifts-with-magnetic-lid-for-gift-packaging\/\",\"url\":\"https:\/\/www.chinatopack.com\/product\/customized-logo-printing-holiday-boxes-for-gifts-with-magnetic-lid-for-gift-packaging\/\",\"name\":\"Luxury Magnetic Gift Box Supplier | Custom in China\",\"isPartOf\":{\"@id\":\"https:\/\/www.chinatopack.com\/#website\"},\"primaryImageOfPage\":{\"@id\":\"https:\/\/www.chinatopack.com\/product\/customized-logo-printing-holiday-boxes-for-gifts-with-magnetic-lid-for-gift-packaging\/#primaryimage\"},\"image\":{\"@id\":\"https:\/\/www.chinatopack.com\/product\/customized-logo-printing-holiday-boxes-for-gifts-with-magnetic-lid-for-gift-packaging\/#primaryimage\"},\"thumbnailUrl\":\"https:\/\/www.chinatopack.com\/wp-content\/uploads\/2025\/06\/Customized-Logo-Printing-Luxury-Gift-Boxes-With-Magnetic-Lid-For-Gift-Packaging1.webp\",\"datePublished\":\"2025-06-16T14:16:30+00:00\",\"dateModified\":\"2025-08-12T10:49:39+00:00\",\"description\":\"20+ Yrs Gift Box Manufacturer: Custom magnetic closure boxes w\/ protective padding & foil stamping. Eco kraft materials. Request Quote!\",\"breadcrumb\":{\"@id\":\"https:\/\/www.chinatopack.com\/product\/customized-logo-printing-holiday-boxes-for-gifts-with-magnetic-lid-for-gift-packaging\/#breadcrumb\"},\"inLanguage\":\"pt-PT\",\"potentialAction\":[{\"@type\":\"ReadAction\",\"target\":[\"https:\/\/www.chinatopack.com\/product\/customized-logo-printing-holiday-boxes-for-gifts-with-magnetic-lid-for-gift-packaging\/\"]}]},{\"@type\":\"ImageObject\",\"inLanguage\":\"pt-PT\",\"@id\":\"https:\/\/www.chinatopack.com\/product\/customized-logo-printing-holiday-boxes-for-gifts-with-magnetic-lid-for-gift-packaging\/#primaryimage\",\"url\":\"https:\/\/www.chinatopack.com\/wp-content\/uploads\/2025\/06\/Customized-Logo-Printing-Luxury-Gift-Boxes-With-Magnetic-Lid-For-Gift-Packaging1.webp\",\"contentUrl\":\"https:\/\/www.chinatopack.com\/wp-content\/uploads\/2025\/06\/Customized-Logo-Printing-Luxury-Gift-Boxes-With-Magnetic-Lid-For-Gift-Packaging1.webp\",\"width\":800,\"height\":800,\"caption\":\"Customized Logo Printing Luxury Gift Boxes With Magnetic Lid For Gift Packaging\"},{\"@type\":\"BreadcrumbList\",\"@id\":\"https:\/\/www.chinatopack.com\/product\/customized-logo-printing-holiday-boxes-for-gifts-with-magnetic-lid-for-gift-packaging\/#breadcrumb\",\"itemListElement\":[{\"@type\":\"ListItem\",\"position\":1,\"name\":\"Home\",\"item\":\"https:\/\/www.chinatopack.com\/\"},{\"@type\":\"ListItem\",\"position\":2,\"name\":\"Products\",\"item\":\"https:\/\/www.chinatopack.com\/shop\/\"},{\"@type\":\"ListItem\",\"position\":3,\"name\":\"Customized Logo Printing Holiday Boxes For Gifts With Magnetic Lid For Gift Packaging\"}]},{\"@type\":\"WebSite\",\"@id\":\"https:\/\/www.chinatopack.com\/#website\",\"url\":\"https:\/\/www.chinatopack.com\/\",\"name\":\"TOPACK Paper Boxes\",\"description\":\"\",\"publisher\":{\"@id\":\"https:\/\/www.chinatopack.com\/#organization\"},\"potentialAction\":[{\"@type\":\"SearchAction\",\"target\":{\"@type\":\"EntryPoint\",\"urlTemplate\":\"https:\/\/www.chinatopack.com\/?s={search_term_string}\"},\"query-input\":\"required name=search_term_string\"}],\"inLanguage\":\"pt-PT\"},{\"@type\":\"Organization\",\"@id\":\"https:\/\/www.chinatopack.com\/#organization\",\"name\":\"TOPACK Paper Boxes\",\"url\":\"https:\/\/www.chinatopack.com\/\",\"logo\":{\"@type\":\"ImageObject\",\"inLanguage\":\"pt-PT\",\"@id\":\"https:\/\/www.chinatopack.com\/#\/schema\/logo\/image\/\",\"url\":\"https:\/\/www.chinatopack.com\/wp-content\/uploads\/2025\/11\/logo2.webp\",\"contentUrl\":\"https:\/\/www.chinatopack.com\/wp-content\/uploads\/2025\/11\/logo2.webp\",\"width\":512,\"height\":512,\"caption\":\"TOPACK Paper Boxes\"},\"image\":{\"@id\":\"https:\/\/www.chinatopack.com\/#\/schema\/logo\/image\/\"},\"sameAs\":[\"https:\/\/www.facebook.com\/ChinaTopack\/\",\"https:\/\/www.youtube.com\/@chinatopack\"]}]}<\/script>\n<!-- \/ Yoast SEO plugin. -->","yoast_head_json":{"title":"Luxury Magnetic Gift Box Supplier | Custom in China","description":"20+ Yrs Gift Box Manufacturer: Custom magnetic closure boxes w\/ protective padding & foil stamping. Eco kraft materials. Request Quote!","robots":{"index":"index","follow":"follow","max-snippet":"max-snippet:-1","max-image-preview":"max-image-preview:large","max-video-preview":"max-video-preview:-1"},"canonical":"https:\/\/www.chinatopack.com\/pt\/produto\/customized-logo-printing-holiday-boxes-for-gifts-with-magnetic-lid-for-gift-packaging\/","og_locale":"pt_PT","og_type":"article","og_title":"Luxury Magnetic Gift Box Supplier | Custom in China","og_description":"20+ Yrs Gift Box Manufacturer: Custom magnetic closure boxes w\/ protective padding & foil stamping. Eco kraft materials. Request Quote!","og_url":"https:\/\/www.chinatopack.com\/pt\/produto\/customized-logo-printing-holiday-boxes-for-gifts-with-magnetic-lid-for-gift-packaging\/","og_site_name":"TOPACK Paper Boxes","article_publisher":"https:\/\/www.facebook.com\/ChinaTopack\/","article_modified_time":"2025-08-12T10:49:39+00:00","og_image":[{"width":800,"height":800,"url":"https:\/\/www.chinatopack.com\/wp-content\/uploads\/2025\/06\/Customized-Logo-Printing-Luxury-Gift-Boxes-With-Magnetic-Lid-For-Gift-Packaging1.webp","type":"image\/webp"}],"twitter_card":"summary_large_image","twitter_misc":{"Tempo estimado de leitura":"2 minutos"},"schema":{"@context":"https:\/\/schema.org","@graph":[{"@type":"WebPage","@id":"https:\/\/www.chinatopack.com\/product\/customized-logo-printing-holiday-boxes-for-gifts-with-magnetic-lid-for-gift-packaging\/","url":"https:\/\/www.chinatopack.com\/product\/customized-logo-printing-holiday-boxes-for-gifts-with-magnetic-lid-for-gift-packaging\/","name":"Luxury Magnetic Gift Box Supplier | Custom in China","isPartOf":{"@id":"https:\/\/www.chinatopack.com\/#website"},"primaryImageOfPage":{"@id":"https:\/\/www.chinatopack.com\/product\/customized-logo-printing-holiday-boxes-for-gifts-with-magnetic-lid-for-gift-packaging\/#primaryimage"},"image":{"@id":"https:\/\/www.chinatopack.com\/product\/customized-logo-printing-holiday-boxes-for-gifts-with-magnetic-lid-for-gift-packaging\/#primaryimage"},"thumbnailUrl":"https:\/\/www.chinatopack.com\/wp-content\/uploads\/2025\/06\/Customized-Logo-Printing-Luxury-Gift-Boxes-With-Magnetic-Lid-For-Gift-Packaging1.webp","datePublished":"2025-06-16T14:16:30+00:00","dateModified":"2025-08-12T10:49:39+00:00","description":"20+ Yrs Gift Box Manufacturer: Custom magnetic closure boxes w\/ protective padding & foil stamping. Eco kraft materials. Request Quote!","breadcrumb":{"@id":"https:\/\/www.chinatopack.com\/product\/customized-logo-printing-holiday-boxes-for-gifts-with-magnetic-lid-for-gift-packaging\/#breadcrumb"},"inLanguage":"pt-PT","potentialAction":[{"@type":"ReadAction","target":["https:\/\/www.chinatopack.com\/product\/customized-logo-printing-holiday-boxes-for-gifts-with-magnetic-lid-for-gift-packaging\/"]}]},{"@type":"ImageObject","inLanguage":"pt-PT","@id":"https:\/\/www.chinatopack.com\/product\/customized-logo-printing-holiday-boxes-for-gifts-with-magnetic-lid-for-gift-packaging\/#primaryimage","url":"https:\/\/www.chinatopack.com\/wp-content\/uploads\/2025\/06\/Customized-Logo-Printing-Luxury-Gift-Boxes-With-Magnetic-Lid-For-Gift-Packaging1.webp","contentUrl":"https:\/\/www.chinatopack.com\/wp-content\/uploads\/2025\/06\/Customized-Logo-Printing-Luxury-Gift-Boxes-With-Magnetic-Lid-For-Gift-Packaging1.webp","width":800,"height":800,"caption":"Customized Logo Printing Luxury Gift Boxes With Magnetic Lid For Gift Packaging"},{"@type":"BreadcrumbList","@id":"https:\/\/www.chinatopack.com\/product\/customized-logo-printing-holiday-boxes-for-gifts-with-magnetic-lid-for-gift-packaging\/#breadcrumb","itemListElement":[{"@type":"ListItem","position":1,"name":"Home","item":"https:\/\/www.chinatopack.com\/"},{"@type":"ListItem","position":2,"name":"Products","item":"https:\/\/www.chinatopack.com\/shop\/"},{"@type":"ListItem","position":3,"name":"Customized Logo Printing Holiday Boxes For Gifts With Magnetic Lid For Gift Packaging"}]},{"@type":"WebSite","@id":"https:\/\/www.chinatopack.com\/#website","url":"https:\/\/www.chinatopack.com\/","name":"TOPACK Paper Boxes","description":"","publisher":{"@id":"https:\/\/www.chinatopack.com\/#organization"},"potentialAction":[{"@type":"SearchAction","target":{"@type":"EntryPoint","urlTemplate":"https:\/\/www.chinatopack.com\/?s={search_term_string}"},"query-input":"required name=search_term_string"}],"inLanguage":"pt-PT"},{"@type":"Organization","@id":"https:\/\/www.chinatopack.com\/#organization","name":"TOPACK Paper Boxes","url":"https:\/\/www.chinatopack.com\/","logo":{"@type":"ImageObject","inLanguage":"pt-PT","@id":"https:\/\/www.chinatopack.com\/#\/schema\/logo\/image\/","url":"https:\/\/www.chinatopack.com\/wp-content\/uploads\/2025\/11\/logo2.webp","contentUrl":"https:\/\/www.chinatopack.com\/wp-content\/uploads\/2025\/11\/logo2.webp","width":512,"height":512,"caption":"TOPACK Paper Boxes"},"image":{"@id":"https:\/\/www.chinatopack.com\/#\/schema\/logo\/image\/"},"sameAs":["https:\/\/www.facebook.com\/ChinaTopack\/","https:\/\/www.youtube.com\/@chinatopack"]}]}},"_links":{"self":[{"href":"https:\/\/www.chinatopack.com\/pt\/wp-json\/wp\/v2\/product\/12563"}],"collection":[{"href":"https:\/\/www.chinatopack.com\/pt\/wp-json\/wp\/v2\/product"}],"about":[{"href":"https:\/\/www.chinatopack.com\/pt\/wp-json\/wp\/v2\/types\/product"}],"replies":[{"embeddable":true,"href":"https:\/\/www.chinatopack.com\/pt\/wp-json\/wp\/v2\/comments?post=12563"}],"wp:featuredmedia":[{"embeddable":true,"href":"https:\/\/www.chinatopack.com\/pt\/wp-json\/wp\/v2\/media\/12571"}],"wp:attachment":[{"href":"https:\/\/www.chinatopack.com\/pt\/wp-json\/wp\/v2\/media?parent=12563"}],"wp:term":[{"taxonomy":"product_cat","embeddable":true,"href":"https:\/\/www.chinatopack.com\/pt\/wp-json\/wp\/v2\/product_cat?post=12563"},{"taxonomy":"product_tag","embeddable":true,"href":"https:\/\/www.chinatopack.com\/pt\/wp-json\/wp\/v2\/product_tag?post=12563"}],"curies":[{"name":"wp","href":"https:\/\/api.w.org\/{rel}","templated":true}]}}