{"id":12570,"date":"2025-06-16T14:33:06","date_gmt":"2025-06-16T14:33:06","guid":{"rendered":"https:\/\/www.chinatopack.com\/?post_type=product&#038;p=12570"},"modified":"2025-08-12T10:52:47","modified_gmt":"2025-08-12T10:52:47","slug":"luxury-dark-green-paper-cardboard-necklace-bracelet-rings-earrings-pendant-gift-paper-packaging-box-for-jewelry-with-ribbon-bowknot","status":"publish","type":"product","link":"https:\/\/www.chinatopack.com\/pt\/produto\/luxury-dark-green-paper-cardboard-necklace-bracelet-rings-earrings-pendant-gift-paper-packaging-box-for-jewelry-with-ribbon-bowknot\/","title":{"rendered":"Luxo verde escuro papel cart\u00e3o colar pulseira an\u00e9is brincos pingente presente papel personalizado j\u00f3ias caixas com la\u00e7o de fita"},"content":{"rendered":"<h2>Caixa de j\u00f3ias<\/h2>\n<p>Cada pe\u00e7a de joalharia conta uma hist\u00f3ria - deixe-a come\u00e7ar com uma caixa t\u00e3o requintada como o tesouro que cont\u00e9m. Criada com precis\u00e3o e concebida para impressionar, a nossa <a href=\"https:\/\/www.chinatopack.com\/pt\/produto-etiqueta\/luxury-jewellery-box\/\"><strong>caixa de j\u00f3ias de luxo<\/strong><\/a> combinam luxo e funcionalidade, oferecendo um primeiro vislumbre deslumbrante dos seus melhores adornos.<\/p>\n<p>Como <a href=\"https:\/\/www.chinatopack.com\/pt\/about-us\/\"><strong>fabricantes profissionais de caixas de j\u00f3ias<\/strong><\/a>garantimos-lhe que a nossa <a href=\"https:\/\/www.chinatopack.com\/pt\/produto\/luxury-dark-green-paper-cardboard-necklace-bracelet-rings-earrings-pendant-gift-paper-packaging-box-for-jewelry-with-ribbon-bowknot\/\"><strong>caixas de j\u00f3ias personalizadas<\/strong><\/a> \u00e9 fabricada com materiais de alta qualidade e ecol\u00f3gicos, cada caixa assegura a sua durabilidade, mantendo um acabamento requintado. A textura suave, o relevo elegante e as cores personaliz\u00e1veis tornam a <a href=\"https:\/\/www.chinatopack.com\/pt\/produto-etiqueta\/watch-jewelry-box\/\"><strong>caixa de j\u00f3ias para rel\u00f3gios<\/strong><\/a> a escolha ideal para marcas que valorizam a sofistica\u00e7\u00e3o. Quer seja para an\u00e9is, colares ou brincos, as nossas caixas proporcionam um amortecimento seguro, mantendo as j\u00f3ias intactas e a apresenta\u00e7\u00e3o impec\u00e1vel.<\/p>\n<p>Perfeitas para oferecer, vender a retalho ou em ocasi\u00f5es especiais, estas caixas elevam a experi\u00eancia de desembalagem, transformando uma simples revela\u00e7\u00e3o num momento de prazer. Porque a verdadeira beleza merece uma casa igualmente bela.<br \/>\nOnde as j\u00f3ias se encontram com a eleg\u00e2ncia.<\/p>\n<h2>Imagens do produto<\/h2>\n<p><img loading=\"lazy\" decoding=\"async\" class=\"size-full wp-image-12582 aligncenter\" data-src=\"https:\/\/www.chinatopack.com\/wp-content\/uploads\/2025\/06\/Luxury-Dark-Green-Paper-Cardboard-Necklace-Bracelet-Rings-Earrings-Pendant-Gift-Paper-Packaging-Box-for-Jewelry-With-Ribbon-Bowknot3.webp\" alt=\"Caixa de embalagem de papel para j\u00f3ias com la\u00e7o de fita\" width=\"800\" height=\"804\" srcset=\"https:\/\/www.chinatopack.com\/wp-content\/uploads\/2025\/06\/Luxury-Dark-Green-Paper-Cardboard-Necklace-Bracelet-Rings-Earrings-Pendant-Gift-Paper-Packaging-Box-for-Jewelry-With-Ribbon-Bowknot3.webp 800w, https:\/\/www.chinatopack.com\/wp-content\/uploads\/2025\/06\/Luxury-Dark-Green-Paper-Cardboard-Necklace-Bracelet-Rings-Earrings-Pendant-Gift-Paper-Packaging-Box-for-Jewelry-With-Ribbon-Bowknot3-480x482.webp 480w\" sizes=\"(min-width: 0px) and (max-width: 480px) 480px, (min-width: 481px) 800px, 100vw\" \/><\/p>\n<p style=\"text-align: center;\"><a href=\"https:\/\/www.chinatopack.com\/pt\/\"><strong>caixas de j\u00f3ias personalizadas<\/strong><\/a><\/p>\n<p><img loading=\"lazy\" decoding=\"async\" class=\"size-full wp-image-12581 aligncenter\" data-src=\"https:\/\/www.chinatopack.com\/wp-content\/uploads\/2025\/06\/Luxury-Dark-Green-Paper-Cardboard-Necklace-Bracelet-Rings-Earrings-Pendant-Gift-Paper-Packaging-Box-for-Jewelry-With-Ribbon-Bowknot2.webp\" alt=\"Caixa de embalagem de papel para j\u00f3ias com la\u00e7o de fita\" width=\"800\" height=\"768\" srcset=\"https:\/\/www.chinatopack.com\/wp-content\/uploads\/2025\/06\/Luxury-Dark-Green-Paper-Cardboard-Necklace-Bracelet-Rings-Earrings-Pendant-Gift-Paper-Packaging-Box-for-Jewelry-With-Ribbon-Bowknot2.webp 800w, https:\/\/www.chinatopack.com\/wp-content\/uploads\/2025\/06\/Luxury-Dark-Green-Paper-Cardboard-Necklace-Bracelet-Rings-Earrings-Pendant-Gift-Paper-Packaging-Box-for-Jewelry-With-Ribbon-Bowknot2-480x461.webp 480w\" sizes=\"(min-width: 0px) and (max-width: 480px) 480px, (min-width: 481px) 800px, 100vw\" \/><\/p>\n<p style=\"text-align: center;\"><a href=\"https:\/\/www.chinatopack.com\/pt\/category\/jewelry-box\/\"><strong>caixa de j\u00f3ias de luxo<\/strong><\/a><\/p>","protected":false},"excerpt":{"rendered":"<p>\uf0b7Manufactured de material de cart\u00e3o dur\u00e1vel e resistente<br \/>\n\uf0b7Custom tamanhos est\u00e3o dispon\u00edveis para diferentes medidas de produtos<br \/>\n\uf0b7High m\u00e1quinas de impress\u00e3o de qualidade que geram imagens e log\u00f3tipos impressionantes<br \/>\n\uf0b7Easy montagem e desmont\u00e1vel para guardar<br \/>\n\uf0b7Great estrutura para j\u00f3ias e produtos de beleza<\/p>","protected":false},"featured_media":12579,"comment_status":"closed","ping_status":"closed","template":"","meta":{"_et_pb_use_builder":"","_et_pb_old_content":"","_et_gb_content_width":""},"product_cat":[308],"product_tag":[294,295],"yoast_head":"<!-- This site is optimized with the Yoast SEO plugin v22.7 - https:\/\/yoast.com\/wordpress\/plugins\/seo\/ -->\n<title>Luxury Jewelry Box Supplier | Eco &amp; Custom in China<\/title>\n<meta name=\"description\" content=\"Jewelry Box Manufacturer: Eco-luxury boxes w\/ embossing &amp; secure cushioning. Elevate unboxing for rings\/necklaces. Where Jewelry Meets Elegance. Request quote!\" \/>\n<meta name=\"robots\" content=\"index, follow, max-snippet:-1, max-image-preview:large, max-video-preview:-1\" \/>\n<link rel=\"canonical\" href=\"https:\/\/www.chinatopack.com\/pt\/produto\/luxury-dark-green-paper-cardboard-necklace-bracelet-rings-earrings-pendant-gift-paper-packaging-box-for-jewelry-with-ribbon-bowknot\/\" \/>\n<meta property=\"og:locale\" content=\"pt_PT\" \/>\n<meta property=\"og:type\" content=\"article\" \/>\n<meta property=\"og:title\" content=\"Luxury Jewelry Box Supplier | Eco &amp; Custom in China\" \/>\n<meta property=\"og:description\" content=\"Jewelry Box Manufacturer: Eco-luxury boxes w\/ embossing &amp; secure cushioning. Elevate unboxing for rings\/necklaces. Where Jewelry Meets Elegance. Request quote!\" \/>\n<meta property=\"og:url\" content=\"https:\/\/www.chinatopack.com\/pt\/produto\/luxury-dark-green-paper-cardboard-necklace-bracelet-rings-earrings-pendant-gift-paper-packaging-box-for-jewelry-with-ribbon-bowknot\/\" \/>\n<meta property=\"og:site_name\" content=\"TOPACK Paper Boxes\" \/>\n<meta property=\"article:publisher\" content=\"https:\/\/www.facebook.com\/ChinaTopack\/\" \/>\n<meta property=\"article:modified_time\" content=\"2025-08-12T10:52:47+00:00\" \/>\n<meta property=\"og:image\" content=\"https:\/\/www.chinatopack.com\/wp-content\/uploads\/2025\/06\/Luxury-Dark-Green-Paper-Cardboard-Necklace-Bracelet-Rings-Earrings-Pendant-Gift-Paper-Packaging-Box-for-Jewelry-With-Ribbon-Bowknot1.webp\" \/>\n\t<meta property=\"og:image:width\" content=\"800\" \/>\n\t<meta property=\"og:image:height\" content=\"808\" \/>\n\t<meta property=\"og:image:type\" content=\"image\/webp\" \/>\n<meta name=\"twitter:card\" content=\"summary_large_image\" \/>\n<meta name=\"twitter:label1\" content=\"Tempo estimado de leitura\" \/>\n\t<meta name=\"twitter:data1\" content=\"2 minutos\" \/>\n<script type=\"application\/ld+json\" class=\"yoast-schema-graph\">{\"@context\":\"https:\/\/schema.org\",\"@graph\":[{\"@type\":\"WebPage\",\"@id\":\"https:\/\/www.chinatopack.com\/product\/luxury-dark-green-paper-cardboard-necklace-bracelet-rings-earrings-pendant-gift-paper-packaging-box-for-jewelry-with-ribbon-bowknot\/\",\"url\":\"https:\/\/www.chinatopack.com\/product\/luxury-dark-green-paper-cardboard-necklace-bracelet-rings-earrings-pendant-gift-paper-packaging-box-for-jewelry-with-ribbon-bowknot\/\",\"name\":\"Luxury Jewelry Box Supplier | Eco & Custom in China\",\"isPartOf\":{\"@id\":\"https:\/\/www.chinatopack.com\/#website\"},\"primaryImageOfPage\":{\"@id\":\"https:\/\/www.chinatopack.com\/product\/luxury-dark-green-paper-cardboard-necklace-bracelet-rings-earrings-pendant-gift-paper-packaging-box-for-jewelry-with-ribbon-bowknot\/#primaryimage\"},\"image\":{\"@id\":\"https:\/\/www.chinatopack.com\/product\/luxury-dark-green-paper-cardboard-necklace-bracelet-rings-earrings-pendant-gift-paper-packaging-box-for-jewelry-with-ribbon-bowknot\/#primaryimage\"},\"thumbnailUrl\":\"https:\/\/www.chinatopack.com\/wp-content\/uploads\/2025\/06\/Luxury-Dark-Green-Paper-Cardboard-Necklace-Bracelet-Rings-Earrings-Pendant-Gift-Paper-Packaging-Box-for-Jewelry-With-Ribbon-Bowknot1.webp\",\"datePublished\":\"2025-06-16T14:33:06+00:00\",\"dateModified\":\"2025-08-12T10:52:47+00:00\",\"description\":\"Jewelry Box Manufacturer: Eco-luxury boxes w\/ embossing & secure cushioning. Elevate unboxing for rings\/necklaces. Where Jewelry Meets Elegance. Request quote!\",\"breadcrumb\":{\"@id\":\"https:\/\/www.chinatopack.com\/product\/luxury-dark-green-paper-cardboard-necklace-bracelet-rings-earrings-pendant-gift-paper-packaging-box-for-jewelry-with-ribbon-bowknot\/#breadcrumb\"},\"inLanguage\":\"pt-PT\",\"potentialAction\":[{\"@type\":\"ReadAction\",\"target\":[\"https:\/\/www.chinatopack.com\/product\/luxury-dark-green-paper-cardboard-necklace-bracelet-rings-earrings-pendant-gift-paper-packaging-box-for-jewelry-with-ribbon-bowknot\/\"]}]},{\"@type\":\"ImageObject\",\"inLanguage\":\"pt-PT\",\"@id\":\"https:\/\/www.chinatopack.com\/product\/luxury-dark-green-paper-cardboard-necklace-bracelet-rings-earrings-pendant-gift-paper-packaging-box-for-jewelry-with-ribbon-bowknot\/#primaryimage\",\"url\":\"https:\/\/www.chinatopack.com\/wp-content\/uploads\/2025\/06\/Luxury-Dark-Green-Paper-Cardboard-Necklace-Bracelet-Rings-Earrings-Pendant-Gift-Paper-Packaging-Box-for-Jewelry-With-Ribbon-Bowknot1.webp\",\"contentUrl\":\"https:\/\/www.chinatopack.com\/wp-content\/uploads\/2025\/06\/Luxury-Dark-Green-Paper-Cardboard-Necklace-Bracelet-Rings-Earrings-Pendant-Gift-Paper-Packaging-Box-for-Jewelry-With-Ribbon-Bowknot1.webp\",\"width\":800,\"height\":808,\"caption\":\"Luxury Dark Green Paper Cardboard Necklace Bracelet Rings Earrings Pendant Gift Paper Packaging Box for Jewelry With Ribbon Bowknot\"},{\"@type\":\"BreadcrumbList\",\"@id\":\"https:\/\/www.chinatopack.com\/product\/luxury-dark-green-paper-cardboard-necklace-bracelet-rings-earrings-pendant-gift-paper-packaging-box-for-jewelry-with-ribbon-bowknot\/#breadcrumb\",\"itemListElement\":[{\"@type\":\"ListItem\",\"position\":1,\"name\":\"Home\",\"item\":\"https:\/\/www.chinatopack.com\/\"},{\"@type\":\"ListItem\",\"position\":2,\"name\":\"Products\",\"item\":\"https:\/\/www.chinatopack.com\/shop\/\"},{\"@type\":\"ListItem\",\"position\":3,\"name\":\"Luxury Dark Green Paper Cardboard Necklace Bracelet Rings Earrings Pendant Gift Paper Custom Jewellery Boxes With Ribbon Bowknot\"}]},{\"@type\":\"WebSite\",\"@id\":\"https:\/\/www.chinatopack.com\/#website\",\"url\":\"https:\/\/www.chinatopack.com\/\",\"name\":\"TOPACK Paper Boxes\",\"description\":\"\",\"publisher\":{\"@id\":\"https:\/\/www.chinatopack.com\/#organization\"},\"potentialAction\":[{\"@type\":\"SearchAction\",\"target\":{\"@type\":\"EntryPoint\",\"urlTemplate\":\"https:\/\/www.chinatopack.com\/?s={search_term_string}\"},\"query-input\":\"required name=search_term_string\"}],\"inLanguage\":\"pt-PT\"},{\"@type\":\"Organization\",\"@id\":\"https:\/\/www.chinatopack.com\/#organization\",\"name\":\"TOPACK Paper Boxes\",\"url\":\"https:\/\/www.chinatopack.com\/\",\"logo\":{\"@type\":\"ImageObject\",\"inLanguage\":\"pt-PT\",\"@id\":\"https:\/\/www.chinatopack.com\/#\/schema\/logo\/image\/\",\"url\":\"https:\/\/www.chinatopack.com\/wp-content\/uploads\/2025\/11\/logo2.webp\",\"contentUrl\":\"https:\/\/www.chinatopack.com\/wp-content\/uploads\/2025\/11\/logo2.webp\",\"width\":512,\"height\":512,\"caption\":\"TOPACK Paper Boxes\"},\"image\":{\"@id\":\"https:\/\/www.chinatopack.com\/#\/schema\/logo\/image\/\"},\"sameAs\":[\"https:\/\/www.facebook.com\/ChinaTopack\/\",\"https:\/\/www.youtube.com\/@chinatopack\"]}]}<\/script>\n<!-- \/ Yoast SEO plugin. -->","yoast_head_json":{"title":"Luxury Jewelry Box Supplier | Eco & Custom in China","description":"Jewelry Box Manufacturer: Eco-luxury boxes w\/ embossing & secure cushioning. Elevate unboxing for rings\/necklaces. Where Jewelry Meets Elegance. Request quote!","robots":{"index":"index","follow":"follow","max-snippet":"max-snippet:-1","max-image-preview":"max-image-preview:large","max-video-preview":"max-video-preview:-1"},"canonical":"https:\/\/www.chinatopack.com\/pt\/produto\/luxury-dark-green-paper-cardboard-necklace-bracelet-rings-earrings-pendant-gift-paper-packaging-box-for-jewelry-with-ribbon-bowknot\/","og_locale":"pt_PT","og_type":"article","og_title":"Luxury Jewelry Box Supplier | Eco & Custom in China","og_description":"Jewelry Box Manufacturer: Eco-luxury boxes w\/ embossing & secure cushioning. Elevate unboxing for rings\/necklaces. Where Jewelry Meets Elegance. Request quote!","og_url":"https:\/\/www.chinatopack.com\/pt\/produto\/luxury-dark-green-paper-cardboard-necklace-bracelet-rings-earrings-pendant-gift-paper-packaging-box-for-jewelry-with-ribbon-bowknot\/","og_site_name":"TOPACK Paper Boxes","article_publisher":"https:\/\/www.facebook.com\/ChinaTopack\/","article_modified_time":"2025-08-12T10:52:47+00:00","og_image":[{"width":800,"height":808,"url":"https:\/\/www.chinatopack.com\/wp-content\/uploads\/2025\/06\/Luxury-Dark-Green-Paper-Cardboard-Necklace-Bracelet-Rings-Earrings-Pendant-Gift-Paper-Packaging-Box-for-Jewelry-With-Ribbon-Bowknot1.webp","type":"image\/webp"}],"twitter_card":"summary_large_image","twitter_misc":{"Tempo estimado de leitura":"2 minutos"},"schema":{"@context":"https:\/\/schema.org","@graph":[{"@type":"WebPage","@id":"https:\/\/www.chinatopack.com\/product\/luxury-dark-green-paper-cardboard-necklace-bracelet-rings-earrings-pendant-gift-paper-packaging-box-for-jewelry-with-ribbon-bowknot\/","url":"https:\/\/www.chinatopack.com\/product\/luxury-dark-green-paper-cardboard-necklace-bracelet-rings-earrings-pendant-gift-paper-packaging-box-for-jewelry-with-ribbon-bowknot\/","name":"Luxury Jewelry Box Supplier | Eco & Custom in China","isPartOf":{"@id":"https:\/\/www.chinatopack.com\/#website"},"primaryImageOfPage":{"@id":"https:\/\/www.chinatopack.com\/product\/luxury-dark-green-paper-cardboard-necklace-bracelet-rings-earrings-pendant-gift-paper-packaging-box-for-jewelry-with-ribbon-bowknot\/#primaryimage"},"image":{"@id":"https:\/\/www.chinatopack.com\/product\/luxury-dark-green-paper-cardboard-necklace-bracelet-rings-earrings-pendant-gift-paper-packaging-box-for-jewelry-with-ribbon-bowknot\/#primaryimage"},"thumbnailUrl":"https:\/\/www.chinatopack.com\/wp-content\/uploads\/2025\/06\/Luxury-Dark-Green-Paper-Cardboard-Necklace-Bracelet-Rings-Earrings-Pendant-Gift-Paper-Packaging-Box-for-Jewelry-With-Ribbon-Bowknot1.webp","datePublished":"2025-06-16T14:33:06+00:00","dateModified":"2025-08-12T10:52:47+00:00","description":"Jewelry Box Manufacturer: Eco-luxury boxes w\/ embossing & secure cushioning. Elevate unboxing for rings\/necklaces. Where Jewelry Meets Elegance. Request quote!","breadcrumb":{"@id":"https:\/\/www.chinatopack.com\/product\/luxury-dark-green-paper-cardboard-necklace-bracelet-rings-earrings-pendant-gift-paper-packaging-box-for-jewelry-with-ribbon-bowknot\/#breadcrumb"},"inLanguage":"pt-PT","potentialAction":[{"@type":"ReadAction","target":["https:\/\/www.chinatopack.com\/product\/luxury-dark-green-paper-cardboard-necklace-bracelet-rings-earrings-pendant-gift-paper-packaging-box-for-jewelry-with-ribbon-bowknot\/"]}]},{"@type":"ImageObject","inLanguage":"pt-PT","@id":"https:\/\/www.chinatopack.com\/product\/luxury-dark-green-paper-cardboard-necklace-bracelet-rings-earrings-pendant-gift-paper-packaging-box-for-jewelry-with-ribbon-bowknot\/#primaryimage","url":"https:\/\/www.chinatopack.com\/wp-content\/uploads\/2025\/06\/Luxury-Dark-Green-Paper-Cardboard-Necklace-Bracelet-Rings-Earrings-Pendant-Gift-Paper-Packaging-Box-for-Jewelry-With-Ribbon-Bowknot1.webp","contentUrl":"https:\/\/www.chinatopack.com\/wp-content\/uploads\/2025\/06\/Luxury-Dark-Green-Paper-Cardboard-Necklace-Bracelet-Rings-Earrings-Pendant-Gift-Paper-Packaging-Box-for-Jewelry-With-Ribbon-Bowknot1.webp","width":800,"height":808,"caption":"Luxury Dark Green Paper Cardboard Necklace Bracelet Rings Earrings Pendant Gift Paper Packaging Box for Jewelry With Ribbon Bowknot"},{"@type":"BreadcrumbList","@id":"https:\/\/www.chinatopack.com\/product\/luxury-dark-green-paper-cardboard-necklace-bracelet-rings-earrings-pendant-gift-paper-packaging-box-for-jewelry-with-ribbon-bowknot\/#breadcrumb","itemListElement":[{"@type":"ListItem","position":1,"name":"Home","item":"https:\/\/www.chinatopack.com\/"},{"@type":"ListItem","position":2,"name":"Products","item":"https:\/\/www.chinatopack.com\/shop\/"},{"@type":"ListItem","position":3,"name":"Luxury Dark Green Paper Cardboard Necklace Bracelet Rings Earrings Pendant Gift Paper Custom Jewellery Boxes With Ribbon Bowknot"}]},{"@type":"WebSite","@id":"https:\/\/www.chinatopack.com\/#website","url":"https:\/\/www.chinatopack.com\/","name":"TOPACK Paper Boxes","description":"","publisher":{"@id":"https:\/\/www.chinatopack.com\/#organization"},"potentialAction":[{"@type":"SearchAction","target":{"@type":"EntryPoint","urlTemplate":"https:\/\/www.chinatopack.com\/?s={search_term_string}"},"query-input":"required name=search_term_string"}],"inLanguage":"pt-PT"},{"@type":"Organization","@id":"https:\/\/www.chinatopack.com\/#organization","name":"TOPACK Paper Boxes","url":"https:\/\/www.chinatopack.com\/","logo":{"@type":"ImageObject","inLanguage":"pt-PT","@id":"https:\/\/www.chinatopack.com\/#\/schema\/logo\/image\/","url":"https:\/\/www.chinatopack.com\/wp-content\/uploads\/2025\/11\/logo2.webp","contentUrl":"https:\/\/www.chinatopack.com\/wp-content\/uploads\/2025\/11\/logo2.webp","width":512,"height":512,"caption":"TOPACK Paper Boxes"},"image":{"@id":"https:\/\/www.chinatopack.com\/#\/schema\/logo\/image\/"},"sameAs":["https:\/\/www.facebook.com\/ChinaTopack\/","https:\/\/www.youtube.com\/@chinatopack"]}]}},"_links":{"self":[{"href":"https:\/\/www.chinatopack.com\/pt\/wp-json\/wp\/v2\/product\/12570"}],"collection":[{"href":"https:\/\/www.chinatopack.com\/pt\/wp-json\/wp\/v2\/product"}],"about":[{"href":"https:\/\/www.chinatopack.com\/pt\/wp-json\/wp\/v2\/types\/product"}],"replies":[{"embeddable":true,"href":"https:\/\/www.chinatopack.com\/pt\/wp-json\/wp\/v2\/comments?post=12570"}],"wp:featuredmedia":[{"embeddable":true,"href":"https:\/\/www.chinatopack.com\/pt\/wp-json\/wp\/v2\/media\/12579"}],"wp:attachment":[{"href":"https:\/\/www.chinatopack.com\/pt\/wp-json\/wp\/v2\/media?parent=12570"}],"wp:term":[{"taxonomy":"product_cat","embeddable":true,"href":"https:\/\/www.chinatopack.com\/pt\/wp-json\/wp\/v2\/product_cat?post=12570"},{"taxonomy":"product_tag","embeddable":true,"href":"https:\/\/www.chinatopack.com\/pt\/wp-json\/wp\/v2\/product_tag?post=12570"}],"curies":[{"name":"wp","href":"https:\/\/api.w.org\/{rel}","templated":true}]}}