{"id":12584,"date":"2025-06-16T14:50:34","date_gmt":"2025-06-16T14:50:34","guid":{"rendered":"https:\/\/www.chinatopack.com\/?post_type=product&#038;p=12584"},"modified":"2025-08-12T10:56:12","modified_gmt":"2025-08-12T10:56:12","slug":"luxury-dark-green-paper-cardboard-necklace-bracelet-rings-earrings-pendant-jewellery-box-for-silver-with-ribbon-bowknot","status":"publish","type":"product","link":"https:\/\/www.chinatopack.com\/pt\/produto\/luxury-dark-green-paper-cardboard-necklace-bracelet-rings-earrings-pendant-jewellery-box-for-silver-with-ribbon-bowknot\/","title":{"rendered":"Caixa de j\u00f3ias de pingente para prata com la\u00e7o de fita"},"content":{"rendered":"<h2>Caixa de papel para j\u00f3ias<\/h2>\n<p>Destaque-se nas prateleiras com os nossos produtos \"premium <a href=\"https:\/\/www.chinatopack.com\/pt\/category\/jewelry-box\/\"><strong>caixa de j\u00f3ias de luxo<\/strong><\/a>\", concebido para combinar luxo, funcionalidade e sustentabilidade.<\/p>\n<h3>As carater\u00edsticas espec\u00edficas s\u00e3o as seguintes:<\/h3>\n<p>Materiais amigos do ambiente: O <a href=\"https:\/\/www.chinatopack.com\/pt\/\"><strong>caixas de j\u00f3ias personalizadas<\/strong><\/a> s\u00e3o feitos de papel recicl\u00e1vel, cart\u00e3o certificado pelo FSC ou op\u00e7\u00f5es biodegrad\u00e1veis para apelar aos consumidores preocupados com o ambiente.<br \/>\nAcabamentos topo de gama: Lamina\u00e7\u00e3o brilhante\/matte, grava\u00e7\u00e3o em relevo, estampagem em folha e revestimentos de toque suave para uma sensa\u00e7\u00e3o de luxo.<br \/>\nFormas e estruturas personalizadas: Janelas \u00fanicas cortadas, fechos magn\u00e9ticos ou designs tipo gaveta para experi\u00eancias de desembalagem melhoradas.<br \/>\nImpress\u00e3o vibrante: offset HD\/cor Pantone<\/p>\n<h3>Vantagens competitivas:<\/h3>\n<p>1. Diferencia\u00e7\u00e3o: Desenhos \u00fanicos tornam a sua marca memor\u00e1vel.<br \/>\n2. Durabilidade: As costuras refor\u00e7adas protegem os cosm\u00e9ticos delicados durante o transporte.<br \/>\n3. Econ\u00f3mica: leve e robusta, reduzindo os custos log\u00edsticos<\/p>\n<p>Como a personaliza\u00e7\u00e3o <a href=\"https:\/\/www.chinatopack.com\/pt\/about-us\/\"><strong>fabricantes de caixas de j\u00f3ias<\/strong> <\/a>com mais de 20 anos de experi\u00eancia, podemos fornecer aconselhamento profissional, e outros tipos de caixas de embalagem, tais como caixas dobr\u00e1veis e caixas em forma de livro. etc. A fim de garantir a qualidade, nossa equipe de inspe\u00e7\u00e3o de qualidade n\u00e3o s\u00f3 ir\u00e1 inspecionar o produto acabado, mas tamb\u00e9m fazer a inspe\u00e7\u00e3o de entrada e inspe\u00e7\u00e3o de processo. Todos <a href=\"https:\/\/www.chinatopack.com\/pt\/produto\/luxury-dark-green-paper-cardboard-necklace-bracelet-rings-earrings-pendant-jewellery-box-for-silver-with-ribbon-bowknot\/\"><strong>caixa de j\u00f3ias para prata<\/strong><\/a>\u00a0ser\u00e3o embalados numa caixa de cart\u00e3o kraft de cinco camadas antes do transporte para garantir que n\u00e3o ser\u00e3o danificados durante o transporte.<\/p>\n<h2>Imagens do produto<\/h2>\n<p><img loading=\"lazy\" decoding=\"async\" class=\"size-full wp-image-12586 aligncenter\" data-src=\"https:\/\/www.chinatopack.com\/wp-content\/uploads\/2025\/06\/Luxury-Dark-Green-Paper-Cardboard-Necklace-Bracelet-Rings-Earrings-Pendant-Gift-Paper-Packaging-Box-for-Jewelry-With-Ribbon-Bowknot5.webp\" alt=\"Caixa de embalagem de papel para j\u00f3ias com la\u00e7o de fita\" width=\"801\" height=\"800\" srcset=\"https:\/\/www.chinatopack.com\/wp-content\/uploads\/2025\/06\/Luxury-Dark-Green-Paper-Cardboard-Necklace-Bracelet-Rings-Earrings-Pendant-Gift-Paper-Packaging-Box-for-Jewelry-With-Ribbon-Bowknot5.webp 801w, https:\/\/www.chinatopack.com\/wp-content\/uploads\/2025\/06\/Luxury-Dark-Green-Paper-Cardboard-Necklace-Bracelet-Rings-Earrings-Pendant-Gift-Paper-Packaging-Box-for-Jewelry-With-Ribbon-Bowknot5-480x479.webp 480w\" sizes=\"(min-width: 0px) and (max-width: 480px) 480px, (min-width: 481px) 801px, 100vw\" \/><\/p>\n<p style=\"text-align: center;\"><a href=\"https:\/\/www.chinatopack.com\/pt\/produto-etiqueta\/luxury-jewellery-box\/\"><strong>Caixa de j\u00f3ias de luxo<\/strong><\/a><\/p>\n<p><img loading=\"lazy\" decoding=\"async\" class=\"size-full wp-image-12585 aligncenter\" data-src=\"https:\/\/www.chinatopack.com\/wp-content\/uploads\/2025\/06\/Luxury-Dark-Green-Paper-Cardboard-Necklace-Bracelet-Rings-Earrings-Pendant-Gift-Paper-Packaging-Box-for-Jewelry-With-Ribbon-Bowknot1-1.webp\" alt=\"Caixa de embalagem de papel para j\u00f3ias com la\u00e7o de fita\" width=\"800\" height=\"801\" srcset=\"https:\/\/www.chinatopack.com\/wp-content\/uploads\/2025\/06\/Luxury-Dark-Green-Paper-Cardboard-Necklace-Bracelet-Rings-Earrings-Pendant-Gift-Paper-Packaging-Box-for-Jewelry-With-Ribbon-Bowknot1-1.webp 800w, https:\/\/www.chinatopack.com\/wp-content\/uploads\/2025\/06\/Luxury-Dark-Green-Paper-Cardboard-Necklace-Bracelet-Rings-Earrings-Pendant-Gift-Paper-Packaging-Box-for-Jewelry-With-Ribbon-Bowknot1-1-480x481.webp 480w\" sizes=\"(min-width: 0px) and (max-width: 480px) 480px, (min-width: 481px) 800px, 100vw\" \/><\/p>\n<p style=\"text-align: center;\"><a href=\"https:\/\/www.chinatopack.com\/pt\/produto-etiqueta\/watch-jewelry-box\/\"><strong>Caixa de j\u00f3ias para rel\u00f3gios<\/strong><\/a><\/p>","protected":false},"excerpt":{"rendered":"<p>\uf0b7Manufactured de material de cart\u00e3o dur\u00e1vel e resistente<br \/>\n\uf0b7Custom tamanhos est\u00e3o dispon\u00edveis para diferentes medidas de produtos<br \/>\n\uf0b7High m\u00e1quinas de impress\u00e3o de qualidade que geram imagens e log\u00f3tipos impressionantes<br \/>\n\uf0b7Easy montagem e desmont\u00e1vel para guardar<br \/>\n\uf0b7Great estrutura para j\u00f3ias e produtos de beleza<\/p>","protected":false},"featured_media":12585,"comment_status":"closed","ping_status":"closed","template":"","meta":{"_et_pb_use_builder":"","_et_pb_old_content":"","_et_gb_content_width":""},"product_cat":[308],"product_tag":[294,295],"yoast_head":"<!-- This site is optimized with the Yoast SEO plugin v22.7 - https:\/\/yoast.com\/wordpress\/plugins\/seo\/ -->\n<title>Luxury Custom Jewellery Boxes Supplier | Custom &amp; Eco in China<\/title>\n<meta name=\"description\" content=\"20+ Yrs Jewelry Box Supplier: Eco-luxury custom boxes w\/ foil\/embossing finishes. Durable, cost-effective designs. Manufacturer since 2003. Request quote!\" \/>\n<meta name=\"robots\" content=\"index, follow, max-snippet:-1, max-image-preview:large, max-video-preview:-1\" \/>\n<link rel=\"canonical\" href=\"https:\/\/www.chinatopack.com\/pt\/produto\/luxury-dark-green-paper-cardboard-necklace-bracelet-rings-earrings-pendant-jewellery-box-for-silver-with-ribbon-bowknot\/\" \/>\n<meta property=\"og:locale\" content=\"pt_PT\" \/>\n<meta property=\"og:type\" content=\"article\" \/>\n<meta property=\"og:title\" content=\"Luxury Custom Jewellery Boxes Supplier | Custom &amp; Eco in China\" \/>\n<meta property=\"og:description\" content=\"20+ Yrs Jewelry Box Supplier: Eco-luxury custom boxes w\/ foil\/embossing finishes. Durable, cost-effective designs. Manufacturer since 2003. Request quote!\" \/>\n<meta property=\"og:url\" content=\"https:\/\/www.chinatopack.com\/pt\/produto\/luxury-dark-green-paper-cardboard-necklace-bracelet-rings-earrings-pendant-jewellery-box-for-silver-with-ribbon-bowknot\/\" \/>\n<meta property=\"og:site_name\" content=\"TOPACK Paper Boxes\" \/>\n<meta property=\"article:publisher\" content=\"https:\/\/www.facebook.com\/ChinaTopack\/\" \/>\n<meta property=\"article:modified_time\" content=\"2025-08-12T10:56:12+00:00\" \/>\n<meta property=\"og:image\" content=\"https:\/\/www.chinatopack.com\/wp-content\/uploads\/2025\/06\/Luxury-Dark-Green-Paper-Cardboard-Necklace-Bracelet-Rings-Earrings-Pendant-Gift-Paper-Packaging-Box-for-Jewelry-With-Ribbon-Bowknot1-1.webp\" \/>\n\t<meta property=\"og:image:width\" content=\"800\" \/>\n\t<meta property=\"og:image:height\" content=\"801\" \/>\n\t<meta property=\"og:image:type\" content=\"image\/webp\" \/>\n<meta name=\"twitter:card\" content=\"summary_large_image\" \/>\n<meta name=\"twitter:label1\" content=\"Tempo estimado de leitura\" \/>\n\t<meta name=\"twitter:data1\" content=\"2 minutos\" \/>\n<script type=\"application\/ld+json\" class=\"yoast-schema-graph\">{\"@context\":\"https:\/\/schema.org\",\"@graph\":[{\"@type\":\"WebPage\",\"@id\":\"https:\/\/www.chinatopack.com\/product\/luxury-dark-green-paper-cardboard-necklace-bracelet-rings-earrings-pendant-jewellery-box-for-silver-with-ribbon-bowknot\/\",\"url\":\"https:\/\/www.chinatopack.com\/product\/luxury-dark-green-paper-cardboard-necklace-bracelet-rings-earrings-pendant-jewellery-box-for-silver-with-ribbon-bowknot\/\",\"name\":\"Luxury Custom Jewellery Boxes Supplier | Custom & Eco in China\",\"isPartOf\":{\"@id\":\"https:\/\/www.chinatopack.com\/#website\"},\"primaryImageOfPage\":{\"@id\":\"https:\/\/www.chinatopack.com\/product\/luxury-dark-green-paper-cardboard-necklace-bracelet-rings-earrings-pendant-jewellery-box-for-silver-with-ribbon-bowknot\/#primaryimage\"},\"image\":{\"@id\":\"https:\/\/www.chinatopack.com\/product\/luxury-dark-green-paper-cardboard-necklace-bracelet-rings-earrings-pendant-jewellery-box-for-silver-with-ribbon-bowknot\/#primaryimage\"},\"thumbnailUrl\":\"https:\/\/www.chinatopack.com\/wp-content\/uploads\/2025\/06\/Luxury-Dark-Green-Paper-Cardboard-Necklace-Bracelet-Rings-Earrings-Pendant-Gift-Paper-Packaging-Box-for-Jewelry-With-Ribbon-Bowknot1-1.webp\",\"datePublished\":\"2025-06-16T14:50:34+00:00\",\"dateModified\":\"2025-08-12T10:56:12+00:00\",\"description\":\"20+ Yrs Jewelry Box Supplier: Eco-luxury custom boxes w\/ foil\/embossing finishes. Durable, cost-effective designs. Manufacturer since 2003. Request quote!\",\"breadcrumb\":{\"@id\":\"https:\/\/www.chinatopack.com\/product\/luxury-dark-green-paper-cardboard-necklace-bracelet-rings-earrings-pendant-jewellery-box-for-silver-with-ribbon-bowknot\/#breadcrumb\"},\"inLanguage\":\"pt-PT\",\"potentialAction\":[{\"@type\":\"ReadAction\",\"target\":[\"https:\/\/www.chinatopack.com\/product\/luxury-dark-green-paper-cardboard-necklace-bracelet-rings-earrings-pendant-jewellery-box-for-silver-with-ribbon-bowknot\/\"]}]},{\"@type\":\"ImageObject\",\"inLanguage\":\"pt-PT\",\"@id\":\"https:\/\/www.chinatopack.com\/product\/luxury-dark-green-paper-cardboard-necklace-bracelet-rings-earrings-pendant-jewellery-box-for-silver-with-ribbon-bowknot\/#primaryimage\",\"url\":\"https:\/\/www.chinatopack.com\/wp-content\/uploads\/2025\/06\/Luxury-Dark-Green-Paper-Cardboard-Necklace-Bracelet-Rings-Earrings-Pendant-Gift-Paper-Packaging-Box-for-Jewelry-With-Ribbon-Bowknot1-1.webp\",\"contentUrl\":\"https:\/\/www.chinatopack.com\/wp-content\/uploads\/2025\/06\/Luxury-Dark-Green-Paper-Cardboard-Necklace-Bracelet-Rings-Earrings-Pendant-Gift-Paper-Packaging-Box-for-Jewelry-With-Ribbon-Bowknot1-1.webp\",\"width\":800,\"height\":801,\"caption\":\"Luxury Dark Green Paper Cardboard Necklace Bracelet Rings Earrings Pendant Gift Paper Packaging Box for Jewelry With Ribbon Bowknot\"},{\"@type\":\"BreadcrumbList\",\"@id\":\"https:\/\/www.chinatopack.com\/product\/luxury-dark-green-paper-cardboard-necklace-bracelet-rings-earrings-pendant-jewellery-box-for-silver-with-ribbon-bowknot\/#breadcrumb\",\"itemListElement\":[{\"@type\":\"ListItem\",\"position\":1,\"name\":\"Home\",\"item\":\"https:\/\/www.chinatopack.com\/\"},{\"@type\":\"ListItem\",\"position\":2,\"name\":\"Products\",\"item\":\"https:\/\/www.chinatopack.com\/shop\/\"},{\"@type\":\"ListItem\",\"position\":3,\"name\":\"Luxury Dark Green Paper Cardboard Necklace Bracelet Rings Earrings Pendant Jewellery Box For Silver With Ribbon Bowknot\"}]},{\"@type\":\"WebSite\",\"@id\":\"https:\/\/www.chinatopack.com\/#website\",\"url\":\"https:\/\/www.chinatopack.com\/\",\"name\":\"TOPACK Paper Boxes\",\"description\":\"\",\"publisher\":{\"@id\":\"https:\/\/www.chinatopack.com\/#organization\"},\"potentialAction\":[{\"@type\":\"SearchAction\",\"target\":{\"@type\":\"EntryPoint\",\"urlTemplate\":\"https:\/\/www.chinatopack.com\/?s={search_term_string}\"},\"query-input\":\"required name=search_term_string\"}],\"inLanguage\":\"pt-PT\"},{\"@type\":\"Organization\",\"@id\":\"https:\/\/www.chinatopack.com\/#organization\",\"name\":\"TOPACK Paper Boxes\",\"url\":\"https:\/\/www.chinatopack.com\/\",\"logo\":{\"@type\":\"ImageObject\",\"inLanguage\":\"pt-PT\",\"@id\":\"https:\/\/www.chinatopack.com\/#\/schema\/logo\/image\/\",\"url\":\"https:\/\/www.chinatopack.com\/wp-content\/uploads\/2025\/11\/logo2.webp\",\"contentUrl\":\"https:\/\/www.chinatopack.com\/wp-content\/uploads\/2025\/11\/logo2.webp\",\"width\":512,\"height\":512,\"caption\":\"TOPACK Paper Boxes\"},\"image\":{\"@id\":\"https:\/\/www.chinatopack.com\/#\/schema\/logo\/image\/\"},\"sameAs\":[\"https:\/\/www.facebook.com\/ChinaTopack\/\",\"https:\/\/www.youtube.com\/@chinatopack\"]}]}<\/script>\n<!-- \/ Yoast SEO plugin. -->","yoast_head_json":{"title":"Luxury Custom Jewellery Boxes Supplier | Custom & Eco in China","description":"20+ Yrs Jewelry Box Supplier: Eco-luxury custom boxes w\/ foil\/embossing finishes. Durable, cost-effective designs. Manufacturer since 2003. Request quote!","robots":{"index":"index","follow":"follow","max-snippet":"max-snippet:-1","max-image-preview":"max-image-preview:large","max-video-preview":"max-video-preview:-1"},"canonical":"https:\/\/www.chinatopack.com\/pt\/produto\/luxury-dark-green-paper-cardboard-necklace-bracelet-rings-earrings-pendant-jewellery-box-for-silver-with-ribbon-bowknot\/","og_locale":"pt_PT","og_type":"article","og_title":"Luxury Custom Jewellery Boxes Supplier | Custom & Eco in China","og_description":"20+ Yrs Jewelry Box Supplier: Eco-luxury custom boxes w\/ foil\/embossing finishes. Durable, cost-effective designs. Manufacturer since 2003. Request quote!","og_url":"https:\/\/www.chinatopack.com\/pt\/produto\/luxury-dark-green-paper-cardboard-necklace-bracelet-rings-earrings-pendant-jewellery-box-for-silver-with-ribbon-bowknot\/","og_site_name":"TOPACK Paper Boxes","article_publisher":"https:\/\/www.facebook.com\/ChinaTopack\/","article_modified_time":"2025-08-12T10:56:12+00:00","og_image":[{"width":800,"height":801,"url":"https:\/\/www.chinatopack.com\/wp-content\/uploads\/2025\/06\/Luxury-Dark-Green-Paper-Cardboard-Necklace-Bracelet-Rings-Earrings-Pendant-Gift-Paper-Packaging-Box-for-Jewelry-With-Ribbon-Bowknot1-1.webp","type":"image\/webp"}],"twitter_card":"summary_large_image","twitter_misc":{"Tempo estimado de leitura":"2 minutos"},"schema":{"@context":"https:\/\/schema.org","@graph":[{"@type":"WebPage","@id":"https:\/\/www.chinatopack.com\/product\/luxury-dark-green-paper-cardboard-necklace-bracelet-rings-earrings-pendant-jewellery-box-for-silver-with-ribbon-bowknot\/","url":"https:\/\/www.chinatopack.com\/product\/luxury-dark-green-paper-cardboard-necklace-bracelet-rings-earrings-pendant-jewellery-box-for-silver-with-ribbon-bowknot\/","name":"Luxury Custom Jewellery Boxes Supplier | Custom & Eco in China","isPartOf":{"@id":"https:\/\/www.chinatopack.com\/#website"},"primaryImageOfPage":{"@id":"https:\/\/www.chinatopack.com\/product\/luxury-dark-green-paper-cardboard-necklace-bracelet-rings-earrings-pendant-jewellery-box-for-silver-with-ribbon-bowknot\/#primaryimage"},"image":{"@id":"https:\/\/www.chinatopack.com\/product\/luxury-dark-green-paper-cardboard-necklace-bracelet-rings-earrings-pendant-jewellery-box-for-silver-with-ribbon-bowknot\/#primaryimage"},"thumbnailUrl":"https:\/\/www.chinatopack.com\/wp-content\/uploads\/2025\/06\/Luxury-Dark-Green-Paper-Cardboard-Necklace-Bracelet-Rings-Earrings-Pendant-Gift-Paper-Packaging-Box-for-Jewelry-With-Ribbon-Bowknot1-1.webp","datePublished":"2025-06-16T14:50:34+00:00","dateModified":"2025-08-12T10:56:12+00:00","description":"20+ Yrs Jewelry Box Supplier: Eco-luxury custom boxes w\/ foil\/embossing finishes. Durable, cost-effective designs. Manufacturer since 2003. Request quote!","breadcrumb":{"@id":"https:\/\/www.chinatopack.com\/product\/luxury-dark-green-paper-cardboard-necklace-bracelet-rings-earrings-pendant-jewellery-box-for-silver-with-ribbon-bowknot\/#breadcrumb"},"inLanguage":"pt-PT","potentialAction":[{"@type":"ReadAction","target":["https:\/\/www.chinatopack.com\/product\/luxury-dark-green-paper-cardboard-necklace-bracelet-rings-earrings-pendant-jewellery-box-for-silver-with-ribbon-bowknot\/"]}]},{"@type":"ImageObject","inLanguage":"pt-PT","@id":"https:\/\/www.chinatopack.com\/product\/luxury-dark-green-paper-cardboard-necklace-bracelet-rings-earrings-pendant-jewellery-box-for-silver-with-ribbon-bowknot\/#primaryimage","url":"https:\/\/www.chinatopack.com\/wp-content\/uploads\/2025\/06\/Luxury-Dark-Green-Paper-Cardboard-Necklace-Bracelet-Rings-Earrings-Pendant-Gift-Paper-Packaging-Box-for-Jewelry-With-Ribbon-Bowknot1-1.webp","contentUrl":"https:\/\/www.chinatopack.com\/wp-content\/uploads\/2025\/06\/Luxury-Dark-Green-Paper-Cardboard-Necklace-Bracelet-Rings-Earrings-Pendant-Gift-Paper-Packaging-Box-for-Jewelry-With-Ribbon-Bowknot1-1.webp","width":800,"height":801,"caption":"Luxury Dark Green Paper Cardboard Necklace Bracelet Rings Earrings Pendant Gift Paper Packaging Box for Jewelry With Ribbon Bowknot"},{"@type":"BreadcrumbList","@id":"https:\/\/www.chinatopack.com\/product\/luxury-dark-green-paper-cardboard-necklace-bracelet-rings-earrings-pendant-jewellery-box-for-silver-with-ribbon-bowknot\/#breadcrumb","itemListElement":[{"@type":"ListItem","position":1,"name":"Home","item":"https:\/\/www.chinatopack.com\/"},{"@type":"ListItem","position":2,"name":"Products","item":"https:\/\/www.chinatopack.com\/shop\/"},{"@type":"ListItem","position":3,"name":"Luxury Dark Green Paper Cardboard Necklace Bracelet Rings Earrings Pendant Jewellery Box For Silver With Ribbon Bowknot"}]},{"@type":"WebSite","@id":"https:\/\/www.chinatopack.com\/#website","url":"https:\/\/www.chinatopack.com\/","name":"TOPACK Paper Boxes","description":"","publisher":{"@id":"https:\/\/www.chinatopack.com\/#organization"},"potentialAction":[{"@type":"SearchAction","target":{"@type":"EntryPoint","urlTemplate":"https:\/\/www.chinatopack.com\/?s={search_term_string}"},"query-input":"required name=search_term_string"}],"inLanguage":"pt-PT"},{"@type":"Organization","@id":"https:\/\/www.chinatopack.com\/#organization","name":"TOPACK Paper Boxes","url":"https:\/\/www.chinatopack.com\/","logo":{"@type":"ImageObject","inLanguage":"pt-PT","@id":"https:\/\/www.chinatopack.com\/#\/schema\/logo\/image\/","url":"https:\/\/www.chinatopack.com\/wp-content\/uploads\/2025\/11\/logo2.webp","contentUrl":"https:\/\/www.chinatopack.com\/wp-content\/uploads\/2025\/11\/logo2.webp","width":512,"height":512,"caption":"TOPACK Paper Boxes"},"image":{"@id":"https:\/\/www.chinatopack.com\/#\/schema\/logo\/image\/"},"sameAs":["https:\/\/www.facebook.com\/ChinaTopack\/","https:\/\/www.youtube.com\/@chinatopack"]}]}},"_links":{"self":[{"href":"https:\/\/www.chinatopack.com\/pt\/wp-json\/wp\/v2\/product\/12584"}],"collection":[{"href":"https:\/\/www.chinatopack.com\/pt\/wp-json\/wp\/v2\/product"}],"about":[{"href":"https:\/\/www.chinatopack.com\/pt\/wp-json\/wp\/v2\/types\/product"}],"replies":[{"embeddable":true,"href":"https:\/\/www.chinatopack.com\/pt\/wp-json\/wp\/v2\/comments?post=12584"}],"wp:featuredmedia":[{"embeddable":true,"href":"https:\/\/www.chinatopack.com\/pt\/wp-json\/wp\/v2\/media\/12585"}],"wp:attachment":[{"href":"https:\/\/www.chinatopack.com\/pt\/wp-json\/wp\/v2\/media?parent=12584"}],"wp:term":[{"taxonomy":"product_cat","embeddable":true,"href":"https:\/\/www.chinatopack.com\/pt\/wp-json\/wp\/v2\/product_cat?post=12584"},{"taxonomy":"product_tag","embeddable":true,"href":"https:\/\/www.chinatopack.com\/pt\/wp-json\/wp\/v2\/product_tag?post=12584"}],"curies":[{"name":"wp","href":"https:\/\/api.w.org\/{rel}","templated":true}]}}