{"id":12598,"date":"2025-06-16T15:05:32","date_gmt":"2025-06-16T15:05:32","guid":{"rendered":"https:\/\/www.chinatopack.com\/?post_type=product&#038;p=12598"},"modified":"2025-08-12T11:01:25","modified_gmt":"2025-08-12T11:01:25","slug":"recyclable-durable-paper-cardboard-box-packaging-elegant-gold-foil-and-uv-embossed-printing-rigid-storage-boxes-with-magnet","status":"publish","type":"product","link":"https:\/\/www.chinatopack.com\/pt\/produto\/recyclable-durable-paper-cardboard-box-packaging-elegant-gold-foil-and-uv-embossed-printing-rigid-storage-boxes-with-magnet\/","title":{"rendered":"Caixa de cart\u00e3o de papel dur\u00e1vel recicl\u00e1vel Embalagem elegante com folha de ouro e impress\u00e3o em relevo UV Caixas de armazenamento r\u00edgidas com \u00edman"},"content":{"rendered":"<p>A embalagem para oferta n\u00e3o \u00e9 apenas um recipiente para proteger os produtos, mas tamb\u00e9m uma express\u00e3o intuitiva da filosofia da marca e uma arma poderosa na competi\u00e7\u00e3o de mercado. A partir das perspectivas da filosofia da embalagem, da est\u00e9tica e dos s\u00edmbolos estrat\u00e9gicos, <a href=\"https:\/\/www.chinatopack.com\/pt\/category\/rigid-box\/\"><strong>caixa r\u00edgida<\/strong><\/a> deve conter ideias criativas \u00fanicas e profundas.<\/p>\n<p>Este requintado <a href=\"https:\/\/www.chinatopack.com\/pt\/produto-etiqueta\/box-rigid\/\"><strong>caixa r\u00edgida<\/strong><\/a> foi especialmente concebido para o luxo e a versatilidade e \u00e9 muito adequado para guardar j\u00f3ias, chocolates requintados, lembran\u00e7as ou artigos personalizados. <a href=\"https:\/\/www.chinatopack.com\/pt\/\"><strong>caixas r\u00edgidas personalizadas <\/strong><\/a>com fecho magn\u00e9tico garante um processo de abertura suave e desobstru\u00eddo, enquanto o acolchoamento macio no interior pode proteger cuidadosamente os artigos fr\u00e1geis. Est\u00e1 dispon\u00edvel numa variedade de cores suaves e tamb\u00e9m pode ser personalizada com v\u00e1rios tratamentos de superf\u00edcie (como estampagem em folha, etiquetas em relevo ou ilustra\u00e7\u00f5es retro), transformando assim qualquer presente numa obra-prima repleta de hist\u00f3rias.<\/p>\n<p>Como o papel de personaliza\u00e7\u00e3o <a href=\"https:\/\/www.chinatopack.com\/pt\/about-us\/\"><strong>fornecedores de caixas r\u00edgidas<\/strong><\/a> com mais de 20 anos de experi\u00eancia, podemos fornecer aconselhamento profissional, e outros tipos de caixas de embalagem, tais como caixas dobr\u00e1veis e caixas em forma de livro. etc. A fim de garantir a qualidade, nossa equipe de inspe\u00e7\u00e3o de qualidade n\u00e3o s\u00f3 inspecionar\u00e1 o produto acabado, mas tamb\u00e9m far\u00e1 a inspe\u00e7\u00e3o de entrada e inspe\u00e7\u00e3o de processo. Todos os sacos de embalagem ser\u00e3o embalados numa caixa de cart\u00e3o kraft de cinco camadas antes do transporte para garantir que n\u00e3o ser\u00e3o danificados durante o transporte.<\/p>\n<h2>Imagens de produtos de <a href=\"https:\/\/www.chinatopack.com\/pt\/produto\/recyclable-durable-paper-cardboard-box-packaging-elegant-gold-foil-and-uv-embossed-printing-rigid-storage-boxes-with-magnet\/\"><strong>Caixas de armazenamento r\u00edgidas<\/strong><\/a><\/h2>\n<p><img loading=\"lazy\" decoding=\"async\" class=\"size-full wp-image-12605 aligncenter\" data-src=\"https:\/\/www.chinatopack.com\/wp-content\/uploads\/2025\/06\/Recyclable-Durable-Paper-Cardboard-Box-Packaging-Elegant-Gold-Foil-and-UV-Embossed-Printing-Rigid-Gift-Box-With-Magnet-10.webp\" alt=\"Caixa de cart\u00e3o de papel dur\u00e1vel recicl\u00e1vel Embalagem elegante com folha de ouro e impress\u00e3o em relevo UV Caixa de oferta r\u00edgida com \u00edman\" width=\"800\" height=\"800\" srcset=\"https:\/\/www.chinatopack.com\/wp-content\/uploads\/2025\/06\/Recyclable-Durable-Paper-Cardboard-Box-Packaging-Elegant-Gold-Foil-and-UV-Embossed-Printing-Rigid-Gift-Box-With-Magnet-10.webp 800w, https:\/\/www.chinatopack.com\/wp-content\/uploads\/2025\/06\/Recyclable-Durable-Paper-Cardboard-Box-Packaging-Elegant-Gold-Foil-and-UV-Embossed-Printing-Rigid-Gift-Box-With-Magnet-10-480x480.webp 480w\" sizes=\"(min-width: 0px) and (max-width: 480px) 480px, (min-width: 481px) 800px, 100vw\" \/> <img loading=\"lazy\" decoding=\"async\" class=\"size-full wp-image-12606 aligncenter\" data-src=\"https:\/\/www.chinatopack.com\/wp-content\/uploads\/2025\/06\/Recyclable-Durable-Paper-Cardboard-Box-Packaging-Elegant-Gold-Foil-and-UV-Embossed-Printing-Rigid-Gift-Box-With-Magnet-7.webp\" alt=\"Caixa de cart\u00e3o de papel dur\u00e1vel recicl\u00e1vel Embalagem elegante com folha de ouro e impress\u00e3o em relevo UV Caixa de oferta r\u00edgida com \u00edman\" width=\"800\" height=\"800\" srcset=\"https:\/\/www.chinatopack.com\/wp-content\/uploads\/2025\/06\/Recyclable-Durable-Paper-Cardboard-Box-Packaging-Elegant-Gold-Foil-and-UV-Embossed-Printing-Rigid-Gift-Box-With-Magnet-7.webp 800w, https:\/\/www.chinatopack.com\/wp-content\/uploads\/2025\/06\/Recyclable-Durable-Paper-Cardboard-Box-Packaging-Elegant-Gold-Foil-and-UV-Embossed-Printing-Rigid-Gift-Box-With-Magnet-7-480x480.webp 480w\" sizes=\"(min-width: 0px) and (max-width: 480px) 480px, (min-width: 481px) 800px, 100vw\" \/> <img loading=\"lazy\" decoding=\"async\" class=\"size-full wp-image-12607 aligncenter\" data-src=\"https:\/\/www.chinatopack.com\/wp-content\/uploads\/2025\/06\/Recyclable-Durable-Paper-Cardboard-Box-Packaging-Elegant-Gold-Foil-and-UV-Embossed-Printing-Rigid-Gift-Box-With-Magnet-8.webp\" alt=\"Caixa de cart\u00e3o de papel dur\u00e1vel recicl\u00e1vel Embalagem elegante com folha de ouro e impress\u00e3o em relevo UV Caixa de oferta r\u00edgida com \u00edman\" width=\"800\" height=\"800\" srcset=\"https:\/\/www.chinatopack.com\/wp-content\/uploads\/2025\/06\/Recyclable-Durable-Paper-Cardboard-Box-Packaging-Elegant-Gold-Foil-and-UV-Embossed-Printing-Rigid-Gift-Box-With-Magnet-8.webp 800w, https:\/\/www.chinatopack.com\/wp-content\/uploads\/2025\/06\/Recyclable-Durable-Paper-Cardboard-Box-Packaging-Elegant-Gold-Foil-and-UV-Embossed-Printing-Rigid-Gift-Box-With-Magnet-8-480x480.webp 480w\" sizes=\"(min-width: 0px) and (max-width: 480px) 480px, (min-width: 481px) 800px, 100vw\" \/> <img loading=\"lazy\" decoding=\"async\" class=\"size-full wp-image-12608 aligncenter\" data-src=\"https:\/\/www.chinatopack.com\/wp-content\/uploads\/2025\/06\/Recyclable-Durable-Paper-Cardboard-Box-Packaging-Elegant-Gold-Foil-and-UV-Embossed-Printing-Rigid-Gift-Box-With-Magnet-9.webp\" alt=\"Caixa de cart\u00e3o de papel dur\u00e1vel recicl\u00e1vel Embalagem elegante com folha de ouro e impress\u00e3o em relevo UV Caixa de oferta r\u00edgida com \u00edman\" width=\"800\" height=\"800\" srcset=\"https:\/\/www.chinatopack.com\/wp-content\/uploads\/2025\/06\/Recyclable-Durable-Paper-Cardboard-Box-Packaging-Elegant-Gold-Foil-and-UV-Embossed-Printing-Rigid-Gift-Box-With-Magnet-9.webp 800w, https:\/\/www.chinatopack.com\/wp-content\/uploads\/2025\/06\/Recyclable-Durable-Paper-Cardboard-Box-Packaging-Elegant-Gold-Foil-and-UV-Embossed-Printing-Rigid-Gift-Box-With-Magnet-9-480x480.webp 480w\" sizes=\"(min-width: 0px) and (max-width: 480px) 480px, (min-width: 481px) 800px, 100vw\" \/><\/p>","protected":false},"excerpt":{"rendered":"<p>Caixa de papel r\u00edgido<br \/>\nIndependentemente da sua mercadoria, as nossas caixas r\u00edgidas para oferta criam uma primeira impress\u00e3o excecional desde o in\u00edcio. O design da tampa com janela mostra os melhores \u00e2ngulos do seu produto, enquanto a constru\u00e7\u00e3o robusta proporciona uma seguran\u00e7a inigual\u00e1vel para os seus artigos valiosos.<\/p>","protected":false},"featured_media":12599,"comment_status":"closed","ping_status":"closed","template":"","meta":{"_et_pb_use_builder":"","_et_pb_old_content":"","_et_gb_content_width":""},"product_cat":[310],"product_tag":[307],"yoast_head":"<!-- This site is optimized with the Yoast SEO plugin v22.7 - https:\/\/yoast.com\/wordpress\/plugins\/seo\/ -->\n<title>Luxury Rigid Storage Boxes Supplier | Magnetic Closure<\/title>\n<meta name=\"description\" content=\"20+ Yrs Custom Rigid Storage Boxes Supplier: Magnetic closure boxes w\/ protective padding &amp; foil stamping. Luxury packaging for jewelry\/chocolates. Request quote!\" \/>\n<meta name=\"robots\" content=\"index, follow, max-snippet:-1, max-image-preview:large, max-video-preview:-1\" \/>\n<link rel=\"canonical\" href=\"https:\/\/www.chinatopack.com\/pt\/produto\/recyclable-durable-paper-cardboard-box-packaging-elegant-gold-foil-and-uv-embossed-printing-rigid-storage-boxes-with-magnet\/\" \/>\n<meta property=\"og:locale\" content=\"pt_PT\" \/>\n<meta property=\"og:type\" content=\"article\" \/>\n<meta property=\"og:title\" content=\"Luxury Rigid Storage Boxes Supplier | Magnetic Closure\" \/>\n<meta property=\"og:description\" content=\"20+ Yrs Custom Rigid Storage Boxes Supplier: Magnetic closure boxes w\/ protective padding &amp; foil stamping. Luxury packaging for jewelry\/chocolates. Request quote!\" \/>\n<meta property=\"og:url\" content=\"https:\/\/www.chinatopack.com\/pt\/produto\/recyclable-durable-paper-cardboard-box-packaging-elegant-gold-foil-and-uv-embossed-printing-rigid-storage-boxes-with-magnet\/\" \/>\n<meta property=\"og:site_name\" content=\"TOPACK Paper Boxes\" \/>\n<meta property=\"article:publisher\" content=\"https:\/\/www.facebook.com\/ChinaTopack\/\" \/>\n<meta property=\"article:modified_time\" content=\"2025-08-12T11:01:25+00:00\" \/>\n<meta property=\"og:image\" content=\"https:\/\/www.chinatopack.com\/wp-content\/uploads\/2025\/06\/Recyclable-Durable-Paper-Cardboard-Box-Packaging-Elegant-Gold-Foil-and-UV-Embossed-Printing-Rigid-Gift-Box-With-Magnet-1.webp\" \/>\n\t<meta property=\"og:image:width\" content=\"800\" \/>\n\t<meta property=\"og:image:height\" content=\"800\" \/>\n\t<meta property=\"og:image:type\" content=\"image\/webp\" \/>\n<meta name=\"twitter:card\" content=\"summary_large_image\" \/>\n<meta name=\"twitter:label1\" content=\"Tempo estimado de leitura\" \/>\n\t<meta name=\"twitter:data1\" content=\"2 minutos\" \/>\n<script type=\"application\/ld+json\" class=\"yoast-schema-graph\">{\"@context\":\"https:\/\/schema.org\",\"@graph\":[{\"@type\":\"WebPage\",\"@id\":\"https:\/\/www.chinatopack.com\/product\/recyclable-durable-paper-cardboard-box-packaging-elegant-gold-foil-and-uv-embossed-printing-rigid-storage-boxes-with-magnet\/\",\"url\":\"https:\/\/www.chinatopack.com\/product\/recyclable-durable-paper-cardboard-box-packaging-elegant-gold-foil-and-uv-embossed-printing-rigid-storage-boxes-with-magnet\/\",\"name\":\"Luxury Rigid Storage Boxes Supplier | Magnetic Closure\",\"isPartOf\":{\"@id\":\"https:\/\/www.chinatopack.com\/#website\"},\"primaryImageOfPage\":{\"@id\":\"https:\/\/www.chinatopack.com\/product\/recyclable-durable-paper-cardboard-box-packaging-elegant-gold-foil-and-uv-embossed-printing-rigid-storage-boxes-with-magnet\/#primaryimage\"},\"image\":{\"@id\":\"https:\/\/www.chinatopack.com\/product\/recyclable-durable-paper-cardboard-box-packaging-elegant-gold-foil-and-uv-embossed-printing-rigid-storage-boxes-with-magnet\/#primaryimage\"},\"thumbnailUrl\":\"https:\/\/www.chinatopack.com\/wp-content\/uploads\/2025\/06\/Recyclable-Durable-Paper-Cardboard-Box-Packaging-Elegant-Gold-Foil-and-UV-Embossed-Printing-Rigid-Gift-Box-With-Magnet-1.webp\",\"datePublished\":\"2025-06-16T15:05:32+00:00\",\"dateModified\":\"2025-08-12T11:01:25+00:00\",\"description\":\"20+ Yrs Custom Rigid Storage Boxes Supplier: Magnetic closure boxes w\/ protective padding & foil stamping. Luxury packaging for jewelry\/chocolates. Request quote!\",\"breadcrumb\":{\"@id\":\"https:\/\/www.chinatopack.com\/product\/recyclable-durable-paper-cardboard-box-packaging-elegant-gold-foil-and-uv-embossed-printing-rigid-storage-boxes-with-magnet\/#breadcrumb\"},\"inLanguage\":\"pt-PT\",\"potentialAction\":[{\"@type\":\"ReadAction\",\"target\":[\"https:\/\/www.chinatopack.com\/product\/recyclable-durable-paper-cardboard-box-packaging-elegant-gold-foil-and-uv-embossed-printing-rigid-storage-boxes-with-magnet\/\"]}]},{\"@type\":\"ImageObject\",\"inLanguage\":\"pt-PT\",\"@id\":\"https:\/\/www.chinatopack.com\/product\/recyclable-durable-paper-cardboard-box-packaging-elegant-gold-foil-and-uv-embossed-printing-rigid-storage-boxes-with-magnet\/#primaryimage\",\"url\":\"https:\/\/www.chinatopack.com\/wp-content\/uploads\/2025\/06\/Recyclable-Durable-Paper-Cardboard-Box-Packaging-Elegant-Gold-Foil-and-UV-Embossed-Printing-Rigid-Gift-Box-With-Magnet-1.webp\",\"contentUrl\":\"https:\/\/www.chinatopack.com\/wp-content\/uploads\/2025\/06\/Recyclable-Durable-Paper-Cardboard-Box-Packaging-Elegant-Gold-Foil-and-UV-Embossed-Printing-Rigid-Gift-Box-With-Magnet-1.webp\",\"width\":800,\"height\":800,\"caption\":\"Recyclable Durable Paper Cardboard Box Packaging Elegant Gold Foil and UV Embossed Printing Rigid Gift Box With Magnet\"},{\"@type\":\"BreadcrumbList\",\"@id\":\"https:\/\/www.chinatopack.com\/product\/recyclable-durable-paper-cardboard-box-packaging-elegant-gold-foil-and-uv-embossed-printing-rigid-storage-boxes-with-magnet\/#breadcrumb\",\"itemListElement\":[{\"@type\":\"ListItem\",\"position\":1,\"name\":\"Home\",\"item\":\"https:\/\/www.chinatopack.com\/\"},{\"@type\":\"ListItem\",\"position\":2,\"name\":\"Products\",\"item\":\"https:\/\/www.chinatopack.com\/shop\/\"},{\"@type\":\"ListItem\",\"position\":3,\"name\":\"Recyclable Durable Paper Cardboard Box Packaging Elegant Gold Foil and UV Embossed Printing Rigid Storage Boxes With Magnet\"}]},{\"@type\":\"WebSite\",\"@id\":\"https:\/\/www.chinatopack.com\/#website\",\"url\":\"https:\/\/www.chinatopack.com\/\",\"name\":\"TOPACK Paper Boxes\",\"description\":\"\",\"publisher\":{\"@id\":\"https:\/\/www.chinatopack.com\/#organization\"},\"potentialAction\":[{\"@type\":\"SearchAction\",\"target\":{\"@type\":\"EntryPoint\",\"urlTemplate\":\"https:\/\/www.chinatopack.com\/?s={search_term_string}\"},\"query-input\":\"required name=search_term_string\"}],\"inLanguage\":\"pt-PT\"},{\"@type\":\"Organization\",\"@id\":\"https:\/\/www.chinatopack.com\/#organization\",\"name\":\"TOPACK Paper Boxes\",\"url\":\"https:\/\/www.chinatopack.com\/\",\"logo\":{\"@type\":\"ImageObject\",\"inLanguage\":\"pt-PT\",\"@id\":\"https:\/\/www.chinatopack.com\/#\/schema\/logo\/image\/\",\"url\":\"https:\/\/www.chinatopack.com\/wp-content\/uploads\/2025\/11\/logo2.webp\",\"contentUrl\":\"https:\/\/www.chinatopack.com\/wp-content\/uploads\/2025\/11\/logo2.webp\",\"width\":512,\"height\":512,\"caption\":\"TOPACK Paper Boxes\"},\"image\":{\"@id\":\"https:\/\/www.chinatopack.com\/#\/schema\/logo\/image\/\"},\"sameAs\":[\"https:\/\/www.facebook.com\/ChinaTopack\/\",\"https:\/\/www.youtube.com\/@chinatopack\"]}]}<\/script>\n<!-- \/ Yoast SEO plugin. -->","yoast_head_json":{"title":"Luxury Rigid Storage Boxes Supplier | Magnetic Closure","description":"20+ Yrs Custom Rigid Storage Boxes Supplier: Magnetic closure boxes w\/ protective padding & foil stamping. Luxury packaging for jewelry\/chocolates. Request quote!","robots":{"index":"index","follow":"follow","max-snippet":"max-snippet:-1","max-image-preview":"max-image-preview:large","max-video-preview":"max-video-preview:-1"},"canonical":"https:\/\/www.chinatopack.com\/pt\/produto\/recyclable-durable-paper-cardboard-box-packaging-elegant-gold-foil-and-uv-embossed-printing-rigid-storage-boxes-with-magnet\/","og_locale":"pt_PT","og_type":"article","og_title":"Luxury Rigid Storage Boxes Supplier | Magnetic Closure","og_description":"20+ Yrs Custom Rigid Storage Boxes Supplier: Magnetic closure boxes w\/ protective padding & foil stamping. Luxury packaging for jewelry\/chocolates. Request quote!","og_url":"https:\/\/www.chinatopack.com\/pt\/produto\/recyclable-durable-paper-cardboard-box-packaging-elegant-gold-foil-and-uv-embossed-printing-rigid-storage-boxes-with-magnet\/","og_site_name":"TOPACK Paper Boxes","article_publisher":"https:\/\/www.facebook.com\/ChinaTopack\/","article_modified_time":"2025-08-12T11:01:25+00:00","og_image":[{"width":800,"height":800,"url":"https:\/\/www.chinatopack.com\/wp-content\/uploads\/2025\/06\/Recyclable-Durable-Paper-Cardboard-Box-Packaging-Elegant-Gold-Foil-and-UV-Embossed-Printing-Rigid-Gift-Box-With-Magnet-1.webp","type":"image\/webp"}],"twitter_card":"summary_large_image","twitter_misc":{"Tempo estimado de leitura":"2 minutos"},"schema":{"@context":"https:\/\/schema.org","@graph":[{"@type":"WebPage","@id":"https:\/\/www.chinatopack.com\/product\/recyclable-durable-paper-cardboard-box-packaging-elegant-gold-foil-and-uv-embossed-printing-rigid-storage-boxes-with-magnet\/","url":"https:\/\/www.chinatopack.com\/product\/recyclable-durable-paper-cardboard-box-packaging-elegant-gold-foil-and-uv-embossed-printing-rigid-storage-boxes-with-magnet\/","name":"Luxury Rigid Storage Boxes Supplier | Magnetic Closure","isPartOf":{"@id":"https:\/\/www.chinatopack.com\/#website"},"primaryImageOfPage":{"@id":"https:\/\/www.chinatopack.com\/product\/recyclable-durable-paper-cardboard-box-packaging-elegant-gold-foil-and-uv-embossed-printing-rigid-storage-boxes-with-magnet\/#primaryimage"},"image":{"@id":"https:\/\/www.chinatopack.com\/product\/recyclable-durable-paper-cardboard-box-packaging-elegant-gold-foil-and-uv-embossed-printing-rigid-storage-boxes-with-magnet\/#primaryimage"},"thumbnailUrl":"https:\/\/www.chinatopack.com\/wp-content\/uploads\/2025\/06\/Recyclable-Durable-Paper-Cardboard-Box-Packaging-Elegant-Gold-Foil-and-UV-Embossed-Printing-Rigid-Gift-Box-With-Magnet-1.webp","datePublished":"2025-06-16T15:05:32+00:00","dateModified":"2025-08-12T11:01:25+00:00","description":"20+ Yrs Custom Rigid Storage Boxes Supplier: Magnetic closure boxes w\/ protective padding & foil stamping. Luxury packaging for jewelry\/chocolates. Request quote!","breadcrumb":{"@id":"https:\/\/www.chinatopack.com\/product\/recyclable-durable-paper-cardboard-box-packaging-elegant-gold-foil-and-uv-embossed-printing-rigid-storage-boxes-with-magnet\/#breadcrumb"},"inLanguage":"pt-PT","potentialAction":[{"@type":"ReadAction","target":["https:\/\/www.chinatopack.com\/product\/recyclable-durable-paper-cardboard-box-packaging-elegant-gold-foil-and-uv-embossed-printing-rigid-storage-boxes-with-magnet\/"]}]},{"@type":"ImageObject","inLanguage":"pt-PT","@id":"https:\/\/www.chinatopack.com\/product\/recyclable-durable-paper-cardboard-box-packaging-elegant-gold-foil-and-uv-embossed-printing-rigid-storage-boxes-with-magnet\/#primaryimage","url":"https:\/\/www.chinatopack.com\/wp-content\/uploads\/2025\/06\/Recyclable-Durable-Paper-Cardboard-Box-Packaging-Elegant-Gold-Foil-and-UV-Embossed-Printing-Rigid-Gift-Box-With-Magnet-1.webp","contentUrl":"https:\/\/www.chinatopack.com\/wp-content\/uploads\/2025\/06\/Recyclable-Durable-Paper-Cardboard-Box-Packaging-Elegant-Gold-Foil-and-UV-Embossed-Printing-Rigid-Gift-Box-With-Magnet-1.webp","width":800,"height":800,"caption":"Recyclable Durable Paper Cardboard Box Packaging Elegant Gold Foil and UV Embossed Printing Rigid Gift Box With Magnet"},{"@type":"BreadcrumbList","@id":"https:\/\/www.chinatopack.com\/product\/recyclable-durable-paper-cardboard-box-packaging-elegant-gold-foil-and-uv-embossed-printing-rigid-storage-boxes-with-magnet\/#breadcrumb","itemListElement":[{"@type":"ListItem","position":1,"name":"Home","item":"https:\/\/www.chinatopack.com\/"},{"@type":"ListItem","position":2,"name":"Products","item":"https:\/\/www.chinatopack.com\/shop\/"},{"@type":"ListItem","position":3,"name":"Recyclable Durable Paper Cardboard Box Packaging Elegant Gold Foil and UV Embossed Printing Rigid Storage Boxes With Magnet"}]},{"@type":"WebSite","@id":"https:\/\/www.chinatopack.com\/#website","url":"https:\/\/www.chinatopack.com\/","name":"TOPACK Paper Boxes","description":"","publisher":{"@id":"https:\/\/www.chinatopack.com\/#organization"},"potentialAction":[{"@type":"SearchAction","target":{"@type":"EntryPoint","urlTemplate":"https:\/\/www.chinatopack.com\/?s={search_term_string}"},"query-input":"required name=search_term_string"}],"inLanguage":"pt-PT"},{"@type":"Organization","@id":"https:\/\/www.chinatopack.com\/#organization","name":"TOPACK Paper Boxes","url":"https:\/\/www.chinatopack.com\/","logo":{"@type":"ImageObject","inLanguage":"pt-PT","@id":"https:\/\/www.chinatopack.com\/#\/schema\/logo\/image\/","url":"https:\/\/www.chinatopack.com\/wp-content\/uploads\/2025\/11\/logo2.webp","contentUrl":"https:\/\/www.chinatopack.com\/wp-content\/uploads\/2025\/11\/logo2.webp","width":512,"height":512,"caption":"TOPACK Paper Boxes"},"image":{"@id":"https:\/\/www.chinatopack.com\/#\/schema\/logo\/image\/"},"sameAs":["https:\/\/www.facebook.com\/ChinaTopack\/","https:\/\/www.youtube.com\/@chinatopack"]}]}},"_links":{"self":[{"href":"https:\/\/www.chinatopack.com\/pt\/wp-json\/wp\/v2\/product\/12598"}],"collection":[{"href":"https:\/\/www.chinatopack.com\/pt\/wp-json\/wp\/v2\/product"}],"about":[{"href":"https:\/\/www.chinatopack.com\/pt\/wp-json\/wp\/v2\/types\/product"}],"replies":[{"embeddable":true,"href":"https:\/\/www.chinatopack.com\/pt\/wp-json\/wp\/v2\/comments?post=12598"}],"wp:featuredmedia":[{"embeddable":true,"href":"https:\/\/www.chinatopack.com\/pt\/wp-json\/wp\/v2\/media\/12599"}],"wp:attachment":[{"href":"https:\/\/www.chinatopack.com\/pt\/wp-json\/wp\/v2\/media?parent=12598"}],"wp:term":[{"taxonomy":"product_cat","embeddable":true,"href":"https:\/\/www.chinatopack.com\/pt\/wp-json\/wp\/v2\/product_cat?post=12598"},{"taxonomy":"product_tag","embeddable":true,"href":"https:\/\/www.chinatopack.com\/pt\/wp-json\/wp\/v2\/product_tag?post=12598"}],"curies":[{"name":"wp","href":"https:\/\/api.w.org\/{rel}","templated":true}]}}