{"id":12609,"date":"2025-06-16T15:10:48","date_gmt":"2025-06-16T15:10:48","guid":{"rendered":"https:\/\/www.chinatopack.com\/?post_type=product&#038;p=12609"},"modified":"2025-08-12T11:20:29","modified_gmt":"2025-08-12T11:20:29","slug":"high-quality-customized-luxury-hexagon-paper-packaging-rigid-packout-box-made-in-china","status":"publish","type":"product","link":"https:\/\/www.chinatopack.com\/pt\/produto\/high-quality-customized-luxury-hexagon-paper-packaging-rigid-packout-box-made-in-china\/","title":{"rendered":"Caixa de embalagem r\u00edgida de papel hexagonal de luxo personalizada de alta qualidade fabricada na China"},"content":{"rendered":"<p>A embalagem para oferta n\u00e3o \u00e9 apenas um recipiente para proteger os produtos, mas tamb\u00e9m uma express\u00e3o intuitiva da filosofia da marca e uma arma poderosa na competi\u00e7\u00e3o de mercado. A partir das perspectivas da filosofia da embalagem, da est\u00e9tica e dos s\u00edmbolos estrat\u00e9gicos, <a href=\"https:\/\/www.chinatopack.com\/pt\/\"><strong>caixas r\u00edgidas personalizadas<\/strong><\/a> deve conter ideias criativas \u00fanicas e profundas.<\/p>\n<p>Este requintado <a href=\"https:\/\/www.chinatopack.com\/pt\/produto-etiqueta\/box-rigid\/\"><strong>caixa r\u00edgida<\/strong><\/a> foi especialmente concebido para ser luxuoso e vers\u00e1til e \u00e9 muito adequado para guardar j\u00f3ias, chocolates requintados, lembran\u00e7as ou artigos personalizados. O seu fecho magn\u00e9tico assegura um processo de abertura suave e desobstru\u00eddo, enquanto o acolchoamento suave no interior pode proteger cuidadosamente os artigos fr\u00e1geis. <a href=\"https:\/\/www.chinatopack.com\/pt\/produto\/high-quality-customized-luxury-hexagon-paper-packaging-rigid-packout-box-made-in-china\/\"><strong>Embalagem r\u00edgida<\/strong><strong>u<\/strong><strong>caixa t<\/strong><\/a> est\u00e1 dispon\u00edvel numa variedade de cores suaves e pode tamb\u00e9m ser personalizada com v\u00e1rios tratamentos de superf\u00edcie (como estampagem em folha, etiquetas em relevo ou ilustra\u00e7\u00f5es retro), transformando assim qualquer presente numa obra-prima repleta de hist\u00f3rias.<\/p>\n<p>Como<a href=\"https:\/\/www.chinatopack.com\/pt\/about-us\/\"><strong> fornecedores de caixas r\u00edgidas <\/strong><\/a>com mais de 20 anos de experi\u00eancia, podemos fornecer aconselhamento profissional, e outros tipos de caixas de embalagem, tais como caixas dobr\u00e1veis e caixas em forma de livro. etc. A fim de garantir a qualidade, nossa equipe de inspe\u00e7\u00e3o de qualidade n\u00e3o s\u00f3 inspecionar\u00e1 o produto acabado, mas tamb\u00e9m far\u00e1 a inspe\u00e7\u00e3o de entrada e inspe\u00e7\u00e3o de processo. Todos os sacos de embalagem ser\u00e3o embalados numa caixa de cart\u00e3o kraft de cinco camadas antes do transporte para garantir que n\u00e3o ser\u00e3o danificados durante o transporte.<\/p>\n<h2>Imagens do produto<\/h2>\n<p><img loading=\"lazy\" decoding=\"async\" class=\"size-full wp-image-12616 aligncenter\" data-src=\"https:\/\/www.chinatopack.com\/wp-content\/uploads\/2025\/06\/High-Quality-Customized-Luxury-Hexagon-Paper-Packaging-Box-Made-In-China8.jpg\" alt=\"Caixa de embalagem de papel hexagonal de luxo personalizada de alta qualidade fabricada na China\" width=\"800\" height=\"800\" srcset=\"https:\/\/www.chinatopack.com\/wp-content\/uploads\/2025\/06\/High-Quality-Customized-Luxury-Hexagon-Paper-Packaging-Box-Made-In-China8.jpg 800w, https:\/\/www.chinatopack.com\/wp-content\/uploads\/2025\/06\/High-Quality-Customized-Luxury-Hexagon-Paper-Packaging-Box-Made-In-China8-480x480.jpg 480w\" sizes=\"(min-width: 0px) and (max-width: 480px) 480px, (min-width: 481px) 800px, 100vw\" \/><\/p>\n<p style=\"text-align: center;\"><a href=\"https:\/\/www.chinatopack.com\/pt\/products\/\"><strong>caixas r\u00edgidas<\/strong><\/a><\/p>\n<p><img loading=\"lazy\" decoding=\"async\" class=\"size-full wp-image-12617 aligncenter\" data-src=\"https:\/\/www.chinatopack.com\/wp-content\/uploads\/2025\/06\/High-Quality-Customized-Luxury-Hexagon-Paper-Packaging-Box-Made-In-China7.jpg\" alt=\"Caixa de embalagem de papel hexagonal de luxo personalizada de alta qualidade fabricada na China\" width=\"800\" height=\"800\" srcset=\"https:\/\/www.chinatopack.com\/wp-content\/uploads\/2025\/06\/High-Quality-Customized-Luxury-Hexagon-Paper-Packaging-Box-Made-In-China7.jpg 800w, https:\/\/www.chinatopack.com\/wp-content\/uploads\/2025\/06\/High-Quality-Customized-Luxury-Hexagon-Paper-Packaging-Box-Made-In-China7-480x480.jpg 480w\" sizes=\"(min-width: 0px) and (max-width: 480px) 480px, (min-width: 481px) 800px, 100vw\" \/><\/p>\n<p style=\"text-align: center;\"><a href=\"https:\/\/www.chinatopack.com\/pt\/category\/rigid-box\/\"><strong>embalagem em caixa r\u00edgida personalizada<\/strong><\/a><\/p>","protected":false},"excerpt":{"rendered":"<p>Carater\u00edsticas principais<br \/>\nConcebido a partir de material de qualidade superior<br \/>\nCaixa em forma de hex\u00e1gono para um aspeto \u00fanico<br \/>\nDecorado e fechado com um la\u00e7o<br \/>\nOp\u00e7\u00f5es totalmente personalizadas para impress\u00e3o, revestimento e corte longitudinal<\/p>","protected":false},"featured_media":12610,"comment_status":"closed","ping_status":"closed","template":"","meta":{"_et_pb_use_builder":"","_et_pb_old_content":"","_et_gb_content_width":""},"product_cat":[310],"product_tag":[307],"yoast_head":"<!-- This site is optimized with the Yoast SEO plugin v22.7 - https:\/\/yoast.com\/wordpress\/plugins\/seo\/ -->\n<title>Luxury Rigid Box Supplier | Custom Magnetic Closure<\/title>\n<meta name=\"description\" content=\"20+ Yrs Rigid Box Supplier: Custom magnetic closure boxes w\/ protective padding &amp; foil stamping. Luxury packaging for jewelry\/chocolates. Request quote!\" \/>\n<meta name=\"robots\" content=\"index, follow, max-snippet:-1, max-image-preview:large, max-video-preview:-1\" \/>\n<link rel=\"canonical\" href=\"https:\/\/www.chinatopack.com\/pt\/produto\/high-quality-customized-luxury-hexagon-paper-packaging-rigid-packout-box-made-in-china\/\" \/>\n<meta property=\"og:locale\" content=\"pt_PT\" \/>\n<meta property=\"og:type\" content=\"article\" \/>\n<meta property=\"og:title\" content=\"Luxury Rigid Box Supplier | Custom Magnetic Closure\" \/>\n<meta property=\"og:description\" content=\"20+ Yrs Rigid Box Supplier: Custom magnetic closure boxes w\/ protective padding &amp; foil stamping. Luxury packaging for jewelry\/chocolates. Request quote!\" \/>\n<meta property=\"og:url\" content=\"https:\/\/www.chinatopack.com\/pt\/produto\/high-quality-customized-luxury-hexagon-paper-packaging-rigid-packout-box-made-in-china\/\" \/>\n<meta property=\"og:site_name\" content=\"TOPACK Paper Boxes\" \/>\n<meta property=\"article:publisher\" content=\"https:\/\/www.facebook.com\/ChinaTopack\/\" \/>\n<meta property=\"article:modified_time\" content=\"2025-08-12T11:20:29+00:00\" \/>\n<meta property=\"og:image\" content=\"https:\/\/www.chinatopack.com\/wp-content\/uploads\/2025\/06\/High-Quality-Customized-Luxury-Hexagon-Paper-Packaging-Box-Made-In-China1.jpg\" \/>\n\t<meta property=\"og:image:width\" content=\"800\" \/>\n\t<meta property=\"og:image:height\" content=\"800\" \/>\n\t<meta property=\"og:image:type\" content=\"image\/jpeg\" \/>\n<meta name=\"twitter:card\" content=\"summary_large_image\" \/>\n<meta name=\"twitter:label1\" content=\"Tempo estimado de leitura\" \/>\n\t<meta name=\"twitter:data1\" content=\"2 minutos\" \/>\n<script type=\"application\/ld+json\" class=\"yoast-schema-graph\">{\"@context\":\"https:\/\/schema.org\",\"@graph\":[{\"@type\":\"WebPage\",\"@id\":\"https:\/\/www.chinatopack.com\/product\/high-quality-customized-luxury-hexagon-paper-packaging-rigid-packout-box-made-in-china\/\",\"url\":\"https:\/\/www.chinatopack.com\/product\/high-quality-customized-luxury-hexagon-paper-packaging-rigid-packout-box-made-in-china\/\",\"name\":\"Luxury Rigid Box Supplier | Custom Magnetic Closure\",\"isPartOf\":{\"@id\":\"https:\/\/www.chinatopack.com\/#website\"},\"primaryImageOfPage\":{\"@id\":\"https:\/\/www.chinatopack.com\/product\/high-quality-customized-luxury-hexagon-paper-packaging-rigid-packout-box-made-in-china\/#primaryimage\"},\"image\":{\"@id\":\"https:\/\/www.chinatopack.com\/product\/high-quality-customized-luxury-hexagon-paper-packaging-rigid-packout-box-made-in-china\/#primaryimage\"},\"thumbnailUrl\":\"https:\/\/www.chinatopack.com\/wp-content\/uploads\/2025\/06\/High-Quality-Customized-Luxury-Hexagon-Paper-Packaging-Box-Made-In-China1.jpg\",\"datePublished\":\"2025-06-16T15:10:48+00:00\",\"dateModified\":\"2025-08-12T11:20:29+00:00\",\"description\":\"20+ Yrs Rigid Box Supplier: Custom magnetic closure boxes w\/ protective padding & foil stamping. Luxury packaging for jewelry\/chocolates. Request quote!\",\"breadcrumb\":{\"@id\":\"https:\/\/www.chinatopack.com\/product\/high-quality-customized-luxury-hexagon-paper-packaging-rigid-packout-box-made-in-china\/#breadcrumb\"},\"inLanguage\":\"pt-PT\",\"potentialAction\":[{\"@type\":\"ReadAction\",\"target\":[\"https:\/\/www.chinatopack.com\/product\/high-quality-customized-luxury-hexagon-paper-packaging-rigid-packout-box-made-in-china\/\"]}]},{\"@type\":\"ImageObject\",\"inLanguage\":\"pt-PT\",\"@id\":\"https:\/\/www.chinatopack.com\/product\/high-quality-customized-luxury-hexagon-paper-packaging-rigid-packout-box-made-in-china\/#primaryimage\",\"url\":\"https:\/\/www.chinatopack.com\/wp-content\/uploads\/2025\/06\/High-Quality-Customized-Luxury-Hexagon-Paper-Packaging-Box-Made-In-China1.jpg\",\"contentUrl\":\"https:\/\/www.chinatopack.com\/wp-content\/uploads\/2025\/06\/High-Quality-Customized-Luxury-Hexagon-Paper-Packaging-Box-Made-In-China1.jpg\",\"width\":800,\"height\":800,\"caption\":\"High Quality Customized Luxury Hexagon Paper Packaging Box Made In China\"},{\"@type\":\"BreadcrumbList\",\"@id\":\"https:\/\/www.chinatopack.com\/product\/high-quality-customized-luxury-hexagon-paper-packaging-rigid-packout-box-made-in-china\/#breadcrumb\",\"itemListElement\":[{\"@type\":\"ListItem\",\"position\":1,\"name\":\"Home\",\"item\":\"https:\/\/www.chinatopack.com\/\"},{\"@type\":\"ListItem\",\"position\":2,\"name\":\"Products\",\"item\":\"https:\/\/www.chinatopack.com\/shop\/\"},{\"@type\":\"ListItem\",\"position\":3,\"name\":\"High Quality Customized Luxury Hexagon Paper Packaging Rigid Packout Box Made In China\"}]},{\"@type\":\"WebSite\",\"@id\":\"https:\/\/www.chinatopack.com\/#website\",\"url\":\"https:\/\/www.chinatopack.com\/\",\"name\":\"TOPACK Paper Boxes\",\"description\":\"\",\"publisher\":{\"@id\":\"https:\/\/www.chinatopack.com\/#organization\"},\"potentialAction\":[{\"@type\":\"SearchAction\",\"target\":{\"@type\":\"EntryPoint\",\"urlTemplate\":\"https:\/\/www.chinatopack.com\/?s={search_term_string}\"},\"query-input\":\"required name=search_term_string\"}],\"inLanguage\":\"pt-PT\"},{\"@type\":\"Organization\",\"@id\":\"https:\/\/www.chinatopack.com\/#organization\",\"name\":\"TOPACK Paper Boxes\",\"url\":\"https:\/\/www.chinatopack.com\/\",\"logo\":{\"@type\":\"ImageObject\",\"inLanguage\":\"pt-PT\",\"@id\":\"https:\/\/www.chinatopack.com\/#\/schema\/logo\/image\/\",\"url\":\"https:\/\/www.chinatopack.com\/wp-content\/uploads\/2025\/11\/logo2.webp\",\"contentUrl\":\"https:\/\/www.chinatopack.com\/wp-content\/uploads\/2025\/11\/logo2.webp\",\"width\":512,\"height\":512,\"caption\":\"TOPACK Paper Boxes\"},\"image\":{\"@id\":\"https:\/\/www.chinatopack.com\/#\/schema\/logo\/image\/\"},\"sameAs\":[\"https:\/\/www.facebook.com\/ChinaTopack\/\",\"https:\/\/www.youtube.com\/@chinatopack\"]}]}<\/script>\n<!-- \/ Yoast SEO plugin. -->","yoast_head_json":{"title":"Luxury Rigid Box Supplier | Custom Magnetic Closure","description":"20+ Yrs Rigid Box Supplier: Custom magnetic closure boxes w\/ protective padding & foil stamping. Luxury packaging for jewelry\/chocolates. Request quote!","robots":{"index":"index","follow":"follow","max-snippet":"max-snippet:-1","max-image-preview":"max-image-preview:large","max-video-preview":"max-video-preview:-1"},"canonical":"https:\/\/www.chinatopack.com\/pt\/produto\/high-quality-customized-luxury-hexagon-paper-packaging-rigid-packout-box-made-in-china\/","og_locale":"pt_PT","og_type":"article","og_title":"Luxury Rigid Box Supplier | Custom Magnetic Closure","og_description":"20+ Yrs Rigid Box Supplier: Custom magnetic closure boxes w\/ protective padding & foil stamping. Luxury packaging for jewelry\/chocolates. Request quote!","og_url":"https:\/\/www.chinatopack.com\/pt\/produto\/high-quality-customized-luxury-hexagon-paper-packaging-rigid-packout-box-made-in-china\/","og_site_name":"TOPACK Paper Boxes","article_publisher":"https:\/\/www.facebook.com\/ChinaTopack\/","article_modified_time":"2025-08-12T11:20:29+00:00","og_image":[{"width":800,"height":800,"url":"https:\/\/www.chinatopack.com\/wp-content\/uploads\/2025\/06\/High-Quality-Customized-Luxury-Hexagon-Paper-Packaging-Box-Made-In-China1.jpg","type":"image\/jpeg"}],"twitter_card":"summary_large_image","twitter_misc":{"Tempo estimado de leitura":"2 minutos"},"schema":{"@context":"https:\/\/schema.org","@graph":[{"@type":"WebPage","@id":"https:\/\/www.chinatopack.com\/product\/high-quality-customized-luxury-hexagon-paper-packaging-rigid-packout-box-made-in-china\/","url":"https:\/\/www.chinatopack.com\/product\/high-quality-customized-luxury-hexagon-paper-packaging-rigid-packout-box-made-in-china\/","name":"Luxury Rigid Box Supplier | Custom Magnetic Closure","isPartOf":{"@id":"https:\/\/www.chinatopack.com\/#website"},"primaryImageOfPage":{"@id":"https:\/\/www.chinatopack.com\/product\/high-quality-customized-luxury-hexagon-paper-packaging-rigid-packout-box-made-in-china\/#primaryimage"},"image":{"@id":"https:\/\/www.chinatopack.com\/product\/high-quality-customized-luxury-hexagon-paper-packaging-rigid-packout-box-made-in-china\/#primaryimage"},"thumbnailUrl":"https:\/\/www.chinatopack.com\/wp-content\/uploads\/2025\/06\/High-Quality-Customized-Luxury-Hexagon-Paper-Packaging-Box-Made-In-China1.jpg","datePublished":"2025-06-16T15:10:48+00:00","dateModified":"2025-08-12T11:20:29+00:00","description":"20+ Yrs Rigid Box Supplier: Custom magnetic closure boxes w\/ protective padding & foil stamping. Luxury packaging for jewelry\/chocolates. Request quote!","breadcrumb":{"@id":"https:\/\/www.chinatopack.com\/product\/high-quality-customized-luxury-hexagon-paper-packaging-rigid-packout-box-made-in-china\/#breadcrumb"},"inLanguage":"pt-PT","potentialAction":[{"@type":"ReadAction","target":["https:\/\/www.chinatopack.com\/product\/high-quality-customized-luxury-hexagon-paper-packaging-rigid-packout-box-made-in-china\/"]}]},{"@type":"ImageObject","inLanguage":"pt-PT","@id":"https:\/\/www.chinatopack.com\/product\/high-quality-customized-luxury-hexagon-paper-packaging-rigid-packout-box-made-in-china\/#primaryimage","url":"https:\/\/www.chinatopack.com\/wp-content\/uploads\/2025\/06\/High-Quality-Customized-Luxury-Hexagon-Paper-Packaging-Box-Made-In-China1.jpg","contentUrl":"https:\/\/www.chinatopack.com\/wp-content\/uploads\/2025\/06\/High-Quality-Customized-Luxury-Hexagon-Paper-Packaging-Box-Made-In-China1.jpg","width":800,"height":800,"caption":"High Quality Customized Luxury Hexagon Paper Packaging Box Made In China"},{"@type":"BreadcrumbList","@id":"https:\/\/www.chinatopack.com\/product\/high-quality-customized-luxury-hexagon-paper-packaging-rigid-packout-box-made-in-china\/#breadcrumb","itemListElement":[{"@type":"ListItem","position":1,"name":"Home","item":"https:\/\/www.chinatopack.com\/"},{"@type":"ListItem","position":2,"name":"Products","item":"https:\/\/www.chinatopack.com\/shop\/"},{"@type":"ListItem","position":3,"name":"High Quality Customized Luxury Hexagon Paper Packaging Rigid Packout Box Made In China"}]},{"@type":"WebSite","@id":"https:\/\/www.chinatopack.com\/#website","url":"https:\/\/www.chinatopack.com\/","name":"TOPACK Paper Boxes","description":"","publisher":{"@id":"https:\/\/www.chinatopack.com\/#organization"},"potentialAction":[{"@type":"SearchAction","target":{"@type":"EntryPoint","urlTemplate":"https:\/\/www.chinatopack.com\/?s={search_term_string}"},"query-input":"required name=search_term_string"}],"inLanguage":"pt-PT"},{"@type":"Organization","@id":"https:\/\/www.chinatopack.com\/#organization","name":"TOPACK Paper Boxes","url":"https:\/\/www.chinatopack.com\/","logo":{"@type":"ImageObject","inLanguage":"pt-PT","@id":"https:\/\/www.chinatopack.com\/#\/schema\/logo\/image\/","url":"https:\/\/www.chinatopack.com\/wp-content\/uploads\/2025\/11\/logo2.webp","contentUrl":"https:\/\/www.chinatopack.com\/wp-content\/uploads\/2025\/11\/logo2.webp","width":512,"height":512,"caption":"TOPACK Paper Boxes"},"image":{"@id":"https:\/\/www.chinatopack.com\/#\/schema\/logo\/image\/"},"sameAs":["https:\/\/www.facebook.com\/ChinaTopack\/","https:\/\/www.youtube.com\/@chinatopack"]}]}},"_links":{"self":[{"href":"https:\/\/www.chinatopack.com\/pt\/wp-json\/wp\/v2\/product\/12609"}],"collection":[{"href":"https:\/\/www.chinatopack.com\/pt\/wp-json\/wp\/v2\/product"}],"about":[{"href":"https:\/\/www.chinatopack.com\/pt\/wp-json\/wp\/v2\/types\/product"}],"replies":[{"embeddable":true,"href":"https:\/\/www.chinatopack.com\/pt\/wp-json\/wp\/v2\/comments?post=12609"}],"wp:featuredmedia":[{"embeddable":true,"href":"https:\/\/www.chinatopack.com\/pt\/wp-json\/wp\/v2\/media\/12610"}],"wp:attachment":[{"href":"https:\/\/www.chinatopack.com\/pt\/wp-json\/wp\/v2\/media?parent=12609"}],"wp:term":[{"taxonomy":"product_cat","embeddable":true,"href":"https:\/\/www.chinatopack.com\/pt\/wp-json\/wp\/v2\/product_cat?post=12609"},{"taxonomy":"product_tag","embeddable":true,"href":"https:\/\/www.chinatopack.com\/pt\/wp-json\/wp\/v2\/product_tag?post=12609"}],"curies":[{"name":"wp","href":"https:\/\/api.w.org\/{rel}","templated":true}]}}