{"id":12618,"date":"2025-06-16T15:17:55","date_gmt":"2025-06-16T15:17:55","guid":{"rendered":"https:\/\/www.chinatopack.com\/?post_type=product&#038;p=12618"},"modified":"2025-08-12T11:18:09","modified_gmt":"2025-08-12T11:18:09","slug":"manufacturer-custom-decorative-square-shape-magnetic-closure-cardboard-rigid-job-box-with-leather-handle","status":"publish","type":"product","link":"https:\/\/www.chinatopack.com\/pt\/produto\/manufacturer-custom-decorative-square-shape-magnetic-closure-cardboard-rigid-job-box-with-leather-handle\/","title":{"rendered":"Fabricante Caixa de Trabalho R\u00edgida de Cart\u00e3o com Fecho Magn\u00e9tico e Forma Quadrada Decorativa Personalizada com Pega em Couro"},"content":{"rendered":"<h2>Caixas de oferta de papel elegantes - Onde a aten\u00e7\u00e3o se encontra com o artesanato<\/h2>\n<p>Celebre os momentos especiais da vida com o nosso belo design <a href=\"https:\/\/www.chinatopack.com\/pt\/produto\/manufacturer-custom-decorative-square-shape-magnetic-closure-cardboard-rigid-job-box-with-leather-handle\/\"><strong>caixa de correio r\u00edgida<\/strong><\/a>-uma mistura perfeita de sofistica\u00e7\u00e3o e sustentabilidade. Fabricadas a partir de materiais de primeira qualidade e ecol\u00f3gicos, cada caixa oferece uma experi\u00eancia luxuosa de desembalagem, honrando simultaneamente o seu compromisso com o planeta.<\/p>\n<p>Quer se trate de chocolates, j\u00f3ias, cosm\u00e9ticos ou presentes personalizados, a nossa cole\u00e7\u00e3o vers\u00e1til destina-se a todas as ocasi\u00f5es. Os <a href=\"https:\/\/www.chinatopack.com\/pt\/produto-etiqueta\/box-rigid\/\"><strong>caixa r\u00edgida<\/strong><\/a> Escolha entre uma gama de texturas, cores e acabamentos - mate, brilhante, com estampagem em folha ou em relevo - para complementar na perfei\u00e7\u00e3o a sua marca ou o tema do evento. Detalhes atenciosos como fechos magn\u00e9ticos, fitas e interiores impressos personalizados d\u00e3o um toque extra de eleg\u00e2ncia.<\/p>\n<p>Ideais para venda a retalho, ofertas de empresas ou casamentos, as nossas caixas de papel transformam presentes vulgares em recorda\u00e7\u00f5es preciosas. Leves mas duradouras, protegem os seus tesouros e causam uma impress\u00e3o duradoura.<br \/>\nPorque as melhores prendas merecem uma embalagem t\u00e3o extraordin\u00e1ria como o conte\u00fado que cont\u00eam. Eleve o n\u00edvel dos seus presentes com um design intemporal e consciente, escolha-nos, o profissional <a href=\"https:\/\/www.chinatopack.com\/pt\/about-us\/\"><strong>fornecedores de caixas r\u00edgidas<\/strong><\/a>.<\/p>\n<h2>Imagens do produto<\/h2>\n<p><img loading=\"lazy\" decoding=\"async\" class=\"size-full wp-image-12623 aligncenter\" data-src=\"https:\/\/www.chinatopack.com\/wp-content\/uploads\/2025\/06\/Manufacturer-Custom-Decorative-Square-Shape-Magnetic-Closure-Cardboard-Gift-Packaging-Boxes-with-Leather-Handle7.webp\" alt=\"Fabricante Caixas de embalagem de cart\u00e3o para prendas com fecho magn\u00e9tico e forma quadrada decorativa personalizada com pega em pele\" width=\"800\" height=\"800\" srcset=\"https:\/\/www.chinatopack.com\/wp-content\/uploads\/2025\/06\/Manufacturer-Custom-Decorative-Square-Shape-Magnetic-Closure-Cardboard-Gift-Packaging-Boxes-with-Leather-Handle7.webp 800w, https:\/\/www.chinatopack.com\/wp-content\/uploads\/2025\/06\/Manufacturer-Custom-Decorative-Square-Shape-Magnetic-Closure-Cardboard-Gift-Packaging-Boxes-with-Leather-Handle7-480x480.webp 480w\" sizes=\"(min-width: 0px) and (max-width: 480px) 480px, (min-width: 481px) 800px, 100vw\" \/><\/p>\n<p style=\"text-align: center;\"><a href=\"https:\/\/www.chinatopack.com\/pt\/category\/rigid-box\/\"><strong>caixa de ferramentas r\u00edgida<\/strong><\/a><\/p>\n<p><img loading=\"lazy\" decoding=\"async\" class=\"size-full wp-image-12624 aligncenter\" data-src=\"https:\/\/www.chinatopack.com\/wp-content\/uploads\/2025\/06\/Manufacturer-Custom-Decorative-Square-Shape-Magnetic-Closure-Cardboard-Gift-Packaging-Boxes-with-Leather-Handle5.webp\" alt=\"Fabricante Caixas de embalagem de cart\u00e3o para prendas com fecho magn\u00e9tico e forma quadrada decorativa personalizada com pega em pele\" width=\"800\" height=\"800\" srcset=\"https:\/\/www.chinatopack.com\/wp-content\/uploads\/2025\/06\/Manufacturer-Custom-Decorative-Square-Shape-Magnetic-Closure-Cardboard-Gift-Packaging-Boxes-with-Leather-Handle5.webp 800w, https:\/\/www.chinatopack.com\/wp-content\/uploads\/2025\/06\/Manufacturer-Custom-Decorative-Square-Shape-Magnetic-Closure-Cardboard-Gift-Packaging-Boxes-with-Leather-Handle5-480x480.webp 480w\" sizes=\"(min-width: 0px) and (max-width: 480px) 480px, (min-width: 481px) 800px, 100vw\" \/><\/p>\n<p style=\"text-align: center;\"><a href=\"https:\/\/www.chinatopack.com\/pt\/\"><strong>caixas r\u00edgidas por atacado<\/strong><\/a><\/p>\n<p><img loading=\"lazy\" decoding=\"async\" class=\"size-full wp-image-12625 aligncenter\" data-src=\"https:\/\/www.chinatopack.com\/wp-content\/uploads\/2025\/06\/Manufacturer-Custom-Decorative-Square-Shape-Magnetic-Closure-Cardboard-Gift-Packaging-Boxes-with-Leather-Handle6.webp\" alt=\"Fabricante Caixas de embalagem de cart\u00e3o para prendas com fecho magn\u00e9tico e forma quadrada decorativa personalizada com pega em pele\" width=\"800\" height=\"800\" srcset=\"https:\/\/www.chinatopack.com\/wp-content\/uploads\/2025\/06\/Manufacturer-Custom-Decorative-Square-Shape-Magnetic-Closure-Cardboard-Gift-Packaging-Boxes-with-Leather-Handle6.webp 800w, https:\/\/www.chinatopack.com\/wp-content\/uploads\/2025\/06\/Manufacturer-Custom-Decorative-Square-Shape-Magnetic-Closure-Cardboard-Gift-Packaging-Boxes-with-Leather-Handle6-480x480.webp 480w\" sizes=\"(min-width: 0px) and (max-width: 480px) 480px, (min-width: 481px) 800px, 100vw\" \/><\/p>\n<p style=\"text-align: center;\"><a href=\"https:\/\/www.chinatopack.com\/pt\/\"><strong>caixas r\u00edgidas personalizadas<\/strong><\/a><\/p>","protected":false},"excerpt":{"rendered":"<p>Uma primeira impress\u00e3o impactante<br \/>\nIndependentemente do que esteja a vender, as caixas r\u00edgidas dobr\u00e1veis exalam luxo. Para al\u00e9m do seu bom aspeto, o design dobr\u00e1vel facilita a embalagem dos seus produtos e causa uma boa primeira impress\u00e3o nos seus clientes.<\/p>","protected":false},"featured_media":12619,"comment_status":"closed","ping_status":"closed","template":"","meta":{"_et_pb_use_builder":"","_et_pb_old_content":"","_et_gb_content_width":""},"product_cat":[310],"product_tag":[307],"yoast_head":"<!-- This site is optimized with the Yoast SEO plugin v22.7 - https:\/\/yoast.com\/wordpress\/plugins\/seo\/ -->\n<title>Eco Luxury Rigid Job Box Supplier | Custom<\/title>\n<meta name=\"description\" content=\"Rigid Box Supplier: Eco-luxury gift boxes w\/ foil\/embossing &amp; magnetic closures. For jewelry\/cosmetics\/gifting. Craftsmanship since 2003. Request quote!\" \/>\n<meta name=\"robots\" content=\"index, follow, max-snippet:-1, max-image-preview:large, max-video-preview:-1\" \/>\n<link rel=\"canonical\" href=\"https:\/\/www.chinatopack.com\/pt\/produto\/manufacturer-custom-decorative-square-shape-magnetic-closure-cardboard-rigid-job-box-with-leather-handle\/\" \/>\n<meta property=\"og:locale\" content=\"pt_PT\" \/>\n<meta property=\"og:type\" content=\"article\" \/>\n<meta property=\"og:title\" content=\"Eco Luxury Rigid Job Box Supplier | Custom\" \/>\n<meta property=\"og:description\" content=\"Rigid Box Supplier: Eco-luxury gift boxes w\/ foil\/embossing &amp; magnetic closures. For jewelry\/cosmetics\/gifting. Craftsmanship since 2003. Request quote!\" \/>\n<meta property=\"og:url\" content=\"https:\/\/www.chinatopack.com\/pt\/produto\/manufacturer-custom-decorative-square-shape-magnetic-closure-cardboard-rigid-job-box-with-leather-handle\/\" \/>\n<meta property=\"og:site_name\" content=\"TOPACK Paper Boxes\" \/>\n<meta property=\"article:publisher\" content=\"https:\/\/www.facebook.com\/ChinaTopack\/\" \/>\n<meta property=\"article:modified_time\" content=\"2025-08-12T11:18:09+00:00\" \/>\n<meta property=\"og:image\" content=\"https:\/\/www.chinatopack.com\/wp-content\/uploads\/2025\/06\/Manufacturer-Custom-Decorative-Square-Shape-Magnetic-Closure-Cardboard-Gift-Packaging-Boxes-with-Leather-Handle1.webp\" \/>\n\t<meta property=\"og:image:width\" content=\"800\" \/>\n\t<meta property=\"og:image:height\" content=\"800\" \/>\n\t<meta property=\"og:image:type\" content=\"image\/webp\" \/>\n<meta name=\"twitter:card\" content=\"summary_large_image\" \/>\n<meta name=\"twitter:label1\" content=\"Tempo estimado de leitura\" \/>\n\t<meta name=\"twitter:data1\" content=\"2 minutos\" \/>\n<script type=\"application\/ld+json\" class=\"yoast-schema-graph\">{\"@context\":\"https:\/\/schema.org\",\"@graph\":[{\"@type\":\"WebPage\",\"@id\":\"https:\/\/www.chinatopack.com\/product\/manufacturer-custom-decorative-square-shape-magnetic-closure-cardboard-rigid-job-box-with-leather-handle\/\",\"url\":\"https:\/\/www.chinatopack.com\/product\/manufacturer-custom-decorative-square-shape-magnetic-closure-cardboard-rigid-job-box-with-leather-handle\/\",\"name\":\"Eco Luxury Rigid Job Box Supplier | Custom\",\"isPartOf\":{\"@id\":\"https:\/\/www.chinatopack.com\/#website\"},\"primaryImageOfPage\":{\"@id\":\"https:\/\/www.chinatopack.com\/product\/manufacturer-custom-decorative-square-shape-magnetic-closure-cardboard-rigid-job-box-with-leather-handle\/#primaryimage\"},\"image\":{\"@id\":\"https:\/\/www.chinatopack.com\/product\/manufacturer-custom-decorative-square-shape-magnetic-closure-cardboard-rigid-job-box-with-leather-handle\/#primaryimage\"},\"thumbnailUrl\":\"https:\/\/www.chinatopack.com\/wp-content\/uploads\/2025\/06\/Manufacturer-Custom-Decorative-Square-Shape-Magnetic-Closure-Cardboard-Gift-Packaging-Boxes-with-Leather-Handle1.webp\",\"datePublished\":\"2025-06-16T15:17:55+00:00\",\"dateModified\":\"2025-08-12T11:18:09+00:00\",\"description\":\"Rigid Box Supplier: Eco-luxury gift boxes w\/ foil\/embossing & magnetic closures. For jewelry\/cosmetics\/gifting. Craftsmanship since 2003. Request quote!\",\"breadcrumb\":{\"@id\":\"https:\/\/www.chinatopack.com\/product\/manufacturer-custom-decorative-square-shape-magnetic-closure-cardboard-rigid-job-box-with-leather-handle\/#breadcrumb\"},\"inLanguage\":\"pt-PT\",\"potentialAction\":[{\"@type\":\"ReadAction\",\"target\":[\"https:\/\/www.chinatopack.com\/product\/manufacturer-custom-decorative-square-shape-magnetic-closure-cardboard-rigid-job-box-with-leather-handle\/\"]}]},{\"@type\":\"ImageObject\",\"inLanguage\":\"pt-PT\",\"@id\":\"https:\/\/www.chinatopack.com\/product\/manufacturer-custom-decorative-square-shape-magnetic-closure-cardboard-rigid-job-box-with-leather-handle\/#primaryimage\",\"url\":\"https:\/\/www.chinatopack.com\/wp-content\/uploads\/2025\/06\/Manufacturer-Custom-Decorative-Square-Shape-Magnetic-Closure-Cardboard-Gift-Packaging-Boxes-with-Leather-Handle1.webp\",\"contentUrl\":\"https:\/\/www.chinatopack.com\/wp-content\/uploads\/2025\/06\/Manufacturer-Custom-Decorative-Square-Shape-Magnetic-Closure-Cardboard-Gift-Packaging-Boxes-with-Leather-Handle1.webp\",\"width\":800,\"height\":800,\"caption\":\"Manufacturer Custom Decorative Square Shape Magnetic Closure Cardboard Gift Packaging Boxes with Leather Handle\"},{\"@type\":\"BreadcrumbList\",\"@id\":\"https:\/\/www.chinatopack.com\/product\/manufacturer-custom-decorative-square-shape-magnetic-closure-cardboard-rigid-job-box-with-leather-handle\/#breadcrumb\",\"itemListElement\":[{\"@type\":\"ListItem\",\"position\":1,\"name\":\"Home\",\"item\":\"https:\/\/www.chinatopack.com\/\"},{\"@type\":\"ListItem\",\"position\":2,\"name\":\"Products\",\"item\":\"https:\/\/www.chinatopack.com\/shop\/\"},{\"@type\":\"ListItem\",\"position\":3,\"name\":\"Manufacturer Custom Decorative Square Shape Magnetic Closure Cardboard Rigid Job Box with Leather Handle\"}]},{\"@type\":\"WebSite\",\"@id\":\"https:\/\/www.chinatopack.com\/#website\",\"url\":\"https:\/\/www.chinatopack.com\/\",\"name\":\"TOPACK Paper Boxes\",\"description\":\"\",\"publisher\":{\"@id\":\"https:\/\/www.chinatopack.com\/#organization\"},\"potentialAction\":[{\"@type\":\"SearchAction\",\"target\":{\"@type\":\"EntryPoint\",\"urlTemplate\":\"https:\/\/www.chinatopack.com\/?s={search_term_string}\"},\"query-input\":\"required name=search_term_string\"}],\"inLanguage\":\"pt-PT\"},{\"@type\":\"Organization\",\"@id\":\"https:\/\/www.chinatopack.com\/#organization\",\"name\":\"TOPACK Paper Boxes\",\"url\":\"https:\/\/www.chinatopack.com\/\",\"logo\":{\"@type\":\"ImageObject\",\"inLanguage\":\"pt-PT\",\"@id\":\"https:\/\/www.chinatopack.com\/#\/schema\/logo\/image\/\",\"url\":\"https:\/\/www.chinatopack.com\/wp-content\/uploads\/2025\/11\/logo2.webp\",\"contentUrl\":\"https:\/\/www.chinatopack.com\/wp-content\/uploads\/2025\/11\/logo2.webp\",\"width\":512,\"height\":512,\"caption\":\"TOPACK Paper Boxes\"},\"image\":{\"@id\":\"https:\/\/www.chinatopack.com\/#\/schema\/logo\/image\/\"},\"sameAs\":[\"https:\/\/www.facebook.com\/ChinaTopack\/\",\"https:\/\/www.youtube.com\/@chinatopack\"]}]}<\/script>\n<!-- \/ Yoast SEO plugin. -->","yoast_head_json":{"title":"Eco Luxury Rigid Job Box Supplier | Custom","description":"Rigid Box Supplier: Eco-luxury gift boxes w\/ foil\/embossing & magnetic closures. For jewelry\/cosmetics\/gifting. Craftsmanship since 2003. Request quote!","robots":{"index":"index","follow":"follow","max-snippet":"max-snippet:-1","max-image-preview":"max-image-preview:large","max-video-preview":"max-video-preview:-1"},"canonical":"https:\/\/www.chinatopack.com\/pt\/produto\/manufacturer-custom-decorative-square-shape-magnetic-closure-cardboard-rigid-job-box-with-leather-handle\/","og_locale":"pt_PT","og_type":"article","og_title":"Eco Luxury Rigid Job Box Supplier | Custom","og_description":"Rigid Box Supplier: Eco-luxury gift boxes w\/ foil\/embossing & magnetic closures. For jewelry\/cosmetics\/gifting. Craftsmanship since 2003. Request quote!","og_url":"https:\/\/www.chinatopack.com\/pt\/produto\/manufacturer-custom-decorative-square-shape-magnetic-closure-cardboard-rigid-job-box-with-leather-handle\/","og_site_name":"TOPACK Paper Boxes","article_publisher":"https:\/\/www.facebook.com\/ChinaTopack\/","article_modified_time":"2025-08-12T11:18:09+00:00","og_image":[{"width":800,"height":800,"url":"https:\/\/www.chinatopack.com\/wp-content\/uploads\/2025\/06\/Manufacturer-Custom-Decorative-Square-Shape-Magnetic-Closure-Cardboard-Gift-Packaging-Boxes-with-Leather-Handle1.webp","type":"image\/webp"}],"twitter_card":"summary_large_image","twitter_misc":{"Tempo estimado de leitura":"2 minutos"},"schema":{"@context":"https:\/\/schema.org","@graph":[{"@type":"WebPage","@id":"https:\/\/www.chinatopack.com\/product\/manufacturer-custom-decorative-square-shape-magnetic-closure-cardboard-rigid-job-box-with-leather-handle\/","url":"https:\/\/www.chinatopack.com\/product\/manufacturer-custom-decorative-square-shape-magnetic-closure-cardboard-rigid-job-box-with-leather-handle\/","name":"Eco Luxury Rigid Job Box Supplier | Custom","isPartOf":{"@id":"https:\/\/www.chinatopack.com\/#website"},"primaryImageOfPage":{"@id":"https:\/\/www.chinatopack.com\/product\/manufacturer-custom-decorative-square-shape-magnetic-closure-cardboard-rigid-job-box-with-leather-handle\/#primaryimage"},"image":{"@id":"https:\/\/www.chinatopack.com\/product\/manufacturer-custom-decorative-square-shape-magnetic-closure-cardboard-rigid-job-box-with-leather-handle\/#primaryimage"},"thumbnailUrl":"https:\/\/www.chinatopack.com\/wp-content\/uploads\/2025\/06\/Manufacturer-Custom-Decorative-Square-Shape-Magnetic-Closure-Cardboard-Gift-Packaging-Boxes-with-Leather-Handle1.webp","datePublished":"2025-06-16T15:17:55+00:00","dateModified":"2025-08-12T11:18:09+00:00","description":"Rigid Box Supplier: Eco-luxury gift boxes w\/ foil\/embossing & magnetic closures. For jewelry\/cosmetics\/gifting. Craftsmanship since 2003. Request quote!","breadcrumb":{"@id":"https:\/\/www.chinatopack.com\/product\/manufacturer-custom-decorative-square-shape-magnetic-closure-cardboard-rigid-job-box-with-leather-handle\/#breadcrumb"},"inLanguage":"pt-PT","potentialAction":[{"@type":"ReadAction","target":["https:\/\/www.chinatopack.com\/product\/manufacturer-custom-decorative-square-shape-magnetic-closure-cardboard-rigid-job-box-with-leather-handle\/"]}]},{"@type":"ImageObject","inLanguage":"pt-PT","@id":"https:\/\/www.chinatopack.com\/product\/manufacturer-custom-decorative-square-shape-magnetic-closure-cardboard-rigid-job-box-with-leather-handle\/#primaryimage","url":"https:\/\/www.chinatopack.com\/wp-content\/uploads\/2025\/06\/Manufacturer-Custom-Decorative-Square-Shape-Magnetic-Closure-Cardboard-Gift-Packaging-Boxes-with-Leather-Handle1.webp","contentUrl":"https:\/\/www.chinatopack.com\/wp-content\/uploads\/2025\/06\/Manufacturer-Custom-Decorative-Square-Shape-Magnetic-Closure-Cardboard-Gift-Packaging-Boxes-with-Leather-Handle1.webp","width":800,"height":800,"caption":"Manufacturer Custom Decorative Square Shape Magnetic Closure Cardboard Gift Packaging Boxes with Leather Handle"},{"@type":"BreadcrumbList","@id":"https:\/\/www.chinatopack.com\/product\/manufacturer-custom-decorative-square-shape-magnetic-closure-cardboard-rigid-job-box-with-leather-handle\/#breadcrumb","itemListElement":[{"@type":"ListItem","position":1,"name":"Home","item":"https:\/\/www.chinatopack.com\/"},{"@type":"ListItem","position":2,"name":"Products","item":"https:\/\/www.chinatopack.com\/shop\/"},{"@type":"ListItem","position":3,"name":"Manufacturer Custom Decorative Square Shape Magnetic Closure Cardboard Rigid Job Box with Leather Handle"}]},{"@type":"WebSite","@id":"https:\/\/www.chinatopack.com\/#website","url":"https:\/\/www.chinatopack.com\/","name":"TOPACK Paper Boxes","description":"","publisher":{"@id":"https:\/\/www.chinatopack.com\/#organization"},"potentialAction":[{"@type":"SearchAction","target":{"@type":"EntryPoint","urlTemplate":"https:\/\/www.chinatopack.com\/?s={search_term_string}"},"query-input":"required name=search_term_string"}],"inLanguage":"pt-PT"},{"@type":"Organization","@id":"https:\/\/www.chinatopack.com\/#organization","name":"TOPACK Paper Boxes","url":"https:\/\/www.chinatopack.com\/","logo":{"@type":"ImageObject","inLanguage":"pt-PT","@id":"https:\/\/www.chinatopack.com\/#\/schema\/logo\/image\/","url":"https:\/\/www.chinatopack.com\/wp-content\/uploads\/2025\/11\/logo2.webp","contentUrl":"https:\/\/www.chinatopack.com\/wp-content\/uploads\/2025\/11\/logo2.webp","width":512,"height":512,"caption":"TOPACK Paper Boxes"},"image":{"@id":"https:\/\/www.chinatopack.com\/#\/schema\/logo\/image\/"},"sameAs":["https:\/\/www.facebook.com\/ChinaTopack\/","https:\/\/www.youtube.com\/@chinatopack"]}]}},"_links":{"self":[{"href":"https:\/\/www.chinatopack.com\/pt\/wp-json\/wp\/v2\/product\/12618"}],"collection":[{"href":"https:\/\/www.chinatopack.com\/pt\/wp-json\/wp\/v2\/product"}],"about":[{"href":"https:\/\/www.chinatopack.com\/pt\/wp-json\/wp\/v2\/types\/product"}],"replies":[{"embeddable":true,"href":"https:\/\/www.chinatopack.com\/pt\/wp-json\/wp\/v2\/comments?post=12618"}],"wp:featuredmedia":[{"embeddable":true,"href":"https:\/\/www.chinatopack.com\/pt\/wp-json\/wp\/v2\/media\/12619"}],"wp:attachment":[{"href":"https:\/\/www.chinatopack.com\/pt\/wp-json\/wp\/v2\/media?parent=12618"}],"wp:term":[{"taxonomy":"product_cat","embeddable":true,"href":"https:\/\/www.chinatopack.com\/pt\/wp-json\/wp\/v2\/product_cat?post=12618"},{"taxonomy":"product_tag","embeddable":true,"href":"https:\/\/www.chinatopack.com\/pt\/wp-json\/wp\/v2\/product_tag?post=12618"}],"curies":[{"name":"wp","href":"https:\/\/api.w.org\/{rel}","templated":true}]}}