{"id":12717,"date":"2025-07-31T08:00:05","date_gmt":"2025-07-31T08:00:05","guid":{"rendered":"https:\/\/www.chinatopack.com\/?post_type=product&#038;p=12717"},"modified":"2025-08-08T14:42:33","modified_gmt":"2025-08-08T14:42:33","slug":"custom-set-up-rigid-tool-boxes","status":"publish","type":"product","link":"https:\/\/www.chinatopack.com\/pt\/produto\/custom-set-up-rigid-tool-boxes\/","title":{"rendered":"Caixas de ferramentas r\u00edgidas com configura\u00e7\u00e3o personalizada"},"content":{"rendered":"<h2>Description of Rigid Tool Boxes<\/h2>\n<p><strong>Set- Up <a href=\"https:\/\/www.chinatopack.com\/pt\/produto\/custom-set-up-rigid-tool-boxes\/\">Rigid tool boxes<\/a><\/strong> are the packaging of choice for image-conscious marketers of chocolates, greeting cards, jewelry, cutlery, candles and many other products. Both sturdy and attractive, they feel substantial in the hand, lending an air of quality to their contents. Handsome set-up <a href=\"https:\/\/www.chinatopack.com\/pt\/products\/\"><strong>caixas r\u00edgidas<\/strong><\/a> are saved, reused, and often passed down containing personal mementos and trinkets. What a perfect way to keep your brand in front of the public!<\/p>\n<p>We are one of the professional <a href=\"https:\/\/www.chinatopack.com\/pt\/\"><strong>rigid box manufacturers<\/strong><\/a>\u00a0with more than 20 manufacturer experience in China, and such <a href=\"https:\/\/www.chinatopack.com\/pt\/about-us\/\"><strong>fornecedores de caixas r\u00edgidas<\/strong><\/a> like us could serve clients across the world.<\/p>\n<p>Rigid set-up boxes offer limitless possibilities because of the variety of papers, printing, foil-stamping, and decorative accessories available. Whether it\u2019s a custom-printed version of our stock candy box, or a new design of your own creation, we\u2019ll help you from concept to reality.<\/p>\n<h2>Products Pics<\/h2>\n<p><img loading=\"lazy\" decoding=\"async\" class=\"size-full wp-image-12724 aligncenter\" data-src=\"https:\/\/www.chinatopack.com\/wp-content\/uploads\/2025\/07\/Custom-Set-Up-Boxes5.webp\" alt=\"Caixas de montagem personalizadas\" width=\"1100\" height=\"1100\" srcset=\"https:\/\/www.chinatopack.com\/wp-content\/uploads\/2025\/07\/Custom-Set-Up-Boxes5.webp 1100w, https:\/\/www.chinatopack.com\/wp-content\/uploads\/2025\/07\/Custom-Set-Up-Boxes5-980x980.webp 980w, https:\/\/www.chinatopack.com\/wp-content\/uploads\/2025\/07\/Custom-Set-Up-Boxes5-480x480.webp 480w\" sizes=\"(min-width: 0px) and (max-width: 480px) 480px, (min-width: 481px) and (max-width: 980px) 980px, (min-width: 981px) 1100px, 100vw\" \/> <img loading=\"lazy\" decoding=\"async\" class=\"size-full wp-image-12721 aligncenter\" data-src=\"https:\/\/www.chinatopack.com\/wp-content\/uploads\/2025\/07\/Custom-Set-Up-Boxes2.webp\" alt=\"Caixas de montagem personalizadas\" width=\"1100\" height=\"1100\" srcset=\"https:\/\/www.chinatopack.com\/wp-content\/uploads\/2025\/07\/Custom-Set-Up-Boxes2.webp 1100w, https:\/\/www.chinatopack.com\/wp-content\/uploads\/2025\/07\/Custom-Set-Up-Boxes2-980x980.webp 980w, https:\/\/www.chinatopack.com\/wp-content\/uploads\/2025\/07\/Custom-Set-Up-Boxes2-480x480.webp 480w\" sizes=\"(min-width: 0px) and (max-width: 480px) 480px, (min-width: 481px) and (max-width: 980px) 980px, (min-width: 981px) 1100px, 100vw\" \/><\/p>","protected":false},"excerpt":{"rendered":"<p>Rigid set-up boxes, ideal for chocolates, jewelry, etc., are sturdy, attractive, reusable\u2014boosting brand visibility. A 20+ year Chinese pro manufacturer, we offer diverse customization via papers, printing, etc., turning concepts into reality for global clients.<\/p>","protected":false},"featured_media":12720,"comment_status":"closed","ping_status":"closed","template":"","meta":{"_et_pb_use_builder":"","_et_pb_old_content":"","_et_gb_content_width":""},"product_cat":[310],"product_tag":[307],"yoast_head":"<!-- This site is optimized with the Yoast SEO plugin v22.7 - https:\/\/yoast.com\/wordpress\/plugins\/seo\/ -->\n<title>Custom Rigid Tool Box Supplier<\/title>\n<meta name=\"description\" content=\"20+ Yrs Rigid Tool Box Supplier: Premium foil-stamping boxes for chocolate\/jewelry brands. Global manufacturer custom printing. Request a quote!\" \/>\n<meta name=\"robots\" content=\"index, follow, max-snippet:-1, max-image-preview:large, max-video-preview:-1\" \/>\n<link rel=\"canonical\" href=\"https:\/\/www.chinatopack.com\/pt\/produto\/custom-set-up-rigid-tool-boxes\/\" \/>\n<meta property=\"og:locale\" content=\"pt_PT\" \/>\n<meta property=\"og:type\" content=\"article\" \/>\n<meta property=\"og:title\" content=\"Custom Rigid Tool Box Supplier\" \/>\n<meta property=\"og:description\" content=\"20+ Yrs Rigid Tool Box Supplier: Premium foil-stamping boxes for chocolate\/jewelry brands. Global manufacturer custom printing. Request a quote!\" \/>\n<meta property=\"og:url\" content=\"https:\/\/www.chinatopack.com\/pt\/produto\/custom-set-up-rigid-tool-boxes\/\" \/>\n<meta property=\"og:site_name\" content=\"TOPACK Paper Boxes\" \/>\n<meta property=\"article:publisher\" content=\"https:\/\/www.facebook.com\/ChinaTopack\/\" \/>\n<meta property=\"article:modified_time\" content=\"2025-08-08T14:42:33+00:00\" \/>\n<meta property=\"og:image\" content=\"https:\/\/www.chinatopack.com\/wp-content\/uploads\/2025\/07\/Custom-Set-Up-Boxes1.webp\" \/>\n\t<meta property=\"og:image:width\" content=\"1100\" \/>\n\t<meta property=\"og:image:height\" content=\"1100\" \/>\n\t<meta property=\"og:image:type\" content=\"image\/webp\" \/>\n<meta name=\"twitter:card\" content=\"summary_large_image\" \/>\n<meta name=\"twitter:label1\" content=\"Tempo estimado de leitura\" \/>\n\t<meta name=\"twitter:data1\" content=\"2 minutos\" \/>\n<script type=\"application\/ld+json\" class=\"yoast-schema-graph\">{\"@context\":\"https:\/\/schema.org\",\"@graph\":[{\"@type\":\"WebPage\",\"@id\":\"https:\/\/www.chinatopack.com\/product\/custom-set-up-rigid-tool-boxes\/\",\"url\":\"https:\/\/www.chinatopack.com\/product\/custom-set-up-rigid-tool-boxes\/\",\"name\":\"Custom Rigid Tool Box Supplier\",\"isPartOf\":{\"@id\":\"https:\/\/www.chinatopack.com\/#website\"},\"primaryImageOfPage\":{\"@id\":\"https:\/\/www.chinatopack.com\/product\/custom-set-up-rigid-tool-boxes\/#primaryimage\"},\"image\":{\"@id\":\"https:\/\/www.chinatopack.com\/product\/custom-set-up-rigid-tool-boxes\/#primaryimage\"},\"thumbnailUrl\":\"https:\/\/www.chinatopack.com\/wp-content\/uploads\/2025\/07\/Custom-Set-Up-Boxes1.webp\",\"datePublished\":\"2025-07-31T08:00:05+00:00\",\"dateModified\":\"2025-08-08T14:42:33+00:00\",\"description\":\"20+ Yrs Rigid Tool Box Supplier: Premium foil-stamping boxes for chocolate\/jewelry brands. Global manufacturer custom printing. Request a quote!\",\"breadcrumb\":{\"@id\":\"https:\/\/www.chinatopack.com\/product\/custom-set-up-rigid-tool-boxes\/#breadcrumb\"},\"inLanguage\":\"pt-PT\",\"potentialAction\":[{\"@type\":\"ReadAction\",\"target\":[\"https:\/\/www.chinatopack.com\/product\/custom-set-up-rigid-tool-boxes\/\"]}]},{\"@type\":\"ImageObject\",\"inLanguage\":\"pt-PT\",\"@id\":\"https:\/\/www.chinatopack.com\/product\/custom-set-up-rigid-tool-boxes\/#primaryimage\",\"url\":\"https:\/\/www.chinatopack.com\/wp-content\/uploads\/2025\/07\/Custom-Set-Up-Boxes1.webp\",\"contentUrl\":\"https:\/\/www.chinatopack.com\/wp-content\/uploads\/2025\/07\/Custom-Set-Up-Boxes1.webp\",\"width\":1100,\"height\":1100,\"caption\":\"Custom Set-Up Boxes\"},{\"@type\":\"BreadcrumbList\",\"@id\":\"https:\/\/www.chinatopack.com\/product\/custom-set-up-rigid-tool-boxes\/#breadcrumb\",\"itemListElement\":[{\"@type\":\"ListItem\",\"position\":1,\"name\":\"Home\",\"item\":\"https:\/\/www.chinatopack.com\/\"},{\"@type\":\"ListItem\",\"position\":2,\"name\":\"Products\",\"item\":\"https:\/\/www.chinatopack.com\/shop\/\"},{\"@type\":\"ListItem\",\"position\":3,\"name\":\"Custom Set-Up Rigid Tool Boxes\"}]},{\"@type\":\"WebSite\",\"@id\":\"https:\/\/www.chinatopack.com\/#website\",\"url\":\"https:\/\/www.chinatopack.com\/\",\"name\":\"TOPACK Paper Boxes\",\"description\":\"\",\"publisher\":{\"@id\":\"https:\/\/www.chinatopack.com\/#organization\"},\"potentialAction\":[{\"@type\":\"SearchAction\",\"target\":{\"@type\":\"EntryPoint\",\"urlTemplate\":\"https:\/\/www.chinatopack.com\/?s={search_term_string}\"},\"query-input\":\"required name=search_term_string\"}],\"inLanguage\":\"pt-PT\"},{\"@type\":\"Organization\",\"@id\":\"https:\/\/www.chinatopack.com\/#organization\",\"name\":\"TOPACK Paper Boxes\",\"url\":\"https:\/\/www.chinatopack.com\/\",\"logo\":{\"@type\":\"ImageObject\",\"inLanguage\":\"pt-PT\",\"@id\":\"https:\/\/www.chinatopack.com\/#\/schema\/logo\/image\/\",\"url\":\"https:\/\/www.chinatopack.com\/wp-content\/uploads\/2025\/11\/logo2.webp\",\"contentUrl\":\"https:\/\/www.chinatopack.com\/wp-content\/uploads\/2025\/11\/logo2.webp\",\"width\":512,\"height\":512,\"caption\":\"TOPACK Paper Boxes\"},\"image\":{\"@id\":\"https:\/\/www.chinatopack.com\/#\/schema\/logo\/image\/\"},\"sameAs\":[\"https:\/\/www.facebook.com\/ChinaTopack\/\",\"https:\/\/www.youtube.com\/@chinatopack\"]}]}<\/script>\n<!-- \/ Yoast SEO plugin. -->","yoast_head_json":{"title":"Custom Rigid Tool Box Supplier","description":"20+ Yrs Rigid Tool Box Supplier: Premium foil-stamping boxes for chocolate\/jewelry brands. Global manufacturer custom printing. Request a quote!","robots":{"index":"index","follow":"follow","max-snippet":"max-snippet:-1","max-image-preview":"max-image-preview:large","max-video-preview":"max-video-preview:-1"},"canonical":"https:\/\/www.chinatopack.com\/pt\/produto\/custom-set-up-rigid-tool-boxes\/","og_locale":"pt_PT","og_type":"article","og_title":"Custom Rigid Tool Box Supplier","og_description":"20+ Yrs Rigid Tool Box Supplier: Premium foil-stamping boxes for chocolate\/jewelry brands. Global manufacturer custom printing. Request a quote!","og_url":"https:\/\/www.chinatopack.com\/pt\/produto\/custom-set-up-rigid-tool-boxes\/","og_site_name":"TOPACK Paper Boxes","article_publisher":"https:\/\/www.facebook.com\/ChinaTopack\/","article_modified_time":"2025-08-08T14:42:33+00:00","og_image":[{"width":1100,"height":1100,"url":"https:\/\/www.chinatopack.com\/wp-content\/uploads\/2025\/07\/Custom-Set-Up-Boxes1.webp","type":"image\/webp"}],"twitter_card":"summary_large_image","twitter_misc":{"Tempo estimado de leitura":"2 minutos"},"schema":{"@context":"https:\/\/schema.org","@graph":[{"@type":"WebPage","@id":"https:\/\/www.chinatopack.com\/product\/custom-set-up-rigid-tool-boxes\/","url":"https:\/\/www.chinatopack.com\/product\/custom-set-up-rigid-tool-boxes\/","name":"Custom Rigid Tool Box Supplier","isPartOf":{"@id":"https:\/\/www.chinatopack.com\/#website"},"primaryImageOfPage":{"@id":"https:\/\/www.chinatopack.com\/product\/custom-set-up-rigid-tool-boxes\/#primaryimage"},"image":{"@id":"https:\/\/www.chinatopack.com\/product\/custom-set-up-rigid-tool-boxes\/#primaryimage"},"thumbnailUrl":"https:\/\/www.chinatopack.com\/wp-content\/uploads\/2025\/07\/Custom-Set-Up-Boxes1.webp","datePublished":"2025-07-31T08:00:05+00:00","dateModified":"2025-08-08T14:42:33+00:00","description":"20+ Yrs Rigid Tool Box Supplier: Premium foil-stamping boxes for chocolate\/jewelry brands. Global manufacturer custom printing. Request a quote!","breadcrumb":{"@id":"https:\/\/www.chinatopack.com\/product\/custom-set-up-rigid-tool-boxes\/#breadcrumb"},"inLanguage":"pt-PT","potentialAction":[{"@type":"ReadAction","target":["https:\/\/www.chinatopack.com\/product\/custom-set-up-rigid-tool-boxes\/"]}]},{"@type":"ImageObject","inLanguage":"pt-PT","@id":"https:\/\/www.chinatopack.com\/product\/custom-set-up-rigid-tool-boxes\/#primaryimage","url":"https:\/\/www.chinatopack.com\/wp-content\/uploads\/2025\/07\/Custom-Set-Up-Boxes1.webp","contentUrl":"https:\/\/www.chinatopack.com\/wp-content\/uploads\/2025\/07\/Custom-Set-Up-Boxes1.webp","width":1100,"height":1100,"caption":"Custom Set-Up Boxes"},{"@type":"BreadcrumbList","@id":"https:\/\/www.chinatopack.com\/product\/custom-set-up-rigid-tool-boxes\/#breadcrumb","itemListElement":[{"@type":"ListItem","position":1,"name":"Home","item":"https:\/\/www.chinatopack.com\/"},{"@type":"ListItem","position":2,"name":"Products","item":"https:\/\/www.chinatopack.com\/shop\/"},{"@type":"ListItem","position":3,"name":"Custom Set-Up Rigid Tool Boxes"}]},{"@type":"WebSite","@id":"https:\/\/www.chinatopack.com\/#website","url":"https:\/\/www.chinatopack.com\/","name":"TOPACK Paper Boxes","description":"","publisher":{"@id":"https:\/\/www.chinatopack.com\/#organization"},"potentialAction":[{"@type":"SearchAction","target":{"@type":"EntryPoint","urlTemplate":"https:\/\/www.chinatopack.com\/?s={search_term_string}"},"query-input":"required name=search_term_string"}],"inLanguage":"pt-PT"},{"@type":"Organization","@id":"https:\/\/www.chinatopack.com\/#organization","name":"TOPACK Paper Boxes","url":"https:\/\/www.chinatopack.com\/","logo":{"@type":"ImageObject","inLanguage":"pt-PT","@id":"https:\/\/www.chinatopack.com\/#\/schema\/logo\/image\/","url":"https:\/\/www.chinatopack.com\/wp-content\/uploads\/2025\/11\/logo2.webp","contentUrl":"https:\/\/www.chinatopack.com\/wp-content\/uploads\/2025\/11\/logo2.webp","width":512,"height":512,"caption":"TOPACK Paper Boxes"},"image":{"@id":"https:\/\/www.chinatopack.com\/#\/schema\/logo\/image\/"},"sameAs":["https:\/\/www.facebook.com\/ChinaTopack\/","https:\/\/www.youtube.com\/@chinatopack"]}]}},"_links":{"self":[{"href":"https:\/\/www.chinatopack.com\/pt\/wp-json\/wp\/v2\/product\/12717"}],"collection":[{"href":"https:\/\/www.chinatopack.com\/pt\/wp-json\/wp\/v2\/product"}],"about":[{"href":"https:\/\/www.chinatopack.com\/pt\/wp-json\/wp\/v2\/types\/product"}],"replies":[{"embeddable":true,"href":"https:\/\/www.chinatopack.com\/pt\/wp-json\/wp\/v2\/comments?post=12717"}],"wp:featuredmedia":[{"embeddable":true,"href":"https:\/\/www.chinatopack.com\/pt\/wp-json\/wp\/v2\/media\/12720"}],"wp:attachment":[{"href":"https:\/\/www.chinatopack.com\/pt\/wp-json\/wp\/v2\/media?parent=12717"}],"wp:term":[{"taxonomy":"product_cat","embeddable":true,"href":"https:\/\/www.chinatopack.com\/pt\/wp-json\/wp\/v2\/product_cat?post=12717"},{"taxonomy":"product_tag","embeddable":true,"href":"https:\/\/www.chinatopack.com\/pt\/wp-json\/wp\/v2\/product_tag?post=12717"}],"curies":[{"name":"wp","href":"https:\/\/api.w.org\/{rel}","templated":true}]}}