{"id":12725,"date":"2025-07-31T08:31:51","date_gmt":"2025-07-31T08:31:51","guid":{"rendered":"https:\/\/www.chinatopack.com\/?post_type=product&#038;p=12725"},"modified":"2025-08-12T08:50:59","modified_gmt":"2025-08-12T08:50:59","slug":"premium-white-gift-boxes-for-exceptional","status":"publish","type":"product","link":"https:\/\/www.chinatopack.com\/pt\/produto\/premium-white-gift-boxes-for-exceptional\/","title":{"rendered":"Caixas de presente brancas Premium para Natal excepcionais"},"content":{"rendered":"<h2>Caixa de oferta premium de Natal para uma apresenta\u00e7\u00e3o excecional do produto<\/h2>\n<p>Transforme a apresenta\u00e7\u00e3o do seu produto com a nossa gama Premium <a href=\"https:\/\/www.chinatopack.com\/pt\/produto\/premium-white-gift-boxes-for-exceptional\/\"><strong>Caixa de oferta de Natal<\/strong><\/a>Constru\u00eddos para impressionar desde o primeiro olhar. Estes modelos meticulosamente trabalhados <a href=\"https:\/\/www.chinatopack.com\/pt\/category\/gift-box\/\"><strong>caixas de oferta para f\u00e9rias<\/strong><\/a> offer a luxurious unboxing experience, making them the perfect choice for high-end retail items, exclusive subscription services, and boutique e-commerce brands. Available in a range of striking colors and finishes, our setup boxes not only capture attention but also elevate your brand&#8217;s presence.<\/p>\n<h2>Porque \u00e9 que as nossas caixas de instala\u00e7\u00e3o se destacam<\/h2>\n<h3>Material de alta qualidade<\/h3>\n<p>Fabricado em cart\u00e3o resistente, o nosso conjunto <a href=\"https:\/\/www.chinatopack.com\/pt\/\"><strong>caixas de oferta kraft<\/strong><\/a> proporcionam uma prote\u00e7\u00e3o robusta aos seus produtos, garantindo simultaneamente uma apresenta\u00e7\u00e3o visual deslumbrante. Este material \u00e9 perfeito para apresentar designs complexos e impress\u00f5es vibrantes. Estas caixas tamb\u00e9m s\u00e3o fabricadas a partir de materiais de origem sustent\u00e1vel. No entanto, devido ao revestimento laminado, n\u00e3o s\u00e3o recicl\u00e1veis.<\/p>\n<h3>Op\u00e7\u00f5es de tamanho vers\u00e1teis<\/h3>\n<p>Como um dos <a href=\"https:\/\/www.chinatopack.com\/pt\/about-us\/\"><strong>fabricantes de caixas de oferta<\/strong><\/a>As nossas caixas de montagem est\u00e3o dispon\u00edveis em v\u00e1rios tamanhos para se adaptarem a uma s\u00e9rie de produtos, permitindo-lhe escolher a solu\u00e7\u00e3o perfeita para as suas ofertas:<\/p>\n<ul>\n<li>3.5&#8243; x 3.5&#8243; x 1&#8243; &#8211; Ideal for small trinkets, jewelry, or premium chocolates.<\/li>\n<li>7&#8243; x 5&#8243; x 1.5&#8243; &#8211; Great for compact electronics, gift items, or specialty foods.<\/li>\n<li>8&#8243; x 5&#8243; x 3&#8243; &#8211; Suitable for medium products like candles, beauty products, or apparel.<\/li>\n<li>10&#8243; x 7.75&#8243; x 2.5&#8243; &#8211; Perfect for larger gifts, tech gadgets, or subscription boxes.<\/li>\n<li>12&#8243; x 10&#8243; x 2.5&#8243; &#8211; Designed for bulky items such as home decor, larger cosmetics, or promotional materials.<\/li>\n<\/ul>\n<h3>\u00a0Toques finais elegantes<strong><br \/>\n<\/strong><\/h3>\n<p>Melhore a sua embalagem com as nossas op\u00e7\u00f5es de acabamento de alta qualidade:<\/p>\n<ul>\n<li>None &#8211; Maintains the clean satin look and smooth feel of the litho paper wrap.<\/li>\n<li>Matte Lamination &#8211; Provides a sophisticated look, reducing glare while adding an elegant touch.<\/li>\n<li>Gloss Lamination &#8211; Delivers a vibrant, reflective surface that enhances color depth and draws attention to your brand.<\/li>\n<li>Soft-Touch Lamination &#8211; Offers a luxurious, velvety feel that adds a tactile dimension to your packaging.<\/li>\n<\/ul>\n<h2>Detalhes do produto Fotos<\/h2>\n<p><img loading=\"lazy\" decoding=\"async\" class=\"size-full wp-image-12733 aligncenter\" data-src=\"https:\/\/www.chinatopack.com\/wp-content\/uploads\/2025\/07\/Premium-White-Gift-Boxes-for-Exceptional7.webp\" alt=\"Caixas de oferta brancas de qualidade superior para uma oferta excecional\" width=\"1100\" height=\"1100\" srcset=\"https:\/\/www.chinatopack.com\/wp-content\/uploads\/2025\/07\/Premium-White-Gift-Boxes-for-Exceptional7.webp 1100w, https:\/\/www.chinatopack.com\/wp-content\/uploads\/2025\/07\/Premium-White-Gift-Boxes-for-Exceptional7-980x980.webp 980w, https:\/\/www.chinatopack.com\/wp-content\/uploads\/2025\/07\/Premium-White-Gift-Boxes-for-Exceptional7-480x480.webp 480w\" sizes=\"(min-width: 0px) and (max-width: 480px) 480px, (min-width: 481px) and (max-width: 980px) 980px, (min-width: 981px) 1100px, 100vw\" \/> <img loading=\"lazy\" decoding=\"async\" class=\"size-full wp-image-12734 aligncenter\" data-src=\"https:\/\/www.chinatopack.com\/wp-content\/uploads\/2025\/07\/Premium-White-Gift-Boxes-for-Exceptional8.webp\" alt=\"Caixas de oferta brancas de qualidade superior para uma oferta excecional\" width=\"1100\" height=\"1100\" srcset=\"https:\/\/www.chinatopack.com\/wp-content\/uploads\/2025\/07\/Premium-White-Gift-Boxes-for-Exceptional8.webp 1100w, https:\/\/www.chinatopack.com\/wp-content\/uploads\/2025\/07\/Premium-White-Gift-Boxes-for-Exceptional8-980x980.webp 980w, https:\/\/www.chinatopack.com\/wp-content\/uploads\/2025\/07\/Premium-White-Gift-Boxes-for-Exceptional8-480x480.webp 480w\" sizes=\"(min-width: 0px) and (max-width: 480px) 480px, (min-width: 481px) and (max-width: 980px) 980px, (min-width: 981px) 1100px, 100vw\" \/><\/p>","protected":false},"excerpt":{"rendered":"<p>Caixas de presente de Natal de qualidade superior, cart\u00e3o sustent\u00e1vel duradouro, tamanhos vers\u00e1teis, acabamentos elegantes (mate, brilhante, toque suave). Elevar as apresenta\u00e7\u00f5es para o retalho de luxo, assinaturas, etc.<\/p>","protected":false},"featured_media":12727,"comment_status":"closed","ping_status":"closed","template":"","meta":{"_et_pb_use_builder":"","_et_pb_old_content":"","_et_gb_content_width":""},"product_cat":[281],"product_tag":[288,292],"yoast_head":"<!-- This site is optimized with the Yoast SEO plugin v22.7 - https:\/\/yoast.com\/wordpress\/plugins\/seo\/ -->\n<title>Premium Christmas White Gift Boxes Supplier | Multi-Size<\/title>\n<meta name=\"description\" content=\"Christmas White Gift Boxes Supplier: Luxury multi-size setup boxes w\/ matte\/gloss\/soft-touch finishes. Wholesale for retail\/e-commerce. Rigorous QC. Request quote!\" \/>\n<meta name=\"robots\" content=\"index, follow, max-snippet:-1, max-image-preview:large, max-video-preview:-1\" \/>\n<link rel=\"canonical\" href=\"https:\/\/www.chinatopack.com\/pt\/produto\/premium-white-gift-boxes-for-exceptional\/\" \/>\n<meta property=\"og:locale\" content=\"pt_PT\" \/>\n<meta property=\"og:type\" content=\"article\" \/>\n<meta property=\"og:title\" content=\"Premium Christmas White Gift Boxes Supplier | Multi-Size\" \/>\n<meta property=\"og:description\" content=\"Christmas White Gift Boxes Supplier: Luxury multi-size setup boxes w\/ matte\/gloss\/soft-touch finishes. Wholesale for retail\/e-commerce. Rigorous QC. Request quote!\" \/>\n<meta property=\"og:url\" content=\"https:\/\/www.chinatopack.com\/pt\/produto\/premium-white-gift-boxes-for-exceptional\/\" \/>\n<meta property=\"og:site_name\" content=\"TOPACK Paper Boxes\" \/>\n<meta property=\"article:publisher\" content=\"https:\/\/www.facebook.com\/ChinaTopack\/\" \/>\n<meta property=\"article:modified_time\" content=\"2025-08-12T08:50:59+00:00\" \/>\n<meta property=\"og:image\" content=\"https:\/\/www.chinatopack.com\/wp-content\/uploads\/2025\/07\/Premium-White-Gift-Boxes-for-Exceptional1.webp\" \/>\n\t<meta property=\"og:image:width\" content=\"1100\" \/>\n\t<meta property=\"og:image:height\" content=\"1100\" \/>\n\t<meta property=\"og:image:type\" content=\"image\/webp\" \/>\n<meta name=\"twitter:card\" content=\"summary_large_image\" \/>\n<meta name=\"twitter:label1\" content=\"Tempo estimado de leitura\" \/>\n\t<meta name=\"twitter:data1\" content=\"2 minutos\" \/>\n<script type=\"application\/ld+json\" class=\"yoast-schema-graph\">{\"@context\":\"https:\/\/schema.org\",\"@graph\":[{\"@type\":\"WebPage\",\"@id\":\"https:\/\/www.chinatopack.com\/product\/premium-white-gift-boxes-for-exceptional\/\",\"url\":\"https:\/\/www.chinatopack.com\/product\/premium-white-gift-boxes-for-exceptional\/\",\"name\":\"Premium Christmas White Gift Boxes Supplier | Multi-Size\",\"isPartOf\":{\"@id\":\"https:\/\/www.chinatopack.com\/#website\"},\"primaryImageOfPage\":{\"@id\":\"https:\/\/www.chinatopack.com\/product\/premium-white-gift-boxes-for-exceptional\/#primaryimage\"},\"image\":{\"@id\":\"https:\/\/www.chinatopack.com\/product\/premium-white-gift-boxes-for-exceptional\/#primaryimage\"},\"thumbnailUrl\":\"https:\/\/www.chinatopack.com\/wp-content\/uploads\/2025\/07\/Premium-White-Gift-Boxes-for-Exceptional1.webp\",\"datePublished\":\"2025-07-31T08:31:51+00:00\",\"dateModified\":\"2025-08-12T08:50:59+00:00\",\"description\":\"Christmas White Gift Boxes Supplier: Luxury multi-size setup boxes w\/ matte\/gloss\/soft-touch finishes. Wholesale for retail\/e-commerce. Rigorous QC. Request quote!\",\"breadcrumb\":{\"@id\":\"https:\/\/www.chinatopack.com\/product\/premium-white-gift-boxes-for-exceptional\/#breadcrumb\"},\"inLanguage\":\"pt-PT\",\"potentialAction\":[{\"@type\":\"ReadAction\",\"target\":[\"https:\/\/www.chinatopack.com\/product\/premium-white-gift-boxes-for-exceptional\/\"]}]},{\"@type\":\"ImageObject\",\"inLanguage\":\"pt-PT\",\"@id\":\"https:\/\/www.chinatopack.com\/product\/premium-white-gift-boxes-for-exceptional\/#primaryimage\",\"url\":\"https:\/\/www.chinatopack.com\/wp-content\/uploads\/2025\/07\/Premium-White-Gift-Boxes-for-Exceptional1.webp\",\"contentUrl\":\"https:\/\/www.chinatopack.com\/wp-content\/uploads\/2025\/07\/Premium-White-Gift-Boxes-for-Exceptional1.webp\",\"width\":1100,\"height\":1100,\"caption\":\"Premium White Gift Boxes for Exceptional\"},{\"@type\":\"BreadcrumbList\",\"@id\":\"https:\/\/www.chinatopack.com\/product\/premium-white-gift-boxes-for-exceptional\/#breadcrumb\",\"itemListElement\":[{\"@type\":\"ListItem\",\"position\":1,\"name\":\"Home\",\"item\":\"https:\/\/www.chinatopack.com\/\"},{\"@type\":\"ListItem\",\"position\":2,\"name\":\"Products\",\"item\":\"https:\/\/www.chinatopack.com\/shop\/\"},{\"@type\":\"ListItem\",\"position\":3,\"name\":\"Premium White Gift Boxes Christmas for Exceptional\"}]},{\"@type\":\"WebSite\",\"@id\":\"https:\/\/www.chinatopack.com\/#website\",\"url\":\"https:\/\/www.chinatopack.com\/\",\"name\":\"TOPACK Paper Boxes\",\"description\":\"\",\"publisher\":{\"@id\":\"https:\/\/www.chinatopack.com\/#organization\"},\"potentialAction\":[{\"@type\":\"SearchAction\",\"target\":{\"@type\":\"EntryPoint\",\"urlTemplate\":\"https:\/\/www.chinatopack.com\/?s={search_term_string}\"},\"query-input\":\"required name=search_term_string\"}],\"inLanguage\":\"pt-PT\"},{\"@type\":\"Organization\",\"@id\":\"https:\/\/www.chinatopack.com\/#organization\",\"name\":\"TOPACK Paper Boxes\",\"url\":\"https:\/\/www.chinatopack.com\/\",\"logo\":{\"@type\":\"ImageObject\",\"inLanguage\":\"pt-PT\",\"@id\":\"https:\/\/www.chinatopack.com\/#\/schema\/logo\/image\/\",\"url\":\"https:\/\/www.chinatopack.com\/wp-content\/uploads\/2025\/11\/logo2.webp\",\"contentUrl\":\"https:\/\/www.chinatopack.com\/wp-content\/uploads\/2025\/11\/logo2.webp\",\"width\":512,\"height\":512,\"caption\":\"TOPACK Paper Boxes\"},\"image\":{\"@id\":\"https:\/\/www.chinatopack.com\/#\/schema\/logo\/image\/\"},\"sameAs\":[\"https:\/\/www.facebook.com\/ChinaTopack\/\",\"https:\/\/www.youtube.com\/@chinatopack\"]}]}<\/script>\n<!-- \/ Yoast SEO plugin. -->","yoast_head_json":{"title":"Premium Christmas White Gift Boxes Supplier | Multi-Size","description":"Christmas White Gift Boxes Supplier: Luxury multi-size setup boxes w\/ matte\/gloss\/soft-touch finishes. Wholesale for retail\/e-commerce. Rigorous QC. Request quote!","robots":{"index":"index","follow":"follow","max-snippet":"max-snippet:-1","max-image-preview":"max-image-preview:large","max-video-preview":"max-video-preview:-1"},"canonical":"https:\/\/www.chinatopack.com\/pt\/produto\/premium-white-gift-boxes-for-exceptional\/","og_locale":"pt_PT","og_type":"article","og_title":"Premium Christmas White Gift Boxes Supplier | Multi-Size","og_description":"Christmas White Gift Boxes Supplier: Luxury multi-size setup boxes w\/ matte\/gloss\/soft-touch finishes. Wholesale for retail\/e-commerce. Rigorous QC. Request quote!","og_url":"https:\/\/www.chinatopack.com\/pt\/produto\/premium-white-gift-boxes-for-exceptional\/","og_site_name":"TOPACK Paper Boxes","article_publisher":"https:\/\/www.facebook.com\/ChinaTopack\/","article_modified_time":"2025-08-12T08:50:59+00:00","og_image":[{"width":1100,"height":1100,"url":"https:\/\/www.chinatopack.com\/wp-content\/uploads\/2025\/07\/Premium-White-Gift-Boxes-for-Exceptional1.webp","type":"image\/webp"}],"twitter_card":"summary_large_image","twitter_misc":{"Tempo estimado de leitura":"2 minutos"},"schema":{"@context":"https:\/\/schema.org","@graph":[{"@type":"WebPage","@id":"https:\/\/www.chinatopack.com\/product\/premium-white-gift-boxes-for-exceptional\/","url":"https:\/\/www.chinatopack.com\/product\/premium-white-gift-boxes-for-exceptional\/","name":"Premium Christmas White Gift Boxes Supplier | Multi-Size","isPartOf":{"@id":"https:\/\/www.chinatopack.com\/#website"},"primaryImageOfPage":{"@id":"https:\/\/www.chinatopack.com\/product\/premium-white-gift-boxes-for-exceptional\/#primaryimage"},"image":{"@id":"https:\/\/www.chinatopack.com\/product\/premium-white-gift-boxes-for-exceptional\/#primaryimage"},"thumbnailUrl":"https:\/\/www.chinatopack.com\/wp-content\/uploads\/2025\/07\/Premium-White-Gift-Boxes-for-Exceptional1.webp","datePublished":"2025-07-31T08:31:51+00:00","dateModified":"2025-08-12T08:50:59+00:00","description":"Christmas White Gift Boxes Supplier: Luxury multi-size setup boxes w\/ matte\/gloss\/soft-touch finishes. Wholesale for retail\/e-commerce. Rigorous QC. Request quote!","breadcrumb":{"@id":"https:\/\/www.chinatopack.com\/product\/premium-white-gift-boxes-for-exceptional\/#breadcrumb"},"inLanguage":"pt-PT","potentialAction":[{"@type":"ReadAction","target":["https:\/\/www.chinatopack.com\/product\/premium-white-gift-boxes-for-exceptional\/"]}]},{"@type":"ImageObject","inLanguage":"pt-PT","@id":"https:\/\/www.chinatopack.com\/product\/premium-white-gift-boxes-for-exceptional\/#primaryimage","url":"https:\/\/www.chinatopack.com\/wp-content\/uploads\/2025\/07\/Premium-White-Gift-Boxes-for-Exceptional1.webp","contentUrl":"https:\/\/www.chinatopack.com\/wp-content\/uploads\/2025\/07\/Premium-White-Gift-Boxes-for-Exceptional1.webp","width":1100,"height":1100,"caption":"Premium White Gift Boxes for Exceptional"},{"@type":"BreadcrumbList","@id":"https:\/\/www.chinatopack.com\/product\/premium-white-gift-boxes-for-exceptional\/#breadcrumb","itemListElement":[{"@type":"ListItem","position":1,"name":"Home","item":"https:\/\/www.chinatopack.com\/"},{"@type":"ListItem","position":2,"name":"Products","item":"https:\/\/www.chinatopack.com\/shop\/"},{"@type":"ListItem","position":3,"name":"Premium White Gift Boxes Christmas for Exceptional"}]},{"@type":"WebSite","@id":"https:\/\/www.chinatopack.com\/#website","url":"https:\/\/www.chinatopack.com\/","name":"TOPACK Paper Boxes","description":"","publisher":{"@id":"https:\/\/www.chinatopack.com\/#organization"},"potentialAction":[{"@type":"SearchAction","target":{"@type":"EntryPoint","urlTemplate":"https:\/\/www.chinatopack.com\/?s={search_term_string}"},"query-input":"required name=search_term_string"}],"inLanguage":"pt-PT"},{"@type":"Organization","@id":"https:\/\/www.chinatopack.com\/#organization","name":"TOPACK Paper Boxes","url":"https:\/\/www.chinatopack.com\/","logo":{"@type":"ImageObject","inLanguage":"pt-PT","@id":"https:\/\/www.chinatopack.com\/#\/schema\/logo\/image\/","url":"https:\/\/www.chinatopack.com\/wp-content\/uploads\/2025\/11\/logo2.webp","contentUrl":"https:\/\/www.chinatopack.com\/wp-content\/uploads\/2025\/11\/logo2.webp","width":512,"height":512,"caption":"TOPACK Paper Boxes"},"image":{"@id":"https:\/\/www.chinatopack.com\/#\/schema\/logo\/image\/"},"sameAs":["https:\/\/www.facebook.com\/ChinaTopack\/","https:\/\/www.youtube.com\/@chinatopack"]}]}},"_links":{"self":[{"href":"https:\/\/www.chinatopack.com\/pt\/wp-json\/wp\/v2\/product\/12725"}],"collection":[{"href":"https:\/\/www.chinatopack.com\/pt\/wp-json\/wp\/v2\/product"}],"about":[{"href":"https:\/\/www.chinatopack.com\/pt\/wp-json\/wp\/v2\/types\/product"}],"replies":[{"embeddable":true,"href":"https:\/\/www.chinatopack.com\/pt\/wp-json\/wp\/v2\/comments?post=12725"}],"wp:featuredmedia":[{"embeddable":true,"href":"https:\/\/www.chinatopack.com\/pt\/wp-json\/wp\/v2\/media\/12727"}],"wp:attachment":[{"href":"https:\/\/www.chinatopack.com\/pt\/wp-json\/wp\/v2\/media?parent=12725"}],"wp:term":[{"taxonomy":"product_cat","embeddable":true,"href":"https:\/\/www.chinatopack.com\/pt\/wp-json\/wp\/v2\/product_cat?post=12725"},{"taxonomy":"product_tag","embeddable":true,"href":"https:\/\/www.chinatopack.com\/pt\/wp-json\/wp\/v2\/product_tag?post=12725"}],"curies":[{"name":"wp","href":"https:\/\/api.w.org\/{rel}","templated":true}]}}