{"id":12735,"date":"2025-07-31T08:43:20","date_gmt":"2025-07-31T08:43:20","guid":{"rendered":"https:\/\/www.chinatopack.com\/?post_type=product&#038;p=12735"},"modified":"2025-08-08T14:20:33","modified_gmt":"2025-08-08T14:20:33","slug":"custom-magnetic-decorative-paper-boxes","status":"publish","type":"product","link":"https:\/\/www.chinatopack.com\/pt\/produto\/custom-magnetic-decorative-paper-boxes\/","title":{"rendered":"Caixas de papel decorativas magn\u00e9ticas personalizadas"},"content":{"rendered":"<h2>Descri\u00e7\u00e3o das caixas de papel decorativas magn\u00e9ticas personalizadas<\/h2>\n<p>Os nossos produtos magn\u00e9ticos personalizados <a href=\"https:\/\/www.chinatopack.com\/pt\/produto\/custom-magnetic-decorative-paper-boxes\/\"><strong>Caixas de papel decorativas<\/strong><\/a> existem em v\u00e1rios tamanhos para acomodar uma vasta gama de produtos:<\/p>\n<ul>\n<li><strong>7.5&#8243; x 4.75&#8243; x 2&#8243;<\/strong>\u00a0- Ideal para pequenos acess\u00f3rios como j\u00f3ias, cosm\u00e9ticos de alta qualidade ou guloseimas gourmet.<\/li>\n<li><strong>8.062&#8243; x 5.312&#8243; x 2.062&#8243;<\/strong>\u00a0- Perfeita para aparelhos tecnol\u00f3gicos compactos, conjuntos de oferta ou artigos alimentares especiais.<\/li>\n<li><strong>9.5&#8243; x 7.268&#8243; x 1.5&#8243;<\/strong>\u00a0- Adequado para produtos de m\u00e9dia dimens\u00e3o, como artigos de cuidados da pele, vestu\u00e1rio de boutique ou pequenos artigos para o lar.<\/li>\n<li><strong>11.69&#8243; x 7.052&#8243; x 1.656&#8243;<\/strong>\u00a0- \u00d3timo para presentes maiores, acess\u00f3rios tecnol\u00f3gicos ou caixas de subscri\u00e7\u00e3o selecionadas.<\/li>\n<li><strong>14.125&#8243; x 9.375&#8243; x 1.937&#8243;<\/strong>\u00a0- Concebida para artigos de maiores dimens\u00f5es, como decora\u00e7\u00e3o de interiores, produtos de beleza de maiores dimens\u00f5es ou kits promocionais.<\/li>\n<\/ul>\n<h3>Op\u00e7\u00f5es de revestimento personalizadas<\/h3>\n<p>Escolha entre uma gama de revestimentos para obter o aspeto e o toque desejados para as suas caixas magn\u00e9ticas:<\/p>\n<ul>\n<li>Laminado mate: Proporciona um acabamento suave e elegante que reduz o brilho e oferece um aspeto sofisticado.<\/li>\n<li>Laminado brilhante: Apresenta uma superf\u00edcie brilhante e reflectora que real\u00e7a as cores e chama a aten\u00e7\u00e3o para a sua marca.<\/li>\n<li>Laminado de toque suave: Oferece uma sensa\u00e7\u00e3o de luxo que acrescenta um elemento t\u00e1til, tornando a embalagem ainda mais apelativa para os clientes.<\/li>\n<\/ul>\n<p>Como uma personaliza\u00e7\u00e3o <a href=\"https:\/\/www.chinatopack.com\/pt\/\"><strong>caixas de papel para artesanato<\/strong><\/a> fabricante com mais de 20 anos de experi\u00eancia, n\u00f3s podemos fornecer aconselhamento profissional, e outros tipos de <a href=\"https:\/\/www.chinatopack.com\/pt\/category\/custom-paper-box\/\"><strong>caixas de oferta de papel personalizadas<\/strong><\/a>, tais como caixas dobr\u00e1veis e caixas em forma de livro. etc. A fim de garantir a qualidade, a nossa equipa de inspe\u00e7\u00e3o de qualidade n\u00e3o s\u00f3 inspecciona o produto acabado, mas tamb\u00e9m faz a inspe\u00e7\u00e3o de entrada e a inspe\u00e7\u00e3o do processo. Todos <a href=\"https:\/\/www.chinatopack.com\/pt\/about-us\/\"><strong>caixas de papel personalizadas<\/strong><\/a> ser\u00e3o embalados numa caixa de cart\u00e3o kraft de cinco camadas antes do transporte para garantir que n\u00e3o ser\u00e3o danificados durante o transporte.<\/p>\n<h2>Caixas de papel decorativas Descri\u00e7\u00e3o<\/h2>\n<p><img loading=\"lazy\" decoding=\"async\" class=\"size-full wp-image-12742 aligncenter\" data-src=\"https:\/\/www.chinatopack.com\/wp-content\/uploads\/2025\/07\/Custom-Magnetic-Decorative-Paper-Boxes-6.webp\" alt=\"Caixas de papel decorativas magn\u00e9ticas personalizadas \" width=\"1100\" height=\"1100\" srcset=\"https:\/\/www.chinatopack.com\/wp-content\/uploads\/2025\/07\/Custom-Magnetic-Decorative-Paper-Boxes-6.webp 1100w, https:\/\/www.chinatopack.com\/wp-content\/uploads\/2025\/07\/Custom-Magnetic-Decorative-Paper-Boxes-6-980x980.webp 980w, https:\/\/www.chinatopack.com\/wp-content\/uploads\/2025\/07\/Custom-Magnetic-Decorative-Paper-Boxes-6-480x480.webp 480w\" sizes=\"(min-width: 0px) and (max-width: 480px) 480px, (min-width: 481px) and (max-width: 980px) 980px, (min-width: 981px) 1100px, 100vw\" \/> <img loading=\"lazy\" decoding=\"async\" class=\"size-full wp-image-12743 aligncenter\" data-src=\"https:\/\/www.chinatopack.com\/wp-content\/uploads\/2025\/07\/Custom-Magnetic-Decorative-Paper-Boxes-7.webp\" alt=\"Caixas de papel decorativas magn\u00e9ticas personalizadas \" width=\"1100\" height=\"1100\" srcset=\"https:\/\/www.chinatopack.com\/wp-content\/uploads\/2025\/07\/Custom-Magnetic-Decorative-Paper-Boxes-7.webp 1100w, https:\/\/www.chinatopack.com\/wp-content\/uploads\/2025\/07\/Custom-Magnetic-Decorative-Paper-Boxes-7-980x980.webp 980w, https:\/\/www.chinatopack.com\/wp-content\/uploads\/2025\/07\/Custom-Magnetic-Decorative-Paper-Boxes-7-480x480.webp 480w\" sizes=\"(min-width: 0px) and (max-width: 480px) 480px, (min-width: 481px) and (max-width: 980px) 980px, (min-width: 981px) 1100px, 100vw\" \/><\/p>","protected":false},"excerpt":{"rendered":"<p>As nossas caixas de papel decorativas magn\u00e9ticas personalizadas s\u00e3o fornecidas em 5 tamanhos para produtos variados, com revestimentos mate, brilhantes ou de toque suave. Um fabricante com mais de 20 anos que oferece outras caixas, controlos de qualidade rigorosos e embalagens seguras.<\/p>","protected":false},"featured_media":12737,"comment_status":"closed","ping_status":"closed","template":"","meta":{"_et_pb_use_builder":"","_et_pb_old_content":"","_et_gb_content_width":""},"product_cat":[280],"product_tag":[284,285,282],"yoast_head":"<!-- This site is optimized with the Yoast SEO plugin v22.7 - https:\/\/yoast.com\/wordpress\/plugins\/seo\/ -->\n<title>China Luxury Decorative Paper Boxes Box Supplier | Multi-Size<\/title>\n<meta name=\"description\" content=\"20+ Yrs Magnetic Box Supplier: Multi-size luxury boxes w\/ matte\/gloss\/soft-touch coatings. Wholesale custom solutions. Rigorous QC. Request quote!\" \/>\n<meta name=\"robots\" content=\"index, follow, max-snippet:-1, max-image-preview:large, max-video-preview:-1\" \/>\n<link rel=\"canonical\" href=\"https:\/\/www.chinatopack.com\/pt\/produto\/custom-magnetic-decorative-paper-boxes\/\" \/>\n<meta property=\"og:locale\" content=\"pt_PT\" \/>\n<meta property=\"og:type\" content=\"article\" \/>\n<meta property=\"og:title\" content=\"China Luxury Decorative Paper Boxes Box Supplier | Multi-Size\" \/>\n<meta property=\"og:description\" content=\"20+ Yrs Magnetic Box Supplier: Multi-size luxury boxes w\/ matte\/gloss\/soft-touch coatings. Wholesale custom solutions. Rigorous QC. Request quote!\" \/>\n<meta property=\"og:url\" content=\"https:\/\/www.chinatopack.com\/pt\/produto\/custom-magnetic-decorative-paper-boxes\/\" \/>\n<meta property=\"og:site_name\" content=\"TOPACK Paper Boxes\" \/>\n<meta property=\"article:publisher\" content=\"https:\/\/www.facebook.com\/ChinaTopack\/\" \/>\n<meta property=\"article:modified_time\" content=\"2025-08-08T14:20:33+00:00\" \/>\n<meta property=\"og:image\" content=\"https:\/\/www.chinatopack.com\/wp-content\/uploads\/2025\/07\/Custom-Magnetic-Decorative-Paper-Boxes-1.webp\" \/>\n\t<meta property=\"og:image:width\" content=\"1100\" \/>\n\t<meta property=\"og:image:height\" content=\"1100\" \/>\n\t<meta property=\"og:image:type\" content=\"image\/webp\" \/>\n<meta name=\"twitter:card\" content=\"summary_large_image\" \/>\n<meta name=\"twitter:label1\" content=\"Tempo estimado de leitura\" \/>\n\t<meta name=\"twitter:data1\" content=\"2 minutos\" \/>\n<script type=\"application\/ld+json\" class=\"yoast-schema-graph\">{\"@context\":\"https:\/\/schema.org\",\"@graph\":[{\"@type\":\"WebPage\",\"@id\":\"https:\/\/www.chinatopack.com\/product\/custom-magnetic-decorative-paper-boxes\/\",\"url\":\"https:\/\/www.chinatopack.com\/product\/custom-magnetic-decorative-paper-boxes\/\",\"name\":\"China Luxury Decorative Paper Boxes Box Supplier | Multi-Size\",\"isPartOf\":{\"@id\":\"https:\/\/www.chinatopack.com\/#website\"},\"primaryImageOfPage\":{\"@id\":\"https:\/\/www.chinatopack.com\/product\/custom-magnetic-decorative-paper-boxes\/#primaryimage\"},\"image\":{\"@id\":\"https:\/\/www.chinatopack.com\/product\/custom-magnetic-decorative-paper-boxes\/#primaryimage\"},\"thumbnailUrl\":\"https:\/\/www.chinatopack.com\/wp-content\/uploads\/2025\/07\/Custom-Magnetic-Decorative-Paper-Boxes-1.webp\",\"datePublished\":\"2025-07-31T08:43:20+00:00\",\"dateModified\":\"2025-08-08T14:20:33+00:00\",\"description\":\"20+ Yrs Magnetic Box Supplier: Multi-size luxury boxes w\/ matte\/gloss\/soft-touch coatings. Wholesale custom solutions. Rigorous QC. Request quote!\",\"breadcrumb\":{\"@id\":\"https:\/\/www.chinatopack.com\/product\/custom-magnetic-decorative-paper-boxes\/#breadcrumb\"},\"inLanguage\":\"pt-PT\",\"potentialAction\":[{\"@type\":\"ReadAction\",\"target\":[\"https:\/\/www.chinatopack.com\/product\/custom-magnetic-decorative-paper-boxes\/\"]}]},{\"@type\":\"ImageObject\",\"inLanguage\":\"pt-PT\",\"@id\":\"https:\/\/www.chinatopack.com\/product\/custom-magnetic-decorative-paper-boxes\/#primaryimage\",\"url\":\"https:\/\/www.chinatopack.com\/wp-content\/uploads\/2025\/07\/Custom-Magnetic-Decorative-Paper-Boxes-1.webp\",\"contentUrl\":\"https:\/\/www.chinatopack.com\/wp-content\/uploads\/2025\/07\/Custom-Magnetic-Decorative-Paper-Boxes-1.webp\",\"width\":1100,\"height\":1100,\"caption\":\"Custom Magnetic Decorative Paper Boxes\"},{\"@type\":\"BreadcrumbList\",\"@id\":\"https:\/\/www.chinatopack.com\/product\/custom-magnetic-decorative-paper-boxes\/#breadcrumb\",\"itemListElement\":[{\"@type\":\"ListItem\",\"position\":1,\"name\":\"Home\",\"item\":\"https:\/\/www.chinatopack.com\/\"},{\"@type\":\"ListItem\",\"position\":2,\"name\":\"Products\",\"item\":\"https:\/\/www.chinatopack.com\/shop\/\"},{\"@type\":\"ListItem\",\"position\":3,\"name\":\"Custom Magnetic Decorative Paper Boxes\"}]},{\"@type\":\"WebSite\",\"@id\":\"https:\/\/www.chinatopack.com\/#website\",\"url\":\"https:\/\/www.chinatopack.com\/\",\"name\":\"TOPACK Paper Boxes\",\"description\":\"\",\"publisher\":{\"@id\":\"https:\/\/www.chinatopack.com\/#organization\"},\"potentialAction\":[{\"@type\":\"SearchAction\",\"target\":{\"@type\":\"EntryPoint\",\"urlTemplate\":\"https:\/\/www.chinatopack.com\/?s={search_term_string}\"},\"query-input\":\"required name=search_term_string\"}],\"inLanguage\":\"pt-PT\"},{\"@type\":\"Organization\",\"@id\":\"https:\/\/www.chinatopack.com\/#organization\",\"name\":\"TOPACK Paper Boxes\",\"url\":\"https:\/\/www.chinatopack.com\/\",\"logo\":{\"@type\":\"ImageObject\",\"inLanguage\":\"pt-PT\",\"@id\":\"https:\/\/www.chinatopack.com\/#\/schema\/logo\/image\/\",\"url\":\"https:\/\/www.chinatopack.com\/wp-content\/uploads\/2025\/11\/logo2.webp\",\"contentUrl\":\"https:\/\/www.chinatopack.com\/wp-content\/uploads\/2025\/11\/logo2.webp\",\"width\":512,\"height\":512,\"caption\":\"TOPACK Paper Boxes\"},\"image\":{\"@id\":\"https:\/\/www.chinatopack.com\/#\/schema\/logo\/image\/\"},\"sameAs\":[\"https:\/\/www.facebook.com\/ChinaTopack\/\",\"https:\/\/www.youtube.com\/@chinatopack\"]}]}<\/script>\n<!-- \/ Yoast SEO plugin. -->","yoast_head_json":{"title":"China Luxury Decorative Paper Boxes Box Supplier | Multi-Size","description":"20+ Yrs Magnetic Box Supplier: Multi-size luxury boxes w\/ matte\/gloss\/soft-touch coatings. Wholesale custom solutions. Rigorous QC. Request quote!","robots":{"index":"index","follow":"follow","max-snippet":"max-snippet:-1","max-image-preview":"max-image-preview:large","max-video-preview":"max-video-preview:-1"},"canonical":"https:\/\/www.chinatopack.com\/pt\/produto\/custom-magnetic-decorative-paper-boxes\/","og_locale":"pt_PT","og_type":"article","og_title":"China Luxury Decorative Paper Boxes Box Supplier | Multi-Size","og_description":"20+ Yrs Magnetic Box Supplier: Multi-size luxury boxes w\/ matte\/gloss\/soft-touch coatings. Wholesale custom solutions. Rigorous QC. Request quote!","og_url":"https:\/\/www.chinatopack.com\/pt\/produto\/custom-magnetic-decorative-paper-boxes\/","og_site_name":"TOPACK Paper Boxes","article_publisher":"https:\/\/www.facebook.com\/ChinaTopack\/","article_modified_time":"2025-08-08T14:20:33+00:00","og_image":[{"width":1100,"height":1100,"url":"https:\/\/www.chinatopack.com\/wp-content\/uploads\/2025\/07\/Custom-Magnetic-Decorative-Paper-Boxes-1.webp","type":"image\/webp"}],"twitter_card":"summary_large_image","twitter_misc":{"Tempo estimado de leitura":"2 minutos"},"schema":{"@context":"https:\/\/schema.org","@graph":[{"@type":"WebPage","@id":"https:\/\/www.chinatopack.com\/product\/custom-magnetic-decorative-paper-boxes\/","url":"https:\/\/www.chinatopack.com\/product\/custom-magnetic-decorative-paper-boxes\/","name":"China Luxury Decorative Paper Boxes Box Supplier | Multi-Size","isPartOf":{"@id":"https:\/\/www.chinatopack.com\/#website"},"primaryImageOfPage":{"@id":"https:\/\/www.chinatopack.com\/product\/custom-magnetic-decorative-paper-boxes\/#primaryimage"},"image":{"@id":"https:\/\/www.chinatopack.com\/product\/custom-magnetic-decorative-paper-boxes\/#primaryimage"},"thumbnailUrl":"https:\/\/www.chinatopack.com\/wp-content\/uploads\/2025\/07\/Custom-Magnetic-Decorative-Paper-Boxes-1.webp","datePublished":"2025-07-31T08:43:20+00:00","dateModified":"2025-08-08T14:20:33+00:00","description":"20+ Yrs Magnetic Box Supplier: Multi-size luxury boxes w\/ matte\/gloss\/soft-touch coatings. Wholesale custom solutions. Rigorous QC. Request quote!","breadcrumb":{"@id":"https:\/\/www.chinatopack.com\/product\/custom-magnetic-decorative-paper-boxes\/#breadcrumb"},"inLanguage":"pt-PT","potentialAction":[{"@type":"ReadAction","target":["https:\/\/www.chinatopack.com\/product\/custom-magnetic-decorative-paper-boxes\/"]}]},{"@type":"ImageObject","inLanguage":"pt-PT","@id":"https:\/\/www.chinatopack.com\/product\/custom-magnetic-decorative-paper-boxes\/#primaryimage","url":"https:\/\/www.chinatopack.com\/wp-content\/uploads\/2025\/07\/Custom-Magnetic-Decorative-Paper-Boxes-1.webp","contentUrl":"https:\/\/www.chinatopack.com\/wp-content\/uploads\/2025\/07\/Custom-Magnetic-Decorative-Paper-Boxes-1.webp","width":1100,"height":1100,"caption":"Custom Magnetic Decorative Paper Boxes"},{"@type":"BreadcrumbList","@id":"https:\/\/www.chinatopack.com\/product\/custom-magnetic-decorative-paper-boxes\/#breadcrumb","itemListElement":[{"@type":"ListItem","position":1,"name":"Home","item":"https:\/\/www.chinatopack.com\/"},{"@type":"ListItem","position":2,"name":"Products","item":"https:\/\/www.chinatopack.com\/shop\/"},{"@type":"ListItem","position":3,"name":"Custom Magnetic Decorative Paper Boxes"}]},{"@type":"WebSite","@id":"https:\/\/www.chinatopack.com\/#website","url":"https:\/\/www.chinatopack.com\/","name":"TOPACK Paper Boxes","description":"","publisher":{"@id":"https:\/\/www.chinatopack.com\/#organization"},"potentialAction":[{"@type":"SearchAction","target":{"@type":"EntryPoint","urlTemplate":"https:\/\/www.chinatopack.com\/?s={search_term_string}"},"query-input":"required name=search_term_string"}],"inLanguage":"pt-PT"},{"@type":"Organization","@id":"https:\/\/www.chinatopack.com\/#organization","name":"TOPACK Paper Boxes","url":"https:\/\/www.chinatopack.com\/","logo":{"@type":"ImageObject","inLanguage":"pt-PT","@id":"https:\/\/www.chinatopack.com\/#\/schema\/logo\/image\/","url":"https:\/\/www.chinatopack.com\/wp-content\/uploads\/2025\/11\/logo2.webp","contentUrl":"https:\/\/www.chinatopack.com\/wp-content\/uploads\/2025\/11\/logo2.webp","width":512,"height":512,"caption":"TOPACK Paper Boxes"},"image":{"@id":"https:\/\/www.chinatopack.com\/#\/schema\/logo\/image\/"},"sameAs":["https:\/\/www.facebook.com\/ChinaTopack\/","https:\/\/www.youtube.com\/@chinatopack"]}]}},"_links":{"self":[{"href":"https:\/\/www.chinatopack.com\/pt\/wp-json\/wp\/v2\/product\/12735"}],"collection":[{"href":"https:\/\/www.chinatopack.com\/pt\/wp-json\/wp\/v2\/product"}],"about":[{"href":"https:\/\/www.chinatopack.com\/pt\/wp-json\/wp\/v2\/types\/product"}],"replies":[{"embeddable":true,"href":"https:\/\/www.chinatopack.com\/pt\/wp-json\/wp\/v2\/comments?post=12735"}],"wp:featuredmedia":[{"embeddable":true,"href":"https:\/\/www.chinatopack.com\/pt\/wp-json\/wp\/v2\/media\/12737"}],"wp:attachment":[{"href":"https:\/\/www.chinatopack.com\/pt\/wp-json\/wp\/v2\/media?parent=12735"}],"wp:term":[{"taxonomy":"product_cat","embeddable":true,"href":"https:\/\/www.chinatopack.com\/pt\/wp-json\/wp\/v2\/product_cat?post=12735"},{"taxonomy":"product_tag","embeddable":true,"href":"https:\/\/www.chinatopack.com\/pt\/wp-json\/wp\/v2\/product_tag?post=12735"}],"curies":[{"name":"wp","href":"https:\/\/api.w.org\/{rel}","templated":true}]}}