{"id":12744,"date":"2025-07-31T08:52:37","date_gmt":"2025-07-31T08:52:37","guid":{"rendered":"https:\/\/www.chinatopack.com\/?post_type=product&#038;p=12744"},"modified":"2025-08-08T14:18:43","modified_gmt":"2025-08-08T14:18:43","slug":"elegant-magnetic-paper-cookie-boxes","status":"publish","type":"product","link":"https:\/\/www.chinatopack.com\/pt\/produto\/elegant-magnetic-paper-cookie-boxes\/","title":{"rendered":"Caixas magn\u00e9ticas elegantes de papel para bolachas"},"content":{"rendered":"<h2>Adicione eleg\u00e2ncia ao desempacotamento com caixas magn\u00e9ticas de papel para bolachas<\/h2>\n<p>Magn\u00e9tico personalizado <a href=\"https:\/\/www.chinatopack.com\/pt\/produto\/elegant-magnetic-paper-cookie-boxes\/\"><strong>Caixas de papel para bolachas<\/strong><\/a> destacam-se como uma escolha sofisticada para as marcas que pretendem melhorar a apresenta\u00e7\u00e3o dos produtos. Estes produtos, concebidos por especialistas <a href=\"https:\/\/www.chinatopack.com\/pt\/category\/custom-paper-box\/\"><strong>caixas de oferta de papel personalizadas<\/strong><\/a> apresentam um fecho magn\u00e9tico elegante que n\u00e3o s\u00f3 garante uma seguran\u00e7a fi\u00e1vel, como tamb\u00e9m cria um unboxing inesquec\u00edvel com um toque de luxo. Perfeitas para produtos de retalho topo de gama, servi\u00e7os de subscri\u00e7\u00e3o exclusivos e marcas de com\u00e9rcio eletr\u00f3nico de boutique.  Quer opte por cores ousadas ou tons subtis, estas caixas chamam a aten\u00e7\u00e3o e transmitem elevada qualidade e eleg\u00e2ncia.<\/p>\n<h2>Principais carater\u00edsticas das nossas caixas de papel magn\u00e9tico personalizadas para bolachas<\/h2>\n<h3><strong>Fecho magn\u00e9tico elegante\u00a0<\/strong><\/h3>\n<p>O fecho magn\u00e9tico sem costuras n\u00e3o s\u00f3 garante a embalagem segura dos seus produtos, como tamb\u00e9m oferece uma experi\u00eancia de abertura satisfat\u00f3ria que melhora o processo de desembalagem. Esta carater\u00edstica aumenta a perce\u00e7\u00e3o do valor da sua marca.<\/p>\n<h3><strong>Constru\u00e7\u00e3o em cart\u00e3o dur\u00e1vel\u00a0<\/strong><\/h3>\n<p>Fabricado em cart\u00e3o litogr\u00e1fico de alta qualidade, o nosso <a href=\"https:\/\/www.chinatopack.com\/pt\/\"><strong>caixas de papel por atacado<\/strong><\/a> proporcionam uma prote\u00e7\u00e3o robusta aos seus produtos, garantindo que chegam em perfeitas condi\u00e7\u00f5es. Este material tamb\u00e9m \u00e9 muito adequado para impress\u00f5es vibrantes, melhorando o atrativo visual dos seus produtos. <a href=\"https:\/\/www.chinatopack.com\/pt\/about-us\/\"><strong>caixas de papel personalizadas<\/strong><\/a>.<\/p>","protected":false},"excerpt":{"rendered":"<p>As caixas magn\u00e9ticas personalizadas para bolachas em papel, com fecho magn\u00e9tico elegante e cart\u00e3o litogr\u00e1fico duradouro, aumentam a eleg\u00e2ncia do desempacotamento. Ideais para a venda a retalho de luxo, assinaturas, aumentando o valor da marca com impress\u00f5es vibrantes.<\/p>","protected":false},"featured_media":12746,"comment_status":"closed","ping_status":"closed","template":"","meta":{"_et_pb_use_builder":"","_et_pb_old_content":"","_et_gb_content_width":""},"product_cat":[280],"product_tag":[284,285,282],"yoast_head":"<!-- This site is optimized with the Yoast SEO plugin v22.7 - https:\/\/yoast.com\/wordpress\/plugins\/seo\/ -->\n<title>Luxury Magnetic Paper Cookie Boxes Box Supplier | China<\/title>\n<meta name=\"description\" content=\"Supplier of Magnetic Paper Cookie Boxes: Luxury magnetic closure &amp; vibrant prints on durable litho board. Wholesale for subscription\/e-commerce brands. Request quote!\" \/>\n<meta name=\"robots\" content=\"index, follow, max-snippet:-1, max-image-preview:large, max-video-preview:-1\" \/>\n<link rel=\"canonical\" href=\"https:\/\/www.chinatopack.com\/pt\/produto\/elegant-magnetic-paper-cookie-boxes\/\" \/>\n<meta property=\"og:locale\" content=\"pt_PT\" \/>\n<meta property=\"og:type\" content=\"article\" \/>\n<meta property=\"og:title\" content=\"Luxury Magnetic Paper Cookie Boxes Box Supplier | China\" \/>\n<meta property=\"og:description\" content=\"Supplier of Magnetic Paper Cookie Boxes: Luxury magnetic closure &amp; vibrant prints on durable litho board. Wholesale for subscription\/e-commerce brands. Request quote!\" \/>\n<meta property=\"og:url\" content=\"https:\/\/www.chinatopack.com\/pt\/produto\/elegant-magnetic-paper-cookie-boxes\/\" \/>\n<meta property=\"og:site_name\" content=\"TOPACK Paper Boxes\" \/>\n<meta property=\"article:publisher\" content=\"https:\/\/www.facebook.com\/ChinaTopack\/\" \/>\n<meta property=\"article:modified_time\" content=\"2025-08-08T14:18:43+00:00\" \/>\n<meta property=\"og:image\" content=\"https:\/\/www.chinatopack.com\/wp-content\/uploads\/2025\/07\/Elegant-Magnetic-Paper-Cookie-Boxes1.webp\" \/>\n\t<meta property=\"og:image:width\" content=\"1100\" \/>\n\t<meta property=\"og:image:height\" content=\"1100\" \/>\n\t<meta property=\"og:image:type\" content=\"image\/webp\" \/>\n<meta name=\"twitter:card\" content=\"summary_large_image\" \/>\n<meta name=\"twitter:label1\" content=\"Tempo estimado de leitura\" \/>\n\t<meta name=\"twitter:data1\" content=\"1 minuto\" \/>\n<script type=\"application\/ld+json\" class=\"yoast-schema-graph\">{\"@context\":\"https:\/\/schema.org\",\"@graph\":[{\"@type\":\"WebPage\",\"@id\":\"https:\/\/www.chinatopack.com\/product\/elegant-magnetic-paper-cookie-boxes\/\",\"url\":\"https:\/\/www.chinatopack.com\/product\/elegant-magnetic-paper-cookie-boxes\/\",\"name\":\"Luxury Magnetic Paper Cookie Boxes Box Supplier | China\",\"isPartOf\":{\"@id\":\"https:\/\/www.chinatopack.com\/#website\"},\"primaryImageOfPage\":{\"@id\":\"https:\/\/www.chinatopack.com\/product\/elegant-magnetic-paper-cookie-boxes\/#primaryimage\"},\"image\":{\"@id\":\"https:\/\/www.chinatopack.com\/product\/elegant-magnetic-paper-cookie-boxes\/#primaryimage\"},\"thumbnailUrl\":\"https:\/\/www.chinatopack.com\/wp-content\/uploads\/2025\/07\/Elegant-Magnetic-Paper-Cookie-Boxes1.webp\",\"datePublished\":\"2025-07-31T08:52:37+00:00\",\"dateModified\":\"2025-08-08T14:18:43+00:00\",\"description\":\"Supplier of Magnetic Paper Cookie Boxes: Luxury magnetic closure & vibrant prints on durable litho board. Wholesale for subscription\/e-commerce brands. Request quote!\",\"breadcrumb\":{\"@id\":\"https:\/\/www.chinatopack.com\/product\/elegant-magnetic-paper-cookie-boxes\/#breadcrumb\"},\"inLanguage\":\"pt-PT\",\"potentialAction\":[{\"@type\":\"ReadAction\",\"target\":[\"https:\/\/www.chinatopack.com\/product\/elegant-magnetic-paper-cookie-boxes\/\"]}]},{\"@type\":\"ImageObject\",\"inLanguage\":\"pt-PT\",\"@id\":\"https:\/\/www.chinatopack.com\/product\/elegant-magnetic-paper-cookie-boxes\/#primaryimage\",\"url\":\"https:\/\/www.chinatopack.com\/wp-content\/uploads\/2025\/07\/Elegant-Magnetic-Paper-Cookie-Boxes1.webp\",\"contentUrl\":\"https:\/\/www.chinatopack.com\/wp-content\/uploads\/2025\/07\/Elegant-Magnetic-Paper-Cookie-Boxes1.webp\",\"width\":1100,\"height\":1100,\"caption\":\"Elegant Magnetic Paper Cookie Boxes\"},{\"@type\":\"BreadcrumbList\",\"@id\":\"https:\/\/www.chinatopack.com\/product\/elegant-magnetic-paper-cookie-boxes\/#breadcrumb\",\"itemListElement\":[{\"@type\":\"ListItem\",\"position\":1,\"name\":\"Home\",\"item\":\"https:\/\/www.chinatopack.com\/\"},{\"@type\":\"ListItem\",\"position\":2,\"name\":\"Products\",\"item\":\"https:\/\/www.chinatopack.com\/shop\/\"},{\"@type\":\"ListItem\",\"position\":3,\"name\":\"Elegant Magnetic Paper Cookie Boxes\"}]},{\"@type\":\"WebSite\",\"@id\":\"https:\/\/www.chinatopack.com\/#website\",\"url\":\"https:\/\/www.chinatopack.com\/\",\"name\":\"TOPACK Paper Boxes\",\"description\":\"\",\"publisher\":{\"@id\":\"https:\/\/www.chinatopack.com\/#organization\"},\"potentialAction\":[{\"@type\":\"SearchAction\",\"target\":{\"@type\":\"EntryPoint\",\"urlTemplate\":\"https:\/\/www.chinatopack.com\/?s={search_term_string}\"},\"query-input\":\"required name=search_term_string\"}],\"inLanguage\":\"pt-PT\"},{\"@type\":\"Organization\",\"@id\":\"https:\/\/www.chinatopack.com\/#organization\",\"name\":\"TOPACK Paper Boxes\",\"url\":\"https:\/\/www.chinatopack.com\/\",\"logo\":{\"@type\":\"ImageObject\",\"inLanguage\":\"pt-PT\",\"@id\":\"https:\/\/www.chinatopack.com\/#\/schema\/logo\/image\/\",\"url\":\"https:\/\/www.chinatopack.com\/wp-content\/uploads\/2025\/11\/logo2.webp\",\"contentUrl\":\"https:\/\/www.chinatopack.com\/wp-content\/uploads\/2025\/11\/logo2.webp\",\"width\":512,\"height\":512,\"caption\":\"TOPACK Paper Boxes\"},\"image\":{\"@id\":\"https:\/\/www.chinatopack.com\/#\/schema\/logo\/image\/\"},\"sameAs\":[\"https:\/\/www.facebook.com\/ChinaTopack\/\",\"https:\/\/www.youtube.com\/@chinatopack\"]}]}<\/script>\n<!-- \/ Yoast SEO plugin. -->","yoast_head_json":{"title":"Luxury Magnetic Paper Cookie Boxes Box Supplier | China","description":"Supplier of Magnetic Paper Cookie Boxes: Luxury magnetic closure & vibrant prints on durable litho board. Wholesale for subscription\/e-commerce brands. Request quote!","robots":{"index":"index","follow":"follow","max-snippet":"max-snippet:-1","max-image-preview":"max-image-preview:large","max-video-preview":"max-video-preview:-1"},"canonical":"https:\/\/www.chinatopack.com\/pt\/produto\/elegant-magnetic-paper-cookie-boxes\/","og_locale":"pt_PT","og_type":"article","og_title":"Luxury Magnetic Paper Cookie Boxes Box Supplier | China","og_description":"Supplier of Magnetic Paper Cookie Boxes: Luxury magnetic closure & vibrant prints on durable litho board. Wholesale for subscription\/e-commerce brands. Request quote!","og_url":"https:\/\/www.chinatopack.com\/pt\/produto\/elegant-magnetic-paper-cookie-boxes\/","og_site_name":"TOPACK Paper Boxes","article_publisher":"https:\/\/www.facebook.com\/ChinaTopack\/","article_modified_time":"2025-08-08T14:18:43+00:00","og_image":[{"width":1100,"height":1100,"url":"https:\/\/www.chinatopack.com\/wp-content\/uploads\/2025\/07\/Elegant-Magnetic-Paper-Cookie-Boxes1.webp","type":"image\/webp"}],"twitter_card":"summary_large_image","twitter_misc":{"Tempo estimado de leitura":"1 minuto"},"schema":{"@context":"https:\/\/schema.org","@graph":[{"@type":"WebPage","@id":"https:\/\/www.chinatopack.com\/product\/elegant-magnetic-paper-cookie-boxes\/","url":"https:\/\/www.chinatopack.com\/product\/elegant-magnetic-paper-cookie-boxes\/","name":"Luxury Magnetic Paper Cookie Boxes Box Supplier | China","isPartOf":{"@id":"https:\/\/www.chinatopack.com\/#website"},"primaryImageOfPage":{"@id":"https:\/\/www.chinatopack.com\/product\/elegant-magnetic-paper-cookie-boxes\/#primaryimage"},"image":{"@id":"https:\/\/www.chinatopack.com\/product\/elegant-magnetic-paper-cookie-boxes\/#primaryimage"},"thumbnailUrl":"https:\/\/www.chinatopack.com\/wp-content\/uploads\/2025\/07\/Elegant-Magnetic-Paper-Cookie-Boxes1.webp","datePublished":"2025-07-31T08:52:37+00:00","dateModified":"2025-08-08T14:18:43+00:00","description":"Supplier of Magnetic Paper Cookie Boxes: Luxury magnetic closure & vibrant prints on durable litho board. Wholesale for subscription\/e-commerce brands. Request quote!","breadcrumb":{"@id":"https:\/\/www.chinatopack.com\/product\/elegant-magnetic-paper-cookie-boxes\/#breadcrumb"},"inLanguage":"pt-PT","potentialAction":[{"@type":"ReadAction","target":["https:\/\/www.chinatopack.com\/product\/elegant-magnetic-paper-cookie-boxes\/"]}]},{"@type":"ImageObject","inLanguage":"pt-PT","@id":"https:\/\/www.chinatopack.com\/product\/elegant-magnetic-paper-cookie-boxes\/#primaryimage","url":"https:\/\/www.chinatopack.com\/wp-content\/uploads\/2025\/07\/Elegant-Magnetic-Paper-Cookie-Boxes1.webp","contentUrl":"https:\/\/www.chinatopack.com\/wp-content\/uploads\/2025\/07\/Elegant-Magnetic-Paper-Cookie-Boxes1.webp","width":1100,"height":1100,"caption":"Elegant Magnetic Paper Cookie Boxes"},{"@type":"BreadcrumbList","@id":"https:\/\/www.chinatopack.com\/product\/elegant-magnetic-paper-cookie-boxes\/#breadcrumb","itemListElement":[{"@type":"ListItem","position":1,"name":"Home","item":"https:\/\/www.chinatopack.com\/"},{"@type":"ListItem","position":2,"name":"Products","item":"https:\/\/www.chinatopack.com\/shop\/"},{"@type":"ListItem","position":3,"name":"Elegant Magnetic Paper Cookie Boxes"}]},{"@type":"WebSite","@id":"https:\/\/www.chinatopack.com\/#website","url":"https:\/\/www.chinatopack.com\/","name":"TOPACK Paper Boxes","description":"","publisher":{"@id":"https:\/\/www.chinatopack.com\/#organization"},"potentialAction":[{"@type":"SearchAction","target":{"@type":"EntryPoint","urlTemplate":"https:\/\/www.chinatopack.com\/?s={search_term_string}"},"query-input":"required name=search_term_string"}],"inLanguage":"pt-PT"},{"@type":"Organization","@id":"https:\/\/www.chinatopack.com\/#organization","name":"TOPACK Paper Boxes","url":"https:\/\/www.chinatopack.com\/","logo":{"@type":"ImageObject","inLanguage":"pt-PT","@id":"https:\/\/www.chinatopack.com\/#\/schema\/logo\/image\/","url":"https:\/\/www.chinatopack.com\/wp-content\/uploads\/2025\/11\/logo2.webp","contentUrl":"https:\/\/www.chinatopack.com\/wp-content\/uploads\/2025\/11\/logo2.webp","width":512,"height":512,"caption":"TOPACK Paper Boxes"},"image":{"@id":"https:\/\/www.chinatopack.com\/#\/schema\/logo\/image\/"},"sameAs":["https:\/\/www.facebook.com\/ChinaTopack\/","https:\/\/www.youtube.com\/@chinatopack"]}]}},"_links":{"self":[{"href":"https:\/\/www.chinatopack.com\/pt\/wp-json\/wp\/v2\/product\/12744"}],"collection":[{"href":"https:\/\/www.chinatopack.com\/pt\/wp-json\/wp\/v2\/product"}],"about":[{"href":"https:\/\/www.chinatopack.com\/pt\/wp-json\/wp\/v2\/types\/product"}],"replies":[{"embeddable":true,"href":"https:\/\/www.chinatopack.com\/pt\/wp-json\/wp\/v2\/comments?post=12744"}],"wp:featuredmedia":[{"embeddable":true,"href":"https:\/\/www.chinatopack.com\/pt\/wp-json\/wp\/v2\/media\/12746"}],"wp:attachment":[{"href":"https:\/\/www.chinatopack.com\/pt\/wp-json\/wp\/v2\/media?parent=12744"}],"wp:term":[{"taxonomy":"product_cat","embeddable":true,"href":"https:\/\/www.chinatopack.com\/pt\/wp-json\/wp\/v2\/product_cat?post=12744"},{"taxonomy":"product_tag","embeddable":true,"href":"https:\/\/www.chinatopack.com\/pt\/wp-json\/wp\/v2\/product_tag?post=12744"}],"curies":[{"name":"wp","href":"https:\/\/api.w.org\/{rel}","templated":true}]}}