{"id":12751,"date":"2025-07-31T09:11:38","date_gmt":"2025-07-31T09:11:38","guid":{"rendered":"https:\/\/www.chinatopack.com\/?post_type=product&#038;p=12751"},"modified":"2025-08-08T14:13:27","modified_gmt":"2025-08-08T14:13:27","slug":"regular-custom-paper-box-kraft-paper-window-boxes","status":"publish","type":"product","link":"https:\/\/www.chinatopack.com\/pt\/produto\/regular-custom-paper-box-kraft-paper-window-boxes\/","title":{"rendered":"Caixa de papel normal personalizada Caixas de janela de papel kraft"},"content":{"rendered":"<h2>Descri\u00e7\u00e3o das caixas de janela de papel kraft<\/h2>\n<p>A extremidade direita \u00e9 a mais popular <a href=\"https:\/\/www.chinatopack.com\/pt\/produto\/regular-custom-paper-box-kraft-paper-window-boxes\/\"><strong>caixas de janela em papel kraft<\/strong><\/a> para fins de venda a retalho e de exposi\u00e7\u00e3o. No entanto, podemos fabricar qualquer outro estilo de que necessite.<\/p>\n<p>Alguns outros retalhistas populares <a href=\"https:\/\/www.chinatopack.com\/pt\/\"><strong>caixas de papel<\/strong><\/a> estilos:<\/p>\n<ul>\n<li>Encomendas de com\u00e9rcio eletr\u00f3nico<\/li>\n<li>Caixas de subscri\u00e7\u00e3o<\/li>\n<li>Kits promocionais<\/li>\n<li>Caixas escolares<\/li>\n<\/ul>\n<p>Assinatura <a href=\"https:\/\/www.chinatopack.com\/pt\/about-us\/\"><strong>caixas de papel personalizadas<\/strong><\/a> oferecer aos clientes uma experi\u00eancia selecionada do seu produto. Algumas das empresas que normalmente encomendam estes produtos s\u00e3o:<\/p>\n<ul>\n<li>Caixas de extremidade de dobragem invertida<\/li>\n<li>Caixas de fundo com fecho de press\u00e3o<\/li>\n<li>Caixas de fundo autom\u00e1ticas<\/li>\n<li>Caixas de extremidade de veda\u00e7\u00e3o<\/li>\n<li>Caixas hexagonais<\/li>\n<\/ul>\n<p>Para encomendar estilos personalizados, envie um e-mail aos nossos especialistas em caixas para sam@chinatopack.com para obter uma resposta r\u00e1pida.<\/p>\n<p>Encomendas de produtos personalizados <a href=\"https:\/\/www.chinatopack.com\/pt\/category\/custom-paper-box\/\"><strong>caixas de papel baratas<\/strong><\/a> require only 8-10 business days for cardstock and 8-15 business days for corrugated to produce, however, Rush production of 4 &#8211; 5 days is available for cardstock and 4 &#8211; 8 days for corrugated. We print, cut, and glue your product boxes using the most advanced equipment and ship them to your door anywhere.<\/p>\n<h2>Sobre n\u00f3s<\/h2>\n<p>Yiwu Chinatopack (Yiwu Liangbaobei Printing &amp; Packaging) has over 20 years of manufacturing experience. We are a leading one-stop packaging solution supplier. Our main products are various paper boxes. They are widely used in many industries, such as skincare, makeup, supplements, essential oils, food, gifts, jewelry, watches, and stationery packaging. Our packaging products have been sold to the United States, Britain, Germany, Japan, Dubai and other countries worldwide. We always follow the earth&#8217;s greener environmental protection packaging concept. We keep seeking new innovations to meet customer needs and help them improve their products&#8217; market competitiveness.<\/p>\n<ul>\n<li><strong>L\u00edder do sector da embalagem:\u00a0<\/strong>Mais de 20 anos de experi\u00eancia na ind\u00fastria de embalagens de caixas de papel para desenvolver servi\u00e7os de marca exclusivos para si.<\/li>\n<li><strong>Servi\u00e7o p\u00f3s-venda :\u00a0<\/strong>O sistema de servi\u00e7o p\u00f3s-venda perfeito permite-lhe ficar descansado.<\/li>\n<li><strong>Equipa profissional:\u00a0<\/strong>A equipa profissional da empresa pode resolver todos os tipos de problemas que encontrar.<\/li>\n<li><strong>Forte produtividade:\u00a0<\/strong>Produ\u00e7\u00e3o em v\u00e1rias linhas, forte produtividade, garantia do prazo de entrega dos seus produtos.<\/li>\n<li><strong>Garantia de qualidade:\u00a0<\/strong>A prote\u00e7\u00e3o dos interesses dos clientes \u00e9 a nossa primeira prioridade, com inspectores de qualidade profissionais e equipamento de inspe\u00e7\u00e3o de qualidade preciso para garantir que a qualidade dos seus produtos \u00e9 a primeira.<\/li>\n<li>Caixa de papel dobr\u00e1vel de qualidade de marca pesada com design personalizado OEM\/ODM<\/li>\n<li>Boa op\u00e7\u00e3o como conjunto de oferta<\/li>\n<li>Escolha comodidade e praticidade com as nossas caixas dobr\u00e1veis exclusivas f\u00e1ceis de montar<\/li>\n<li>Amplamente utilizado em cosm\u00e9ticos, cuidados com a pele, perfumes, fragr\u00e2ncias, presentes, mercado de produtos electr\u00f3nicos, etc<\/li>\n<\/ul>\n<p>\u00c9 assim que mantemos ofertas competitivas para os nossos valiosos clientes a n\u00edvel mundial.<\/p>","protected":false},"excerpt":{"rendered":"<p>Caixas de janela de papel Kraft, populares com extremidades rectas e estilos personalizados, produ\u00e7\u00e3o de 8 a 15 dias (4 a 8 dias de urg\u00eancia). Mais de 20 anos de experi\u00eancia, ecol\u00f3gico, para retalho, com\u00e9rcio eletr\u00f3nico, etc., envio global.<\/p>","protected":false},"featured_media":12753,"comment_status":"closed","ping_status":"closed","template":"","meta":{"_et_pb_use_builder":"","_et_pb_old_content":"","_et_gb_content_width":""},"product_cat":[280],"product_tag":[284,285,282],"yoast_head":"<!-- This site is optimized with the Yoast SEO plugin v22.7 - https:\/\/yoast.com\/wordpress\/plugins\/seo\/ -->\n<title>Global Kraft Paper Window Boxes Supplier | Fast Ship<\/title>\n<meta name=\"description\" content=\"Kraft Paper Window Boxes Supplier: 20+ yrs mfg custom hexagon\/snap-lock boxes. Rush 4-day prod &amp; global shipping. FSC\/recycled materials. Wholesale solutions.\" \/>\n<meta name=\"robots\" content=\"index, follow, max-snippet:-1, max-image-preview:large, max-video-preview:-1\" \/>\n<link rel=\"canonical\" href=\"https:\/\/www.chinatopack.com\/pt\/produto\/regular-custom-paper-box-kraft-paper-window-boxes\/\" \/>\n<meta property=\"og:locale\" content=\"pt_PT\" \/>\n<meta property=\"og:type\" content=\"article\" \/>\n<meta property=\"og:title\" content=\"Global Kraft Paper Window Boxes Supplier | Fast Ship\" \/>\n<meta property=\"og:description\" content=\"Kraft Paper Window Boxes Supplier: 20+ yrs mfg custom hexagon\/snap-lock boxes. Rush 4-day prod &amp; global shipping. FSC\/recycled materials. Wholesale solutions.\" \/>\n<meta property=\"og:url\" content=\"https:\/\/www.chinatopack.com\/pt\/produto\/regular-custom-paper-box-kraft-paper-window-boxes\/\" \/>\n<meta property=\"og:site_name\" content=\"TOPACK Paper Boxes\" \/>\n<meta property=\"article:publisher\" content=\"https:\/\/www.facebook.com\/ChinaTopack\/\" \/>\n<meta property=\"article:modified_time\" content=\"2025-08-08T14:13:27+00:00\" \/>\n<meta property=\"og:image\" content=\"https:\/\/www.chinatopack.com\/wp-content\/uploads\/2025\/07\/Regular-Custom-Paper-Box-Kraft-Paper-Window-Boxes1.webp\" \/>\n\t<meta property=\"og:image:width\" content=\"1100\" \/>\n\t<meta property=\"og:image:height\" content=\"1100\" \/>\n\t<meta property=\"og:image:type\" content=\"image\/webp\" \/>\n<meta name=\"twitter:card\" content=\"summary_large_image\" \/>\n<meta name=\"twitter:label1\" content=\"Tempo estimado de leitura\" \/>\n\t<meta name=\"twitter:data1\" content=\"2 minutos\" \/>\n<script type=\"application\/ld+json\" class=\"yoast-schema-graph\">{\"@context\":\"https:\/\/schema.org\",\"@graph\":[{\"@type\":\"WebPage\",\"@id\":\"https:\/\/www.chinatopack.com\/product\/regular-custom-paper-box-kraft-paper-window-boxes\/\",\"url\":\"https:\/\/www.chinatopack.com\/product\/regular-custom-paper-box-kraft-paper-window-boxes\/\",\"name\":\"Global Kraft Paper Window Boxes Supplier | Fast Ship\",\"isPartOf\":{\"@id\":\"https:\/\/www.chinatopack.com\/#website\"},\"primaryImageOfPage\":{\"@id\":\"https:\/\/www.chinatopack.com\/product\/regular-custom-paper-box-kraft-paper-window-boxes\/#primaryimage\"},\"image\":{\"@id\":\"https:\/\/www.chinatopack.com\/product\/regular-custom-paper-box-kraft-paper-window-boxes\/#primaryimage\"},\"thumbnailUrl\":\"https:\/\/www.chinatopack.com\/wp-content\/uploads\/2025\/07\/Regular-Custom-Paper-Box-Kraft-Paper-Window-Boxes1.webp\",\"datePublished\":\"2025-07-31T09:11:38+00:00\",\"dateModified\":\"2025-08-08T14:13:27+00:00\",\"description\":\"Kraft Paper Window Boxes Supplier: 20+ yrs mfg custom hexagon\/snap-lock boxes. Rush 4-day prod & global shipping. FSC\/recycled materials. Wholesale solutions.\",\"breadcrumb\":{\"@id\":\"https:\/\/www.chinatopack.com\/product\/regular-custom-paper-box-kraft-paper-window-boxes\/#breadcrumb\"},\"inLanguage\":\"pt-PT\",\"potentialAction\":[{\"@type\":\"ReadAction\",\"target\":[\"https:\/\/www.chinatopack.com\/product\/regular-custom-paper-box-kraft-paper-window-boxes\/\"]}]},{\"@type\":\"ImageObject\",\"inLanguage\":\"pt-PT\",\"@id\":\"https:\/\/www.chinatopack.com\/product\/regular-custom-paper-box-kraft-paper-window-boxes\/#primaryimage\",\"url\":\"https:\/\/www.chinatopack.com\/wp-content\/uploads\/2025\/07\/Regular-Custom-Paper-Box-Kraft-Paper-Window-Boxes1.webp\",\"contentUrl\":\"https:\/\/www.chinatopack.com\/wp-content\/uploads\/2025\/07\/Regular-Custom-Paper-Box-Kraft-Paper-Window-Boxes1.webp\",\"width\":1100,\"height\":1100,\"caption\":\"Regular Custom Paper Box Kraft Paper Window Boxes\"},{\"@type\":\"BreadcrumbList\",\"@id\":\"https:\/\/www.chinatopack.com\/product\/regular-custom-paper-box-kraft-paper-window-boxes\/#breadcrumb\",\"itemListElement\":[{\"@type\":\"ListItem\",\"position\":1,\"name\":\"Home\",\"item\":\"https:\/\/www.chinatopack.com\/\"},{\"@type\":\"ListItem\",\"position\":2,\"name\":\"Products\",\"item\":\"https:\/\/www.chinatopack.com\/shop\/\"},{\"@type\":\"ListItem\",\"position\":3,\"name\":\"Regular Custom Paper Box Kraft Paper Window Boxes\"}]},{\"@type\":\"WebSite\",\"@id\":\"https:\/\/www.chinatopack.com\/#website\",\"url\":\"https:\/\/www.chinatopack.com\/\",\"name\":\"TOPACK Paper Boxes\",\"description\":\"\",\"publisher\":{\"@id\":\"https:\/\/www.chinatopack.com\/#organization\"},\"potentialAction\":[{\"@type\":\"SearchAction\",\"target\":{\"@type\":\"EntryPoint\",\"urlTemplate\":\"https:\/\/www.chinatopack.com\/?s={search_term_string}\"},\"query-input\":\"required name=search_term_string\"}],\"inLanguage\":\"pt-PT\"},{\"@type\":\"Organization\",\"@id\":\"https:\/\/www.chinatopack.com\/#organization\",\"name\":\"TOPACK Paper Boxes\",\"url\":\"https:\/\/www.chinatopack.com\/\",\"logo\":{\"@type\":\"ImageObject\",\"inLanguage\":\"pt-PT\",\"@id\":\"https:\/\/www.chinatopack.com\/#\/schema\/logo\/image\/\",\"url\":\"https:\/\/www.chinatopack.com\/wp-content\/uploads\/2025\/11\/logo2.webp\",\"contentUrl\":\"https:\/\/www.chinatopack.com\/wp-content\/uploads\/2025\/11\/logo2.webp\",\"width\":512,\"height\":512,\"caption\":\"TOPACK Paper Boxes\"},\"image\":{\"@id\":\"https:\/\/www.chinatopack.com\/#\/schema\/logo\/image\/\"},\"sameAs\":[\"https:\/\/www.facebook.com\/ChinaTopack\/\",\"https:\/\/www.youtube.com\/@chinatopack\"]}]}<\/script>\n<!-- \/ Yoast SEO plugin. -->","yoast_head_json":{"title":"Global Kraft Paper Window Boxes Supplier | Fast Ship","description":"Kraft Paper Window Boxes Supplier: 20+ yrs mfg custom hexagon\/snap-lock boxes. Rush 4-day prod & global shipping. FSC\/recycled materials. Wholesale solutions.","robots":{"index":"index","follow":"follow","max-snippet":"max-snippet:-1","max-image-preview":"max-image-preview:large","max-video-preview":"max-video-preview:-1"},"canonical":"https:\/\/www.chinatopack.com\/pt\/produto\/regular-custom-paper-box-kraft-paper-window-boxes\/","og_locale":"pt_PT","og_type":"article","og_title":"Global Kraft Paper Window Boxes Supplier | Fast Ship","og_description":"Kraft Paper Window Boxes Supplier: 20+ yrs mfg custom hexagon\/snap-lock boxes. Rush 4-day prod & global shipping. FSC\/recycled materials. Wholesale solutions.","og_url":"https:\/\/www.chinatopack.com\/pt\/produto\/regular-custom-paper-box-kraft-paper-window-boxes\/","og_site_name":"TOPACK Paper Boxes","article_publisher":"https:\/\/www.facebook.com\/ChinaTopack\/","article_modified_time":"2025-08-08T14:13:27+00:00","og_image":[{"width":1100,"height":1100,"url":"https:\/\/www.chinatopack.com\/wp-content\/uploads\/2025\/07\/Regular-Custom-Paper-Box-Kraft-Paper-Window-Boxes1.webp","type":"image\/webp"}],"twitter_card":"summary_large_image","twitter_misc":{"Tempo estimado de leitura":"2 minutos"},"schema":{"@context":"https:\/\/schema.org","@graph":[{"@type":"WebPage","@id":"https:\/\/www.chinatopack.com\/product\/regular-custom-paper-box-kraft-paper-window-boxes\/","url":"https:\/\/www.chinatopack.com\/product\/regular-custom-paper-box-kraft-paper-window-boxes\/","name":"Global Kraft Paper Window Boxes Supplier | Fast Ship","isPartOf":{"@id":"https:\/\/www.chinatopack.com\/#website"},"primaryImageOfPage":{"@id":"https:\/\/www.chinatopack.com\/product\/regular-custom-paper-box-kraft-paper-window-boxes\/#primaryimage"},"image":{"@id":"https:\/\/www.chinatopack.com\/product\/regular-custom-paper-box-kraft-paper-window-boxes\/#primaryimage"},"thumbnailUrl":"https:\/\/www.chinatopack.com\/wp-content\/uploads\/2025\/07\/Regular-Custom-Paper-Box-Kraft-Paper-Window-Boxes1.webp","datePublished":"2025-07-31T09:11:38+00:00","dateModified":"2025-08-08T14:13:27+00:00","description":"Kraft Paper Window Boxes Supplier: 20+ yrs mfg custom hexagon\/snap-lock boxes. Rush 4-day prod & global shipping. FSC\/recycled materials. Wholesale solutions.","breadcrumb":{"@id":"https:\/\/www.chinatopack.com\/product\/regular-custom-paper-box-kraft-paper-window-boxes\/#breadcrumb"},"inLanguage":"pt-PT","potentialAction":[{"@type":"ReadAction","target":["https:\/\/www.chinatopack.com\/product\/regular-custom-paper-box-kraft-paper-window-boxes\/"]}]},{"@type":"ImageObject","inLanguage":"pt-PT","@id":"https:\/\/www.chinatopack.com\/product\/regular-custom-paper-box-kraft-paper-window-boxes\/#primaryimage","url":"https:\/\/www.chinatopack.com\/wp-content\/uploads\/2025\/07\/Regular-Custom-Paper-Box-Kraft-Paper-Window-Boxes1.webp","contentUrl":"https:\/\/www.chinatopack.com\/wp-content\/uploads\/2025\/07\/Regular-Custom-Paper-Box-Kraft-Paper-Window-Boxes1.webp","width":1100,"height":1100,"caption":"Regular Custom Paper Box Kraft Paper Window Boxes"},{"@type":"BreadcrumbList","@id":"https:\/\/www.chinatopack.com\/product\/regular-custom-paper-box-kraft-paper-window-boxes\/#breadcrumb","itemListElement":[{"@type":"ListItem","position":1,"name":"Home","item":"https:\/\/www.chinatopack.com\/"},{"@type":"ListItem","position":2,"name":"Products","item":"https:\/\/www.chinatopack.com\/shop\/"},{"@type":"ListItem","position":3,"name":"Regular Custom Paper Box Kraft Paper Window Boxes"}]},{"@type":"WebSite","@id":"https:\/\/www.chinatopack.com\/#website","url":"https:\/\/www.chinatopack.com\/","name":"TOPACK Paper Boxes","description":"","publisher":{"@id":"https:\/\/www.chinatopack.com\/#organization"},"potentialAction":[{"@type":"SearchAction","target":{"@type":"EntryPoint","urlTemplate":"https:\/\/www.chinatopack.com\/?s={search_term_string}"},"query-input":"required name=search_term_string"}],"inLanguage":"pt-PT"},{"@type":"Organization","@id":"https:\/\/www.chinatopack.com\/#organization","name":"TOPACK Paper Boxes","url":"https:\/\/www.chinatopack.com\/","logo":{"@type":"ImageObject","inLanguage":"pt-PT","@id":"https:\/\/www.chinatopack.com\/#\/schema\/logo\/image\/","url":"https:\/\/www.chinatopack.com\/wp-content\/uploads\/2025\/11\/logo2.webp","contentUrl":"https:\/\/www.chinatopack.com\/wp-content\/uploads\/2025\/11\/logo2.webp","width":512,"height":512,"caption":"TOPACK Paper Boxes"},"image":{"@id":"https:\/\/www.chinatopack.com\/#\/schema\/logo\/image\/"},"sameAs":["https:\/\/www.facebook.com\/ChinaTopack\/","https:\/\/www.youtube.com\/@chinatopack"]}]}},"_links":{"self":[{"href":"https:\/\/www.chinatopack.com\/pt\/wp-json\/wp\/v2\/product\/12751"}],"collection":[{"href":"https:\/\/www.chinatopack.com\/pt\/wp-json\/wp\/v2\/product"}],"about":[{"href":"https:\/\/www.chinatopack.com\/pt\/wp-json\/wp\/v2\/types\/product"}],"replies":[{"embeddable":true,"href":"https:\/\/www.chinatopack.com\/pt\/wp-json\/wp\/v2\/comments?post=12751"}],"wp:featuredmedia":[{"embeddable":true,"href":"https:\/\/www.chinatopack.com\/pt\/wp-json\/wp\/v2\/media\/12753"}],"wp:attachment":[{"href":"https:\/\/www.chinatopack.com\/pt\/wp-json\/wp\/v2\/media?parent=12751"}],"wp:term":[{"taxonomy":"product_cat","embeddable":true,"href":"https:\/\/www.chinatopack.com\/pt\/wp-json\/wp\/v2\/product_cat?post=12751"},{"taxonomy":"product_tag","embeddable":true,"href":"https:\/\/www.chinatopack.com\/pt\/wp-json\/wp\/v2\/product_tag?post=12751"}],"curies":[{"name":"wp","href":"https:\/\/api.w.org\/{rel}","templated":true}]}}