{"id":12758,"date":"2025-07-31T14:34:30","date_gmt":"2025-07-31T14:34:30","guid":{"rendered":"https:\/\/www.chinatopack.com\/?post_type=product&#038;p=12758"},"modified":"2025-08-12T11:12:20","modified_gmt":"2025-08-12T11:12:20","slug":"regular-bracelet-gift-box","status":"publish","type":"product","link":"https:\/\/www.chinatopack.com\/pt\/produto\/regular-bracelet-gift-box\/","title":{"rendered":"Caixa de oferta para pulseira normal"},"content":{"rendered":"<h2>Descri\u00e7\u00e3o da caixa de oferta para pulseiras<\/h2>\n<p>Impress\u00e3o personalizada <a href=\"https:\/\/www.chinatopack.com\/pt\/produto\/regular-bracelet-gift-box\/\"><strong>Caixa de oferta para pulseira<\/strong><\/a>tamb\u00e9m conhecidas como caixas de cart\u00e3o dobr\u00e1veis, d\u00e3o ao seu <a href=\"https:\/\/www.chinatopack.com\/pt\/category\/gift-box\/\"><strong>caixas de oferta de luxo<\/strong><\/a> um aspeto profissional, mantendo a sua marca na frente e no centro de cada encomenda que vende, envia ou distribui.<\/p>\n<p>Quer esteja a vender perfumes, cosm\u00e9ticos, \u00f3leos essenciais, chocolates ou j\u00f3ias, a nossa impress\u00e3o de caixas de produtos personalizadas d\u00e1-lhe as ferramentas de que necessita para causar a melhor impress\u00e3o. Tamb\u00e9m pode utiliz\u00e1-las como caixas de oferta para homem ou mulher.<\/p>\n<p>Os nossos produtos personalizados <a href=\"https:\/\/www.chinatopack.com\/pt\/\"><strong>caixas de oferta kraft<\/strong><\/a> podem ser encomendados em cartolina de uma camada para uma maior qualidade de impress\u00e3o e um acabamento mais suave, ou em material ondulado de v\u00e1rias camadas para uma maior durabilidade.<\/p>\n<p>Utilize as suas caixas personalizadas como:<\/p>\n<ul>\n<li>Caixas de cosm\u00e9ticos personalizadas<\/li>\n<li>Caixas de velas<\/li>\n<li>Caixas de perfume<\/li>\n<li>Caixas de sab\u00e3o<\/li>\n<li>Porta-joias<\/li>\n<li>Caixas de oferta impressas para grandes clientes<\/li>\n<li>Embalagens de produtos \u00fanicas para quase tudo<\/li>\n<\/ul>\n<div class=\"auto-hide-last-sibling-br paragraph-JOTKXA paragraph-element br-paragraph-space\">Somos um dos\u00a0<a href=\"https:\/\/www.chinatopack.com\/pt\/about-us\/\"><strong>fabricantes de caixas de oferta<\/strong><\/a> com mais de 20 anos de experi\u00eancia. Podemos dar conselhos profissionais e oferecer outros tipos de caixas de embalagem, como caixas dobr\u00e1veis e caixas em forma de livro. Para garantir a qualidade, a nossa equipa de inspe\u00e7\u00e3o de qualidade verifica n\u00e3o s\u00f3 os produtos acabados, mas tamb\u00e9m os materiais recebidos e o processo de produ\u00e7\u00e3o. Antes do envio, todos os sacos de embalagem s\u00e3o colocados em caixas de cart\u00e3o kraft de cinco camadas. Isto evita que sejam danificados durante o transporte.<\/div>\n<h2>Caixa para oferta de pulseiras Fotos<\/h2>\n<p><img loading=\"lazy\" decoding=\"async\" class=\"size-full wp-image-12767 aligncenter\" data-src=\"https:\/\/www.chinatopack.com\/wp-content\/uploads\/2025\/07\/Regular-Bracelet-Gift-Box8.webp\" alt=\"Caixa de oferta para pulseira normal\" width=\"1100\" height=\"1100\" srcset=\"https:\/\/www.chinatopack.com\/wp-content\/uploads\/2025\/07\/Regular-Bracelet-Gift-Box8.webp 1100w, https:\/\/www.chinatopack.com\/wp-content\/uploads\/2025\/07\/Regular-Bracelet-Gift-Box8-980x980.webp 980w, https:\/\/www.chinatopack.com\/wp-content\/uploads\/2025\/07\/Regular-Bracelet-Gift-Box8-480x480.webp 480w\" sizes=\"(min-width: 0px) and (max-width: 480px) 480px, (min-width: 481px) and (max-width: 980px) 980px, (min-width: 981px) 1100px, 100vw\" \/> <img loading=\"lazy\" decoding=\"async\" class=\"size-full wp-image-12768 aligncenter\" data-src=\"https:\/\/www.chinatopack.com\/wp-content\/uploads\/2025\/07\/Regular-Bracelet-Gift-Box4.webp\" alt=\"Caixa de oferta para pulseira normal\" width=\"1100\" height=\"1100\" srcset=\"https:\/\/www.chinatopack.com\/wp-content\/uploads\/2025\/07\/Regular-Bracelet-Gift-Box4.webp 1100w, https:\/\/www.chinatopack.com\/wp-content\/uploads\/2025\/07\/Regular-Bracelet-Gift-Box4-980x980.webp 980w, https:\/\/www.chinatopack.com\/wp-content\/uploads\/2025\/07\/Regular-Bracelet-Gift-Box4-480x480.webp 480w\" sizes=\"(min-width: 0px) and (max-width: 480px) 480px, (min-width: 481px) and (max-width: 980px) 980px, (min-width: 981px) 1100px, 100vw\" \/> <img loading=\"lazy\" decoding=\"async\" class=\"size-full wp-image-12769 aligncenter\" data-src=\"https:\/\/www.chinatopack.com\/wp-content\/uploads\/2025\/07\/Regular-Bracelet-Gift-Box6.webp\" alt=\"Caixa de oferta para pulseira normal\" width=\"1100\" height=\"1100\" srcset=\"https:\/\/www.chinatopack.com\/wp-content\/uploads\/2025\/07\/Regular-Bracelet-Gift-Box6.webp 1100w, https:\/\/www.chinatopack.com\/wp-content\/uploads\/2025\/07\/Regular-Bracelet-Gift-Box6-980x980.webp 980w, https:\/\/www.chinatopack.com\/wp-content\/uploads\/2025\/07\/Regular-Bracelet-Gift-Box6-480x480.webp 480w\" sizes=\"(min-width: 0px) and (max-width: 480px) 480px, (min-width: 481px) and (max-width: 980px) 980px, (min-width: 981px) 1100px, 100vw\" \/><\/p>","protected":false},"excerpt":{"rendered":"<p>As caixas de oferta de pulseiras impressas personalizadas (caixas de cart\u00e3o dobr\u00e1veis) aumentam a visibilidade da marca, adequadas para perfumes, j\u00f3ias, etc. Escolha entre cartolina de camada \u00fanica ou cart\u00e3o canelado. Um fabricante com mais de 20 anos com outras caixas, controlos de qualidade rigorosos e envio seguro.<\/p>","protected":false},"featured_media":12760,"comment_status":"closed","ping_status":"closed","template":"","meta":{"_et_pb_use_builder":"","_et_pb_old_content":"","_et_gb_content_width":""},"product_cat":[281],"product_tag":[288,292],"yoast_head":"<!-- This site is optimized with the Yoast SEO plugin v22.7 - https:\/\/yoast.com\/wordpress\/plugins\/seo\/ -->\n<title>Custom Bracelet Gift Box Supplier | Printing<\/title>\n<meta name=\"description\" content=\"20+ Yrs Bracelet Gift Box Supplier: Wholesale kraft\/corrugated custom printing. For jewelry\/perfume\/cosmetics. Rigorous QC &amp; global shipping. Request quote!\" \/>\n<meta name=\"robots\" content=\"index, follow, max-snippet:-1, max-image-preview:large, max-video-preview:-1\" \/>\n<link rel=\"canonical\" href=\"https:\/\/www.chinatopack.com\/pt\/produto\/regular-bracelet-gift-box\/\" \/>\n<meta property=\"og:locale\" content=\"pt_PT\" \/>\n<meta property=\"og:type\" content=\"article\" \/>\n<meta property=\"og:title\" content=\"Custom Bracelet Gift Box Supplier | Printing\" \/>\n<meta property=\"og:description\" content=\"20+ Yrs Bracelet Gift Box Supplier: Wholesale kraft\/corrugated custom printing. For jewelry\/perfume\/cosmetics. Rigorous QC &amp; global shipping. Request quote!\" \/>\n<meta property=\"og:url\" content=\"https:\/\/www.chinatopack.com\/pt\/produto\/regular-bracelet-gift-box\/\" \/>\n<meta property=\"og:site_name\" content=\"TOPACK Paper Boxes\" \/>\n<meta property=\"article:publisher\" content=\"https:\/\/www.facebook.com\/ChinaTopack\/\" \/>\n<meta property=\"article:modified_time\" content=\"2025-08-12T11:12:20+00:00\" \/>\n<meta property=\"og:image\" content=\"https:\/\/www.chinatopack.com\/wp-content\/uploads\/2025\/07\/Regular-Bracelet-Gift-Box1.webp\" \/>\n\t<meta property=\"og:image:width\" content=\"1100\" \/>\n\t<meta property=\"og:image:height\" content=\"1100\" \/>\n\t<meta property=\"og:image:type\" content=\"image\/webp\" \/>\n<meta name=\"twitter:card\" content=\"summary_large_image\" \/>\n<meta name=\"twitter:label1\" content=\"Tempo estimado de leitura\" \/>\n\t<meta name=\"twitter:data1\" content=\"2 minutos\" \/>\n<script type=\"application\/ld+json\" class=\"yoast-schema-graph\">{\"@context\":\"https:\/\/schema.org\",\"@graph\":[{\"@type\":\"WebPage\",\"@id\":\"https:\/\/www.chinatopack.com\/product\/regular-bracelet-gift-box\/\",\"url\":\"https:\/\/www.chinatopack.com\/product\/regular-bracelet-gift-box\/\",\"name\":\"Custom Bracelet Gift Box Supplier | Printing\",\"isPartOf\":{\"@id\":\"https:\/\/www.chinatopack.com\/#website\"},\"primaryImageOfPage\":{\"@id\":\"https:\/\/www.chinatopack.com\/product\/regular-bracelet-gift-box\/#primaryimage\"},\"image\":{\"@id\":\"https:\/\/www.chinatopack.com\/product\/regular-bracelet-gift-box\/#primaryimage\"},\"thumbnailUrl\":\"https:\/\/www.chinatopack.com\/wp-content\/uploads\/2025\/07\/Regular-Bracelet-Gift-Box1.webp\",\"datePublished\":\"2025-07-31T14:34:30+00:00\",\"dateModified\":\"2025-08-12T11:12:20+00:00\",\"description\":\"20+ Yrs Bracelet Gift Box Supplier: Wholesale kraft\/corrugated custom printing. For jewelry\/perfume\/cosmetics. Rigorous QC & global shipping. Request quote!\",\"breadcrumb\":{\"@id\":\"https:\/\/www.chinatopack.com\/product\/regular-bracelet-gift-box\/#breadcrumb\"},\"inLanguage\":\"pt-PT\",\"potentialAction\":[{\"@type\":\"ReadAction\",\"target\":[\"https:\/\/www.chinatopack.com\/product\/regular-bracelet-gift-box\/\"]}]},{\"@type\":\"ImageObject\",\"inLanguage\":\"pt-PT\",\"@id\":\"https:\/\/www.chinatopack.com\/product\/regular-bracelet-gift-box\/#primaryimage\",\"url\":\"https:\/\/www.chinatopack.com\/wp-content\/uploads\/2025\/07\/Regular-Bracelet-Gift-Box1.webp\",\"contentUrl\":\"https:\/\/www.chinatopack.com\/wp-content\/uploads\/2025\/07\/Regular-Bracelet-Gift-Box1.webp\",\"width\":1100,\"height\":1100,\"caption\":\"Regular Bracelet Gift Box\"},{\"@type\":\"BreadcrumbList\",\"@id\":\"https:\/\/www.chinatopack.com\/product\/regular-bracelet-gift-box\/#breadcrumb\",\"itemListElement\":[{\"@type\":\"ListItem\",\"position\":1,\"name\":\"Home\",\"item\":\"https:\/\/www.chinatopack.com\/\"},{\"@type\":\"ListItem\",\"position\":2,\"name\":\"Products\",\"item\":\"https:\/\/www.chinatopack.com\/shop\/\"},{\"@type\":\"ListItem\",\"position\":3,\"name\":\"Regular Bracelet Gift Box\"}]},{\"@type\":\"WebSite\",\"@id\":\"https:\/\/www.chinatopack.com\/#website\",\"url\":\"https:\/\/www.chinatopack.com\/\",\"name\":\"TOPACK Paper Boxes\",\"description\":\"\",\"publisher\":{\"@id\":\"https:\/\/www.chinatopack.com\/#organization\"},\"potentialAction\":[{\"@type\":\"SearchAction\",\"target\":{\"@type\":\"EntryPoint\",\"urlTemplate\":\"https:\/\/www.chinatopack.com\/?s={search_term_string}\"},\"query-input\":\"required name=search_term_string\"}],\"inLanguage\":\"pt-PT\"},{\"@type\":\"Organization\",\"@id\":\"https:\/\/www.chinatopack.com\/#organization\",\"name\":\"TOPACK Paper Boxes\",\"url\":\"https:\/\/www.chinatopack.com\/\",\"logo\":{\"@type\":\"ImageObject\",\"inLanguage\":\"pt-PT\",\"@id\":\"https:\/\/www.chinatopack.com\/#\/schema\/logo\/image\/\",\"url\":\"https:\/\/www.chinatopack.com\/wp-content\/uploads\/2025\/11\/logo2.webp\",\"contentUrl\":\"https:\/\/www.chinatopack.com\/wp-content\/uploads\/2025\/11\/logo2.webp\",\"width\":512,\"height\":512,\"caption\":\"TOPACK Paper Boxes\"},\"image\":{\"@id\":\"https:\/\/www.chinatopack.com\/#\/schema\/logo\/image\/\"},\"sameAs\":[\"https:\/\/www.facebook.com\/ChinaTopack\/\",\"https:\/\/www.youtube.com\/@chinatopack\"]}]}<\/script>\n<!-- \/ Yoast SEO plugin. -->","yoast_head_json":{"title":"Custom Bracelet Gift Box Supplier | Printing","description":"20+ Yrs Bracelet Gift Box Supplier: Wholesale kraft\/corrugated custom printing. For jewelry\/perfume\/cosmetics. Rigorous QC & global shipping. Request quote!","robots":{"index":"index","follow":"follow","max-snippet":"max-snippet:-1","max-image-preview":"max-image-preview:large","max-video-preview":"max-video-preview:-1"},"canonical":"https:\/\/www.chinatopack.com\/pt\/produto\/regular-bracelet-gift-box\/","og_locale":"pt_PT","og_type":"article","og_title":"Custom Bracelet Gift Box Supplier | Printing","og_description":"20+ Yrs Bracelet Gift Box Supplier: Wholesale kraft\/corrugated custom printing. For jewelry\/perfume\/cosmetics. Rigorous QC & global shipping. Request quote!","og_url":"https:\/\/www.chinatopack.com\/pt\/produto\/regular-bracelet-gift-box\/","og_site_name":"TOPACK Paper Boxes","article_publisher":"https:\/\/www.facebook.com\/ChinaTopack\/","article_modified_time":"2025-08-12T11:12:20+00:00","og_image":[{"width":1100,"height":1100,"url":"https:\/\/www.chinatopack.com\/wp-content\/uploads\/2025\/07\/Regular-Bracelet-Gift-Box1.webp","type":"image\/webp"}],"twitter_card":"summary_large_image","twitter_misc":{"Tempo estimado de leitura":"2 minutos"},"schema":{"@context":"https:\/\/schema.org","@graph":[{"@type":"WebPage","@id":"https:\/\/www.chinatopack.com\/product\/regular-bracelet-gift-box\/","url":"https:\/\/www.chinatopack.com\/product\/regular-bracelet-gift-box\/","name":"Custom Bracelet Gift Box Supplier | Printing","isPartOf":{"@id":"https:\/\/www.chinatopack.com\/#website"},"primaryImageOfPage":{"@id":"https:\/\/www.chinatopack.com\/product\/regular-bracelet-gift-box\/#primaryimage"},"image":{"@id":"https:\/\/www.chinatopack.com\/product\/regular-bracelet-gift-box\/#primaryimage"},"thumbnailUrl":"https:\/\/www.chinatopack.com\/wp-content\/uploads\/2025\/07\/Regular-Bracelet-Gift-Box1.webp","datePublished":"2025-07-31T14:34:30+00:00","dateModified":"2025-08-12T11:12:20+00:00","description":"20+ Yrs Bracelet Gift Box Supplier: Wholesale kraft\/corrugated custom printing. For jewelry\/perfume\/cosmetics. Rigorous QC & global shipping. Request quote!","breadcrumb":{"@id":"https:\/\/www.chinatopack.com\/product\/regular-bracelet-gift-box\/#breadcrumb"},"inLanguage":"pt-PT","potentialAction":[{"@type":"ReadAction","target":["https:\/\/www.chinatopack.com\/product\/regular-bracelet-gift-box\/"]}]},{"@type":"ImageObject","inLanguage":"pt-PT","@id":"https:\/\/www.chinatopack.com\/product\/regular-bracelet-gift-box\/#primaryimage","url":"https:\/\/www.chinatopack.com\/wp-content\/uploads\/2025\/07\/Regular-Bracelet-Gift-Box1.webp","contentUrl":"https:\/\/www.chinatopack.com\/wp-content\/uploads\/2025\/07\/Regular-Bracelet-Gift-Box1.webp","width":1100,"height":1100,"caption":"Regular Bracelet Gift Box"},{"@type":"BreadcrumbList","@id":"https:\/\/www.chinatopack.com\/product\/regular-bracelet-gift-box\/#breadcrumb","itemListElement":[{"@type":"ListItem","position":1,"name":"Home","item":"https:\/\/www.chinatopack.com\/"},{"@type":"ListItem","position":2,"name":"Products","item":"https:\/\/www.chinatopack.com\/shop\/"},{"@type":"ListItem","position":3,"name":"Regular Bracelet Gift Box"}]},{"@type":"WebSite","@id":"https:\/\/www.chinatopack.com\/#website","url":"https:\/\/www.chinatopack.com\/","name":"TOPACK Paper Boxes","description":"","publisher":{"@id":"https:\/\/www.chinatopack.com\/#organization"},"potentialAction":[{"@type":"SearchAction","target":{"@type":"EntryPoint","urlTemplate":"https:\/\/www.chinatopack.com\/?s={search_term_string}"},"query-input":"required name=search_term_string"}],"inLanguage":"pt-PT"},{"@type":"Organization","@id":"https:\/\/www.chinatopack.com\/#organization","name":"TOPACK Paper Boxes","url":"https:\/\/www.chinatopack.com\/","logo":{"@type":"ImageObject","inLanguage":"pt-PT","@id":"https:\/\/www.chinatopack.com\/#\/schema\/logo\/image\/","url":"https:\/\/www.chinatopack.com\/wp-content\/uploads\/2025\/11\/logo2.webp","contentUrl":"https:\/\/www.chinatopack.com\/wp-content\/uploads\/2025\/11\/logo2.webp","width":512,"height":512,"caption":"TOPACK Paper Boxes"},"image":{"@id":"https:\/\/www.chinatopack.com\/#\/schema\/logo\/image\/"},"sameAs":["https:\/\/www.facebook.com\/ChinaTopack\/","https:\/\/www.youtube.com\/@chinatopack"]}]}},"_links":{"self":[{"href":"https:\/\/www.chinatopack.com\/pt\/wp-json\/wp\/v2\/product\/12758"}],"collection":[{"href":"https:\/\/www.chinatopack.com\/pt\/wp-json\/wp\/v2\/product"}],"about":[{"href":"https:\/\/www.chinatopack.com\/pt\/wp-json\/wp\/v2\/types\/product"}],"replies":[{"embeddable":true,"href":"https:\/\/www.chinatopack.com\/pt\/wp-json\/wp\/v2\/comments?post=12758"}],"wp:featuredmedia":[{"embeddable":true,"href":"https:\/\/www.chinatopack.com\/pt\/wp-json\/wp\/v2\/media\/12760"}],"wp:attachment":[{"href":"https:\/\/www.chinatopack.com\/pt\/wp-json\/wp\/v2\/media?parent=12758"}],"wp:term":[{"taxonomy":"product_cat","embeddable":true,"href":"https:\/\/www.chinatopack.com\/pt\/wp-json\/wp\/v2\/product_cat?post=12758"},{"taxonomy":"product_tag","embeddable":true,"href":"https:\/\/www.chinatopack.com\/pt\/wp-json\/wp\/v2\/product_tag?post=12758"}],"curies":[{"name":"wp","href":"https:\/\/api.w.org\/{rel}","templated":true}]}}