{"id":12770,"date":"2025-07-31T14:41:45","date_gmt":"2025-07-31T14:41:45","guid":{"rendered":"https:\/\/www.chinatopack.com\/?post_type=product&#038;p=12770"},"modified":"2025-08-08T14:08:02","modified_gmt":"2025-08-08T14:08:02","slug":"paper-watch-and-jewelry-box","status":"publish","type":"product","link":"https:\/\/www.chinatopack.com\/pt\/produto\/paper-watch-and-jewelry-box\/","title":{"rendered":"Caixa de papel para rel\u00f3gios e j\u00f3ias"},"content":{"rendered":"<h2>Descri\u00e7\u00e3o da Caixa de papel para rel\u00f3gios e j\u00f3ias<\/h2>\n<p>Papel <a href=\"https:\/\/www.chinatopack.com\/pt\/produto\/paper-watch-and-jewelry-box\/\"><strong>Caixa para rel\u00f3gios e j\u00f3ias<\/strong><\/a> \u00e9 cada vez mais popular no mercado atual, e estes <a href=\"https:\/\/www.chinatopack.com\/pt\/\"><strong>caixas de j\u00f3ias personalizadas<\/strong><\/a> tornou-se a escolha certa para muitas marcas de j\u00f3ias de nicho respons\u00e1veis. Para os amantes de j\u00f3ias mais exigentes, s\u00f3 o melhor serve. Gostar\u00edamos de apresentar as nossas caixas de oferta de j\u00f3ias de luxo personalizadas, concebidas para proporcionar uma experi\u00eancia de desembalagem excecional. A partir do momento em que os seus clientes abrem a caixa, ser\u00e3o transportados para um mundo de luxo e requinte.<\/p>\n<p>\u00c9 poss\u00edvel conseguir muitas coisas personalizadas diferentes no <a href=\"https:\/\/www.chinatopack.com\/pt\/category\/jewelry-box\/\"><strong>caixa de j\u00f3ias de luxo<\/strong><\/a> para mostrar a sua inspira\u00e7\u00e3o de j\u00f3ias aos consumidores, como a escolha de materiais com diferentes texturas, impress\u00e3o e estampagem de log\u00f3tipos especiais, efeito Spot UV para enfatizar a consci\u00eancia da marca, acess\u00f3rios de decora\u00e7\u00e3o especiais para expressar v\u00e1rias ideias criativas, etc., muito flex\u00edveis para fazer a sua pr\u00f3pria caixa \u00fanica.<\/p>\n<p>Como um dos <a href=\"https:\/\/www.chinatopack.com\/pt\/about-us\/\"><strong>fabricantes de caixas de j\u00f3ias<\/strong><\/a>Se n\u00e3o tivermos a certeza de que as nossas caixas s\u00e3o perfeitas para quem quer mostrar a sua cole\u00e7\u00e3o de j\u00f3ias de uma forma \u00fanica e chique, garantimos que as nossas caixas s\u00e3o perfeitas para quem quer mostrar a sua cole\u00e7\u00e3o de j\u00f3ias de uma forma \u00fanica e chique. Existem em designs e estilos extravagantes, e podemos personaliz\u00e1-las para se adaptarem a qualquer gosto ou or\u00e7amento. A nossa equipa est\u00e1 empenhada em fornecer produtos e servi\u00e7os da mais alta qualidade poss\u00edvel. Por isso, pode ter a certeza de que as suas j\u00f3ias ter\u00e3o um aspeto fant\u00e1stico quando as embalar nas nossas caixas. Al\u00e9m disso, a caixa de j\u00f3ias de papel personalizada \u00e9 uma boa escolha para mostrar os seus produtos aos seus clientes na loja ou no supermercado. Comece a fazer as suas pr\u00f3prias caixas de papel para j\u00f3ias!<\/p>","protected":false},"excerpt":{"rendered":"<p>As populares caixas de papel para rel\u00f3gios e j\u00f3ias adequam-se a marcas de nicho, oferecendo um unboxing de luxo. Personaliz\u00e1veis com materiais, log\u00f3tipos, efeitos UV, etc. Um fabricante fi\u00e1vel oferece qualidade, designs variados, or\u00e7amentos adequados para exposi\u00e7\u00e3o ou oferta.<\/p>","protected":false},"featured_media":12772,"comment_status":"closed","ping_status":"closed","template":"","meta":{"_et_pb_use_builder":"","_et_pb_old_content":"","_et_gb_content_width":""},"product_cat":[308],"product_tag":[294,295],"yoast_head":"<!-- This site is optimized with the Yoast SEO plugin v22.7 - https:\/\/yoast.com\/wordpress\/plugins\/seo\/ -->\n<title>Luxury Paper Watch and Jewelry Box Supplier | Custom in China<\/title>\n<meta name=\"description\" content=\"Watch and Jewelry Box Supplier: Custom luxury watch\/jewelry boxes w\/ Spot UV &amp; stamping. For niche brands &amp; retail displays. Manufacturer since 2003. Request quote!\" \/>\n<meta name=\"robots\" content=\"index, follow, max-snippet:-1, max-image-preview:large, max-video-preview:-1\" \/>\n<link rel=\"canonical\" href=\"https:\/\/www.chinatopack.com\/pt\/produto\/paper-watch-and-jewelry-box\/\" \/>\n<meta property=\"og:locale\" content=\"pt_PT\" \/>\n<meta property=\"og:type\" content=\"article\" \/>\n<meta property=\"og:title\" content=\"Luxury Paper Watch and Jewelry Box Supplier | Custom in China\" \/>\n<meta property=\"og:description\" content=\"Watch and Jewelry Box Supplier: Custom luxury watch\/jewelry boxes w\/ Spot UV &amp; stamping. For niche brands &amp; retail displays. Manufacturer since 2003. Request quote!\" \/>\n<meta property=\"og:url\" content=\"https:\/\/www.chinatopack.com\/pt\/produto\/paper-watch-and-jewelry-box\/\" \/>\n<meta property=\"og:site_name\" content=\"TOPACK Paper Boxes\" \/>\n<meta property=\"article:publisher\" content=\"https:\/\/www.facebook.com\/ChinaTopack\/\" \/>\n<meta property=\"article:modified_time\" content=\"2025-08-08T14:08:02+00:00\" \/>\n<meta property=\"og:image\" content=\"https:\/\/www.chinatopack.com\/wp-content\/uploads\/2025\/07\/Paper-Watch-and-Jewelry-Box3.webp\" \/>\n\t<meta property=\"og:image:width\" content=\"1100\" \/>\n\t<meta property=\"og:image:height\" content=\"1100\" \/>\n\t<meta property=\"og:image:type\" content=\"image\/webp\" \/>\n<meta name=\"twitter:card\" content=\"summary_large_image\" \/>\n<meta name=\"twitter:label1\" content=\"Tempo estimado de leitura\" \/>\n\t<meta name=\"twitter:data1\" content=\"2 minutos\" \/>\n<script type=\"application\/ld+json\" class=\"yoast-schema-graph\">{\"@context\":\"https:\/\/schema.org\",\"@graph\":[{\"@type\":\"WebPage\",\"@id\":\"https:\/\/www.chinatopack.com\/product\/paper-watch-and-jewelry-box\/\",\"url\":\"https:\/\/www.chinatopack.com\/product\/paper-watch-and-jewelry-box\/\",\"name\":\"Luxury Paper Watch and Jewelry Box Supplier | Custom in China\",\"isPartOf\":{\"@id\":\"https:\/\/www.chinatopack.com\/#website\"},\"primaryImageOfPage\":{\"@id\":\"https:\/\/www.chinatopack.com\/product\/paper-watch-and-jewelry-box\/#primaryimage\"},\"image\":{\"@id\":\"https:\/\/www.chinatopack.com\/product\/paper-watch-and-jewelry-box\/#primaryimage\"},\"thumbnailUrl\":\"https:\/\/www.chinatopack.com\/wp-content\/uploads\/2025\/07\/Paper-Watch-and-Jewelry-Box3.webp\",\"datePublished\":\"2025-07-31T14:41:45+00:00\",\"dateModified\":\"2025-08-08T14:08:02+00:00\",\"description\":\"Watch and Jewelry Box Supplier: Custom luxury watch\/jewelry boxes w\/ Spot UV & stamping. For niche brands & retail displays. Manufacturer since 2003. Request quote!\",\"breadcrumb\":{\"@id\":\"https:\/\/www.chinatopack.com\/product\/paper-watch-and-jewelry-box\/#breadcrumb\"},\"inLanguage\":\"pt-PT\",\"potentialAction\":[{\"@type\":\"ReadAction\",\"target\":[\"https:\/\/www.chinatopack.com\/product\/paper-watch-and-jewelry-box\/\"]}]},{\"@type\":\"ImageObject\",\"inLanguage\":\"pt-PT\",\"@id\":\"https:\/\/www.chinatopack.com\/product\/paper-watch-and-jewelry-box\/#primaryimage\",\"url\":\"https:\/\/www.chinatopack.com\/wp-content\/uploads\/2025\/07\/Paper-Watch-and-Jewelry-Box3.webp\",\"contentUrl\":\"https:\/\/www.chinatopack.com\/wp-content\/uploads\/2025\/07\/Paper-Watch-and-Jewelry-Box3.webp\",\"width\":1100,\"height\":1100,\"caption\":\"Paper Watch and Jewelry Box\"},{\"@type\":\"BreadcrumbList\",\"@id\":\"https:\/\/www.chinatopack.com\/product\/paper-watch-and-jewelry-box\/#breadcrumb\",\"itemListElement\":[{\"@type\":\"ListItem\",\"position\":1,\"name\":\"Home\",\"item\":\"https:\/\/www.chinatopack.com\/\"},{\"@type\":\"ListItem\",\"position\":2,\"name\":\"Products\",\"item\":\"https:\/\/www.chinatopack.com\/shop\/\"},{\"@type\":\"ListItem\",\"position\":3,\"name\":\"Paper Watch and Jewelry Box\"}]},{\"@type\":\"WebSite\",\"@id\":\"https:\/\/www.chinatopack.com\/#website\",\"url\":\"https:\/\/www.chinatopack.com\/\",\"name\":\"TOPACK Paper Boxes\",\"description\":\"\",\"publisher\":{\"@id\":\"https:\/\/www.chinatopack.com\/#organization\"},\"potentialAction\":[{\"@type\":\"SearchAction\",\"target\":{\"@type\":\"EntryPoint\",\"urlTemplate\":\"https:\/\/www.chinatopack.com\/?s={search_term_string}\"},\"query-input\":\"required name=search_term_string\"}],\"inLanguage\":\"pt-PT\"},{\"@type\":\"Organization\",\"@id\":\"https:\/\/www.chinatopack.com\/#organization\",\"name\":\"TOPACK Paper Boxes\",\"url\":\"https:\/\/www.chinatopack.com\/\",\"logo\":{\"@type\":\"ImageObject\",\"inLanguage\":\"pt-PT\",\"@id\":\"https:\/\/www.chinatopack.com\/#\/schema\/logo\/image\/\",\"url\":\"https:\/\/www.chinatopack.com\/wp-content\/uploads\/2025\/11\/logo2.webp\",\"contentUrl\":\"https:\/\/www.chinatopack.com\/wp-content\/uploads\/2025\/11\/logo2.webp\",\"width\":512,\"height\":512,\"caption\":\"TOPACK Paper Boxes\"},\"image\":{\"@id\":\"https:\/\/www.chinatopack.com\/#\/schema\/logo\/image\/\"},\"sameAs\":[\"https:\/\/www.facebook.com\/ChinaTopack\/\",\"https:\/\/www.youtube.com\/@chinatopack\"]}]}<\/script>\n<!-- \/ Yoast SEO plugin. -->","yoast_head_json":{"title":"Luxury Paper Watch and Jewelry Box Supplier | Custom in China","description":"Watch and Jewelry Box Supplier: Custom luxury watch\/jewelry boxes w\/ Spot UV & stamping. For niche brands & retail displays. Manufacturer since 2003. Request quote!","robots":{"index":"index","follow":"follow","max-snippet":"max-snippet:-1","max-image-preview":"max-image-preview:large","max-video-preview":"max-video-preview:-1"},"canonical":"https:\/\/www.chinatopack.com\/pt\/produto\/paper-watch-and-jewelry-box\/","og_locale":"pt_PT","og_type":"article","og_title":"Luxury Paper Watch and Jewelry Box Supplier | Custom in China","og_description":"Watch and Jewelry Box Supplier: Custom luxury watch\/jewelry boxes w\/ Spot UV & stamping. For niche brands & retail displays. Manufacturer since 2003. Request quote!","og_url":"https:\/\/www.chinatopack.com\/pt\/produto\/paper-watch-and-jewelry-box\/","og_site_name":"TOPACK Paper Boxes","article_publisher":"https:\/\/www.facebook.com\/ChinaTopack\/","article_modified_time":"2025-08-08T14:08:02+00:00","og_image":[{"width":1100,"height":1100,"url":"https:\/\/www.chinatopack.com\/wp-content\/uploads\/2025\/07\/Paper-Watch-and-Jewelry-Box3.webp","type":"image\/webp"}],"twitter_card":"summary_large_image","twitter_misc":{"Tempo estimado de leitura":"2 minutos"},"schema":{"@context":"https:\/\/schema.org","@graph":[{"@type":"WebPage","@id":"https:\/\/www.chinatopack.com\/product\/paper-watch-and-jewelry-box\/","url":"https:\/\/www.chinatopack.com\/product\/paper-watch-and-jewelry-box\/","name":"Luxury Paper Watch and Jewelry Box Supplier | Custom in China","isPartOf":{"@id":"https:\/\/www.chinatopack.com\/#website"},"primaryImageOfPage":{"@id":"https:\/\/www.chinatopack.com\/product\/paper-watch-and-jewelry-box\/#primaryimage"},"image":{"@id":"https:\/\/www.chinatopack.com\/product\/paper-watch-and-jewelry-box\/#primaryimage"},"thumbnailUrl":"https:\/\/www.chinatopack.com\/wp-content\/uploads\/2025\/07\/Paper-Watch-and-Jewelry-Box3.webp","datePublished":"2025-07-31T14:41:45+00:00","dateModified":"2025-08-08T14:08:02+00:00","description":"Watch and Jewelry Box Supplier: Custom luxury watch\/jewelry boxes w\/ Spot UV & stamping. For niche brands & retail displays. Manufacturer since 2003. Request quote!","breadcrumb":{"@id":"https:\/\/www.chinatopack.com\/product\/paper-watch-and-jewelry-box\/#breadcrumb"},"inLanguage":"pt-PT","potentialAction":[{"@type":"ReadAction","target":["https:\/\/www.chinatopack.com\/product\/paper-watch-and-jewelry-box\/"]}]},{"@type":"ImageObject","inLanguage":"pt-PT","@id":"https:\/\/www.chinatopack.com\/product\/paper-watch-and-jewelry-box\/#primaryimage","url":"https:\/\/www.chinatopack.com\/wp-content\/uploads\/2025\/07\/Paper-Watch-and-Jewelry-Box3.webp","contentUrl":"https:\/\/www.chinatopack.com\/wp-content\/uploads\/2025\/07\/Paper-Watch-and-Jewelry-Box3.webp","width":1100,"height":1100,"caption":"Paper Watch and Jewelry Box"},{"@type":"BreadcrumbList","@id":"https:\/\/www.chinatopack.com\/product\/paper-watch-and-jewelry-box\/#breadcrumb","itemListElement":[{"@type":"ListItem","position":1,"name":"Home","item":"https:\/\/www.chinatopack.com\/"},{"@type":"ListItem","position":2,"name":"Products","item":"https:\/\/www.chinatopack.com\/shop\/"},{"@type":"ListItem","position":3,"name":"Paper Watch and Jewelry Box"}]},{"@type":"WebSite","@id":"https:\/\/www.chinatopack.com\/#website","url":"https:\/\/www.chinatopack.com\/","name":"TOPACK Paper Boxes","description":"","publisher":{"@id":"https:\/\/www.chinatopack.com\/#organization"},"potentialAction":[{"@type":"SearchAction","target":{"@type":"EntryPoint","urlTemplate":"https:\/\/www.chinatopack.com\/?s={search_term_string}"},"query-input":"required name=search_term_string"}],"inLanguage":"pt-PT"},{"@type":"Organization","@id":"https:\/\/www.chinatopack.com\/#organization","name":"TOPACK Paper Boxes","url":"https:\/\/www.chinatopack.com\/","logo":{"@type":"ImageObject","inLanguage":"pt-PT","@id":"https:\/\/www.chinatopack.com\/#\/schema\/logo\/image\/","url":"https:\/\/www.chinatopack.com\/wp-content\/uploads\/2025\/11\/logo2.webp","contentUrl":"https:\/\/www.chinatopack.com\/wp-content\/uploads\/2025\/11\/logo2.webp","width":512,"height":512,"caption":"TOPACK Paper Boxes"},"image":{"@id":"https:\/\/www.chinatopack.com\/#\/schema\/logo\/image\/"},"sameAs":["https:\/\/www.facebook.com\/ChinaTopack\/","https:\/\/www.youtube.com\/@chinatopack"]}]}},"_links":{"self":[{"href":"https:\/\/www.chinatopack.com\/pt\/wp-json\/wp\/v2\/product\/12770"}],"collection":[{"href":"https:\/\/www.chinatopack.com\/pt\/wp-json\/wp\/v2\/product"}],"about":[{"href":"https:\/\/www.chinatopack.com\/pt\/wp-json\/wp\/v2\/types\/product"}],"replies":[{"embeddable":true,"href":"https:\/\/www.chinatopack.com\/pt\/wp-json\/wp\/v2\/comments?post=12770"}],"wp:featuredmedia":[{"embeddable":true,"href":"https:\/\/www.chinatopack.com\/pt\/wp-json\/wp\/v2\/media\/12772"}],"wp:attachment":[{"href":"https:\/\/www.chinatopack.com\/pt\/wp-json\/wp\/v2\/media?parent=12770"}],"wp:term":[{"taxonomy":"product_cat","embeddable":true,"href":"https:\/\/www.chinatopack.com\/pt\/wp-json\/wp\/v2\/product_cat?post=12770"},{"taxonomy":"product_tag","embeddable":true,"href":"https:\/\/www.chinatopack.com\/pt\/wp-json\/wp\/v2\/product_tag?post=12770"}],"curies":[{"name":"wp","href":"https:\/\/api.w.org\/{rel}","templated":true}]}}