{"id":12787,"date":"2025-07-31T14:59:06","date_gmt":"2025-07-31T14:59:06","guid":{"rendered":"https:\/\/www.chinatopack.com\/?post_type=product&#038;p=12787"},"modified":"2025-08-08T13:57:58","modified_gmt":"2025-08-08T13:57:58","slug":"cosmetic-paper-box-cosmetic-bag","status":"publish","type":"product","link":"https:\/\/www.chinatopack.com\/pt\/produto\/cosmetic-paper-box-cosmetic-bag\/","title":{"rendered":"Caixa de papel para cosm\u00e9ticos Saco para cosm\u00e9ticos"},"content":{"rendered":"<h2>Caixa de papel para cosm\u00e9ticos Saco para cosm\u00e9ticos Descri\u00e7\u00e3o<\/h2>\n<p>Papel cosm\u00e9tico de qualidade superior <a href=\"https:\/\/www.chinatopack.com\/pt\/produto\/cosmetic-paper-box-cosmetic-bag\/\"><strong>Caixa Saco para cosm\u00e9ticos<\/strong><\/a>: Eleg\u00e2ncia, qualidade e sustentabilidade<\/p>\n<p>A produ\u00e7\u00e3o dos nossos produtos topo de gama <a href=\"https:\/\/www.chinatopack.com\/pt\/\"><strong>caixas de cosm\u00e9ticos por atacado<\/strong><\/a> come\u00e7a com materiais ecol\u00f3gicos cuidadosamente selecionados, garantindo durabilidade e um acabamento luxuoso. Cada caixa \u00e9 submetida a um corte de precis\u00e3o, a t\u00e9cnicas de impress\u00e3o avan\u00e7adas (como grava\u00e7\u00e3o em relevo, estampagem em folha ou revestimento UV) e a uma montagem meticulosa para criar uma apresenta\u00e7\u00e3o impec\u00e1vel. O nosso processo simplificado mant\u00e9m um controlo de qualidade rigoroso, com um prazo de entrega normal de 10-15 dias (personaliz\u00e1vel para necessidades urgentes).<\/p>\n<p>Concebidos para \"marcas de beleza de luxo, linhas de cuidados da pele e produtos de maquilhagem de qualidade superior\", estes <a href=\"https:\/\/www.chinatopack.com\/pt\/category\/cosmetic-box\/\"><strong>caixas de cosm\u00e9ticos<\/strong><\/a> destinam-se a consumidores exigentes que valorizam a sofistica\u00e7\u00e3o e a sustentabilidade. Ideais para \"conjuntos de oferta, edi\u00e7\u00f5es limitadas ou embalagens de retalho\", melhoram as experi\u00eancias de desembalagem ao mesmo tempo que refor\u00e7am o prest\u00edgio da marca.<\/p>\n<p>Como um dos <a href=\"https:\/\/www.chinatopack.com\/pt\/about-us\/\"><strong>fabricantes de caixas de cosm\u00e9ticos<\/strong><\/a> com mais de 20 anos de experi\u00eancia, podemos fornecer aconselhamento profissional, e outros tipos de caixas de embalagem, tais como caixas dobr\u00e1veis e caixas em forma de livro. etc. A fim de garantir a qualidade, nossa equipe de inspe\u00e7\u00e3o de qualidade n\u00e3o s\u00f3 inspecionar\u00e1 o produto acabado, mas tamb\u00e9m far\u00e1 a inspe\u00e7\u00e3o de entrada e inspe\u00e7\u00e3o de processo. Todos os sacos de embalagem ser\u00e3o embalados numa caixa de cart\u00e3o kraft de cinco camadas antes do transporte para garantir que n\u00e3o ser\u00e3o danificados durante o transporte.<\/p>","protected":false},"excerpt":{"rendered":"<p>Premium Cosmetic Paper Boxes &amp; Bags, made with eco-friendly materials, feature fine crafting. For luxury brands, 10-15 day lead time. A 20+ year manufacturer offers advice, other boxes, strict quality checks, and secure shipping.<\/p>","protected":false},"featured_media":12789,"comment_status":"closed","ping_status":"closed","template":"","meta":{"_et_pb_use_builder":"","_et_pb_old_content":"","_et_gb_content_width":""},"product_cat":[309],"product_tag":[298],"yoast_head":"<!-- This site is optimized with the Yoast SEO plugin v22.7 - https:\/\/yoast.com\/wordpress\/plugins\/seo\/ -->\n<title>Luxury Box Cosmetic Bag Supplier | Eco From China<\/title>\n<meta name=\"description\" content=\"Premium Box Cosmetic Bag Supplier: 20+ yrs crafting eco-luxury boxes w\/ foil stamping &amp; embossing. 12-step QC. For beauty brands &amp; gift sets. Request quote!\" \/>\n<meta name=\"robots\" content=\"index, follow, max-snippet:-1, max-image-preview:large, max-video-preview:-1\" \/>\n<link rel=\"canonical\" href=\"https:\/\/www.chinatopack.com\/pt\/produto\/cosmetic-paper-box-cosmetic-bag\/\" \/>\n<meta property=\"og:locale\" content=\"pt_PT\" \/>\n<meta property=\"og:type\" content=\"article\" \/>\n<meta property=\"og:title\" content=\"Luxury Box Cosmetic Bag Supplier | Eco From China\" \/>\n<meta property=\"og:description\" content=\"Premium Box Cosmetic Bag Supplier: 20+ yrs crafting eco-luxury boxes w\/ foil stamping &amp; embossing. 12-step QC. For beauty brands &amp; gift sets. Request quote!\" \/>\n<meta property=\"og:url\" content=\"https:\/\/www.chinatopack.com\/pt\/produto\/cosmetic-paper-box-cosmetic-bag\/\" \/>\n<meta property=\"og:site_name\" content=\"TOPACK Paper Boxes\" \/>\n<meta property=\"article:publisher\" content=\"https:\/\/www.facebook.com\/ChinaTopack\/\" \/>\n<meta property=\"article:modified_time\" content=\"2025-08-08T13:57:58+00:00\" \/>\n<meta property=\"og:image\" content=\"https:\/\/www.chinatopack.com\/wp-content\/uploads\/2025\/07\/Cosmetic-Paper-Box-Cosmetic-Bag1.webp\" \/>\n\t<meta property=\"og:image:width\" content=\"1100\" \/>\n\t<meta property=\"og:image:height\" content=\"1100\" \/>\n\t<meta property=\"og:image:type\" content=\"image\/webp\" \/>\n<meta name=\"twitter:card\" content=\"summary_large_image\" \/>\n<meta name=\"twitter:label1\" content=\"Tempo estimado de leitura\" \/>\n\t<meta name=\"twitter:data1\" content=\"2 minutos\" \/>\n<script type=\"application\/ld+json\" class=\"yoast-schema-graph\">{\"@context\":\"https:\/\/schema.org\",\"@graph\":[{\"@type\":\"WebPage\",\"@id\":\"https:\/\/www.chinatopack.com\/product\/cosmetic-paper-box-cosmetic-bag\/\",\"url\":\"https:\/\/www.chinatopack.com\/product\/cosmetic-paper-box-cosmetic-bag\/\",\"name\":\"Luxury Box Cosmetic Bag Supplier | Eco From China\",\"isPartOf\":{\"@id\":\"https:\/\/www.chinatopack.com\/#website\"},\"primaryImageOfPage\":{\"@id\":\"https:\/\/www.chinatopack.com\/product\/cosmetic-paper-box-cosmetic-bag\/#primaryimage\"},\"image\":{\"@id\":\"https:\/\/www.chinatopack.com\/product\/cosmetic-paper-box-cosmetic-bag\/#primaryimage\"},\"thumbnailUrl\":\"https:\/\/www.chinatopack.com\/wp-content\/uploads\/2025\/07\/Cosmetic-Paper-Box-Cosmetic-Bag1.webp\",\"datePublished\":\"2025-07-31T14:59:06+00:00\",\"dateModified\":\"2025-08-08T13:57:58+00:00\",\"description\":\"Premium Box Cosmetic Bag Supplier: 20+ yrs crafting eco-luxury boxes w\/ foil stamping & embossing. 12-step QC. For beauty brands & gift sets. Request quote!\",\"breadcrumb\":{\"@id\":\"https:\/\/www.chinatopack.com\/product\/cosmetic-paper-box-cosmetic-bag\/#breadcrumb\"},\"inLanguage\":\"pt-PT\",\"potentialAction\":[{\"@type\":\"ReadAction\",\"target\":[\"https:\/\/www.chinatopack.com\/product\/cosmetic-paper-box-cosmetic-bag\/\"]}]},{\"@type\":\"ImageObject\",\"inLanguage\":\"pt-PT\",\"@id\":\"https:\/\/www.chinatopack.com\/product\/cosmetic-paper-box-cosmetic-bag\/#primaryimage\",\"url\":\"https:\/\/www.chinatopack.com\/wp-content\/uploads\/2025\/07\/Cosmetic-Paper-Box-Cosmetic-Bag1.webp\",\"contentUrl\":\"https:\/\/www.chinatopack.com\/wp-content\/uploads\/2025\/07\/Cosmetic-Paper-Box-Cosmetic-Bag1.webp\",\"width\":1100,\"height\":1100,\"caption\":\"Cosmetic Paper Box Cosmetic Bag\"},{\"@type\":\"BreadcrumbList\",\"@id\":\"https:\/\/www.chinatopack.com\/product\/cosmetic-paper-box-cosmetic-bag\/#breadcrumb\",\"itemListElement\":[{\"@type\":\"ListItem\",\"position\":1,\"name\":\"Home\",\"item\":\"https:\/\/www.chinatopack.com\/\"},{\"@type\":\"ListItem\",\"position\":2,\"name\":\"Products\",\"item\":\"https:\/\/www.chinatopack.com\/shop\/\"},{\"@type\":\"ListItem\",\"position\":3,\"name\":\"Cosmetic Paper Box Cosmetic Bag\"}]},{\"@type\":\"WebSite\",\"@id\":\"https:\/\/www.chinatopack.com\/#website\",\"url\":\"https:\/\/www.chinatopack.com\/\",\"name\":\"TOPACK Paper Boxes\",\"description\":\"\",\"publisher\":{\"@id\":\"https:\/\/www.chinatopack.com\/#organization\"},\"potentialAction\":[{\"@type\":\"SearchAction\",\"target\":{\"@type\":\"EntryPoint\",\"urlTemplate\":\"https:\/\/www.chinatopack.com\/?s={search_term_string}\"},\"query-input\":\"required name=search_term_string\"}],\"inLanguage\":\"pt-PT\"},{\"@type\":\"Organization\",\"@id\":\"https:\/\/www.chinatopack.com\/#organization\",\"name\":\"TOPACK Paper Boxes\",\"url\":\"https:\/\/www.chinatopack.com\/\",\"logo\":{\"@type\":\"ImageObject\",\"inLanguage\":\"pt-PT\",\"@id\":\"https:\/\/www.chinatopack.com\/#\/schema\/logo\/image\/\",\"url\":\"https:\/\/www.chinatopack.com\/wp-content\/uploads\/2025\/11\/logo2.webp\",\"contentUrl\":\"https:\/\/www.chinatopack.com\/wp-content\/uploads\/2025\/11\/logo2.webp\",\"width\":512,\"height\":512,\"caption\":\"TOPACK Paper Boxes\"},\"image\":{\"@id\":\"https:\/\/www.chinatopack.com\/#\/schema\/logo\/image\/\"},\"sameAs\":[\"https:\/\/www.facebook.com\/ChinaTopack\/\",\"https:\/\/www.youtube.com\/@chinatopack\"]}]}<\/script>\n<!-- \/ Yoast SEO plugin. -->","yoast_head_json":{"title":"Luxury Box Cosmetic Bag Supplier | Eco From China","description":"Premium Box Cosmetic Bag Supplier: 20+ yrs crafting eco-luxury boxes w\/ foil stamping & embossing. 12-step QC. For beauty brands & gift sets. Request quote!","robots":{"index":"index","follow":"follow","max-snippet":"max-snippet:-1","max-image-preview":"max-image-preview:large","max-video-preview":"max-video-preview:-1"},"canonical":"https:\/\/www.chinatopack.com\/pt\/produto\/cosmetic-paper-box-cosmetic-bag\/","og_locale":"pt_PT","og_type":"article","og_title":"Luxury Box Cosmetic Bag Supplier | Eco From China","og_description":"Premium Box Cosmetic Bag Supplier: 20+ yrs crafting eco-luxury boxes w\/ foil stamping & embossing. 12-step QC. For beauty brands & gift sets. Request quote!","og_url":"https:\/\/www.chinatopack.com\/pt\/produto\/cosmetic-paper-box-cosmetic-bag\/","og_site_name":"TOPACK Paper Boxes","article_publisher":"https:\/\/www.facebook.com\/ChinaTopack\/","article_modified_time":"2025-08-08T13:57:58+00:00","og_image":[{"width":1100,"height":1100,"url":"https:\/\/www.chinatopack.com\/wp-content\/uploads\/2025\/07\/Cosmetic-Paper-Box-Cosmetic-Bag1.webp","type":"image\/webp"}],"twitter_card":"summary_large_image","twitter_misc":{"Tempo estimado de leitura":"2 minutos"},"schema":{"@context":"https:\/\/schema.org","@graph":[{"@type":"WebPage","@id":"https:\/\/www.chinatopack.com\/product\/cosmetic-paper-box-cosmetic-bag\/","url":"https:\/\/www.chinatopack.com\/product\/cosmetic-paper-box-cosmetic-bag\/","name":"Luxury Box Cosmetic Bag Supplier | Eco From China","isPartOf":{"@id":"https:\/\/www.chinatopack.com\/#website"},"primaryImageOfPage":{"@id":"https:\/\/www.chinatopack.com\/product\/cosmetic-paper-box-cosmetic-bag\/#primaryimage"},"image":{"@id":"https:\/\/www.chinatopack.com\/product\/cosmetic-paper-box-cosmetic-bag\/#primaryimage"},"thumbnailUrl":"https:\/\/www.chinatopack.com\/wp-content\/uploads\/2025\/07\/Cosmetic-Paper-Box-Cosmetic-Bag1.webp","datePublished":"2025-07-31T14:59:06+00:00","dateModified":"2025-08-08T13:57:58+00:00","description":"Premium Box Cosmetic Bag Supplier: 20+ yrs crafting eco-luxury boxes w\/ foil stamping & embossing. 12-step QC. For beauty brands & gift sets. Request quote!","breadcrumb":{"@id":"https:\/\/www.chinatopack.com\/product\/cosmetic-paper-box-cosmetic-bag\/#breadcrumb"},"inLanguage":"pt-PT","potentialAction":[{"@type":"ReadAction","target":["https:\/\/www.chinatopack.com\/product\/cosmetic-paper-box-cosmetic-bag\/"]}]},{"@type":"ImageObject","inLanguage":"pt-PT","@id":"https:\/\/www.chinatopack.com\/product\/cosmetic-paper-box-cosmetic-bag\/#primaryimage","url":"https:\/\/www.chinatopack.com\/wp-content\/uploads\/2025\/07\/Cosmetic-Paper-Box-Cosmetic-Bag1.webp","contentUrl":"https:\/\/www.chinatopack.com\/wp-content\/uploads\/2025\/07\/Cosmetic-Paper-Box-Cosmetic-Bag1.webp","width":1100,"height":1100,"caption":"Cosmetic Paper Box Cosmetic Bag"},{"@type":"BreadcrumbList","@id":"https:\/\/www.chinatopack.com\/product\/cosmetic-paper-box-cosmetic-bag\/#breadcrumb","itemListElement":[{"@type":"ListItem","position":1,"name":"Home","item":"https:\/\/www.chinatopack.com\/"},{"@type":"ListItem","position":2,"name":"Products","item":"https:\/\/www.chinatopack.com\/shop\/"},{"@type":"ListItem","position":3,"name":"Cosmetic Paper Box Cosmetic Bag"}]},{"@type":"WebSite","@id":"https:\/\/www.chinatopack.com\/#website","url":"https:\/\/www.chinatopack.com\/","name":"TOPACK Paper Boxes","description":"","publisher":{"@id":"https:\/\/www.chinatopack.com\/#organization"},"potentialAction":[{"@type":"SearchAction","target":{"@type":"EntryPoint","urlTemplate":"https:\/\/www.chinatopack.com\/?s={search_term_string}"},"query-input":"required name=search_term_string"}],"inLanguage":"pt-PT"},{"@type":"Organization","@id":"https:\/\/www.chinatopack.com\/#organization","name":"TOPACK Paper Boxes","url":"https:\/\/www.chinatopack.com\/","logo":{"@type":"ImageObject","inLanguage":"pt-PT","@id":"https:\/\/www.chinatopack.com\/#\/schema\/logo\/image\/","url":"https:\/\/www.chinatopack.com\/wp-content\/uploads\/2025\/11\/logo2.webp","contentUrl":"https:\/\/www.chinatopack.com\/wp-content\/uploads\/2025\/11\/logo2.webp","width":512,"height":512,"caption":"TOPACK Paper Boxes"},"image":{"@id":"https:\/\/www.chinatopack.com\/#\/schema\/logo\/image\/"},"sameAs":["https:\/\/www.facebook.com\/ChinaTopack\/","https:\/\/www.youtube.com\/@chinatopack"]}]}},"_links":{"self":[{"href":"https:\/\/www.chinatopack.com\/pt\/wp-json\/wp\/v2\/product\/12787"}],"collection":[{"href":"https:\/\/www.chinatopack.com\/pt\/wp-json\/wp\/v2\/product"}],"about":[{"href":"https:\/\/www.chinatopack.com\/pt\/wp-json\/wp\/v2\/types\/product"}],"replies":[{"embeddable":true,"href":"https:\/\/www.chinatopack.com\/pt\/wp-json\/wp\/v2\/comments?post=12787"}],"wp:featuredmedia":[{"embeddable":true,"href":"https:\/\/www.chinatopack.com\/pt\/wp-json\/wp\/v2\/media\/12789"}],"wp:attachment":[{"href":"https:\/\/www.chinatopack.com\/pt\/wp-json\/wp\/v2\/media?parent=12787"}],"wp:term":[{"taxonomy":"product_cat","embeddable":true,"href":"https:\/\/www.chinatopack.com\/pt\/wp-json\/wp\/v2\/product_cat?post=12787"},{"taxonomy":"product_tag","embeddable":true,"href":"https:\/\/www.chinatopack.com\/pt\/wp-json\/wp\/v2\/product_tag?post=12787"}],"curies":[{"name":"wp","href":"https:\/\/api.w.org\/{rel}","templated":true}]}}