{"id":12792,"date":"2025-07-31T15:12:48","date_gmt":"2025-07-31T15:12:48","guid":{"rendered":"https:\/\/www.chinatopack.com\/?post_type=product&#038;p=12792"},"modified":"2025-08-12T11:09:50","modified_gmt":"2025-08-12T11:09:50","slug":"premium-cosmetic-paper-boxes-cosmetics-storage-box","status":"publish","type":"product","link":"https:\/\/www.chinatopack.com\/pt\/produto\/premium-cosmetic-paper-boxes-cosmetics-storage-box\/","title":{"rendered":"Caixas de papel para cosm\u00e9ticos Premium Caixa de armazenamento de cosm\u00e9ticos"},"content":{"rendered":"<h2>Caixas de papel para cosm\u00e9ticos Premium Caixa de armazenamento de cosm\u00e9ticos Descri\u00e7\u00e3o<\/h2>\n<h3>Eleg\u00e2ncia, qualidade e sustentabilidade<\/h3>\n<p>Todos os pormenores da nossa <a href=\"https:\/\/www.chinatopack.com\/pt\/produto\/premium-cosmetic-paper-boxes-cosmetics-storage-box\/\"><strong>caixa de arruma\u00e7\u00e3o para cosm\u00e9ticos<\/strong><\/a> reflecte uma excel\u00eancia sem compromissos. Desde o cart\u00e3o certificado pelo FSC at\u00e9 \u00e0s tintas \u00e0 base de soja, combinamos materiais sustent\u00e1veis com artesanato. Cada pe\u00e7a \u00e9 submetida a 12 pontos de controlo de qualidade durante a produ\u00e7\u00e3o, garantindo uma integridade estrutural sem falhas e uma impress\u00e3o perfeita. O nosso prazo de entrega padr\u00e3o de 10 a 15 dias permite satisfazer a maioria das encomendas, estando dispon\u00edvel um servi\u00e7o expedito de 7 dias para campanhas urgentes.<\/p>\n<h3>Concebido para marcas exigentes<\/h3>\n<p>- Colec\u00e7\u00f5es de luxo de cuidados da pele e maquilhagem<\/p>\n<p>- Conjuntos de f\u00e9rias de edi\u00e7\u00e3o limitada<\/p>\n<p>- Linhas de produtos de beleza biol\u00f3gicos<\/p>\n<p>- Embalagem de fragr\u00e2ncias de prest\u00edgio<\/p>\n<h3>Porqu\u00ea escolher-nos<\/h3>\n<p>Fechos magn\u00e9ticos e inser\u00e7\u00f5es personalizados<\/p>\n<p>Grava\u00e7\u00e3o em relevo 3D e estampagem a quente<\/p>\n<p>Embalagem de prote\u00e7\u00e3o pronta para venda a retalho<\/p>\n<p>Aumenta o valor percebido em 40% (dados de estudos de mercado)<\/p>\n<p>Possui revestimentos resistentes a riscos para um brilho duradouro<\/p>\n<p>Como <a href=\"https:\/\/www.chinatopack.com\/pt\/about-us\/\"><strong>fabricantes de caixas de cosm\u00e9ticos<\/strong><\/a> Com mais de 20 anos de experi\u00eancia, podemos fornecer aconselhamento profissional, e outros tipos de caixas de embalagem, tais como <a href=\"https:\/\/www.chinatopack.com\/pt\/\"><strong>caixa de cosm\u00e9ticos personalizada<\/strong><\/a> e caixas em forma de livro, etc. A fim de garantir a qualidade, a nossa equipa de inspe\u00e7\u00e3o de qualidade n\u00e3o s\u00f3 inspecciona o produto acabado, mas tamb\u00e9m faz a inspe\u00e7\u00e3o de entrada e a inspe\u00e7\u00e3o do processo. Todos <a href=\"https:\/\/www.chinatopack.com\/pt\/category\/cosmetic-box\/\"><strong>caixas de cosm\u00e9ticos<\/strong><\/a> ser\u00e3o embalados numa caixa de cart\u00e3o kraft de cinco camadas antes do transporte para garantir que n\u00e3o ser\u00e3o danificados durante o transporte.<\/p>\n<h2>Imagens da caixa de arruma\u00e7\u00e3o para cosm\u00e9ticos<\/h2>\n<p><img loading=\"lazy\" decoding=\"async\" class=\"size-full wp-image-12800 aligncenter\" data-src=\"https:\/\/www.chinatopack.com\/wp-content\/uploads\/2025\/07\/Premium-Cosmetic-Paper-Boxes-Cosmetics-Storage-Box7.webp\" alt=\"Caixas de papel para cosm\u00e9ticos Premium Caixa de armazenamento de cosm\u00e9ticos\" width=\"1100\" height=\"1100\" srcset=\"https:\/\/www.chinatopack.com\/wp-content\/uploads\/2025\/07\/Premium-Cosmetic-Paper-Boxes-Cosmetics-Storage-Box7.webp 1100w, https:\/\/www.chinatopack.com\/wp-content\/uploads\/2025\/07\/Premium-Cosmetic-Paper-Boxes-Cosmetics-Storage-Box7-980x980.webp 980w, https:\/\/www.chinatopack.com\/wp-content\/uploads\/2025\/07\/Premium-Cosmetic-Paper-Boxes-Cosmetics-Storage-Box7-480x480.webp 480w\" sizes=\"(min-width: 0px) and (max-width: 480px) 480px, (min-width: 481px) and (max-width: 980px) 980px, (min-width: 981px) 1100px, 100vw\" \/> <img loading=\"lazy\" decoding=\"async\" class=\"size-full wp-image-12801 aligncenter\" data-src=\"https:\/\/www.chinatopack.com\/wp-content\/uploads\/2025\/07\/Premium-Cosmetic-Paper-Boxes-Cosmetics-Storage-Box8.webp\" alt=\"Caixas de papel para cosm\u00e9ticos Premium Caixa de armazenamento de cosm\u00e9ticos\" width=\"1100\" height=\"1100\" srcset=\"https:\/\/www.chinatopack.com\/wp-content\/uploads\/2025\/07\/Premium-Cosmetic-Paper-Boxes-Cosmetics-Storage-Box8.webp 1100w, https:\/\/www.chinatopack.com\/wp-content\/uploads\/2025\/07\/Premium-Cosmetic-Paper-Boxes-Cosmetics-Storage-Box8-980x980.webp 980w, https:\/\/www.chinatopack.com\/wp-content\/uploads\/2025\/07\/Premium-Cosmetic-Paper-Boxes-Cosmetics-Storage-Box8-480x480.webp 480w\" sizes=\"(min-width: 0px) and (max-width: 480px) 480px, (min-width: 481px) and (max-width: 980px) 980px, (min-width: 981px) 1100px, 100vw\" \/><\/p>","protected":false},"excerpt":{"rendered":"<p>Our premium cosmetic boxes blend FSC-certified materials, artisanal craft, and 12 quality checks. With custom features, 10-15 day turnaround, 20+ years&#8217; experience, they boost value by 40% for luxury brands.<\/p>","protected":false},"featured_media":12794,"comment_status":"closed","ping_status":"closed","template":"","meta":{"_et_pb_use_builder":"","_et_pb_old_content":"","_et_gb_content_width":""},"product_cat":[309],"product_tag":[298],"yoast_head":"<!-- This site is optimized with the Yoast SEO plugin v22.7 - https:\/\/yoast.com\/wordpress\/plugins\/seo\/ -->\n<title>Premium Cosmetics Storage Box Supplier | Luxury Eco From China<\/title>\n<meta name=\"description\" content=\"Leading Cosmetics Storage Box Supplier: 20+ yrs FSC-certified luxury boxes w\/ foil stamping &amp; embossing. 12-step QC. Boosts brand value 40%. Request quote!\" \/>\n<meta name=\"robots\" content=\"index, follow, max-snippet:-1, max-image-preview:large, max-video-preview:-1\" \/>\n<link rel=\"canonical\" href=\"https:\/\/www.chinatopack.com\/pt\/produto\/premium-cosmetic-paper-boxes-cosmetics-storage-box\/\" \/>\n<meta property=\"og:locale\" content=\"pt_PT\" \/>\n<meta property=\"og:type\" content=\"article\" \/>\n<meta property=\"og:title\" content=\"Premium Cosmetics Storage Box Supplier | Luxury Eco From China\" \/>\n<meta property=\"og:description\" content=\"Leading Cosmetics Storage Box Supplier: 20+ yrs FSC-certified luxury boxes w\/ foil stamping &amp; embossing. 12-step QC. Boosts brand value 40%. Request quote!\" \/>\n<meta property=\"og:url\" content=\"https:\/\/www.chinatopack.com\/pt\/produto\/premium-cosmetic-paper-boxes-cosmetics-storage-box\/\" \/>\n<meta property=\"og:site_name\" content=\"TOPACK Paper Boxes\" \/>\n<meta property=\"article:publisher\" content=\"https:\/\/www.facebook.com\/ChinaTopack\/\" \/>\n<meta property=\"article:modified_time\" content=\"2025-08-12T11:09:50+00:00\" \/>\n<meta property=\"og:image\" content=\"https:\/\/www.chinatopack.com\/wp-content\/uploads\/2025\/07\/Premium-Cosmetic-Paper-Boxes-Cosmetics-Storage-Box1.webp\" \/>\n\t<meta property=\"og:image:width\" content=\"1100\" \/>\n\t<meta property=\"og:image:height\" content=\"1100\" \/>\n\t<meta property=\"og:image:type\" content=\"image\/webp\" \/>\n<meta name=\"twitter:card\" content=\"summary_large_image\" \/>\n<meta name=\"twitter:label1\" content=\"Tempo estimado de leitura\" \/>\n\t<meta name=\"twitter:data1\" content=\"2 minutos\" \/>\n<script type=\"application\/ld+json\" class=\"yoast-schema-graph\">{\"@context\":\"https:\/\/schema.org\",\"@graph\":[{\"@type\":\"WebPage\",\"@id\":\"https:\/\/www.chinatopack.com\/product\/premium-cosmetic-paper-boxes-cosmetics-storage-box\/\",\"url\":\"https:\/\/www.chinatopack.com\/product\/premium-cosmetic-paper-boxes-cosmetics-storage-box\/\",\"name\":\"Premium Cosmetics Storage Box Supplier | Luxury Eco From China\",\"isPartOf\":{\"@id\":\"https:\/\/www.chinatopack.com\/#website\"},\"primaryImageOfPage\":{\"@id\":\"https:\/\/www.chinatopack.com\/product\/premium-cosmetic-paper-boxes-cosmetics-storage-box\/#primaryimage\"},\"image\":{\"@id\":\"https:\/\/www.chinatopack.com\/product\/premium-cosmetic-paper-boxes-cosmetics-storage-box\/#primaryimage\"},\"thumbnailUrl\":\"https:\/\/www.chinatopack.com\/wp-content\/uploads\/2025\/07\/Premium-Cosmetic-Paper-Boxes-Cosmetics-Storage-Box1.webp\",\"datePublished\":\"2025-07-31T15:12:48+00:00\",\"dateModified\":\"2025-08-12T11:09:50+00:00\",\"description\":\"Leading Cosmetics Storage Box Supplier: 20+ yrs FSC-certified luxury boxes w\/ foil stamping & embossing. 12-step QC. Boosts brand value 40%. Request quote!\",\"breadcrumb\":{\"@id\":\"https:\/\/www.chinatopack.com\/product\/premium-cosmetic-paper-boxes-cosmetics-storage-box\/#breadcrumb\"},\"inLanguage\":\"pt-PT\",\"potentialAction\":[{\"@type\":\"ReadAction\",\"target\":[\"https:\/\/www.chinatopack.com\/product\/premium-cosmetic-paper-boxes-cosmetics-storage-box\/\"]}]},{\"@type\":\"ImageObject\",\"inLanguage\":\"pt-PT\",\"@id\":\"https:\/\/www.chinatopack.com\/product\/premium-cosmetic-paper-boxes-cosmetics-storage-box\/#primaryimage\",\"url\":\"https:\/\/www.chinatopack.com\/wp-content\/uploads\/2025\/07\/Premium-Cosmetic-Paper-Boxes-Cosmetics-Storage-Box1.webp\",\"contentUrl\":\"https:\/\/www.chinatopack.com\/wp-content\/uploads\/2025\/07\/Premium-Cosmetic-Paper-Boxes-Cosmetics-Storage-Box1.webp\",\"width\":1100,\"height\":1100,\"caption\":\"Premium Cosmetic Paper Boxes Cosmetics Storage Box\"},{\"@type\":\"BreadcrumbList\",\"@id\":\"https:\/\/www.chinatopack.com\/product\/premium-cosmetic-paper-boxes-cosmetics-storage-box\/#breadcrumb\",\"itemListElement\":[{\"@type\":\"ListItem\",\"position\":1,\"name\":\"Home\",\"item\":\"https:\/\/www.chinatopack.com\/\"},{\"@type\":\"ListItem\",\"position\":2,\"name\":\"Products\",\"item\":\"https:\/\/www.chinatopack.com\/shop\/\"},{\"@type\":\"ListItem\",\"position\":3,\"name\":\"Premium Cosmetic Paper Boxes Cosmetics Storage Box\"}]},{\"@type\":\"WebSite\",\"@id\":\"https:\/\/www.chinatopack.com\/#website\",\"url\":\"https:\/\/www.chinatopack.com\/\",\"name\":\"TOPACK Paper Boxes\",\"description\":\"\",\"publisher\":{\"@id\":\"https:\/\/www.chinatopack.com\/#organization\"},\"potentialAction\":[{\"@type\":\"SearchAction\",\"target\":{\"@type\":\"EntryPoint\",\"urlTemplate\":\"https:\/\/www.chinatopack.com\/?s={search_term_string}\"},\"query-input\":\"required name=search_term_string\"}],\"inLanguage\":\"pt-PT\"},{\"@type\":\"Organization\",\"@id\":\"https:\/\/www.chinatopack.com\/#organization\",\"name\":\"TOPACK Paper Boxes\",\"url\":\"https:\/\/www.chinatopack.com\/\",\"logo\":{\"@type\":\"ImageObject\",\"inLanguage\":\"pt-PT\",\"@id\":\"https:\/\/www.chinatopack.com\/#\/schema\/logo\/image\/\",\"url\":\"https:\/\/www.chinatopack.com\/wp-content\/uploads\/2025\/11\/logo2.webp\",\"contentUrl\":\"https:\/\/www.chinatopack.com\/wp-content\/uploads\/2025\/11\/logo2.webp\",\"width\":512,\"height\":512,\"caption\":\"TOPACK Paper Boxes\"},\"image\":{\"@id\":\"https:\/\/www.chinatopack.com\/#\/schema\/logo\/image\/\"},\"sameAs\":[\"https:\/\/www.facebook.com\/ChinaTopack\/\",\"https:\/\/www.youtube.com\/@chinatopack\"]}]}<\/script>\n<!-- \/ Yoast SEO plugin. -->","yoast_head_json":{"title":"Premium Cosmetics Storage Box Supplier | Luxury Eco From China","description":"Leading Cosmetics Storage Box Supplier: 20+ yrs FSC-certified luxury boxes w\/ foil stamping & embossing. 12-step QC. Boosts brand value 40%. Request quote!","robots":{"index":"index","follow":"follow","max-snippet":"max-snippet:-1","max-image-preview":"max-image-preview:large","max-video-preview":"max-video-preview:-1"},"canonical":"https:\/\/www.chinatopack.com\/pt\/produto\/premium-cosmetic-paper-boxes-cosmetics-storage-box\/","og_locale":"pt_PT","og_type":"article","og_title":"Premium Cosmetics Storage Box Supplier | Luxury Eco From China","og_description":"Leading Cosmetics Storage Box Supplier: 20+ yrs FSC-certified luxury boxes w\/ foil stamping & embossing. 12-step QC. Boosts brand value 40%. Request quote!","og_url":"https:\/\/www.chinatopack.com\/pt\/produto\/premium-cosmetic-paper-boxes-cosmetics-storage-box\/","og_site_name":"TOPACK Paper Boxes","article_publisher":"https:\/\/www.facebook.com\/ChinaTopack\/","article_modified_time":"2025-08-12T11:09:50+00:00","og_image":[{"width":1100,"height":1100,"url":"https:\/\/www.chinatopack.com\/wp-content\/uploads\/2025\/07\/Premium-Cosmetic-Paper-Boxes-Cosmetics-Storage-Box1.webp","type":"image\/webp"}],"twitter_card":"summary_large_image","twitter_misc":{"Tempo estimado de leitura":"2 minutos"},"schema":{"@context":"https:\/\/schema.org","@graph":[{"@type":"WebPage","@id":"https:\/\/www.chinatopack.com\/product\/premium-cosmetic-paper-boxes-cosmetics-storage-box\/","url":"https:\/\/www.chinatopack.com\/product\/premium-cosmetic-paper-boxes-cosmetics-storage-box\/","name":"Premium Cosmetics Storage Box Supplier | Luxury Eco From China","isPartOf":{"@id":"https:\/\/www.chinatopack.com\/#website"},"primaryImageOfPage":{"@id":"https:\/\/www.chinatopack.com\/product\/premium-cosmetic-paper-boxes-cosmetics-storage-box\/#primaryimage"},"image":{"@id":"https:\/\/www.chinatopack.com\/product\/premium-cosmetic-paper-boxes-cosmetics-storage-box\/#primaryimage"},"thumbnailUrl":"https:\/\/www.chinatopack.com\/wp-content\/uploads\/2025\/07\/Premium-Cosmetic-Paper-Boxes-Cosmetics-Storage-Box1.webp","datePublished":"2025-07-31T15:12:48+00:00","dateModified":"2025-08-12T11:09:50+00:00","description":"Leading Cosmetics Storage Box Supplier: 20+ yrs FSC-certified luxury boxes w\/ foil stamping & embossing. 12-step QC. Boosts brand value 40%. Request quote!","breadcrumb":{"@id":"https:\/\/www.chinatopack.com\/product\/premium-cosmetic-paper-boxes-cosmetics-storage-box\/#breadcrumb"},"inLanguage":"pt-PT","potentialAction":[{"@type":"ReadAction","target":["https:\/\/www.chinatopack.com\/product\/premium-cosmetic-paper-boxes-cosmetics-storage-box\/"]}]},{"@type":"ImageObject","inLanguage":"pt-PT","@id":"https:\/\/www.chinatopack.com\/product\/premium-cosmetic-paper-boxes-cosmetics-storage-box\/#primaryimage","url":"https:\/\/www.chinatopack.com\/wp-content\/uploads\/2025\/07\/Premium-Cosmetic-Paper-Boxes-Cosmetics-Storage-Box1.webp","contentUrl":"https:\/\/www.chinatopack.com\/wp-content\/uploads\/2025\/07\/Premium-Cosmetic-Paper-Boxes-Cosmetics-Storage-Box1.webp","width":1100,"height":1100,"caption":"Premium Cosmetic Paper Boxes Cosmetics Storage Box"},{"@type":"BreadcrumbList","@id":"https:\/\/www.chinatopack.com\/product\/premium-cosmetic-paper-boxes-cosmetics-storage-box\/#breadcrumb","itemListElement":[{"@type":"ListItem","position":1,"name":"Home","item":"https:\/\/www.chinatopack.com\/"},{"@type":"ListItem","position":2,"name":"Products","item":"https:\/\/www.chinatopack.com\/shop\/"},{"@type":"ListItem","position":3,"name":"Premium Cosmetic Paper Boxes Cosmetics Storage Box"}]},{"@type":"WebSite","@id":"https:\/\/www.chinatopack.com\/#website","url":"https:\/\/www.chinatopack.com\/","name":"TOPACK Paper Boxes","description":"","publisher":{"@id":"https:\/\/www.chinatopack.com\/#organization"},"potentialAction":[{"@type":"SearchAction","target":{"@type":"EntryPoint","urlTemplate":"https:\/\/www.chinatopack.com\/?s={search_term_string}"},"query-input":"required name=search_term_string"}],"inLanguage":"pt-PT"},{"@type":"Organization","@id":"https:\/\/www.chinatopack.com\/#organization","name":"TOPACK Paper Boxes","url":"https:\/\/www.chinatopack.com\/","logo":{"@type":"ImageObject","inLanguage":"pt-PT","@id":"https:\/\/www.chinatopack.com\/#\/schema\/logo\/image\/","url":"https:\/\/www.chinatopack.com\/wp-content\/uploads\/2025\/11\/logo2.webp","contentUrl":"https:\/\/www.chinatopack.com\/wp-content\/uploads\/2025\/11\/logo2.webp","width":512,"height":512,"caption":"TOPACK Paper Boxes"},"image":{"@id":"https:\/\/www.chinatopack.com\/#\/schema\/logo\/image\/"},"sameAs":["https:\/\/www.facebook.com\/ChinaTopack\/","https:\/\/www.youtube.com\/@chinatopack"]}]}},"_links":{"self":[{"href":"https:\/\/www.chinatopack.com\/pt\/wp-json\/wp\/v2\/product\/12792"}],"collection":[{"href":"https:\/\/www.chinatopack.com\/pt\/wp-json\/wp\/v2\/product"}],"about":[{"href":"https:\/\/www.chinatopack.com\/pt\/wp-json\/wp\/v2\/types\/product"}],"replies":[{"embeddable":true,"href":"https:\/\/www.chinatopack.com\/pt\/wp-json\/wp\/v2\/comments?post=12792"}],"wp:featuredmedia":[{"embeddable":true,"href":"https:\/\/www.chinatopack.com\/pt\/wp-json\/wp\/v2\/media\/12794"}],"wp:attachment":[{"href":"https:\/\/www.chinatopack.com\/pt\/wp-json\/wp\/v2\/media?parent=12792"}],"wp:term":[{"taxonomy":"product_cat","embeddable":true,"href":"https:\/\/www.chinatopack.com\/pt\/wp-json\/wp\/v2\/product_cat?post=12792"},{"taxonomy":"product_tag","embeddable":true,"href":"https:\/\/www.chinatopack.com\/pt\/wp-json\/wp\/v2\/product_tag?post=12792"}],"curies":[{"name":"wp","href":"https:\/\/api.w.org\/{rel}","templated":true}]}}