{"id":12849,"date":"2025-07-31T16:07:16","date_gmt":"2025-07-31T16:07:16","guid":{"rendered":"https:\/\/www.chinatopack.com\/?post_type=product&#038;p=12849"},"modified":"2025-08-12T11:21:56","modified_gmt":"2025-08-12T11:21:56","slug":"rigid-paper-box-rigid-candle-boxes","status":"publish","type":"product","link":"https:\/\/www.chinatopack.com\/pt\/produto\/rigid-paper-box-rigid-candle-boxes\/","title":{"rendered":"Caixa de papel r\u00edgido Caixas de velas r\u00edgidas"},"content":{"rendered":"<h2>Caixa de papel r\u00edgida Caixas de velas r\u00edgidas Descri\u00e7\u00e3o<\/h2>\n<p>Todos os grandes <a href=\"https:\/\/www.chinatopack.com\/pt\/category\/rigid-box\/\"><strong>caixa r\u00edgida<\/strong><\/a> merece uma embalagem que o proteja e apresente com orgulho. As nossas embalagens <a href=\"https:\/\/www.chinatopack.com\/pt\/\"><strong>caixas r\u00edgidas personalizadas<\/strong><\/a> s\u00e3o a combina\u00e7\u00e3o perfeita de durabilidade e eleg\u00e2ncia discreta, concebidas para manter os seus objectos seguros e causar uma impress\u00e3o duradoura.<\/p>\n<p>Fabricadas em cart\u00e3o ecol\u00f3gico de alta qualidade, estas <a href=\"https:\/\/www.chinatopack.com\/pt\/produto\/rigid-paper-box-rigid-candle-boxes\/\"><strong>Caixas r\u00edgidas para velas<\/strong><\/a> offer exceptional strength without compromising on style. Their smooth finish and clean lines provide a versatile canvas\u2014ideal for custom printing, embossing, or minimalist branding. Whether you&#8217;re packaging cosmetics, electronics, gifts, or retail goods, these boxes deliver reliable protection and a polished look.<\/p>\n<p>Leves mas robustas, s\u00e3o f\u00e1ceis de montar, armazenar e transportar, o que as torna uma escolha pr\u00e1tica tanto para empresas como para ocasi\u00f5es especiais. Desde acabamentos mate elegantes a cores vibrantes, as op\u00e7\u00f5es de personaliza\u00e7\u00e3o garantem que a sua embalagem se destaca.<\/p>\n<p><strong>Onde a fun\u00e7\u00e3o encontra o requinte.<\/strong>\u00a0Porque mesmo a caixa mais simples pode deixar uma grande impress\u00e3o.<\/p>","protected":false},"excerpt":{"rendered":"<p>Como um dos <a href=\"https:\/\/www.chinatopack.com\/pt\/about-us\/\"><strong>fornecedores de caixas r\u00edgidas<\/strong><\/a>Asseguramos-lhe que as nossas caixas r\u00edgidas personalizadas de qualidade superior combinam durabilidade e eleg\u00e2ncia, fabricadas em cart\u00e3o ecol\u00f3gico. Ideais para cosm\u00e9ticos, eletr\u00f3nica, etc., com impress\u00e3o\/grava\u00e7\u00e3o personalizada. Leves, f\u00e1ceis de utilizar e personaliz\u00e1veis para se destacarem.<\/p>","protected":false},"featured_media":12851,"comment_status":"closed","ping_status":"closed","template":"","meta":{"_et_pb_use_builder":"","_et_pb_old_content":"","_et_gb_content_width":""},"product_cat":[310],"product_tag":[307],"yoast_head":"<!-- This site is optimized with the Yoast SEO plugin v22.7 - https:\/\/yoast.com\/wordpress\/plugins\/seo\/ -->\n<title>Premium Custom Rigid Candle Boxes Supplier<\/title>\n<meta name=\"description\" content=\"Premium Rigid Candle Boxes Supplier: Eco-friendly, durable &amp; elegant custom boxes. Wholesale for cosmetics, gifts, electronics. Custom printing, finishes, bulk options.\" \/>\n<meta name=\"robots\" content=\"index, follow, max-snippet:-1, max-image-preview:large, max-video-preview:-1\" \/>\n<link rel=\"canonical\" href=\"https:\/\/www.chinatopack.com\/pt\/produto\/rigid-paper-box-rigid-candle-boxes\/\" \/>\n<meta property=\"og:locale\" content=\"pt_PT\" \/>\n<meta property=\"og:type\" content=\"article\" \/>\n<meta property=\"og:title\" content=\"Premium Custom Rigid Candle Boxes Supplier\" \/>\n<meta property=\"og:description\" content=\"Premium Rigid Candle Boxes Supplier: Eco-friendly, durable &amp; elegant custom boxes. Wholesale for cosmetics, gifts, electronics. Custom printing, finishes, bulk options.\" \/>\n<meta property=\"og:url\" content=\"https:\/\/www.chinatopack.com\/pt\/produto\/rigid-paper-box-rigid-candle-boxes\/\" \/>\n<meta property=\"og:site_name\" content=\"TOPACK Paper Boxes\" \/>\n<meta property=\"article:publisher\" content=\"https:\/\/www.facebook.com\/ChinaTopack\/\" \/>\n<meta property=\"article:modified_time\" content=\"2025-08-12T11:21:56+00:00\" \/>\n<meta property=\"og:image\" content=\"https:\/\/www.chinatopack.com\/wp-content\/uploads\/2025\/07\/Rigid-Paper-Box-Rigid-Candle-Boxes1.webp\" \/>\n\t<meta property=\"og:image:width\" content=\"1100\" \/>\n\t<meta property=\"og:image:height\" content=\"1100\" \/>\n\t<meta property=\"og:image:type\" content=\"image\/webp\" \/>\n<meta name=\"twitter:card\" content=\"summary_large_image\" \/>\n<meta name=\"twitter:label1\" content=\"Tempo estimado de leitura\" \/>\n\t<meta name=\"twitter:data1\" content=\"1 minuto\" \/>\n<script type=\"application\/ld+json\" class=\"yoast-schema-graph\">{\"@context\":\"https:\/\/schema.org\",\"@graph\":[{\"@type\":\"WebPage\",\"@id\":\"https:\/\/www.chinatopack.com\/product\/rigid-paper-box-rigid-candle-boxes\/\",\"url\":\"https:\/\/www.chinatopack.com\/product\/rigid-paper-box-rigid-candle-boxes\/\",\"name\":\"Premium Custom Rigid Candle Boxes Supplier\",\"isPartOf\":{\"@id\":\"https:\/\/www.chinatopack.com\/#website\"},\"primaryImageOfPage\":{\"@id\":\"https:\/\/www.chinatopack.com\/product\/rigid-paper-box-rigid-candle-boxes\/#primaryimage\"},\"image\":{\"@id\":\"https:\/\/www.chinatopack.com\/product\/rigid-paper-box-rigid-candle-boxes\/#primaryimage\"},\"thumbnailUrl\":\"https:\/\/www.chinatopack.com\/wp-content\/uploads\/2025\/07\/Rigid-Paper-Box-Rigid-Candle-Boxes1.webp\",\"datePublished\":\"2025-07-31T16:07:16+00:00\",\"dateModified\":\"2025-08-12T11:21:56+00:00\",\"description\":\"Premium Rigid Candle Boxes Supplier: Eco-friendly, durable & elegant custom boxes. Wholesale for cosmetics, gifts, electronics. Custom printing, finishes, bulk options.\",\"breadcrumb\":{\"@id\":\"https:\/\/www.chinatopack.com\/product\/rigid-paper-box-rigid-candle-boxes\/#breadcrumb\"},\"inLanguage\":\"pt-PT\",\"potentialAction\":[{\"@type\":\"ReadAction\",\"target\":[\"https:\/\/www.chinatopack.com\/product\/rigid-paper-box-rigid-candle-boxes\/\"]}]},{\"@type\":\"ImageObject\",\"inLanguage\":\"pt-PT\",\"@id\":\"https:\/\/www.chinatopack.com\/product\/rigid-paper-box-rigid-candle-boxes\/#primaryimage\",\"url\":\"https:\/\/www.chinatopack.com\/wp-content\/uploads\/2025\/07\/Rigid-Paper-Box-Rigid-Candle-Boxes1.webp\",\"contentUrl\":\"https:\/\/www.chinatopack.com\/wp-content\/uploads\/2025\/07\/Rigid-Paper-Box-Rigid-Candle-Boxes1.webp\",\"width\":1100,\"height\":1100,\"caption\":\"Rigid Paper Box Rigid Candle Boxes\"},{\"@type\":\"BreadcrumbList\",\"@id\":\"https:\/\/www.chinatopack.com\/product\/rigid-paper-box-rigid-candle-boxes\/#breadcrumb\",\"itemListElement\":[{\"@type\":\"ListItem\",\"position\":1,\"name\":\"Home\",\"item\":\"https:\/\/www.chinatopack.com\/\"},{\"@type\":\"ListItem\",\"position\":2,\"name\":\"Products\",\"item\":\"https:\/\/www.chinatopack.com\/shop\/\"},{\"@type\":\"ListItem\",\"position\":3,\"name\":\"Rigid Paper Box Rigid Candle Boxes\"}]},{\"@type\":\"WebSite\",\"@id\":\"https:\/\/www.chinatopack.com\/#website\",\"url\":\"https:\/\/www.chinatopack.com\/\",\"name\":\"TOPACK Paper Boxes\",\"description\":\"\",\"publisher\":{\"@id\":\"https:\/\/www.chinatopack.com\/#organization\"},\"potentialAction\":[{\"@type\":\"SearchAction\",\"target\":{\"@type\":\"EntryPoint\",\"urlTemplate\":\"https:\/\/www.chinatopack.com\/?s={search_term_string}\"},\"query-input\":\"required name=search_term_string\"}],\"inLanguage\":\"pt-PT\"},{\"@type\":\"Organization\",\"@id\":\"https:\/\/www.chinatopack.com\/#organization\",\"name\":\"TOPACK Paper Boxes\",\"url\":\"https:\/\/www.chinatopack.com\/\",\"logo\":{\"@type\":\"ImageObject\",\"inLanguage\":\"pt-PT\",\"@id\":\"https:\/\/www.chinatopack.com\/#\/schema\/logo\/image\/\",\"url\":\"https:\/\/www.chinatopack.com\/wp-content\/uploads\/2025\/11\/logo2.webp\",\"contentUrl\":\"https:\/\/www.chinatopack.com\/wp-content\/uploads\/2025\/11\/logo2.webp\",\"width\":512,\"height\":512,\"caption\":\"TOPACK Paper Boxes\"},\"image\":{\"@id\":\"https:\/\/www.chinatopack.com\/#\/schema\/logo\/image\/\"},\"sameAs\":[\"https:\/\/www.facebook.com\/ChinaTopack\/\",\"https:\/\/www.youtube.com\/@chinatopack\"]}]}<\/script>\n<!-- \/ Yoast SEO plugin. -->","yoast_head_json":{"title":"Premium Custom Rigid Candle Boxes Supplier","description":"Premium Rigid Candle Boxes Supplier: Eco-friendly, durable & elegant custom boxes. Wholesale for cosmetics, gifts, electronics. Custom printing, finishes, bulk options.","robots":{"index":"index","follow":"follow","max-snippet":"max-snippet:-1","max-image-preview":"max-image-preview:large","max-video-preview":"max-video-preview:-1"},"canonical":"https:\/\/www.chinatopack.com\/pt\/produto\/rigid-paper-box-rigid-candle-boxes\/","og_locale":"pt_PT","og_type":"article","og_title":"Premium Custom Rigid Candle Boxes Supplier","og_description":"Premium Rigid Candle Boxes Supplier: Eco-friendly, durable & elegant custom boxes. Wholesale for cosmetics, gifts, electronics. Custom printing, finishes, bulk options.","og_url":"https:\/\/www.chinatopack.com\/pt\/produto\/rigid-paper-box-rigid-candle-boxes\/","og_site_name":"TOPACK Paper Boxes","article_publisher":"https:\/\/www.facebook.com\/ChinaTopack\/","article_modified_time":"2025-08-12T11:21:56+00:00","og_image":[{"width":1100,"height":1100,"url":"https:\/\/www.chinatopack.com\/wp-content\/uploads\/2025\/07\/Rigid-Paper-Box-Rigid-Candle-Boxes1.webp","type":"image\/webp"}],"twitter_card":"summary_large_image","twitter_misc":{"Tempo estimado de leitura":"1 minuto"},"schema":{"@context":"https:\/\/schema.org","@graph":[{"@type":"WebPage","@id":"https:\/\/www.chinatopack.com\/product\/rigid-paper-box-rigid-candle-boxes\/","url":"https:\/\/www.chinatopack.com\/product\/rigid-paper-box-rigid-candle-boxes\/","name":"Premium Custom Rigid Candle Boxes Supplier","isPartOf":{"@id":"https:\/\/www.chinatopack.com\/#website"},"primaryImageOfPage":{"@id":"https:\/\/www.chinatopack.com\/product\/rigid-paper-box-rigid-candle-boxes\/#primaryimage"},"image":{"@id":"https:\/\/www.chinatopack.com\/product\/rigid-paper-box-rigid-candle-boxes\/#primaryimage"},"thumbnailUrl":"https:\/\/www.chinatopack.com\/wp-content\/uploads\/2025\/07\/Rigid-Paper-Box-Rigid-Candle-Boxes1.webp","datePublished":"2025-07-31T16:07:16+00:00","dateModified":"2025-08-12T11:21:56+00:00","description":"Premium Rigid Candle Boxes Supplier: Eco-friendly, durable & elegant custom boxes. Wholesale for cosmetics, gifts, electronics. Custom printing, finishes, bulk options.","breadcrumb":{"@id":"https:\/\/www.chinatopack.com\/product\/rigid-paper-box-rigid-candle-boxes\/#breadcrumb"},"inLanguage":"pt-PT","potentialAction":[{"@type":"ReadAction","target":["https:\/\/www.chinatopack.com\/product\/rigid-paper-box-rigid-candle-boxes\/"]}]},{"@type":"ImageObject","inLanguage":"pt-PT","@id":"https:\/\/www.chinatopack.com\/product\/rigid-paper-box-rigid-candle-boxes\/#primaryimage","url":"https:\/\/www.chinatopack.com\/wp-content\/uploads\/2025\/07\/Rigid-Paper-Box-Rigid-Candle-Boxes1.webp","contentUrl":"https:\/\/www.chinatopack.com\/wp-content\/uploads\/2025\/07\/Rigid-Paper-Box-Rigid-Candle-Boxes1.webp","width":1100,"height":1100,"caption":"Rigid Paper Box Rigid Candle Boxes"},{"@type":"BreadcrumbList","@id":"https:\/\/www.chinatopack.com\/product\/rigid-paper-box-rigid-candle-boxes\/#breadcrumb","itemListElement":[{"@type":"ListItem","position":1,"name":"Home","item":"https:\/\/www.chinatopack.com\/"},{"@type":"ListItem","position":2,"name":"Products","item":"https:\/\/www.chinatopack.com\/shop\/"},{"@type":"ListItem","position":3,"name":"Rigid Paper Box Rigid Candle Boxes"}]},{"@type":"WebSite","@id":"https:\/\/www.chinatopack.com\/#website","url":"https:\/\/www.chinatopack.com\/","name":"TOPACK Paper Boxes","description":"","publisher":{"@id":"https:\/\/www.chinatopack.com\/#organization"},"potentialAction":[{"@type":"SearchAction","target":{"@type":"EntryPoint","urlTemplate":"https:\/\/www.chinatopack.com\/?s={search_term_string}"},"query-input":"required name=search_term_string"}],"inLanguage":"pt-PT"},{"@type":"Organization","@id":"https:\/\/www.chinatopack.com\/#organization","name":"TOPACK Paper Boxes","url":"https:\/\/www.chinatopack.com\/","logo":{"@type":"ImageObject","inLanguage":"pt-PT","@id":"https:\/\/www.chinatopack.com\/#\/schema\/logo\/image\/","url":"https:\/\/www.chinatopack.com\/wp-content\/uploads\/2025\/11\/logo2.webp","contentUrl":"https:\/\/www.chinatopack.com\/wp-content\/uploads\/2025\/11\/logo2.webp","width":512,"height":512,"caption":"TOPACK Paper Boxes"},"image":{"@id":"https:\/\/www.chinatopack.com\/#\/schema\/logo\/image\/"},"sameAs":["https:\/\/www.facebook.com\/ChinaTopack\/","https:\/\/www.youtube.com\/@chinatopack"]}]}},"_links":{"self":[{"href":"https:\/\/www.chinatopack.com\/pt\/wp-json\/wp\/v2\/product\/12849"}],"collection":[{"href":"https:\/\/www.chinatopack.com\/pt\/wp-json\/wp\/v2\/product"}],"about":[{"href":"https:\/\/www.chinatopack.com\/pt\/wp-json\/wp\/v2\/types\/product"}],"replies":[{"embeddable":true,"href":"https:\/\/www.chinatopack.com\/pt\/wp-json\/wp\/v2\/comments?post=12849"}],"wp:featuredmedia":[{"embeddable":true,"href":"https:\/\/www.chinatopack.com\/pt\/wp-json\/wp\/v2\/media\/12851"}],"wp:attachment":[{"href":"https:\/\/www.chinatopack.com\/pt\/wp-json\/wp\/v2\/media?parent=12849"}],"wp:term":[{"taxonomy":"product_cat","embeddable":true,"href":"https:\/\/www.chinatopack.com\/pt\/wp-json\/wp\/v2\/product_cat?post=12849"},{"taxonomy":"product_tag","embeddable":true,"href":"https:\/\/www.chinatopack.com\/pt\/wp-json\/wp\/v2\/product_tag?post=12849"}],"curies":[{"name":"wp","href":"https:\/\/api.w.org\/{rel}","templated":true}]}}