{"id":12863,"date":"2025-07-31T16:18:07","date_gmt":"2025-07-31T16:18:07","guid":{"rendered":"https:\/\/www.chinatopack.com\/?post_type=product&#038;p=12863"},"modified":"2025-08-08T13:31:00","modified_gmt":"2025-08-08T13:31:00","slug":"paper-jewellery-box-for-rings","status":"publish","type":"product","link":"https:\/\/www.chinatopack.com\/pt\/produto\/paper-jewellery-box-for-rings\/","title":{"rendered":"Caixa de j\u00f3ias de papel para an\u00e9is"},"content":{"rendered":"<h2>Descri\u00e7\u00e3o da Caixa de j\u00f3ias para an\u00e9is<\/h2>\n<p>Destaque-se nas prateleiras com a nossa \"<strong>Pr\u00e9mio <a href=\"https:\/\/www.chinatopack.com\/pt\/produto\/paper-jewellery-box-for-rings\/\">Caixa de j\u00f3ias de papel para an\u00e9is<\/a><\/strong>\", concebido para combinar luxo, funcionalidade e sustentabilidade.<\/p>\n<p>As carater\u00edsticas espec\u00edficas s\u00e3o as seguintes:<\/p>\n<p><strong>Materiais ecol\u00f3gicos<\/strong>: Fabricado em papel recicl\u00e1vel, cart\u00e3o certificado pelo FSC ou op\u00e7\u00f5es biodegrad\u00e1veis para agradar aos consumidores preocupados com o ambiente.<\/p>\n<p><strong>Acabamentos de alta qualidade<\/strong>: Lamina\u00e7\u00e3o brilhante\/matte, grava\u00e7\u00e3o em relevo, estampagem em folha e revestimentos de toque suave para uma sensa\u00e7\u00e3o de luxo.<\/p>\n<p><strong>Formas e estruturas personalizadas<\/strong>: Janelas \u00fanicas cortadas, fechos magn\u00e9ticos ou designs tipo gaveta para uma melhor experi\u00eancia de desembalagem.<\/p>\n<p>Impress\u00e3o vibrante: offset HD\/cor Pantone<\/p>\n<p><strong>O nosso <a href=\"https:\/\/www.chinatopack.com\/pt\/category\/jewelry-box\/\">caixa de j\u00f3ias de luxo<\/a><\/strong>\u00a0<strong>Destaques: <\/strong><\/p>\n<p>1. Amplifica\u00e7\u00e3o da marca: Os visuais impressionantes e as texturas t\u00e1cteis criam um apelo instant\u00e2neo nas prateleiras.<\/p>\n<p>2. funcionalidade inteligente: Os compartimentos interiores protegem os produtos, mantendo uma est\u00e9tica elegante.<\/p>\n<p>3. credenciais de sustentabilidade: As tintas \u00e0 base de soja e a utiliza\u00e7\u00e3o m\u00ednima de pl\u00e1stico est\u00e3o de acordo com as tend\u00eancias ecol\u00f3gicas.<\/p>\n<p><strong>Vantagens competitivas: <\/strong><\/p>\n<ol>\n<li>Diferencia\u00e7\u00e3o: Desenhos \u00fanicos tornam a sua marca memor\u00e1vel.<\/li>\n<li>Durabilidade: As costuras refor\u00e7adas protegem os cosm\u00e9ticos delicados durante o transporte.<\/li>\n<li>Econ\u00f3mica: leve mas robusta, reduzindo os custos log\u00edsticos<\/li>\n<\/ol>\n<p>Como <a href=\"https:\/\/www.chinatopack.com\/pt\/about-us\/\"><strong>fabricantes de caixas de j\u00f3ias<\/strong><\/a> com mais de 20 anos de experi\u00eancia, podemos fornecer aconselhamento profissional, e outros tipos de caixas de embalagem, tais como caixas dobr\u00e1veis e caixas em forma de livro. etc. A fim de garantir a qualidade, nossa equipe de inspe\u00e7\u00e3o de qualidade n\u00e3o s\u00f3 ir\u00e1 inspecionar o produto acabado, mas tamb\u00e9m fazer a inspe\u00e7\u00e3o de entrada e inspe\u00e7\u00e3o de processo. Todos <a href=\"https:\/\/www.chinatopack.com\/pt\/\"><strong>caixas de j\u00f3ias personalizadas<\/strong><\/a> ser\u00e3o embalados numa caixa de cart\u00e3o kraft de cinco camadas antes do transporte para garantir que n\u00e3o ser\u00e3o danificados durante o transporte.<\/p>","protected":false},"excerpt":{"rendered":"<p>Destaque-se nas prateleiras com a nossa \"<strong>caixas de papel para j\u00f3ias de qualidade superior<\/strong>\", concebido para combinar luxo, funcionalidade e sustentabilidade.<\/p>","protected":false},"featured_media":12865,"comment_status":"closed","ping_status":"closed","template":"","meta":{"_et_pb_use_builder":"","_et_pb_old_content":"","_et_gb_content_width":""},"product_cat":[308],"product_tag":[294,295],"yoast_head":"<!-- This site is optimized with the Yoast SEO plugin v22.7 - https:\/\/yoast.com\/wordpress\/plugins\/seo\/ -->\n<title>Eco-Friendly Premium Jewellery Box for Rings - Luxury Designs<\/title>\n<meta name=\"description\" content=\"Sustainable Jewellery Box for Rings with luxury finishes and custom shapes. Eco-materials, brand boost &amp; secure shipping. 20+ years of expertise in quality packaging.\" \/>\n<meta name=\"robots\" content=\"index, follow, max-snippet:-1, max-image-preview:large, max-video-preview:-1\" \/>\n<link rel=\"canonical\" href=\"https:\/\/www.chinatopack.com\/pt\/produto\/paper-jewellery-box-for-rings\/\" \/>\n<meta property=\"og:locale\" content=\"pt_PT\" \/>\n<meta property=\"og:type\" content=\"article\" \/>\n<meta property=\"og:title\" content=\"Eco-Friendly Premium Jewellery Box for Rings - Luxury Designs\" \/>\n<meta property=\"og:description\" content=\"Sustainable Jewellery Box for Rings with luxury finishes and custom shapes. Eco-materials, brand boost &amp; secure shipping. 20+ years of expertise in quality packaging.\" \/>\n<meta property=\"og:url\" content=\"https:\/\/www.chinatopack.com\/pt\/produto\/paper-jewellery-box-for-rings\/\" \/>\n<meta property=\"og:site_name\" content=\"TOPACK Paper Boxes\" \/>\n<meta property=\"article:publisher\" content=\"https:\/\/www.facebook.com\/ChinaTopack\/\" \/>\n<meta property=\"article:modified_time\" content=\"2025-08-08T13:31:00+00:00\" \/>\n<meta property=\"og:image\" content=\"https:\/\/www.chinatopack.com\/wp-content\/uploads\/2025\/07\/Paper-Jewellery-Box-for-Rings1.webp\" \/>\n\t<meta property=\"og:image:width\" content=\"1100\" \/>\n\t<meta property=\"og:image:height\" content=\"1100\" \/>\n\t<meta property=\"og:image:type\" content=\"image\/webp\" \/>\n<meta name=\"twitter:card\" content=\"summary_large_image\" \/>\n<meta name=\"twitter:label1\" content=\"Tempo estimado de leitura\" \/>\n\t<meta name=\"twitter:data1\" content=\"2 minutos\" \/>\n<script type=\"application\/ld+json\" class=\"yoast-schema-graph\">{\"@context\":\"https:\/\/schema.org\",\"@graph\":[{\"@type\":\"WebPage\",\"@id\":\"https:\/\/www.chinatopack.com\/product\/paper-jewellery-box-for-rings\/\",\"url\":\"https:\/\/www.chinatopack.com\/product\/paper-jewellery-box-for-rings\/\",\"name\":\"Eco-Friendly Premium Jewellery Box for Rings - Luxury Designs\",\"isPartOf\":{\"@id\":\"https:\/\/www.chinatopack.com\/#website\"},\"primaryImageOfPage\":{\"@id\":\"https:\/\/www.chinatopack.com\/product\/paper-jewellery-box-for-rings\/#primaryimage\"},\"image\":{\"@id\":\"https:\/\/www.chinatopack.com\/product\/paper-jewellery-box-for-rings\/#primaryimage\"},\"thumbnailUrl\":\"https:\/\/www.chinatopack.com\/wp-content\/uploads\/2025\/07\/Paper-Jewellery-Box-for-Rings1.webp\",\"datePublished\":\"2025-07-31T16:18:07+00:00\",\"dateModified\":\"2025-08-08T13:31:00+00:00\",\"description\":\"Sustainable Jewellery Box for Rings with luxury finishes and custom shapes. Eco-materials, brand boost & secure shipping. 20+ years of expertise in quality packaging.\",\"breadcrumb\":{\"@id\":\"https:\/\/www.chinatopack.com\/product\/paper-jewellery-box-for-rings\/#breadcrumb\"},\"inLanguage\":\"pt-PT\",\"potentialAction\":[{\"@type\":\"ReadAction\",\"target\":[\"https:\/\/www.chinatopack.com\/product\/paper-jewellery-box-for-rings\/\"]}]},{\"@type\":\"ImageObject\",\"inLanguage\":\"pt-PT\",\"@id\":\"https:\/\/www.chinatopack.com\/product\/paper-jewellery-box-for-rings\/#primaryimage\",\"url\":\"https:\/\/www.chinatopack.com\/wp-content\/uploads\/2025\/07\/Paper-Jewellery-Box-for-Rings1.webp\",\"contentUrl\":\"https:\/\/www.chinatopack.com\/wp-content\/uploads\/2025\/07\/Paper-Jewellery-Box-for-Rings1.webp\",\"width\":1100,\"height\":1100,\"caption\":\"Paper Jewellery Box for Rings\"},{\"@type\":\"BreadcrumbList\",\"@id\":\"https:\/\/www.chinatopack.com\/product\/paper-jewellery-box-for-rings\/#breadcrumb\",\"itemListElement\":[{\"@type\":\"ListItem\",\"position\":1,\"name\":\"Home\",\"item\":\"https:\/\/www.chinatopack.com\/\"},{\"@type\":\"ListItem\",\"position\":2,\"name\":\"Products\",\"item\":\"https:\/\/www.chinatopack.com\/shop\/\"},{\"@type\":\"ListItem\",\"position\":3,\"name\":\"Paper Jewellery Box for Rings\"}]},{\"@type\":\"WebSite\",\"@id\":\"https:\/\/www.chinatopack.com\/#website\",\"url\":\"https:\/\/www.chinatopack.com\/\",\"name\":\"TOPACK Paper Boxes\",\"description\":\"\",\"publisher\":{\"@id\":\"https:\/\/www.chinatopack.com\/#organization\"},\"potentialAction\":[{\"@type\":\"SearchAction\",\"target\":{\"@type\":\"EntryPoint\",\"urlTemplate\":\"https:\/\/www.chinatopack.com\/?s={search_term_string}\"},\"query-input\":\"required name=search_term_string\"}],\"inLanguage\":\"pt-PT\"},{\"@type\":\"Organization\",\"@id\":\"https:\/\/www.chinatopack.com\/#organization\",\"name\":\"TOPACK Paper Boxes\",\"url\":\"https:\/\/www.chinatopack.com\/\",\"logo\":{\"@type\":\"ImageObject\",\"inLanguage\":\"pt-PT\",\"@id\":\"https:\/\/www.chinatopack.com\/#\/schema\/logo\/image\/\",\"url\":\"https:\/\/www.chinatopack.com\/wp-content\/uploads\/2025\/11\/logo2.webp\",\"contentUrl\":\"https:\/\/www.chinatopack.com\/wp-content\/uploads\/2025\/11\/logo2.webp\",\"width\":512,\"height\":512,\"caption\":\"TOPACK Paper Boxes\"},\"image\":{\"@id\":\"https:\/\/www.chinatopack.com\/#\/schema\/logo\/image\/\"},\"sameAs\":[\"https:\/\/www.facebook.com\/ChinaTopack\/\",\"https:\/\/www.youtube.com\/@chinatopack\"]}]}<\/script>\n<!-- \/ Yoast SEO plugin. -->","yoast_head_json":{"title":"Eco-Friendly Premium Jewellery Box for Rings - Luxury Designs","description":"Sustainable Jewellery Box for Rings with luxury finishes and custom shapes. Eco-materials, brand boost & secure shipping. 20+ years of expertise in quality packaging.","robots":{"index":"index","follow":"follow","max-snippet":"max-snippet:-1","max-image-preview":"max-image-preview:large","max-video-preview":"max-video-preview:-1"},"canonical":"https:\/\/www.chinatopack.com\/pt\/produto\/paper-jewellery-box-for-rings\/","og_locale":"pt_PT","og_type":"article","og_title":"Eco-Friendly Premium Jewellery Box for Rings - Luxury Designs","og_description":"Sustainable Jewellery Box for Rings with luxury finishes and custom shapes. Eco-materials, brand boost & secure shipping. 20+ years of expertise in quality packaging.","og_url":"https:\/\/www.chinatopack.com\/pt\/produto\/paper-jewellery-box-for-rings\/","og_site_name":"TOPACK Paper Boxes","article_publisher":"https:\/\/www.facebook.com\/ChinaTopack\/","article_modified_time":"2025-08-08T13:31:00+00:00","og_image":[{"width":1100,"height":1100,"url":"https:\/\/www.chinatopack.com\/wp-content\/uploads\/2025\/07\/Paper-Jewellery-Box-for-Rings1.webp","type":"image\/webp"}],"twitter_card":"summary_large_image","twitter_misc":{"Tempo estimado de leitura":"2 minutos"},"schema":{"@context":"https:\/\/schema.org","@graph":[{"@type":"WebPage","@id":"https:\/\/www.chinatopack.com\/product\/paper-jewellery-box-for-rings\/","url":"https:\/\/www.chinatopack.com\/product\/paper-jewellery-box-for-rings\/","name":"Eco-Friendly Premium Jewellery Box for Rings - Luxury Designs","isPartOf":{"@id":"https:\/\/www.chinatopack.com\/#website"},"primaryImageOfPage":{"@id":"https:\/\/www.chinatopack.com\/product\/paper-jewellery-box-for-rings\/#primaryimage"},"image":{"@id":"https:\/\/www.chinatopack.com\/product\/paper-jewellery-box-for-rings\/#primaryimage"},"thumbnailUrl":"https:\/\/www.chinatopack.com\/wp-content\/uploads\/2025\/07\/Paper-Jewellery-Box-for-Rings1.webp","datePublished":"2025-07-31T16:18:07+00:00","dateModified":"2025-08-08T13:31:00+00:00","description":"Sustainable Jewellery Box for Rings with luxury finishes and custom shapes. Eco-materials, brand boost & secure shipping. 20+ years of expertise in quality packaging.","breadcrumb":{"@id":"https:\/\/www.chinatopack.com\/product\/paper-jewellery-box-for-rings\/#breadcrumb"},"inLanguage":"pt-PT","potentialAction":[{"@type":"ReadAction","target":["https:\/\/www.chinatopack.com\/product\/paper-jewellery-box-for-rings\/"]}]},{"@type":"ImageObject","inLanguage":"pt-PT","@id":"https:\/\/www.chinatopack.com\/product\/paper-jewellery-box-for-rings\/#primaryimage","url":"https:\/\/www.chinatopack.com\/wp-content\/uploads\/2025\/07\/Paper-Jewellery-Box-for-Rings1.webp","contentUrl":"https:\/\/www.chinatopack.com\/wp-content\/uploads\/2025\/07\/Paper-Jewellery-Box-for-Rings1.webp","width":1100,"height":1100,"caption":"Paper Jewellery Box for Rings"},{"@type":"BreadcrumbList","@id":"https:\/\/www.chinatopack.com\/product\/paper-jewellery-box-for-rings\/#breadcrumb","itemListElement":[{"@type":"ListItem","position":1,"name":"Home","item":"https:\/\/www.chinatopack.com\/"},{"@type":"ListItem","position":2,"name":"Products","item":"https:\/\/www.chinatopack.com\/shop\/"},{"@type":"ListItem","position":3,"name":"Paper Jewellery Box for Rings"}]},{"@type":"WebSite","@id":"https:\/\/www.chinatopack.com\/#website","url":"https:\/\/www.chinatopack.com\/","name":"TOPACK Paper Boxes","description":"","publisher":{"@id":"https:\/\/www.chinatopack.com\/#organization"},"potentialAction":[{"@type":"SearchAction","target":{"@type":"EntryPoint","urlTemplate":"https:\/\/www.chinatopack.com\/?s={search_term_string}"},"query-input":"required name=search_term_string"}],"inLanguage":"pt-PT"},{"@type":"Organization","@id":"https:\/\/www.chinatopack.com\/#organization","name":"TOPACK Paper Boxes","url":"https:\/\/www.chinatopack.com\/","logo":{"@type":"ImageObject","inLanguage":"pt-PT","@id":"https:\/\/www.chinatopack.com\/#\/schema\/logo\/image\/","url":"https:\/\/www.chinatopack.com\/wp-content\/uploads\/2025\/11\/logo2.webp","contentUrl":"https:\/\/www.chinatopack.com\/wp-content\/uploads\/2025\/11\/logo2.webp","width":512,"height":512,"caption":"TOPACK Paper Boxes"},"image":{"@id":"https:\/\/www.chinatopack.com\/#\/schema\/logo\/image\/"},"sameAs":["https:\/\/www.facebook.com\/ChinaTopack\/","https:\/\/www.youtube.com\/@chinatopack"]}]}},"_links":{"self":[{"href":"https:\/\/www.chinatopack.com\/pt\/wp-json\/wp\/v2\/product\/12863"}],"collection":[{"href":"https:\/\/www.chinatopack.com\/pt\/wp-json\/wp\/v2\/product"}],"about":[{"href":"https:\/\/www.chinatopack.com\/pt\/wp-json\/wp\/v2\/types\/product"}],"replies":[{"embeddable":true,"href":"https:\/\/www.chinatopack.com\/pt\/wp-json\/wp\/v2\/comments?post=12863"}],"wp:featuredmedia":[{"embeddable":true,"href":"https:\/\/www.chinatopack.com\/pt\/wp-json\/wp\/v2\/media\/12865"}],"wp:attachment":[{"href":"https:\/\/www.chinatopack.com\/pt\/wp-json\/wp\/v2\/media?parent=12863"}],"wp:term":[{"taxonomy":"product_cat","embeddable":true,"href":"https:\/\/www.chinatopack.com\/pt\/wp-json\/wp\/v2\/product_cat?post=12863"},{"taxonomy":"product_tag","embeddable":true,"href":"https:\/\/www.chinatopack.com\/pt\/wp-json\/wp\/v2\/product_tag?post=12863"}],"curies":[{"name":"wp","href":"https:\/\/api.w.org\/{rel}","templated":true}]}}